{"id":773,"date":"2023-08-21T14:32:36","date_gmt":"2023-08-21T14:32:36","guid":{"rendered":"https:\/\/projects.ift.uam-csic.es\/supercdms\/?page_id=773"},"modified":"2024-10-31T10:22:20","modified_gmt":"2024-10-31T10:22:20","slug":"outreach","status":"publish","type":"page","link":"https:\/\/projects.ift.uam-csic.es\/thedeas\/outreach\/","title":{"rendered":"Outreach"},"content":{"rendered":"\t\t<div data-elementor-type=\"wp-page\" data-elementor-id=\"773\" class=\"elementor elementor-773\">\n\t\t\t\t\t\t<section class=\"elementor-section elementor-top-section elementor-element elementor-element-ee2a677 elementor-section-boxed elementor-section-height-default elementor-section-height-default\" data-id=\"ee2a677\" data-element_type=\"section\">\n\t\t\t\t\t\t<div class=\"elementor-container elementor-column-gap-default\">\n\t\t\t\t\t<div class=\"elementor-column elementor-col-100 elementor-top-column elementor-element elementor-element-b347231\" data-id=\"b347231\" data-element_type=\"column\">\n\t\t\t<div class=\"elementor-widget-wrap elementor-element-populated\">\n\t\t\t\t\t\t<div class=\"elementor-element elementor-element-66c9417 elementor-widget elementor-widget-heading\" data-id=\"66c9417\" data-element_type=\"widget\" data-widget_type=\"heading.default\">\n\t\t\t\t<div class=\"elementor-widget-container\">\n\t\t\t\t\t<h2 class=\"elementor-heading-title elementor-size-default\">Parameters for Understanding Uncertainty (P4UU)<\/h2>\t\t\t\t<\/div>\n\t\t\t\t<\/div>\n\t\t\t\t<div class=\"elementor-element elementor-element-289a819 elementor-widget elementor-widget-text-editor\" data-id=\"289a819\" data-element_type=\"widget\" data-widget_type=\"text-editor.default\">\n\t\t\t\t<div class=\"elementor-widget-container\">\n\t\t\t\t\t\t\t\t\t<h3><span style=\"color: var( --e-global-color-text ); font-family: var( --e-global-typography-text-font-family ), Sans-serif; font-weight: var( --e-global-typography-text-font-weight ); font-size: 1rem;\">Parametres for Understanding Uncertainty (P4UU) is an artistic research project organised and led by artist researcher Rebecca Collins. The project investigates how methodologies used in creative practice meet those in the physical sciences.<\/span><\/h3>\n<p>Funded by the Royal Society of Edinburgh, Rebecca infiltrated our research group, originally as an observer (listener?), participating in our meetings, discussions and musings about dark matter and astroparticle physics. Soon becoming a full member of the team,&nbsp;we used our joint expertise in creative practice, particle physics, and media and communications to investigate how sound technology is used to push at the limits of what we know about the Universe.<\/p>\n<p><span style=\"color: var( --e-global-color-text ); font-family: var( --e-global-typography-text-font-family ), Sans-serif; font-weight: var( --e-global-typography-text-font-weight ); font-size: 1rem;\">The project led to encounters between artists, musicologists and scientists; a creative workshop in a remote location on the Basque mountains; an exposition \u00abListening to Dark Matter\u00bb and multitude of talks and research material.<\/span><\/p><p><span style=\"color: var( --e-global-color-text ); font-family: var( --e-global-typography-text-font-family ), Sans-serif; font-weight: var( --e-global-typography-text-font-weight ); font-size: 1rem;\">For more information about the P4UU project and a full list of the activities as well as scientific and artistic outcomes, follow this&nbsp;<\/span><a href=\"https:\/\/projects.ift.uam-csic.es\/p4uu\/\" target=\"_blank\" rel=\"noopener\" style=\"font-family: var( --e-global-typography-text-font-family ), Sans-serif; font-weight: var( --e-global-typography-text-font-weight ); background-color: rgb(255, 255, 255); font-size: 1rem;\">link<\/a><span style=\"color: var( --e-global-color-text ); font-family: var( --e-global-typography-text-font-family ), Sans-serif; font-weight: var( --e-global-typography-text-font-weight ); font-size: 1rem;\">.<\/span><br><\/p>\t\t\t\t\t\t\t\t<\/div>\n\t\t\t\t<\/div>\n\t\t\t\t<div class=\"elementor-element elementor-element-f611879 elementor-widget elementor-widget-video\" data-id=\"f611879\" data-element_type=\"widget\" data-settings=\"{&quot;youtube_url&quot;:&quot;https:\\\/\\\/www.youtube.com\\\/watch?v=AUmGv8g-b14&quot;,&quot;video_type&quot;:&quot;youtube&quot;,&quot;controls&quot;:&quot;yes&quot;}\" data-widget_type=\"video.default\">\n\t\t\t\t<div class=\"elementor-widget-container\">\n\t\t\t\t\t\t\t<div class=\"elementor-wrapper elementor-open-inline\">\n\t\t\t<div class=\"elementor-video\"><\/div>\t\t<\/div>\n\t\t\t\t\t\t<\/div>\n\t\t\t\t<\/div>\n\t\t\t\t<div class=\"elementor-element elementor-element-e4ceb2d elementor-widget elementor-widget-image\" data-id=\"e4ceb2d\" data-element_type=\"widget\" data-widget_type=\"image.default\">\n\t\t\t\t<div class=\"elementor-widget-container\">\n\t\t\t\t\t\t\t\t\t\t\t\t<figure class=\"wp-caption\">\n\t\t\t\t\t\t\t\t\t\t<img fetchpriority=\"high\" decoding=\"async\" width=\"840\" height=\"463\" src=\"https:\/\/projects.ift.uam-csic.es\/thedeas\/wp-content\/uploads\/2023\/08\/Screenshot-2023-08-21-at-18.09.07-1024x565.png\" class=\"attachment-large size-large wp-image-801\" alt=\"Energies, not forms, not figures\" srcset=\"https:\/\/projects.ift.uam-csic.es\/thedeas\/wp-content\/uploads\/2023\/08\/Screenshot-2023-08-21-at-18.09.07-1024x565.png 1024w, https:\/\/projects.ift.uam-csic.es\/thedeas\/wp-content\/uploads\/2023\/08\/Screenshot-2023-08-21-at-18.09.07-300x165.png 300w, https:\/\/projects.ift.uam-csic.es\/thedeas\/wp-content\/uploads\/2023\/08\/Screenshot-2023-08-21-at-18.09.07-768x424.png 768w, https:\/\/projects.ift.uam-csic.es\/thedeas\/wp-content\/uploads\/2023\/08\/Screenshot-2023-08-21-at-18.09.07-1536x847.png 1536w, https:\/\/projects.ift.uam-csic.es\/thedeas\/wp-content\/uploads\/2023\/08\/Screenshot-2023-08-21-at-18.09.07-1200x662.png 1200w, https:\/\/projects.ift.uam-csic.es\/thedeas\/wp-content\/uploads\/2023\/08\/Screenshot-2023-08-21-at-18.09.07.png 1592w\" sizes=\"(max-width: 709px) 85vw, (max-width: 909px) 67vw, (max-width: 1362px) 62vw, 840px\" \/>\t\t\t\t\t\t\t\t\t\t\t<figcaption class=\"widget-image-caption wp-caption-text\">The piece \"Energies, not forms, not figures\" (Collins, Matschulat, 2023) combined elements of concrete poetry, sound art and inspiration from diagrams and figures drafted by our research group. If we were to detect Dark Matter, what would it look (sound?) like? It's seasonal, some would say, but the arrival of the elusive will not be annunced. <\/figcaption>\n\t\t\t\t\t\t\t\t\t\t<\/figure>\n\t\t\t\t\t\t\t\t\t<\/div>\n\t\t\t\t<\/div>\n\t\t\t\t\t<\/div>\n\t\t<\/div>\n\t\t\t\t\t<\/div>\n\t\t<\/section>\n\t\t\t\t<section class=\"elementor-section elementor-top-section elementor-element elementor-element-34ae024 elementor-section-boxed elementor-section-height-default elementor-section-height-default\" data-id=\"34ae024\" data-element_type=\"section\">\n\t\t\t\t\t\t<div class=\"elementor-container elementor-column-gap-default\">\n\t\t\t\t\t<div class=\"elementor-column elementor-col-100 elementor-top-column elementor-element elementor-element-a9c99e0\" data-id=\"a9c99e0\" data-element_type=\"column\">\n\t\t\t<div class=\"elementor-widget-wrap\">\n\t\t\t\t\t\t\t<\/div>\n\t\t<\/div>\n\t\t\t\t\t<\/div>\n\t\t<\/section>\n\t\t\t\t<section class=\"elementor-section elementor-top-section elementor-element elementor-element-6493ee9 elementor-section-boxed elementor-section-height-default elementor-section-height-default\" data-id=\"6493ee9\" data-element_type=\"section\">\n\t\t\t\t\t\t<div class=\"elementor-container elementor-column-gap-default\">\n\t\t\t\t\t<div class=\"elementor-column elementor-col-100 elementor-top-column elementor-element elementor-element-15bf7fa\" data-id=\"15bf7fa\" data-element_type=\"column\">\n\t\t\t<div class=\"elementor-widget-wrap elementor-element-populated\">\n\t\t\t\t\t\t<div class=\"elementor-element elementor-element-a55e84b elementor-widget elementor-widget-heading\" data-id=\"a55e84b\" data-element_type=\"widget\" data-widget_type=\"heading.default\">\n\t\t\t\t<div class=\"elementor-widget-container\">\n\t\t\t\t\t<h2 class=\"elementor-heading-title elementor-size-default\">Podcasts<\/h2>\t\t\t\t<\/div>\n\t\t\t\t<\/div>\n\t\t\t\t<div class=\"elementor-element elementor-element-32ee295 elementor-widget__width-initial elementor-widget elementor-widget-text-editor\" data-id=\"32ee295\" data-element_type=\"widget\" data-widget_type=\"text-editor.default\">\n\t\t\t\t<div class=\"elementor-widget-container\">\n\t\t\t\t\t\t\t\t\t<p><strong>Edinburgh College of Art Podcast<br \/><\/strong><strong style=\"color: inherit;\">Episode 3. Dr Rebecca Collins and Dr David Cerde\u00f1o: Listening to Dark Matter\u00a0 \u00a0<\/strong><\/p><div class=\"sc-WFsbz kkSGrY\" style=\"flex: 1 1 0%; display: flex; flex-direction: column; justify-content: space-between; min-width: 0px;\"><div class=\"sc-bihjUw qDVlv\"><p style=\"margin-bottom: 0px; color: inherit;\">Our Universe contains vast amounts of dark matter that neither emits nor absorbs light. While we can\u2019t directly detect these invisible particles, its presence\u00a0<em>can\u00a0<\/em>be rendered more resonant.\u00a0<span style=\"color: inherit; font-family: var( --e-global-typography-text-font-family ), Sans-serif; font-weight: var( --e-global-typography-text-font-weight ); font-size: 1rem;\">This episode brings together theoretical physics and artistic research. We learn about the cosmic silence at Canfranc Underground Laboratory, 800m below the Pyrenees, and listen to particle collisions recorded by acoustic detectors 2.5.km below the surface of the Mediterranean.<\/span><\/p><p><br \/><br \/><\/p><p><iframe src=\"https:\/\/podcasters.spotify.com\/pod\/show\/edinburgh-college-of-art\/embed\/episodes\/3--Dr-Rebecca-Collins-and-Dr-David-Cerdeo-Listening-to-Dark-Matter-e2qaeg2\/a-abjrs8l\" width=\"400px\" height=\"122px\" frameborder=\"0\" scrolling=\"no\"><\/iframe><\/p><\/div><p>\u00a0<\/p><\/div>\t\t\t\t\t\t\t\t<\/div>\n\t\t\t\t<\/div>\n\t\t\t\t\t<\/div>\n\t\t<\/div>\n\t\t\t\t\t<\/div>\n\t\t<\/section>\n\t\t\t\t<section class=\"elementor-section elementor-top-section elementor-element elementor-element-a3b5b0b elementor-section-boxed elementor-section-height-default elementor-section-height-default\" data-id=\"a3b5b0b\" data-element_type=\"section\">\n\t\t\t\t\t\t<div class=\"elementor-container elementor-column-gap-default\">\n\t\t\t\t\t<div class=\"elementor-column elementor-col-100 elementor-top-column elementor-element elementor-element-f5f83e2\" data-id=\"f5f83e2\" data-element_type=\"column\">\n\t\t\t<div class=\"elementor-widget-wrap elementor-element-populated\">\n\t\t\t\t\t\t<div class=\"elementor-element elementor-element-8cf5fb7 elementor-widget elementor-widget-heading\" data-id=\"8cf5fb7\" data-element_type=\"widget\" data-widget_type=\"heading.default\">\n\t\t\t\t<div class=\"elementor-widget-container\">\n\t\t\t\t\t<h2 class=\"elementor-heading-title elementor-size-default\">Videos<\/h2>\t\t\t\t<\/div>\n\t\t\t\t<\/div>\n\t\t\t\t\t<\/div>\n\t\t<\/div>\n\t\t\t\t\t<\/div>\n\t\t<\/section>\n\t\t\t\t<section class=\"elementor-section elementor-top-section elementor-element elementor-element-45f57f2 elementor-section-boxed elementor-section-height-default elementor-section-height-default\" data-id=\"45f57f2\" data-element_type=\"section\">\n\t\t\t\t\t\t<div class=\"elementor-container elementor-column-gap-default\">\n\t\t\t\t\t<div class=\"elementor-column elementor-col-100 elementor-top-column elementor-element elementor-element-a796a09\" data-id=\"a796a09\" data-element_type=\"column\">\n\t\t\t<div class=\"elementor-widget-wrap elementor-element-populated\">\n\t\t\t\t\t\t<div class=\"elementor-element elementor-element-66d47f1 elementor-widget elementor-widget-text-editor\" data-id=\"66d47f1\" data-element_type=\"widget\" data-widget_type=\"text-editor.default\">\n\t\t\t\t<div class=\"elementor-widget-container\">\n\t\t\t\t\t\t\t\t\t<p><b>Materia oscura y j\u00f3venes investigadoras: no las vemos, pero sabemos que est\u00e1n ah\u00ed<\/b><br \/>Marina Cerme\u00f1o<br \/>Public talk for the \u00abResidencia de Estudiantes\u00bb on Science Week (17\/02\/2023)<\/p>\t\t\t\t\t\t\t\t<\/div>\n\t\t\t\t<\/div>\n\t\t\t\t<div class=\"elementor-element elementor-element-141231f elementor-widget elementor-widget-video\" data-id=\"141231f\" data-element_type=\"widget\" data-settings=\"{&quot;youtube_url&quot;:&quot;https:\\\/\\\/youtu.be\\\/-pkqTwPdH4s&quot;,&quot;video_type&quot;:&quot;youtube&quot;,&quot;controls&quot;:&quot;yes&quot;}\" data-widget_type=\"video.default\">\n\t\t\t\t<div class=\"elementor-widget-container\">\n\t\t\t\t\t\t\t<div class=\"elementor-wrapper elementor-open-inline\">\n\t\t\t<div class=\"elementor-video\"><\/div>\t\t<\/div>\n\t\t\t\t\t\t<\/div>\n\t\t\t\t<\/div>\n\t\t\t\t\t<\/div>\n\t\t<\/div>\n\t\t\t\t\t<\/div>\n\t\t<\/section>\n\t\t\t\t<section class=\"elementor-section elementor-top-section elementor-element elementor-element-002a20c elementor-section-boxed elementor-section-height-default elementor-section-height-default\" data-id=\"002a20c\" data-element_type=\"section\">\n\t\t\t\t\t\t<div class=\"elementor-container elementor-column-gap-default\">\n\t\t\t\t\t<div class=\"elementor-column elementor-col-100 elementor-top-column elementor-element elementor-element-425e6ea\" data-id=\"425e6ea\" data-element_type=\"column\">\n\t\t\t<div class=\"elementor-widget-wrap elementor-element-populated\">\n\t\t\t\t\t\t<div class=\"elementor-element elementor-element-786cbb9 elementor-widget elementor-widget-text-editor\" data-id=\"786cbb9\" data-element_type=\"widget\" data-widget_type=\"text-editor.default\">\n\t\t\t\t<div class=\"elementor-widget-container\">\n\t\t\t\t\t\t\t\t\t<p><b>Arte y Ciencia: Investigaci\u00f3n Art\u00edstica y Arte Sonoro<\/b><br \/>Rebecca Collins<br \/>Talk for the \u00abResidencia de Estudiantes\u00bb in the cycle \u00abThe Enigmas of Fundamental Physics\u00bb (10\/11\/2022)<\/p>\t\t\t\t\t\t\t\t<\/div>\n\t\t\t\t<\/div>\n\t\t\t\t<div class=\"elementor-element elementor-element-2c85b3e elementor-widget elementor-widget-video\" data-id=\"2c85b3e\" data-element_type=\"widget\" data-settings=\"{&quot;youtube_url&quot;:&quot;https:\\\/\\\/youtu.be\\\/Jj2FCf3A3N0&quot;,&quot;video_type&quot;:&quot;youtube&quot;,&quot;controls&quot;:&quot;yes&quot;}\" data-widget_type=\"video.default\">\n\t\t\t\t<div class=\"elementor-widget-container\">\n\t\t\t\t\t\t\t<div class=\"elementor-wrapper elementor-open-inline\">\n\t\t\t<div class=\"elementor-video\"><\/div>\t\t<\/div>\n\t\t\t\t\t\t<\/div>\n\t\t\t\t<\/div>\n\t\t\t\t\t<\/div>\n\t\t<\/div>\n\t\t\t\t\t<\/div>\n\t\t<\/section>\n\t\t\t\t<section class=\"elementor-section elementor-top-section elementor-element elementor-element-7f5bb55 elementor-section-boxed elementor-section-height-default elementor-section-height-default\" data-id=\"7f5bb55\" data-element_type=\"section\">\n\t\t\t\t\t\t<div class=\"elementor-container elementor-column-gap-default\">\n\t\t\t\t\t<div class=\"elementor-column elementor-col-100 elementor-top-column elementor-element elementor-element-0b5011a\" data-id=\"0b5011a\" data-element_type=\"column\">\n\t\t\t<div class=\"elementor-widget-wrap elementor-element-populated\">\n\t\t\t\t\t\t<div class=\"elementor-element elementor-element-3d8eb72 elementor-widget elementor-widget-text-editor\" data-id=\"3d8eb72\" data-element_type=\"widget\" data-widget_type=\"text-editor.default\">\n\t\t\t\t<div class=\"elementor-widget-container\">\n\t\t\t\t\t\t\t\t\t<p><b>Avances en la b\u00fasqueda de Materia Oscura<\/b><br \/>David Cerde\u00f1o <br \/>Talk for the \u00abResidencia de Estudiantes\u00bb (10\/11\/2016) in the series \u00abThe challenges of Fundamental Science\u00bb.<\/p>\t\t\t\t\t\t\t\t<\/div>\n\t\t\t\t<\/div>\n\t\t\t\t<div class=\"elementor-element elementor-element-41b1a3a elementor-widget elementor-widget-video\" data-id=\"41b1a3a\" data-element_type=\"widget\" data-settings=\"{&quot;youtube_url&quot;:&quot;https:\\\/\\\/youtu.be\\\/MwqF8dlfRyM&quot;,&quot;video_type&quot;:&quot;youtube&quot;,&quot;controls&quot;:&quot;yes&quot;}\" data-widget_type=\"video.default\">\n\t\t\t\t<div class=\"elementor-widget-container\">\n\t\t\t\t\t\t\t<div class=\"elementor-wrapper elementor-open-inline\">\n\t\t\t<div class=\"elementor-video\"><\/div>\t\t<\/div>\n\t\t\t\t\t\t<\/div>\n\t\t\t\t<\/div>\n\t\t\t\t\t<\/div>\n\t\t<\/div>\n\t\t\t\t\t<\/div>\n\t\t<\/section>\n\t\t\t\t<section class=\"elementor-section elementor-top-section elementor-element elementor-element-e405b98 elementor-section-boxed elementor-section-height-default elementor-section-height-default\" data-id=\"e405b98\" data-element_type=\"section\">\n\t\t\t\t\t\t<div class=\"elementor-container elementor-column-gap-default\">\n\t\t\t\t\t<div class=\"elementor-column elementor-col-100 elementor-top-column elementor-element elementor-element-98a9b6c\" data-id=\"98a9b6c\" data-element_type=\"column\">\n\t\t\t<div class=\"elementor-widget-wrap elementor-element-populated\">\n\t\t\t\t\t\t<div class=\"elementor-element elementor-element-7cf5ac0 elementor-widget elementor-widget-text-editor\" data-id=\"7cf5ac0\" data-element_type=\"widget\" data-widget_type=\"text-editor.default\">\n\t\t\t\t<div class=\"elementor-widget-container\">\n\t\t\t\t\t\t\t\t\t<p><b>Escuchando la Materia Oscura<br \/><\/b>Rebecca Collins and David Cerde\u00f1o <br \/>Talk for the \u00abMuseo de la Ciencia y el Cosmos\u00bb, La Laguna, 25 November 2022<\/p>\t\t\t\t\t\t\t\t<\/div>\n\t\t\t\t<\/div>\n\t\t\t\t<div class=\"elementor-element elementor-element-83a65cc elementor-widget elementor-widget-video\" data-id=\"83a65cc\" data-element_type=\"widget\" data-settings=\"{&quot;youtube_url&quot;:&quot;https:\\\/\\\/www.youtube.com\\\/watch?v=fvrzkJ8QAn4&quot;,&quot;video_type&quot;:&quot;youtube&quot;,&quot;controls&quot;:&quot;yes&quot;}\" data-widget_type=\"video.default\">\n\t\t\t\t<div class=\"elementor-widget-container\">\n\t\t\t\t\t\t\t<div class=\"elementor-wrapper elementor-open-inline\">\n\t\t\t<div class=\"elementor-video\"><\/div>\t\t<\/div>\n\t\t\t\t\t\t<\/div>\n\t\t\t\t<\/div>\n\t\t\t\t\t<\/div>\n\t\t<\/div>\n\t\t\t\t\t<\/div>\n\t\t<\/section>\n\t\t\t\t<section class=\"elementor-section elementor-top-section elementor-element elementor-element-74d8633 elementor-section-boxed elementor-section-height-default elementor-section-height-default\" data-id=\"74d8633\" data-element_type=\"section\">\n\t\t\t\t\t\t<div class=\"elementor-container elementor-column-gap-default\">\n\t\t\t\t\t<div class=\"elementor-column elementor-col-100 elementor-top-column elementor-element elementor-element-0f18d93\" data-id=\"0f18d93\" data-element_type=\"column\">\n\t\t\t<div class=\"elementor-widget-wrap\">\n\t\t\t\t\t\t\t<\/div>\n\t\t<\/div>\n\t\t\t\t\t<\/div>\n\t\t<\/section>\n\t\t\t\t<section class=\"elementor-section elementor-top-section elementor-element elementor-element-ebd6abd elementor-section-boxed elementor-section-height-default elementor-section-height-default\" data-id=\"ebd6abd\" data-element_type=\"section\">\n\t\t\t\t\t\t<div class=\"elementor-container elementor-column-gap-default\">\n\t\t\t\t\t<div class=\"elementor-column elementor-col-100 elementor-top-column elementor-element elementor-element-e10e04f\" data-id=\"e10e04f\" data-element_type=\"column\">\n\t\t\t<div class=\"elementor-widget-wrap elementor-element-populated\">\n\t\t\t\t\t\t<div class=\"elementor-element elementor-element-35e93e5 elementor-widget elementor-widget-heading\" data-id=\"35e93e5\" data-element_type=\"widget\" data-widget_type=\"heading.default\">\n\t\t\t\t<div class=\"elementor-widget-container\">\n\t\t\t\t\t<h2 class=\"elementor-heading-title elementor-size-default\">Charlas en Institutos<\/h2>\t\t\t\t<\/div>\n\t\t\t\t<\/div>\n\t\t\t\t<div class=\"elementor-element elementor-element-bad9693 elementor-widget elementor-widget-text-editor\" data-id=\"bad9693\" data-element_type=\"widget\" data-widget_type=\"text-editor.default\">\n\t\t\t\t<div class=\"elementor-widget-container\">\n\t\t\t\t\t\t\t\t\t<p><a href=\"https:\/\/docs.google.com\/presentation\/d\/1AIRNTbxspYZFxVYR-nrN6VqO3oKXxRPM\/edit?usp=sharing&amp;ouid=109713960665530645831&amp;rtpof=true&amp;sd=true\" target=\"_blank\">\u00bfDe qu\u00e9 est\u00e1 hecha la materia oscura?<\/a><br><\/p>\t\t\t\t\t\t\t\t<\/div>\n\t\t\t\t<\/div>\n\t\t\t\t\t<\/div>\n\t\t<\/div>\n\t\t\t\t\t<\/div>\n\t\t<\/section>\n\t\t\t\t<section class=\"elementor-section elementor-top-section elementor-element elementor-element-2b801f9 elementor-section-boxed elementor-section-height-default elementor-section-height-default\" data-id=\"2b801f9\" data-element_type=\"section\">\n\t\t\t\t\t\t<div class=\"elementor-container elementor-column-gap-default\">\n\t\t\t\t\t<div class=\"elementor-column elementor-col-100 elementor-top-column elementor-element elementor-element-b08d1b4\" data-id=\"b08d1b4\" data-element_type=\"column\">\n\t\t\t<div class=\"elementor-widget-wrap\">\n\t\t\t\t\t\t\t<\/div>\n\t\t<\/div>\n\t\t\t\t\t<\/div>\n\t\t<\/section>\n\t\t\t\t<\/div>\n\t\t","protected":false},"excerpt":{"rendered":"<p>Parameters for Understanding Uncertainty (P4UU) Parametres for Understanding Uncertainty (P4UU) is an artistic research project organised and led by artist researcher Rebecca Collins. The project investigates how methodologies used in creative practice meet those in the physical sciences. Funded by the Royal Society of Edinburgh, Rebecca infiltrated our research group, originally as an observer (listener?), &hellip; <a href=\"https:\/\/projects.ift.uam-csic.es\/thedeas\/outreach\/\" class=\"more-link\">Continuar leyendo<span class=\"screen-reader-text\"> \u00abOutreach\u00bb<\/span><\/a><\/p>\n","protected":false},"author":6,"featured_media":0,"parent":0,"menu_order":0,"comment_status":"closed","ping_status":"closed","template":"","meta":{"footnotes":""},"class_list":["post-773","page","type-page","status-publish","hentry"],"_links":{"self":[{"href":"https:\/\/projects.ift.uam-csic.es\/thedeas\/wp-json\/wp\/v2\/pages\/773","targetHints":{"allow":["GET"]}}],"collection":[{"href":"https:\/\/projects.ift.uam-csic.es\/thedeas\/wp-json\/wp\/v2\/pages"}],"about":[{"href":"https:\/\/projects.ift.uam-csic.es\/thedeas\/wp-json\/wp\/v2\/types\/page"}],"author":[{"embeddable":true,"href":"https:\/\/projects.ift.uam-csic.es\/thedeas\/wp-json\/wp\/v2\/users\/6"}],"replies":[{"embeddable":true,"href":"https:\/\/projects.ift.uam-csic.es\/thedeas\/wp-json\/wp\/v2\/comments?post=773"}],"version-history":[{"count":56,"href":"https:\/\/projects.ift.uam-csic.es\/thedeas\/wp-json\/wp\/v2\/pages\/773\/revisions"}],"predecessor-version":[{"id":1451,"href":"https:\/\/projects.ift.uam-csic.es\/thedeas\/wp-json\/wp\/v2\/pages\/773\/revisions\/1451"}],"wp:attachment":[{"href":"https:\/\/projects.ift.uam-csic.es\/thedeas\/wp-json\/wp\/v2\/media?parent=773"}],"curies":[{"name":"wp","href":"https:\/\/api.w.org\/{rel}","templated":true}]}}