{"id":582,"date":"2022-10-05T15:32:24","date_gmt":"2022-10-05T15:32:24","guid":{"rendered":"https:\/\/projects.ift.uam-csic.es\/supercdms\/?page_id=582"},"modified":"2024-02-07T13:10:14","modified_gmt":"2024-02-07T13:10:14","slug":"m-i-g-d-a-l","status":"publish","type":"page","link":"https:\/\/projects.ift.uam-csic.es\/thedeas\/projects\/m-i-g-d-a-l\/","title":{"rendered":"ASTROLABES"},"content":{"rendered":"\t\t<div data-elementor-type=\"wp-page\" data-elementor-id=\"582\" class=\"elementor elementor-582\">\n\t\t\t\t\t\t<section class=\"elementor-section elementor-top-section elementor-element elementor-element-e7009ef elementor-section-boxed elementor-section-height-default elementor-section-height-default\" data-id=\"e7009ef\" data-element_type=\"section\">\n\t\t\t\t\t\t<div class=\"elementor-container elementor-column-gap-default\">\n\t\t\t\t\t<div class=\"elementor-column elementor-col-100 elementor-top-column elementor-element elementor-element-6d8db70\" data-id=\"6d8db70\" data-element_type=\"column\">\n\t\t\t<div class=\"elementor-widget-wrap\">\n\t\t\t\t\t\t\t<\/div>\n\t\t<\/div>\n\t\t\t\t\t<\/div>\n\t\t<\/section>\n\t\t\t\t<section class=\"elementor-section elementor-top-section elementor-element elementor-element-2733f65 elementor-section-boxed elementor-section-height-default elementor-section-height-default\" data-id=\"2733f65\" data-element_type=\"section\">\n\t\t\t\t\t\t<div class=\"elementor-container elementor-column-gap-default\">\n\t\t\t\t\t<div class=\"elementor-column elementor-col-100 elementor-top-column elementor-element elementor-element-5a1b334\" data-id=\"5a1b334\" data-element_type=\"column\">\n\t\t\t<div class=\"elementor-widget-wrap elementor-element-populated\">\n\t\t\t\t\t\t<div class=\"elementor-element elementor-element-2e2dbfc elementor-widget elementor-widget-heading\" data-id=\"2e2dbfc\" data-element_type=\"widget\" data-widget_type=\"heading.default\">\n\t\t\t\t<div class=\"elementor-widget-container\">\n\t\t\t\t\t<h2 class=\"elementor-heading-title elementor-size-default\">Members<\/h2>\t\t\t\t<\/div>\n\t\t\t\t<\/div>\n\t\t\t\t<div class=\"elementor-element elementor-element-14eb7ae elementor-widget elementor-widget-text-editor\" data-id=\"14eb7ae\" data-element_type=\"widget\" data-widget_type=\"text-editor.default\">\n\t\t\t\t<div class=\"elementor-widget-container\">\n\t\t\t\t\t\t\t\t\t<p><b>El\u00edas L\u00f3pez-Asamar (Working Group Coordinator)<\/b><br \/>David Cerde\u00f1o<br \/>Jos\u00e9 del Peso Malag\u00f3n<br \/><span style=\"color: var( --e-global-color-text ); font-family: var( --e-global-typography-text-font-family ), Sans-serif; font-weight: var( --e-global-typography-text-font-weight ); font-size: 1rem;\">Rafael L\u00f3pez No\u00e9<br \/><\/span><span style=\"color: var( --e-global-color-text ); font-family: var( --e-global-typography-text-font-family ), Sans-serif; font-weight: var( --e-global-typography-text-font-weight ); font-size: 1rem;\">Pablo Collado Soto<br \/><\/span>Francisco Gallardo Pinto<span style=\"color: var( --e-global-color-text ); font-family: var( --e-global-typography-text-font-family ), Sans-serif; font-weight: var( --e-global-typography-text-font-weight ); font-size: 1rem;\"><br \/><\/span><\/p>\t\t\t\t\t\t\t\t<\/div>\n\t\t\t\t<\/div>\n\t\t\t\t\t<\/div>\n\t\t<\/div>\n\t\t\t\t\t<\/div>\n\t\t<\/section>\n\t\t\t\t<\/div>\n\t\t","protected":false},"excerpt":{"rendered":"<p>Members El\u00edas L\u00f3pez-Asamar (Working Group Coordinator)David Cerde\u00f1oJos\u00e9 del Peso Malag\u00f3nRafael L\u00f3pez No\u00e9Pablo Collado SotoFrancisco Gallardo Pinto<\/p>\n","protected":false},"author":7,"featured_media":0,"parent":556,"menu_order":0,"comment_status":"closed","ping_status":"closed","template":"","meta":{"footnotes":""},"class_list":["post-582","page","type-page","status-publish","hentry"],"_links":{"self":[{"href":"https:\/\/projects.ift.uam-csic.es\/thedeas\/wp-json\/wp\/v2\/pages\/582","targetHints":{"allow":["GET"]}}],"collection":[{"href":"https:\/\/projects.ift.uam-csic.es\/thedeas\/wp-json\/wp\/v2\/pages"}],"about":[{"href":"https:\/\/projects.ift.uam-csic.es\/thedeas\/wp-json\/wp\/v2\/types\/page"}],"author":[{"embeddable":true,"href":"https:\/\/projects.ift.uam-csic.es\/thedeas\/wp-json\/wp\/v2\/users\/7"}],"replies":[{"embeddable":true,"href":"https:\/\/projects.ift.uam-csic.es\/thedeas\/wp-json\/wp\/v2\/comments?post=582"}],"version-history":[{"count":13,"href":"https:\/\/projects.ift.uam-csic.es\/thedeas\/wp-json\/wp\/v2\/pages\/582\/revisions"}],"predecessor-version":[{"id":1217,"href":"https:\/\/projects.ift.uam-csic.es\/thedeas\/wp-json\/wp\/v2\/pages\/582\/revisions\/1217"}],"up":[{"embeddable":true,"href":"https:\/\/projects.ift.uam-csic.es\/thedeas\/wp-json\/wp\/v2\/pages\/556"}],"wp:attachment":[{"href":"https:\/\/projects.ift.uam-csic.es\/thedeas\/wp-json\/wp\/v2\/media?parent=582"}],"curies":[{"name":"wp","href":"https:\/\/api.w.org\/{rel}","templated":true}]}}