{"id":935,"date":"2022-04-13T17:02:05","date_gmt":"2022-04-13T17:02:05","guid":{"rendered":"https:\/\/projects.ift.uam-csic.es\/qift\/?page_id=935"},"modified":"2022-04-13T17:27:24","modified_gmt":"2022-04-13T17:27:24","slug":"outreach","status":"publish","type":"page","link":"https:\/\/projects.ift.uam-csic.es\/qift\/outreach\/","title":{"rendered":"Outreach"},"content":{"rendered":"\t\t<div data-elementor-type=\"wp-page\" data-elementor-id=\"935\" class=\"elementor elementor-935\">\n\t\t\t\t\t\t<section class=\"elementor-section elementor-top-section elementor-element elementor-element-9b4fb3f elementor-section-boxed elementor-section-height-default elementor-section-height-default\" data-id=\"9b4fb3f\" data-element_type=\"section\">\n\t\t\t\t\t\t\t<div class=\"elementor-background-overlay\"><\/div>\n\t\t\t\t\t\t\t<div class=\"elementor-container elementor-column-gap-default\">\n\t\t\t\t\t<div class=\"elementor-column elementor-col-100 elementor-top-column elementor-element elementor-element-52181e7\" data-id=\"52181e7\" data-element_type=\"column\">\n\t\t\t<div class=\"elementor-widget-wrap elementor-element-populated\">\n\t\t\t\t\t\t<section class=\"elementor-section elementor-inner-section elementor-element elementor-element-a32056f elementor-section-boxed elementor-section-height-default elementor-section-height-default\" data-id=\"a32056f\" data-element_type=\"section\">\n\t\t\t\t\t\t<div class=\"elementor-container elementor-column-gap-default\">\n\t\t\t\t\t<div class=\"elementor-column elementor-col-50 elementor-inner-column elementor-element elementor-element-2fd3b9f\" data-id=\"2fd3b9f\" data-element_type=\"column\">\n\t\t\t<div class=\"elementor-widget-wrap elementor-element-populated\">\n\t\t\t\t\t\t<div class=\"elementor-element elementor-element-9be54d6 elementor-widget elementor-widget-text-editor\" data-id=\"9be54d6\" data-element_type=\"widget\" data-widget_type=\"text-editor.default\">\n\t\t\t\t<div class=\"elementor-widget-container\">\n\t\t\t\t\t\t\t\t\t<p><a href=\"https:\/\/www.youtube.com\/watch?v=WB9kUrM5tf4&amp;t=992s\"><strong>La hip\u00f3tesis de Riemann y la F\u00edsica Cu\u00e1ntica<\/strong><\/a><br \/>Germ\u00e1n Sierra<br \/>Residencia de Estudiantes CSIC<br \/>November 22, 2013<br \/><div class=\"bg-margin-for-link\"><input type='hidden' bg_collapse_expand='69d10b0908c657059348558' value='69d10b0908c657059348558'><input type='hidden' id='bg-show-more-text-69d10b0908c657059348558' value='Show More'><input type='hidden' id='bg-show-less-text-69d10b0908c657059348558' value='Show Less'><a id='bg-showmore-action-69d10b0908c657059348558' class='bg-showmore-plg-link  '  style=\" color:#1061ad;;\" href='#'>Show More<\/a><div id='bg-showmore-hidden-69d10b0908c657059348558' ><br \/>La Hip\u00f3tesis de Riemann es uno de los problemas matem\u00e1ticos del milenio, relacionado con la distribuci\u00f3n de los n\u00fameros primos. \u00bfPuede la F\u00edsica Cu\u00e1ntica ayudar en la resoluci\u00f3n de este reto matem\u00e1tico?<br \/><\/div><\/div><\/p>\t\t\t\t\t\t\t\t<\/div>\n\t\t\t\t<\/div>\n\t\t\t\t\t<\/div>\n\t\t<\/div>\n\t\t\t\t<div class=\"elementor-column elementor-col-50 elementor-inner-column elementor-element elementor-element-2b84122\" data-id=\"2b84122\" data-element_type=\"column\">\n\t\t\t<div class=\"elementor-widget-wrap elementor-element-populated\">\n\t\t\t\t\t\t<div class=\"elementor-element elementor-element-596c283 elementor-widget elementor-widget-video\" data-id=\"596c283\" data-element_type=\"widget\" data-settings=\"{&quot;youtube_url&quot;:&quot;https:\\\/\\\/www.youtube.com\\\/watch?v=WB9kUrM5tf4&amp;t=992s&quot;,&quot;video_type&quot;:&quot;youtube&quot;,&quot;controls&quot;:&quot;yes&quot;}\" data-widget_type=\"video.default\">\n\t\t\t\t<div class=\"elementor-widget-container\">\n\t\t\t\t\t\t\t<div class=\"elementor-wrapper elementor-open-inline\">\n\t\t\t<div class=\"elementor-video\"><\/div>\t\t<\/div>\n\t\t\t\t\t\t<\/div>\n\t\t\t\t<\/div>\n\t\t\t\t\t<\/div>\n\t\t<\/div>\n\t\t\t\t\t<\/div>\n\t\t<\/section>\n\t\t\t\t<section class=\"elementor-section elementor-inner-section elementor-element elementor-element-1705353 elementor-section-boxed elementor-section-height-default elementor-section-height-default\" data-id=\"1705353\" data-element_type=\"section\">\n\t\t\t\t\t\t<div class=\"elementor-container elementor-column-gap-default\">\n\t\t\t\t\t<div class=\"elementor-column elementor-col-50 elementor-inner-column elementor-element elementor-element-816b93a\" data-id=\"816b93a\" data-element_type=\"column\">\n\t\t\t<div class=\"elementor-widget-wrap elementor-element-populated\">\n\t\t\t\t\t\t<div class=\"elementor-element elementor-element-d76c11d elementor-widget elementor-widget-text-editor\" data-id=\"d76c11d\" data-element_type=\"widget\" data-widget_type=\"text-editor.default\">\n\t\t\t\t<div class=\"elementor-widget-container\">\n\t\t\t\t\t\t\t\t\t<p class=\"title style-scope ytd-video-primary-info-renderer\"><a href=\"https:\/\/www.youtube.com\/watch?v=IRB6GcZ953s&amp;t=17s\"><strong>El gato de Schr\u00f6dinger no est\u00e1 entrelazado \u00bfqui\u00e9n lo entrelazar\u00e1?<\/strong><\/a><br \/>Germ\u00e1n Sierra<br \/>Residencia de Estudiantes CSIC<br \/>November 17, 2016<br \/><div class=\"bg-margin-for-link\"><input type='hidden' bg_collapse_expand='69d10b09097ae2016259156' value='69d10b09097ae2016259156'><input type='hidden' id='bg-show-more-text-69d10b09097ae2016259156' value='Show More'><input type='hidden' id='bg-show-less-text-69d10b09097ae2016259156' value='Show Less'><a id='bg-showmore-action-69d10b09097ae2016259156' class='bg-showmore-plg-link  '  style=\" color:#1061ad;;\" href='#'>Show More<\/a><div id='bg-showmore-hidden-69d10b09097ae2016259156' ><br \/>La Mec\u00e1nica Cu\u00e1ntica es un campo fascinante que contradice nuestras intuiciones m\u00e1s b\u00e1sicas. Germ\u00e1n Sierra, investigador del IFT, nos introduce en el mundo cu\u00e1ntico, aclarando conceptos como la paradoja del gato de Schr\u00f6dinger, el entrelazamiento EPR, y las desigualdades de Bell.<br \/><\/div><\/div><\/p>\t\t\t\t\t\t\t\t<\/div>\n\t\t\t\t<\/div>\n\t\t\t\t\t<\/div>\n\t\t<\/div>\n\t\t\t\t<div class=\"elementor-column elementor-col-50 elementor-inner-column elementor-element elementor-element-ca83f2b\" data-id=\"ca83f2b\" data-element_type=\"column\">\n\t\t\t<div class=\"elementor-widget-wrap elementor-element-populated\">\n\t\t\t\t\t\t<div class=\"elementor-element elementor-element-2caa0c4 elementor-widget elementor-widget-video\" data-id=\"2caa0c4\" data-element_type=\"widget\" data-settings=\"{&quot;youtube_url&quot;:&quot;https:\\\/\\\/www.youtube.com\\\/watch?v=IRB6GcZ953s&amp;t=17s&quot;,&quot;video_type&quot;:&quot;youtube&quot;,&quot;controls&quot;:&quot;yes&quot;}\" data-widget_type=\"video.default\">\n\t\t\t\t<div class=\"elementor-widget-container\">\n\t\t\t\t\t\t\t<div class=\"elementor-wrapper elementor-open-inline\">\n\t\t\t<div class=\"elementor-video\"><\/div>\t\t<\/div>\n\t\t\t\t\t\t<\/div>\n\t\t\t\t<\/div>\n\t\t\t\t\t<\/div>\n\t\t<\/div>\n\t\t\t\t\t<\/div>\n\t\t<\/section>\n\t\t\t\t<section class=\"elementor-section elementor-inner-section elementor-element elementor-element-2270f51 elementor-section-boxed elementor-section-height-default elementor-section-height-default\" data-id=\"2270f51\" data-element_type=\"section\">\n\t\t\t\t\t\t<div class=\"elementor-container elementor-column-gap-default\">\n\t\t\t\t\t<div class=\"elementor-column elementor-col-50 elementor-inner-column elementor-element elementor-element-6e1b68d\" data-id=\"6e1b68d\" data-element_type=\"column\">\n\t\t\t<div class=\"elementor-widget-wrap elementor-element-populated\">\n\t\t\t\t\t\t<div class=\"elementor-element elementor-element-a48f05d elementor-widget elementor-widget-text-editor\" data-id=\"a48f05d\" data-element_type=\"widget\" data-widget_type=\"text-editor.default\">\n\t\t\t\t<div class=\"elementor-widget-container\">\n\t\t\t\t\t\t\t\t\t<p class=\"title style-scope ytd-video-primary-info-renderer\"><a href=\"https:\/\/drive.google.com\/file\/d\/1FRXB37JUZeFk3rvVDBuG9GdS_ss3UJav\/view\"><strong>De la paradoja EPR a las tecnolog\u00edas cu\u00e1nticas<\/strong><\/a><br \/>Esperanza L\u00f3pez, en CIENCIA, y el &#8220;azar relativo&#8221;<br \/><div class=\"bg-margin-for-link\"><input type='hidden' bg_collapse_expand='69d10b090a2073078449681' value='69d10b090a2073078449681'><input type='hidden' id='bg-show-more-text-69d10b090a2073078449681' value='Show More'><input type='hidden' id='bg-show-less-text-69d10b090a2073078449681' value='Show Less'><a id='bg-showmore-action-69d10b090a2073078449681' class='bg-showmore-plg-link  '  style=\" color:#1061ad;;\" href='#'>Show More<\/a><div id='bg-showmore-hidden-69d10b090a2073078449681' ><br \/>Siento una enorme fascinaci\u00f3n por el mundo cu\u00e1ntico. Sus aspectos dif\u00edciles de asimilar, incluso parad\u00f3jicos, me atrajeron desde el primer momento y es a ellos a los que voy a dedicar este texto. Repasar\u00e9 los comienzos de la teor\u00eda<br \/>cu\u00e1ntica para mostrar la necesidad de un nuevo paradigma. Describir\u00e9 c\u00f3mo, en una aventura tanto te\u00f3rica como experimental que llega hasta nuestros d\u00edas, se ha demostrado que la Naturaleza escoge los extra\u00f1os principios de la<br \/>mec\u00e1nica cu\u00e1ntica frente a otros m\u00e1s acordes con nuestra intuici\u00f3n. Y finalmente, c\u00f3mo esto ha desencadenado una revoluci\u00f3n tecnol\u00f3gica que<br \/>promete moldear el futuro.<br \/><\/div><\/div><\/p>\t\t\t\t\t\t\t\t<\/div>\n\t\t\t\t<\/div>\n\t\t\t\t\t<\/div>\n\t\t<\/div>\n\t\t\t\t<div class=\"elementor-column elementor-col-50 elementor-inner-column elementor-element elementor-element-3e0ae3e\" data-id=\"3e0ae3e\" data-element_type=\"column\">\n\t\t\t<div class=\"elementor-widget-wrap elementor-element-populated\">\n\t\t\t\t\t\t<div class=\"elementor-element elementor-element-5e22a2a elementor-widget elementor-widget-image\" data-id=\"5e22a2a\" data-element_type=\"widget\" data-widget_type=\"image.default\">\n\t\t\t\t<div class=\"elementor-widget-container\">\n\t\t\t\t\t\t\t\t\t\t\t\t\t\t\t\t<a href=\"https:\/\/drive.google.com\/file\/d\/1FRXB37JUZeFk3rvVDBuG9GdS_ss3UJav\/view\">\n\t\t\t\t\t\t\t<img fetchpriority=\"high\" decoding=\"async\" width=\"230\" height=\"300\" src=\"https:\/\/projects.ift.uam-csic.es\/qift\/wp-content\/uploads\/2022\/04\/Untitled-1-230x300.png\" class=\"attachment-medium size-medium wp-image-955\" alt=\"\" srcset=\"https:\/\/projects.ift.uam-csic.es\/qift\/wp-content\/uploads\/2022\/04\/Untitled-1-230x300.png 230w, https:\/\/projects.ift.uam-csic.es\/qift\/wp-content\/uploads\/2022\/04\/Untitled-1.png 525w\" sizes=\"(max-width: 230px) 100vw, 230px\" \/>\t\t\t\t\t\t\t\t<\/a>\n\t\t\t\t\t\t\t\t\t\t\t\t\t\t\t<\/div>\n\t\t\t\t<\/div>\n\t\t\t\t\t<\/div>\n\t\t<\/div>\n\t\t\t\t\t<\/div>\n\t\t<\/section>\n\t\t\t\t\t<\/div>\n\t\t<\/div>\n\t\t\t\t\t<\/div>\n\t\t<\/section>\n\t\t\t\t<\/div>\n\t\t","protected":false},"excerpt":{"rendered":"<p>La hip\u00f3tesis de Riemann y la F\u00edsica Cu\u00e1nticaGerm\u00e1n SierraResidencia de Estudiantes CSICNovember 22, 2013 https:\/\/www.youtube.com\/watch?v=WB9kUrM5tf4&#038;t=992s El gato de Schr\u00f6dinger no est\u00e1 entrelazado \u00bfqui\u00e9n lo entrelazar\u00e1?Germ\u00e1n SierraResidencia de Estudiantes CSICNovember 17, 2016 https:\/\/www.youtube.com\/watch?v=IRB6GcZ953s&#038;t=17s De la paradoja EPR a las tecnolog\u00edas cu\u00e1nticasEsperanza L\u00f3pez, en CIENCIA, y el &#8220;azar relativo&#8221;<\/p>\n","protected":false},"author":7,"featured_media":0,"parent":0,"menu_order":0,"comment_status":"closed","ping_status":"closed","template":"","meta":{"site-sidebar-layout":"no-sidebar","site-content-layout":"page-builder","ast-main-header-display":"","ast-hfb-above-header-display":"","ast-hfb-below-header-display":"","ast-hfb-mobile-header-display":"","site-post-title":"disabled","ast-breadcrumbs-content":"","ast-featured-img":"disabled","footer-sml-layout":"","theme-transparent-header-meta":"","adv-header-id-meta":"","stick-header-meta":"","header-above-stick-meta":"","header-main-stick-meta":"","header-below-stick-meta":"","footnotes":""},"class_list":["post-935","page","type-page","status-publish","hentry"],"guten_post_layout_featured_media_urls":{"full":false,"thumbnail":false,"medium":false,"medium_large":false,"large":false,"1536x1536":false,"2048x2048":false,"guten_post_layout_landscape_large":false,"guten_post_layout_portrait_large":false,"guten_post_layout_square_large":false,"guten_post_layout_landscape":false,"guten_post_layout_portrait":false,"guten_post_layout_square":false},"_links":{"self":[{"href":"https:\/\/projects.ift.uam-csic.es\/qift\/wp-json\/wp\/v2\/pages\/935","targetHints":{"allow":["GET"]}}],"collection":[{"href":"https:\/\/projects.ift.uam-csic.es\/qift\/wp-json\/wp\/v2\/pages"}],"about":[{"href":"https:\/\/projects.ift.uam-csic.es\/qift\/wp-json\/wp\/v2\/types\/page"}],"author":[{"embeddable":true,"href":"https:\/\/projects.ift.uam-csic.es\/qift\/wp-json\/wp\/v2\/users\/7"}],"replies":[{"embeddable":true,"href":"https:\/\/projects.ift.uam-csic.es\/qift\/wp-json\/wp\/v2\/comments?post=935"}],"version-history":[{"count":16,"href":"https:\/\/projects.ift.uam-csic.es\/qift\/wp-json\/wp\/v2\/pages\/935\/revisions"}],"predecessor-version":[{"id":958,"href":"https:\/\/projects.ift.uam-csic.es\/qift\/wp-json\/wp\/v2\/pages\/935\/revisions\/958"}],"wp:attachment":[{"href":"https:\/\/projects.ift.uam-csic.es\/qift\/wp-json\/wp\/v2\/media?parent=935"}],"curies":[{"name":"wp","href":"https:\/\/api.w.org\/{rel}","templated":true}]}}