{"id":766,"date":"2024-03-24T10:36:27","date_gmt":"2024-03-24T10:36:27","guid":{"rendered":"https:\/\/projects.ift.uam-csic.es\/outreach_new\/?page_id=766"},"modified":"2025-09-02T13:56:19","modified_gmt":"2025-09-02T13:56:19","slug":"noche_investigadores","status":"publish","type":"page","link":"https:\/\/projects.ift.uam-csic.es\/outreach_new\/noche_investigadores\/","title":{"rendered":"Noche de los y las investigadoras"},"content":{"rendered":"\n<div class=\"wp-block-cover alignfull\" style=\"min-height:320px;aspect-ratio:unset;\"><span aria-hidden=\"true\" class=\"wp-block-cover__background has-nv-site-bg-background-color has-background-dim-100 has-background-dim\"><\/span><div class=\"wp-block-cover__inner-container is-layout-flow wp-block-cover-is-layout-flow\">\n<div class=\"wp-block-group\"><div class=\"wp-block-group__inner-container is-layout-flow wp-block-group-is-layout-flow\">\n<div class=\"wp-block-columns are-vertically-aligned-center is-layout-flex wp-container-core-columns-is-layout-9d6595d7 wp-block-columns-is-layout-flex\">\n<div class=\"wp-block-column is-vertically-aligned-center is-layout-flow wp-block-column-is-layout-flow\" style=\"flex-basis:70%\">\n<h1 class=\"has-text-align-left has-neve-text-color-color has-text-color wp-block-heading\">Noche Europea de los Investigadores &amp; Investigadoras<\/h1>\n\n\n\n<p class=\"has-neve-text-color-color has-text-color\" style=\"font-size:22px\">El IFT participa activamente en la Noche<strong>&nbsp;<\/strong>realizando actividades como charlas, encuentros y juegos con el p\u00fablico general.&nbsp;<\/p>\n<\/div>\n\n\n\n<div class=\"wp-block-column is-vertically-aligned-center is-layout-flow wp-block-column-is-layout-flow\" style=\"flex-basis:30%\"><\/div>\n<\/div>\n<\/div><\/div>\n<\/div><\/div>\n\n\n\n<div class=\"wp-block-cover alignfull\"><span aria-hidden=\"true\" class=\"wp-block-cover__background has-nv-text-dark-bg-background-color has-background-dim-100 has-background-dim\"><\/span><div class=\"wp-block-cover__inner-container is-layout-flow wp-block-cover-is-layout-flow\">\n<p class=\"has-text-align-center has-large-font-size\"><\/p>\n\n\n\n<figure class=\"wp-block-image alignfull size-large\"><a href=\"https:\/\/projects.ift.uam-csic.es\/outreach_new\/el-csic-te-llama-esta-noche-noche-europea-de-los-invesigadores-y-las-investigadoras-2025\/\"><img loading=\"lazy\" decoding=\"async\" width=\"1024\" height=\"724\" src=\"https:\/\/projects.ift.uam-csic.es\/outreach_new\/wp-content\/uploads\/2025\/09\/Fundacio\u0301nTelefonica-web-2025-1-1024x724.jpg\" alt=\"\" class=\"wp-image-1976\" srcset=\"https:\/\/projects.ift.uam-csic.es\/outreach_new\/wp-content\/uploads\/2025\/09\/Fundacio\u0301nTelefonica-web-2025-1-1024x724.jpg 1024w, https:\/\/projects.ift.uam-csic.es\/outreach_new\/wp-content\/uploads\/2025\/09\/Fundacio\u0301nTelefonica-web-2025-1-300x212.jpg 300w, https:\/\/projects.ift.uam-csic.es\/outreach_new\/wp-content\/uploads\/2025\/09\/Fundacio\u0301nTelefonica-web-2025-1-768x543.jpg 768w, https:\/\/projects.ift.uam-csic.es\/outreach_new\/wp-content\/uploads\/2025\/09\/Fundacio\u0301nTelefonica-web-2025-1-1536x1087.jpg 1536w, https:\/\/projects.ift.uam-csic.es\/outreach_new\/wp-content\/uploads\/2025\/09\/Fundacio\u0301nTelefonica-web-2025-1-2048x1449.jpg 2048w\" sizes=\"auto, (max-width: 1024px) 100vw, 1024px\" \/><\/a><\/figure>\n\n\n\n<div style=\"height:100px\" aria-hidden=\"true\" class=\"wp-block-spacer\"><\/div>\n<\/div><\/div>\n\n\n\n<div class=\"wp-block-cover alignfull\" style=\"min-height:600px;aspect-ratio:unset;\"><span aria-hidden=\"true\" class=\"wp-block-cover__background has-nv-light-bg-background-color has-background-dim-100 has-background-dim\"><\/span><div class=\"wp-block-cover__inner-container is-layout-flow wp-block-cover-is-layout-flow\">\n<div class=\"wp-block-group\"><div class=\"wp-block-group__inner-container is-layout-flow wp-block-group-is-layout-flow\">\n<div style=\"height:80px\" aria-hidden=\"true\" class=\"wp-block-spacer\"><\/div>\n\n\n\n<div class=\"wp-block-columns is-layout-flex wp-container-core-columns-is-layout-9d6595d7 wp-block-columns-is-layout-flex\">\n<div class=\"wp-block-column is-layout-flow wp-block-column-is-layout-flow\" style=\"flex-basis:66.79%\">\n<figure class=\"wp-block-image size-large\"><img loading=\"lazy\" decoding=\"async\" width=\"683\" height=\"1024\" src=\"https:\/\/projects.ift.uam-csic.es\/outreach_new\/wp-content\/uploads\/2025\/09\/trazas-parti\u0301culas-683x1024.png\" alt=\"\" class=\"wp-image-1977\" srcset=\"https:\/\/projects.ift.uam-csic.es\/outreach_new\/wp-content\/uploads\/2025\/09\/trazas-parti\u0301culas-683x1024.png 683w, https:\/\/projects.ift.uam-csic.es\/outreach_new\/wp-content\/uploads\/2025\/09\/trazas-parti\u0301culas-200x300.png 200w, https:\/\/projects.ift.uam-csic.es\/outreach_new\/wp-content\/uploads\/2025\/09\/trazas-parti\u0301culas-768x1152.png 768w, https:\/\/projects.ift.uam-csic.es\/outreach_new\/wp-content\/uploads\/2025\/09\/trazas-parti\u0301culas.png 1024w\" sizes=\"auto, (max-width: 683px) 100vw, 683px\" \/><\/figure>\n\n\n\n<div style=\"height:40px\" aria-hidden=\"true\" class=\"wp-block-spacer\"><\/div>\n<\/div>\n\n\n\n<div class=\"wp-block-column is-vertically-aligned-center is-layout-flow wp-block-column-is-layout-flow\" style=\"flex-basis:34%\">\n<h3 class=\"has-neve-text-color-color has-text-color wp-block-heading\"><strong>A la caza de las part\u00edculas<\/strong><\/h3>\n\n\n\n<p class=\"has-neve-text-color-color has-text-color\">El Instituto de F\u00edsica Te\u00f3rica (IFT UAM-CSIC) abre una ventana al mundo invisible con la actividad \u201cA la caza de las part\u00edculas\u201d. <\/p>\n\n\n\n<p class=\"has-neve-text-color-color has-text-color\">Se trata de un taller \u00fanico, a puerta cerrada, en el que los asistentes podr\u00e1n ver con sus propios ojos algo que normalmente pasa desapercibido: las part\u00edculas que nos rodean a cada instante. \u00bfC\u00f3mo es posible? Gracias al MiniPIX EDU, una c\u00e1mara de radiaci\u00f3n del tama\u00f1o de la palma de la mano que funciona como un aut\u00e9ntico \u201cmicroscopio de part\u00edculas\u201d. Este dispositivo cuenta con un detector Timepix, capaz de captar la huella que dejan al pasar diferentes part\u00edculas \u2014electrones, protones, part\u00edculas alfa o incluso la radiaci\u00f3n c\u00f3smica que llega desde el espacio exterior\u2014 y transformarla en im\u00e1genes llenas de formas y patrones sorprendentes. <\/p>\n\n\n\n<p class=\"has-neve-text-color-color has-text-color\">Durante la experiencia, el p\u00fablico no solo podr\u00e1 contemplar en tiempo real c\u00f3mo se manifiestan estas part\u00edculas elementales, sino que tambi\u00e9n aprender\u00e1 a descifrar las distintas trazas registradas, identificando qu\u00e9 tipo de part\u00edcula ha dejado cada rastro. Una oportunidad \u00fanica para descubrir que, incluso en reposo, vivimos inmersos en un universo de part\u00edculas invisibles en constante movimiento.<\/p>\n\n\n\n<div class=\"wp-block-buttons is-layout-flex wp-block-buttons-is-layout-flex\">\n<div class=\"wp-block-button is-style-primary\"><a class=\"wp-block-button__link\" href=\"https:\/\/projects.ift.uam-csic.es\/outreach_new\/el-csic-te-llama-esta-noche-noche-europea-de-los-invesigadores-y-las-investigadoras-2025\/\" target=\"_blank\" rel=\"noreferrer noopener\">SABER M\u00c1S<\/a><\/div>\n<\/div>\n\n\n\n<div style=\"height:24px\" aria-hidden=\"true\" class=\"wp-block-spacer\"><\/div>\n<\/div>\n<\/div>\n\n\n\n<div style=\"height:40px\" aria-hidden=\"true\" class=\"wp-block-spacer\"><\/div>\n<\/div><\/div>\n<\/div><\/div>\n\n\n\n<div class=\"wp-block-cover\"><span aria-hidden=\"true\" class=\"wp-block-cover__background has-nv-text-dark-bg-background-color has-background-dim-100 has-background-dim\"><\/span><div class=\"wp-block-cover__inner-container is-layout-flow wp-block-cover-is-layout-flow\">\n<p class=\"has-text-align-center has-large-font-size\"><\/p>\n\n\n\n<div style=\"height:50px\" aria-hidden=\"true\" class=\"wp-block-spacer\"><\/div>\n\n\n\n<h2 class=\"has-neve-text-color-color has-text-color wp-block-heading\">Otras actividades de la Noche<\/h2>\n\n\n\n<figure class=\"wp-block-image size-large\"><a href=\"https:\/\/projects.ift.uam-csic.es\/outreach_new\/el-csic-te-llama-esta-noche-noche-europea-de-los-investigadores-as-2024\/\"><img loading=\"lazy\" decoding=\"async\" width=\"1024\" height=\"724\" src=\"https:\/\/projects.ift.uam-csic.es\/outreach_new\/wp-content\/uploads\/2024\/09\/Fundacio\u0301nTelefonica-web-1024x724.jpg\" alt=\"\" class=\"wp-image-1412\" srcset=\"https:\/\/projects.ift.uam-csic.es\/outreach_new\/wp-content\/uploads\/2024\/09\/Fundacio\u0301nTelefonica-web-1024x724.jpg 1024w, https:\/\/projects.ift.uam-csic.es\/outreach_new\/wp-content\/uploads\/2024\/09\/Fundacio\u0301nTelefonica-web-300x212.jpg 300w, https:\/\/projects.ift.uam-csic.es\/outreach_new\/wp-content\/uploads\/2024\/09\/Fundacio\u0301nTelefonica-web-768x543.jpg 768w, https:\/\/projects.ift.uam-csic.es\/outreach_new\/wp-content\/uploads\/2024\/09\/Fundacio\u0301nTelefonica-web-1536x1087.jpg 1536w, https:\/\/projects.ift.uam-csic.es\/outreach_new\/wp-content\/uploads\/2024\/09\/Fundacio\u0301nTelefonica-web-2048x1449.jpg 2048w\" sizes=\"auto, (max-width: 1024px) 100vw, 1024px\" \/><\/a><\/figure>\n\n\n\n<div style=\"height:50px\" aria-hidden=\"true\" class=\"wp-block-spacer\"><\/div>\n\n\n\n<div class=\"wp-block-columns is-layout-flex wp-container-core-columns-is-layout-9d6595d7 wp-block-columns-is-layout-flex\">\n<div class=\"wp-block-column is-layout-flow wp-block-column-is-layout-flow\">\n<figure class=\"wp-block-image size-large\"><a href=\"https:\/\/members.ift.uam-csic.es\/ed\/2023\/09\/25\/todo-ciencia-la-noche-del-csic-en-el-12\/\"><img loading=\"lazy\" decoding=\"async\" width=\"1024\" height=\"1024\" src=\"https:\/\/projects.ift.uam-csic.es\/outreach_new\/wp-content\/uploads\/2024\/09\/Una-Noche-de-Ciencia-12-octubre-web-noche-edited-1024x1024.jpg\" alt=\"\" class=\"wp-image-1365\" srcset=\"https:\/\/projects.ift.uam-csic.es\/outreach_new\/wp-content\/uploads\/2024\/09\/Una-Noche-de-Ciencia-12-octubre-web-noche-edited-1024x1024.jpg 1024w, https:\/\/projects.ift.uam-csic.es\/outreach_new\/wp-content\/uploads\/2024\/09\/Una-Noche-de-Ciencia-12-octubre-web-noche-edited-300x300.jpg 300w, https:\/\/projects.ift.uam-csic.es\/outreach_new\/wp-content\/uploads\/2024\/09\/Una-Noche-de-Ciencia-12-octubre-web-noche-edited-150x150.jpg 150w, https:\/\/projects.ift.uam-csic.es\/outreach_new\/wp-content\/uploads\/2024\/09\/Una-Noche-de-Ciencia-12-octubre-web-noche-edited-768x767.jpg 768w, https:\/\/projects.ift.uam-csic.es\/outreach_new\/wp-content\/uploads\/2024\/09\/Una-Noche-de-Ciencia-12-octubre-web-noche-edited.jpg 1061w\" sizes=\"auto, (max-width: 1024px) 100vw, 1024px\" \/><\/a><\/figure>\n<\/div>\n\n\n\n<div class=\"wp-block-column is-layout-flow wp-block-column-is-layout-flow\">\n<figure class=\"wp-block-image size-large\"><a href=\"https:\/\/members.ift.uam-csic.es\/ed\/2022\/09\/02\/la-xiii-noche-europea-de-los-investigadores-de-madrid-23-y-30-de-septiembre\/\"><img loading=\"lazy\" decoding=\"async\" width=\"1024\" height=\"1024\" src=\"https:\/\/projects.ift.uam-csic.es\/outreach_new\/wp-content\/uploads\/2024\/09\/Una-Noche-de-Ciencia-en-el-CSIC-tarde-web-2048x1449-1-edited-1024x1024.jpg\" alt=\"\" class=\"wp-image-1364\" srcset=\"https:\/\/projects.ift.uam-csic.es\/outreach_new\/wp-content\/uploads\/2024\/09\/Una-Noche-de-Ciencia-en-el-CSIC-tarde-web-2048x1449-1-edited-1024x1024.jpg 1024w, https:\/\/projects.ift.uam-csic.es\/outreach_new\/wp-content\/uploads\/2024\/09\/Una-Noche-de-Ciencia-en-el-CSIC-tarde-web-2048x1449-1-edited-300x300.jpg 300w, https:\/\/projects.ift.uam-csic.es\/outreach_new\/wp-content\/uploads\/2024\/09\/Una-Noche-de-Ciencia-en-el-CSIC-tarde-web-2048x1449-1-edited-150x150.jpg 150w, https:\/\/projects.ift.uam-csic.es\/outreach_new\/wp-content\/uploads\/2024\/09\/Una-Noche-de-Ciencia-en-el-CSIC-tarde-web-2048x1449-1-edited-768x767.jpg 768w, https:\/\/projects.ift.uam-csic.es\/outreach_new\/wp-content\/uploads\/2024\/09\/Una-Noche-de-Ciencia-en-el-CSIC-tarde-web-2048x1449-1-edited.jpg 1450w\" sizes=\"auto, (max-width: 1024px) 100vw, 1024px\" \/><\/a><\/figure>\n<\/div>\n<\/div>\n\n\n\n<div style=\"height:0px\" aria-hidden=\"true\" class=\"wp-block-spacer\"><\/div>\n<\/div><\/div>\n\n\n\n<div style=\"height:50px\" aria-hidden=\"true\" class=\"wp-block-spacer\"><\/div>\n","protected":false},"excerpt":{"rendered":"","protected":false},"author":1,"featured_media":0,"parent":0,"menu_order":0,"comment_status":"closed","ping_status":"closed","template":"","meta":{"neve_meta_sidebar":"","neve_meta_container":"","neve_meta_enable_content_width":"on","neve_meta_content_width":100,"neve_meta_title_alignment":"","neve_meta_author_avatar":"","neve_post_elements_order":"","neve_meta_disable_header":"","neve_meta_disable_footer":"","neve_meta_disable_title":"on","_themeisle_gutenberg_block_has_review":false,"footnotes":""},"class_list":["post-766","page","type-page","status-publish","hentry"],"_links":{"self":[{"href":"https:\/\/projects.ift.uam-csic.es\/outreach_new\/wp-json\/wp\/v2\/pages\/766","targetHints":{"allow":["GET"]}}],"collection":[{"href":"https:\/\/projects.ift.uam-csic.es\/outreach_new\/wp-json\/wp\/v2\/pages"}],"about":[{"href":"https:\/\/projects.ift.uam-csic.es\/outreach_new\/wp-json\/wp\/v2\/types\/page"}],"author":[{"embeddable":true,"href":"https:\/\/projects.ift.uam-csic.es\/outreach_new\/wp-json\/wp\/v2\/users\/1"}],"replies":[{"embeddable":true,"href":"https:\/\/projects.ift.uam-csic.es\/outreach_new\/wp-json\/wp\/v2\/comments?post=766"}],"version-history":[{"count":27,"href":"https:\/\/projects.ift.uam-csic.es\/outreach_new\/wp-json\/wp\/v2\/pages\/766\/revisions"}],"predecessor-version":[{"id":1981,"href":"https:\/\/projects.ift.uam-csic.es\/outreach_new\/wp-json\/wp\/v2\/pages\/766\/revisions\/1981"}],"wp:attachment":[{"href":"https:\/\/projects.ift.uam-csic.es\/outreach_new\/wp-json\/wp\/v2\/media?parent=766"}],"curies":[{"name":"wp","href":"https:\/\/api.w.org\/{rel}","templated":true}]}}