{"id":380,"date":"2020-01-23T18:21:52","date_gmt":"2020-01-23T18:21:52","guid":{"rendered":"https:\/\/demosites.io\/web-agency-gb\/?page_id=61"},"modified":"2024-10-09T08:54:54","modified_gmt":"2024-10-09T08:54:54","slug":"15c42-web-agency-gb-about-us","status":"publish","type":"page","link":"https:\/\/projects.ift.uam-csic.es\/outreach_new\/15c42-web-agency-gb-about-us\/","title":{"rendered":"About Us"},"content":{"rendered":"\n<div class=\"wp-block-cover alignfull\" style=\"min-height:300px;aspect-ratio:unset;\"><span aria-hidden=\"true\" class=\"wp-block-cover__background has-nv-site-bg-background-color has-background-dim-100 has-background-dim\"><\/span><div class=\"wp-block-cover__inner-container is-layout-flow wp-block-cover-is-layout-flow\">\n<div class=\"wp-block-group\"><div class=\"wp-block-group__inner-container is-layout-flow wp-block-group-is-layout-flow\">\n<h1 class=\"has-text-align-left has-neve-text-color-color has-text-color wp-block-heading\">Con\u00f3cenos<\/h1>\n<\/div><\/div>\n<\/div><\/div>\n\n\n\n<div class=\"wp-block-cover alignfull\" style=\"min-height:600px;aspect-ratio:unset;\"><span aria-hidden=\"true\" class=\"wp-block-cover__background has-nv-light-bg-background-color has-background-dim-100 has-background-dim\"><\/span><div class=\"wp-block-cover__inner-container is-layout-flow wp-block-cover-is-layout-flow\">\n<div class=\"wp-block-group\"><div class=\"wp-block-group__inner-container is-layout-flow wp-block-group-is-layout-flow\">\n<div style=\"height:80px\" aria-hidden=\"true\" class=\"wp-block-spacer\"><\/div>\n\n\n\n<div class=\"wp-block-columns are-vertically-aligned-center has-neve-text-color-color has-text-color is-layout-flex wp-container-core-columns-is-layout-9d6595d7 wp-block-columns-is-layout-flex\">\n<div class=\"wp-block-column is-vertically-aligned-center is-layout-flow wp-block-column-is-layout-flow\" style=\"flex-basis:50%\">\n<figure class=\"wp-block-image size-full\"><a href=\"https:\/\/www.ift.uam-csic.es\"><img loading=\"lazy\" decoding=\"async\" width=\"1022\" height=\"1023\" src=\"https:\/\/projects.ift.uam-csic.es\/outreach_new\/wp-content\/uploads\/2024\/03\/Screenshot-2024-03-15-at-19.50.59-edited-2.png\" alt=\"\" class=\"wp-image-584\" srcset=\"https:\/\/projects.ift.uam-csic.es\/outreach_new\/wp-content\/uploads\/2024\/03\/Screenshot-2024-03-15-at-19.50.59-edited-2.png 1022w, https:\/\/projects.ift.uam-csic.es\/outreach_new\/wp-content\/uploads\/2024\/03\/Screenshot-2024-03-15-at-19.50.59-edited-2-300x300.png 300w, https:\/\/projects.ift.uam-csic.es\/outreach_new\/wp-content\/uploads\/2024\/03\/Screenshot-2024-03-15-at-19.50.59-edited-2-150x150.png 150w, https:\/\/projects.ift.uam-csic.es\/outreach_new\/wp-content\/uploads\/2024\/03\/Screenshot-2024-03-15-at-19.50.59-edited-2-768x769.png 768w\" sizes=\"auto, (max-width: 1022px) 100vw, 1022px\" \/><\/a><\/figure>\n<\/div>\n\n\n\n<div class=\"wp-block-column is-vertically-aligned-center is-layout-flow wp-block-column-is-layout-flow\" style=\"flex-basis:50%\">\n<h2 class=\"has-neve-text-color-color has-text-color wp-block-heading\">El IFT<\/h2>\n\n\n\n<p class=\"has-neve-text-color-color has-text-color\">El Instituto de F\u00edsica Te\u00f3rica es un instituto mixto del Consejo Superior de Investigaciones Cient\u00edficas (CSIC) y la Universidad Aut\u00f3noma de Madrid (UAM). En \u00e9l trabajan f\u00edsicos te\u00f3ricos espa\u00f1oles y de muchos otros pa\u00edses, tratando de desvelar los misterios m\u00e1s b\u00e1sicos de la naturaleza.<\/p>\n\n\n\n<p class=\"has-neve-text-color-color has-text-color\">En el IFT se investiga principalmente en F\u00edsica de Part\u00edculas Elementales (como el reci\u00e9n descubierto bos\u00f3n de Higgs) y en Cosmolog\u00eda, es decir el origen y estructura del Universo. As\u00ed que se investiga sobre lo m\u00e1s peque\u00f1o (las part\u00edculas elementales) y lo m\u00e1s grande (el universo).<\/p>\n<\/div>\n<\/div>\n\n\n\n<div style=\"height:40px\" aria-hidden=\"true\" class=\"wp-block-spacer\"><\/div>\n<\/div><\/div>\n<\/div><\/div>\n\n\n\n<div class=\"wp-block-cover alignfull\" style=\"min-height:600px;aspect-ratio:unset;\"><span aria-hidden=\"true\" class=\"wp-block-cover__background has-nv-dark-bg-background-color has-background-dim-100 has-background-dim\"><\/span><div class=\"wp-block-cover__inner-container is-layout-flow wp-block-cover-is-layout-flow\">\n<div class=\"wp-block-group\"><div class=\"wp-block-group__inner-container is-layout-flow wp-block-group-is-layout-flow\">\n<div style=\"height:80px\" aria-hidden=\"true\" class=\"wp-block-spacer\"><\/div>\n\n\n\n<div class=\"wp-block-columns are-vertically-aligned-center is-layout-flex wp-container-core-columns-is-layout-9d6595d7 wp-block-columns-is-layout-flex\">\n<div class=\"wp-block-column is-vertically-aligned-center is-layout-flow wp-block-column-is-layout-flow\" style=\"flex-basis:50%\">\n<h2 class=\"has-nv-text-dark-bg-color has-text-color wp-block-heading\">Divulgaci\u00f3n en el IFT<\/h2>\n\n\n\n<p class=\"has-nv-text-dark-bg-color has-text-color\">En estas p\u00e1ginas podr\u00e1s encontrar material sobre las part\u00edculas elementales y las interacciones fundamentales, los neutrinos, el bos\u00f3n de Higgs, el origen y composici\u00f3n del Universo, la materia y energ\u00eda oscuras, los agujeros negros, y muchos otros temas en la frontera del conocimiento.<\/p>\n\n\n\n<div style=\"height:20px\" aria-hidden=\"true\" class=\"wp-block-spacer\"><\/div>\n\n\n\n<div style=\"height:20px\" aria-hidden=\"true\" class=\"wp-block-spacer\"><\/div>\n<\/div>\n\n\n\n<div class=\"wp-block-column is-vertically-aligned-center is-layout-flow wp-block-column-is-layout-flow\" style=\"flex-basis:50%\">\n<figure class=\"wp-block-image size-full\"><a href=\"https:\/\/www.youtube.com\/watch?v=eMbGa5HwyUA&amp;list=PLD6feQfcW6kwjQg1CzlFdnPkQEfcpNLMy&amp;index=13&amp;t=2766s\"><img loading=\"lazy\" decoding=\"async\" width=\"683\" height=\"684\" src=\"https:\/\/projects.ift.uam-csic.es\/outreach_new\/wp-content\/uploads\/2024\/03\/Unknown-1-edited-1.jpeg\" alt=\"\" class=\"wp-image-478\" srcset=\"https:\/\/projects.ift.uam-csic.es\/outreach_new\/wp-content\/uploads\/2024\/03\/Unknown-1-edited-1.jpeg 683w, https:\/\/projects.ift.uam-csic.es\/outreach_new\/wp-content\/uploads\/2024\/03\/Unknown-1-edited-1-300x300.jpeg 300w, https:\/\/projects.ift.uam-csic.es\/outreach_new\/wp-content\/uploads\/2024\/03\/Unknown-1-edited-1-150x150.jpeg 150w\" sizes=\"auto, (max-width: 683px) 100vw, 683px\" \/><\/a><\/figure>\n<\/div>\n<\/div>\n\n\n\n<div style=\"height:40px\" aria-hidden=\"true\" class=\"wp-block-spacer\"><\/div>\n<\/div><\/div>\n<\/div><\/div>\n\n\n\n<div class=\"wp-block-cover alignfull\" style=\"min-height:420px;aspect-ratio:unset;\"><span aria-hidden=\"true\" class=\"wp-block-cover__background has-nv-site-bg-background-color has-background-dim-100 has-background-dim\"><\/span><div class=\"wp-block-cover__inner-container is-layout-flow wp-block-cover-is-layout-flow\">\n<div style=\"height:0px\" aria-hidden=\"true\" class=\"wp-block-spacer\"><\/div>\n\n\n\n<div style=\"height:30px\" aria-hidden=\"true\" class=\"wp-block-spacer\"><\/div>\n\n\n\n<h1 class=\"has-text-align-left has-neve-text-color-color has-text-color wp-block-heading\">Comit\u00e9 de Divulgaci\u00f3n<\/h1>\n<\/div><\/div>\n\n\n\n<div class=\"wp-block-cover alignfull\" style=\"min-height:600px;aspect-ratio:unset;\"><span aria-hidden=\"true\" class=\"wp-block-cover__background has-nv-light-bg-background-color has-background-dim-100 has-background-dim\"><\/span><div class=\"wp-block-cover__inner-container is-layout-flow wp-block-cover-is-layout-flow\">\n<div class=\"wp-block-group\"><div class=\"wp-block-group__inner-container is-layout-flow wp-block-group-is-layout-flow\">\n<div style=\"height:80px\" aria-hidden=\"true\" class=\"wp-block-spacer\"><\/div>\n\n\n\n<div class=\"wp-block-columns is-layout-flex wp-container-core-columns-is-layout-9d6595d7 wp-block-columns-is-layout-flex\">\n<div class=\"wp-block-column is-layout-flow wp-block-column-is-layout-flow\"><div class=\"wp-block-image is-style-rounded\">\n<figure class=\"aligncenter size-large\"><img loading=\"lazy\" decoding=\"async\" width=\"2560\" height=\"2557\" src=\"https:\/\/projects.ift.uam-csic.es\/outreach_new\/wp-content\/uploads\/2024\/03\/IMG_0754-edited-scaled.jpg\" alt=\"\" class=\"wp-image-536\" srcset=\"https:\/\/projects.ift.uam-csic.es\/outreach_new\/wp-content\/uploads\/2024\/03\/IMG_0754-edited-scaled.jpg 2560w, https:\/\/projects.ift.uam-csic.es\/outreach_new\/wp-content\/uploads\/2024\/03\/IMG_0754-edited-300x300.jpg 300w, https:\/\/projects.ift.uam-csic.es\/outreach_new\/wp-content\/uploads\/2024\/03\/IMG_0754-edited-1024x1024.jpg 1024w, https:\/\/projects.ift.uam-csic.es\/outreach_new\/wp-content\/uploads\/2024\/03\/IMG_0754-edited-150x150.jpg 150w, https:\/\/projects.ift.uam-csic.es\/outreach_new\/wp-content\/uploads\/2024\/03\/IMG_0754-edited-768x767.jpg 768w, https:\/\/projects.ift.uam-csic.es\/outreach_new\/wp-content\/uploads\/2024\/03\/IMG_0754-edited-1536x1534.jpg 1536w, https:\/\/projects.ift.uam-csic.es\/outreach_new\/wp-content\/uploads\/2024\/03\/IMG_0754-edited-2048x2045.jpg 2048w\" sizes=\"auto, (max-width: 2560px) 100vw, 2560px\" \/><\/figure><\/div>\n\n\n<div style=\"height:24px\" aria-hidden=\"true\" class=\"wp-block-spacer\"><\/div>\n\n\n\n<h3 class=\"has-text-align-center has-neve-text-color-color has-text-color wp-block-heading\">Alberto Casas<\/h3>\n\n\n\n<p class=\"has-text-align-center has-neve-text-color-color has-text-color\">Profesor de Investigaci\u00f3n del CSIC y coordinador del comit\u00e9 de divulgaci\u00f3n cient\u00edfica. Autor de libros de divulgaci\u00f3n como \u00abEl bos\u00f3n de Higgs\u00bb (con Teresa Rodrigo). Su campo de investigaci\u00f3n es la f\u00edsica de part\u00edculas m\u00e1s all\u00e1 del Modelo Est\u00e1ndar. <\/p>\n\n\n\n<div style=\"height:40px\" aria-hidden=\"true\" class=\"wp-block-spacer\"><\/div>\n<\/div>\n\n\n\n<div class=\"wp-block-column is-layout-flow wp-block-column-is-layout-flow\"><div class=\"wp-block-image is-style-rounded\">\n<figure class=\"aligncenter size-large\"><img loading=\"lazy\" decoding=\"async\" width=\"2560\" height=\"2557\" src=\"https:\/\/projects.ift.uam-csic.es\/outreach_new\/wp-content\/uploads\/2024\/03\/IMG_0732-edited-scaled.jpg\" alt=\"\" class=\"wp-image-539\" srcset=\"https:\/\/projects.ift.uam-csic.es\/outreach_new\/wp-content\/uploads\/2024\/03\/IMG_0732-edited-scaled.jpg 2560w, https:\/\/projects.ift.uam-csic.es\/outreach_new\/wp-content\/uploads\/2024\/03\/IMG_0732-edited-300x300.jpg 300w, https:\/\/projects.ift.uam-csic.es\/outreach_new\/wp-content\/uploads\/2024\/03\/IMG_0732-edited-1024x1024.jpg 1024w, https:\/\/projects.ift.uam-csic.es\/outreach_new\/wp-content\/uploads\/2024\/03\/IMG_0732-edited-150x150.jpg 150w, https:\/\/projects.ift.uam-csic.es\/outreach_new\/wp-content\/uploads\/2024\/03\/IMG_0732-edited-768x767.jpg 768w, https:\/\/projects.ift.uam-csic.es\/outreach_new\/wp-content\/uploads\/2024\/03\/IMG_0732-edited-1536x1534.jpg 1536w, https:\/\/projects.ift.uam-csic.es\/outreach_new\/wp-content\/uploads\/2024\/03\/IMG_0732-edited-2048x2045.jpg 2048w\" sizes=\"auto, (max-width: 2560px) 100vw, 2560px\" \/><\/figure><\/div>\n\n\n<div style=\"height:24px\" aria-hidden=\"true\" class=\"wp-block-spacer\"><\/div>\n\n\n\n<h3 class=\"has-text-align-center has-neve-text-color-color has-text-color wp-block-heading\">David Cerde\u00f1o<\/h3>\n\n\n\n<p class=\"has-text-align-center has-neve-text-color-color has-text-color\">Profesor Beatriz Galindo en la UAM. Su campo de investigaci\u00f3n es la f\u00edsica de astropart\u00edculas, la materia oscura y la f\u00edsica de neutrinos. Miembro de la Colaboraci\u00f3n SuperCDMS.<\/p>\n\n\n\n<div style=\"height:40px\" aria-hidden=\"true\" class=\"wp-block-spacer\"><\/div>\n<\/div>\n\n\n\n<div class=\"wp-block-column is-layout-flow wp-block-column-is-layout-flow\"><div class=\"wp-block-image is-style-rounded\">\n<figure class=\"aligncenter size-large\"><img loading=\"lazy\" decoding=\"async\" width=\"1024\" height=\"1022\" src=\"https:\/\/projects.ift.uam-csic.es\/outreach_new\/wp-content\/uploads\/2024\/03\/IMG_0364-edited-1024x1022.jpg\" alt=\"\" class=\"wp-image-651\" srcset=\"https:\/\/projects.ift.uam-csic.es\/outreach_new\/wp-content\/uploads\/2024\/03\/IMG_0364-edited-1024x1022.jpg 1024w, https:\/\/projects.ift.uam-csic.es\/outreach_new\/wp-content\/uploads\/2024\/03\/IMG_0364-edited-300x300.jpg 300w, https:\/\/projects.ift.uam-csic.es\/outreach_new\/wp-content\/uploads\/2024\/03\/IMG_0364-edited-150x150.jpg 150w, https:\/\/projects.ift.uam-csic.es\/outreach_new\/wp-content\/uploads\/2024\/03\/IMG_0364-edited-768x767.jpg 768w, https:\/\/projects.ift.uam-csic.es\/outreach_new\/wp-content\/uploads\/2024\/03\/IMG_0364-edited-1536x1533.jpg 1536w, https:\/\/projects.ift.uam-csic.es\/outreach_new\/wp-content\/uploads\/2024\/03\/IMG_0364-edited-2048x2044.jpg 2048w\" sizes=\"auto, (max-width: 1024px) 100vw, 1024px\" \/><\/figure><\/div>\n\n\n<div style=\"height:24px\" aria-hidden=\"true\" class=\"wp-block-spacer\"><\/div>\n\n\n\n<h3 class=\"has-text-align-center has-neve-text-color-color has-text-color wp-block-heading\">Xabier Marcano<\/h3>\n\n\n\n<p class=\"has-text-align-center has-neve-text-color-color has-text-color\">Investigador en el IFT. Su campo de investigaci\u00f3n es la fenomenolog\u00eda de part\u00edculas elementales, la f\u00edsica de neutrinos y la materia oscura.<\/p>\n\n\n\n<div style=\"height:40px\" aria-hidden=\"true\" class=\"wp-block-spacer\"><\/div>\n<\/div>\n<\/div>\n\n\n\n<div style=\"height:42px\" aria-hidden=\"true\" class=\"wp-block-spacer\"><\/div>\n\n\n\n<div class=\"wp-block-columns is-layout-flex wp-container-core-columns-is-layout-9d6595d7 wp-block-columns-is-layout-flex\">\n<div class=\"wp-block-column is-vertically-aligned-center is-layout-flow wp-block-column-is-layout-flow\"><div class=\"wp-block-image is-style-rounded\">\n<figure class=\"aligncenter size-large\"><img loading=\"lazy\" decoding=\"async\" width=\"1024\" height=\"1024\" src=\"https:\/\/projects.ift.uam-csic.es\/outreach_new\/wp-content\/uploads\/2024\/03\/laura-1-edited-1024x1024.jpg\" alt=\"\" class=\"wp-image-572\" srcset=\"https:\/\/projects.ift.uam-csic.es\/outreach_new\/wp-content\/uploads\/2024\/03\/laura-1-edited-1024x1024.jpg 1024w, https:\/\/projects.ift.uam-csic.es\/outreach_new\/wp-content\/uploads\/2024\/03\/laura-1-edited-300x300.jpg 300w, https:\/\/projects.ift.uam-csic.es\/outreach_new\/wp-content\/uploads\/2024\/03\/laura-1-edited-150x150.jpg 150w, https:\/\/projects.ift.uam-csic.es\/outreach_new\/wp-content\/uploads\/2024\/03\/laura-1-edited-768x768.jpg 768w, https:\/\/projects.ift.uam-csic.es\/outreach_new\/wp-content\/uploads\/2024\/03\/laura-1-edited.jpg 1080w\" sizes=\"auto, (max-width: 1024px) 100vw, 1024px\" \/><\/figure><\/div>\n\n\n<div style=\"height:24px\" aria-hidden=\"true\" class=\"wp-block-spacer\"><\/div>\n\n\n\n<h3 class=\"has-text-align-center has-neve-text-color-color has-text-color wp-block-heading\">Laura Marcos<\/h3>\n\n\n\n<p class=\"has-text-align-center has-neve-text-color-color has-text-color\">Periodista especializada en comunicaci\u00f3n cient\u00edfica, responsable de Comunicaci\u00f3n y Divulgaci\u00f3n del Instituto de F\u00edsica Te\u00f3rica. Contribuye a hacer m\u00e1s comprensibles los conceptos fundamentales de la f\u00edsica a trav\u00e9s de contenidos digitales y audiovisuales. <\/p>\n\n\n\n<div style=\"height:40px\" aria-hidden=\"true\" class=\"wp-block-spacer\"><\/div>\n<\/div>\n\n\n\n<div class=\"wp-block-column is-layout-flow wp-block-column-is-layout-flow\"><div class=\"wp-block-image is-style-rounded\">\n<figure class=\"aligncenter size-large\"><img loading=\"lazy\" decoding=\"async\" width=\"2560\" height=\"2557\" src=\"https:\/\/projects.ift.uam-csic.es\/outreach_new\/wp-content\/uploads\/2024\/03\/IMG_0595-edited-3-scaled.jpg\" alt=\"\" class=\"wp-image-550\" srcset=\"https:\/\/projects.ift.uam-csic.es\/outreach_new\/wp-content\/uploads\/2024\/03\/IMG_0595-edited-3-scaled.jpg 2560w, https:\/\/projects.ift.uam-csic.es\/outreach_new\/wp-content\/uploads\/2024\/03\/IMG_0595-edited-3-300x300.jpg 300w, https:\/\/projects.ift.uam-csic.es\/outreach_new\/wp-content\/uploads\/2024\/03\/IMG_0595-edited-3-1024x1024.jpg 1024w, https:\/\/projects.ift.uam-csic.es\/outreach_new\/wp-content\/uploads\/2024\/03\/IMG_0595-edited-3-150x150.jpg 150w, https:\/\/projects.ift.uam-csic.es\/outreach_new\/wp-content\/uploads\/2024\/03\/IMG_0595-edited-3-768x767.jpg 768w, https:\/\/projects.ift.uam-csic.es\/outreach_new\/wp-content\/uploads\/2024\/03\/IMG_0595-edited-3-1536x1534.jpg 1536w, https:\/\/projects.ift.uam-csic.es\/outreach_new\/wp-content\/uploads\/2024\/03\/IMG_0595-edited-3-2048x2045.jpg 2048w\" sizes=\"auto, (max-width: 2560px) 100vw, 2560px\" \/><\/figure><\/div>\n\n\n<div style=\"height:24px\" aria-hidden=\"true\" class=\"wp-block-spacer\"><\/div>\n\n\n\n<h3 class=\"has-text-align-center has-neve-text-color-color has-text-color wp-block-heading\">Carlos Pena<\/h3>\n\n\n\n<p class=\"has-text-align-center has-neve-text-color-color has-text-color\">Profesor titular en la UAM. Su investigaci\u00f3n se centra en el estudio de las interacciones fuertes utilizando las t\u00e9cnicas de teor\u00edas de campos cu\u00e1nticos en el ret\u00edculo.<\/p>\n\n\n\n<div style=\"height:40px\" aria-hidden=\"true\" class=\"wp-block-spacer\"><\/div>\n<\/div>\n\n\n\n<div class=\"wp-block-column is-layout-flow wp-block-column-is-layout-flow\"><div class=\"wp-block-image is-style-rounded\">\n<figure class=\"aligncenter size-large\"><img loading=\"lazy\" decoding=\"async\" width=\"2560\" height=\"2557\" src=\"https:\/\/projects.ift.uam-csic.es\/outreach_new\/wp-content\/uploads\/2024\/03\/IMG_9975-1-edited-scaled.jpg\" alt=\"\" class=\"wp-image-552\" srcset=\"https:\/\/projects.ift.uam-csic.es\/outreach_new\/wp-content\/uploads\/2024\/03\/IMG_9975-1-edited-scaled.jpg 2560w, https:\/\/projects.ift.uam-csic.es\/outreach_new\/wp-content\/uploads\/2024\/03\/IMG_9975-1-edited-300x300.jpg 300w, https:\/\/projects.ift.uam-csic.es\/outreach_new\/wp-content\/uploads\/2024\/03\/IMG_9975-1-edited-1024x1024.jpg 1024w, https:\/\/projects.ift.uam-csic.es\/outreach_new\/wp-content\/uploads\/2024\/03\/IMG_9975-1-edited-150x150.jpg 150w, https:\/\/projects.ift.uam-csic.es\/outreach_new\/wp-content\/uploads\/2024\/03\/IMG_9975-1-edited-768x767.jpg 768w, https:\/\/projects.ift.uam-csic.es\/outreach_new\/wp-content\/uploads\/2024\/03\/IMG_9975-1-edited-1536x1534.jpg 1536w, https:\/\/projects.ift.uam-csic.es\/outreach_new\/wp-content\/uploads\/2024\/03\/IMG_9975-1-edited-2048x2046.jpg 2048w\" sizes=\"auto, (max-width: 2560px) 100vw, 2560px\" \/><\/figure><\/div>\n\n\n<div style=\"height:24px\" aria-hidden=\"true\" class=\"wp-block-spacer\"><\/div>\n\n\n\n<h3 class=\"has-text-align-center has-neve-text-color-color has-text-color wp-block-heading\">Mar\u00eda Jos\u00e9 Rodr\u00edguez<\/h3>\n\n\n\n<p class=\"has-text-align-center has-neve-text-color-color has-text-color\">Cient\u00edfica titular en el CSIC. Su campo de investigaci\u00f3n se centra en la gravedad y la f\u00edsica de agujeros negros.<\/p>\n\n\n\n<div style=\"height:40px\" aria-hidden=\"true\" class=\"wp-block-spacer\"><\/div>\n<\/div>\n<\/div>\n\n\n\n<div style=\"height:42px\" aria-hidden=\"true\" class=\"wp-block-spacer\"><\/div>\n\n\n\n<div class=\"wp-block-columns is-layout-flex wp-container-core-columns-is-layout-9d6595d7 wp-block-columns-is-layout-flex\">\n<div class=\"wp-block-column is-layout-flow wp-block-column-is-layout-flow\"><div class=\"wp-block-image is-style-rounded\">\n<figure class=\"aligncenter size-large\"><img loading=\"lazy\" decoding=\"async\" width=\"2560\" height=\"2557\" src=\"https:\/\/projects.ift.uam-csic.es\/outreach_new\/wp-content\/uploads\/2024\/03\/IMG_9760-edited-scaled.jpg\" alt=\"\" class=\"wp-image-554\" srcset=\"https:\/\/projects.ift.uam-csic.es\/outreach_new\/wp-content\/uploads\/2024\/03\/IMG_9760-edited-scaled.jpg 2560w, https:\/\/projects.ift.uam-csic.es\/outreach_new\/wp-content\/uploads\/2024\/03\/IMG_9760-edited-300x300.jpg 300w, https:\/\/projects.ift.uam-csic.es\/outreach_new\/wp-content\/uploads\/2024\/03\/IMG_9760-edited-1024x1024.jpg 1024w, https:\/\/projects.ift.uam-csic.es\/outreach_new\/wp-content\/uploads\/2024\/03\/IMG_9760-edited-150x150.jpg 150w, https:\/\/projects.ift.uam-csic.es\/outreach_new\/wp-content\/uploads\/2024\/03\/IMG_9760-edited-768x767.jpg 768w, https:\/\/projects.ift.uam-csic.es\/outreach_new\/wp-content\/uploads\/2024\/03\/IMG_9760-edited-1536x1534.jpg 1536w, https:\/\/projects.ift.uam-csic.es\/outreach_new\/wp-content\/uploads\/2024\/03\/IMG_9760-edited-2048x2045.jpg 2048w\" sizes=\"auto, (max-width: 2560px) 100vw, 2560px\" \/><\/figure><\/div>\n\n\n<div style=\"height:24px\" aria-hidden=\"true\" class=\"wp-block-spacer\"><\/div>\n\n\n\n<h3 class=\"has-text-align-center has-neve-text-color-color has-text-color wp-block-heading\">Germ\u00e1n Sierra<\/h3>\n\n\n\n<p class=\"has-text-align-center has-neve-text-color-color has-text-color\">Profesor de Investigaci\u00f3n en el CSIC. Su investigaci\u00f3n se centra en la f\u00edsica te\u00f3rica de la materia condensada, la informaci\u00f3n cu\u00e1ntica, y la f\u00edsica matem\u00e1tica.<\/p>\n\n\n\n<div style=\"height:40px\" aria-hidden=\"true\" class=\"wp-block-spacer\"><\/div>\n<\/div>\n\n\n\n<div class=\"wp-block-column is-layout-flow wp-block-column-is-layout-flow\"><div class=\"wp-block-image is-style-rounded\">\n<figure class=\"aligncenter size-large\"><img loading=\"lazy\" decoding=\"async\" width=\"1080\" height=\"1080\" src=\"https:\/\/projects.ift.uam-csic.es\/outreach_new\/wp-content\/uploads\/2024\/03\/ANGEL-edited.jpg\" alt=\"\" class=\"wp-image-557\" srcset=\"https:\/\/projects.ift.uam-csic.es\/outreach_new\/wp-content\/uploads\/2024\/03\/ANGEL-edited.jpg 1080w, https:\/\/projects.ift.uam-csic.es\/outreach_new\/wp-content\/uploads\/2024\/03\/ANGEL-edited-300x300.jpg 300w, https:\/\/projects.ift.uam-csic.es\/outreach_new\/wp-content\/uploads\/2024\/03\/ANGEL-edited-1024x1024.jpg 1024w, https:\/\/projects.ift.uam-csic.es\/outreach_new\/wp-content\/uploads\/2024\/03\/ANGEL-edited-150x150.jpg 150w, https:\/\/projects.ift.uam-csic.es\/outreach_new\/wp-content\/uploads\/2024\/03\/ANGEL-edited-768x768.jpg 768w\" sizes=\"auto, (max-width: 1080px) 100vw, 1080px\" \/><\/figure><\/div>\n\n\n<div style=\"height:24px\" aria-hidden=\"true\" class=\"wp-block-spacer\"><\/div>\n\n\n\n<h3 class=\"has-text-align-center has-neve-text-color-color has-text-color wp-block-heading\">\u00c1ngel Uranga<\/h3>\n\n\n\n<p class=\"has-text-align-center has-neve-text-color-color has-text-color\">Profesor de Investigaci\u00f3n en el CSIC. Su campo de investigaci\u00f3n se centra en las teor\u00edas de campos supersim\u00e9tricas y la teor\u00eda de cuerdas.<\/p>\n\n\n\n<div style=\"height:40px\" aria-hidden=\"true\" class=\"wp-block-spacer\"><\/div>\n<\/div>\n\n\n\n<div class=\"wp-block-column is-layout-flow wp-block-column-is-layout-flow\">\n<div style=\"height:24px\" aria-hidden=\"true\" class=\"wp-block-spacer\"><\/div>\n\n\n\n<div style=\"height:40px\" aria-hidden=\"true\" class=\"wp-block-spacer\"><\/div>\n<\/div>\n<\/div>\n\n\n\n<div style=\"height:40px\" aria-hidden=\"true\" class=\"wp-block-spacer\"><\/div>\n<\/div><\/div>\n\n\n\n<hr class=\"wp-block-separator has-alpha-channel-opacity\"\/>\n<\/div><\/div>\n","protected":false},"excerpt":{"rendered":"","protected":false},"author":1,"featured_media":0,"parent":0,"menu_order":0,"comment_status":"closed","ping_status":"closed","template":"","meta":{"neve_meta_sidebar":"default","neve_meta_container":"default","neve_meta_enable_content_width":"on","neve_meta_content_width":100,"neve_meta_title_alignment":"","neve_meta_author_avatar":"","neve_post_elements_order":"","neve_meta_disable_header":"","neve_meta_disable_footer":"","neve_meta_disable_title":"on","_themeisle_gutenberg_block_has_review":false,"footnotes":""},"class_list":["post-380","page","type-page","status-publish","hentry"],"_links":{"self":[{"href":"https:\/\/projects.ift.uam-csic.es\/outreach_new\/wp-json\/wp\/v2\/pages\/380","targetHints":{"allow":["GET"]}}],"collection":[{"href":"https:\/\/projects.ift.uam-csic.es\/outreach_new\/wp-json\/wp\/v2\/pages"}],"about":[{"href":"https:\/\/projects.ift.uam-csic.es\/outreach_new\/wp-json\/wp\/v2\/types\/page"}],"author":[{"embeddable":true,"href":"https:\/\/projects.ift.uam-csic.es\/outreach_new\/wp-json\/wp\/v2\/users\/1"}],"replies":[{"embeddable":true,"href":"https:\/\/projects.ift.uam-csic.es\/outreach_new\/wp-json\/wp\/v2\/comments?post=380"}],"version-history":[{"count":28,"href":"https:\/\/projects.ift.uam-csic.es\/outreach_new\/wp-json\/wp\/v2\/pages\/380\/revisions"}],"predecessor-version":[{"id":1987,"href":"https:\/\/projects.ift.uam-csic.es\/outreach_new\/wp-json\/wp\/v2\/pages\/380\/revisions\/1987"}],"wp:attachment":[{"href":"https:\/\/projects.ift.uam-csic.es\/outreach_new\/wp-json\/wp\/v2\/media?parent=380"}],"curies":[{"name":"wp","href":"https:\/\/api.w.org\/{rel}","templated":true}]}}