{"id":17,"date":"2022-11-23T11:20:01","date_gmt":"2022-11-23T11:20:01","guid":{"rendered":"https:\/\/awplife.com\/demo\/formula-dark\/?page_id=17"},"modified":"2024-01-10T08:44:38","modified_gmt":"2024-01-10T08:44:38","slug":"funding","status":"publish","type":"page","link":"https:\/\/projects.ift.uam-csic.es\/multidark_new\/funding\/","title":{"rendered":"Funding"},"content":{"rendered":"\n<p>The MultiDark Research Network is funded by the Spanish Research State Agency (AEI) of the Ministry of Science and Innovation, under the grant RED2022-134411-T. MultiDark also acknowledges the Universidad Aut\u00f3noma de Madrid (UAM) and the Instituto de F\u00edsica Te\u00f3rica (IFT).<\/p>\n\n\n\n<div class=\"wp-block-group is-nowrap is-layout-flex wp-container-core-group-is-layout-ad2f72ca wp-block-group-is-layout-flex\">\n<figure class=\"wp-block-image size-large is-resized\"><img decoding=\"async\" width=\"1024\" height=\"260\" src=\"https:\/\/projects.ift.uam-csic.es\/multidark_new\/wp-content\/uploads\/2023\/12\/Logotipo_del_Ministerio_de_Ciencia_e_Innovacion-1024x260.png\" alt=\"\" class=\"wp-image-286\" style=\"width:451px;height:auto\" srcset=\"https:\/\/projects.ift.uam-csic.es\/multidark_new\/wp-content\/uploads\/2023\/12\/Logotipo_del_Ministerio_de_Ciencia_e_Innovacion-1024x260.png 1024w, https:\/\/projects.ift.uam-csic.es\/multidark_new\/wp-content\/uploads\/2023\/12\/Logotipo_del_Ministerio_de_Ciencia_e_Innovacion-300x76.png 300w, https:\/\/projects.ift.uam-csic.es\/multidark_new\/wp-content\/uploads\/2023\/12\/Logotipo_del_Ministerio_de_Ciencia_e_Innovacion-768x195.png 768w, https:\/\/projects.ift.uam-csic.es\/multidark_new\/wp-content\/uploads\/2023\/12\/Logotipo_del_Ministerio_de_Ciencia_e_Innovacion-1536x390.png 1536w, https:\/\/projects.ift.uam-csic.es\/multidark_new\/wp-content\/uploads\/2023\/12\/Logotipo_del_Ministerio_de_Ciencia_e_Innovacion-2048x520.png 2048w\" sizes=\"(max-width: 1024px) 100vw, 1024px\" \/><\/figure>\n\n\n\n<figure class=\"wp-block-image size-full is-resized\"><img decoding=\"async\" width=\"312\" height=\"162\" src=\"https:\/\/projects.ift.uam-csic.es\/multidark_new\/wp-content\/uploads\/2023\/12\/aei.png\" alt=\"\" class=\"wp-image-293\" style=\"width:216px;height:auto\" srcset=\"https:\/\/projects.ift.uam-csic.es\/multidark_new\/wp-content\/uploads\/2023\/12\/aei.png 312w, https:\/\/projects.ift.uam-csic.es\/multidark_new\/wp-content\/uploads\/2023\/12\/aei-300x156.png 300w\" sizes=\"(max-width: 312px) 100vw, 312px\" \/><\/figure>\n\n\n\n<figure class=\"wp-block-image size-full is-resized\"><img decoding=\"async\" width=\"420\" height=\"163\" src=\"https:\/\/projects.ift.uam-csic.es\/multidark_new\/wp-content\/uploads\/2023\/12\/logo_uam.png\" alt=\"\" class=\"wp-image-283\" style=\"width:281px;height:auto\" srcset=\"https:\/\/projects.ift.uam-csic.es\/multidark_new\/wp-content\/uploads\/2023\/12\/logo_uam.png 420w, https:\/\/projects.ift.uam-csic.es\/multidark_new\/wp-content\/uploads\/2023\/12\/logo_uam-300x116.png 300w\" sizes=\"(max-width: 420px) 100vw, 420px\" \/><\/figure>\n\n\n\n<figure class=\"wp-block-image size-full is-resized\"><img decoding=\"async\" width=\"300\" height=\"122\" src=\"https:\/\/projects.ift.uam-csic.es\/multidark_new\/wp-content\/uploads\/2023\/12\/LOGO_IFT.png\" alt=\"\" class=\"wp-image-282\" style=\"width:266px;height:auto\"\/><\/figure>\n<\/div>\n","protected":false},"excerpt":{"rendered":"<p>The MultiDark Research Network is funded by the Spanish Research State Agency (AEI) of the Ministry of Science and Innovation, under the grant RED2022-134411-T. MultiDark also acknowledges the Universidad Aut\u00f3noma de Madrid (UAM) and the Instituto de F\u00edsica Te\u00f3rica (IFT).<\/p>\n","protected":false},"author":1,"featured_media":0,"parent":0,"menu_order":0,"comment_status":"closed","ping_status":"closed","template":"","meta":{"_monsterinsights_skip_tracking":false,"_monsterinsights_sitenote_active":false,"_monsterinsights_sitenote_note":"","_monsterinsights_sitenote_category":0,"neve_meta_sidebar":"","neve_meta_container":"","neve_meta_enable_content_width":"","neve_meta_content_width":0,"neve_meta_title_alignment":"","neve_meta_author_avatar":"","neve_post_elements_order":"","neve_meta_disable_header":"","neve_meta_disable_footer":"","neve_meta_disable_title":"","footnotes":""},"class_list":["post-17","page","type-page","status-publish","hentry"],"aioseo_notices":[],"_links":{"self":[{"href":"https:\/\/projects.ift.uam-csic.es\/multidark_new\/wp-json\/wp\/v2\/pages\/17","targetHints":{"allow":["GET"]}}],"collection":[{"href":"https:\/\/projects.ift.uam-csic.es\/multidark_new\/wp-json\/wp\/v2\/pages"}],"about":[{"href":"https:\/\/projects.ift.uam-csic.es\/multidark_new\/wp-json\/wp\/v2\/types\/page"}],"author":[{"embeddable":true,"href":"https:\/\/projects.ift.uam-csic.es\/multidark_new\/wp-json\/wp\/v2\/users\/1"}],"replies":[{"embeddable":true,"href":"https:\/\/projects.ift.uam-csic.es\/multidark_new\/wp-json\/wp\/v2\/comments?post=17"}],"version-history":[{"count":4,"href":"https:\/\/projects.ift.uam-csic.es\/multidark_new\/wp-json\/wp\/v2\/pages\/17\/revisions"}],"predecessor-version":[{"id":350,"href":"https:\/\/projects.ift.uam-csic.es\/multidark_new\/wp-json\/wp\/v2\/pages\/17\/revisions\/350"}],"wp:attachment":[{"href":"https:\/\/projects.ift.uam-csic.es\/multidark_new\/wp-json\/wp\/v2\/media?parent=17"}],"curies":[{"name":"wp","href":"https:\/\/api.w.org\/{rel}","templated":true}]}}