{"id":57,"date":"2021-01-27T11:35:26","date_gmt":"2021-01-27T11:35:26","guid":{"rendered":"https:\/\/projects.ift.uam-csic.es\/ift-hpc\/?page_id=57"},"modified":"2025-10-03T10:00:42","modified_gmt":"2025-10-03T10:00:42","slug":"home","status":"publish","type":"page","link":"https:\/\/projects.ift.uam-csic.es\/master\/","title":{"rendered":"Home"},"content":{"rendered":"\n<h1 class=\"wp-block-heading\">Master in Theoretical Physics<\/h1>\n\n\n<div class=\"wp-block-image\">\n<figure class=\"aligncenter size-large\"><img fetchpriority=\"high\" decoding=\"async\" width=\"1024\" height=\"576\" src=\"https:\/\/projects.ift.uam-csic.es\/master\/wp-content\/uploads\/2025\/08\/LogoMUFT-1024x576.png\" alt=\"\" class=\"wp-image-1348\" srcset=\"https:\/\/projects.ift.uam-csic.es\/master\/wp-content\/uploads\/2025\/08\/LogoMUFT-1024x576.png 1024w, https:\/\/projects.ift.uam-csic.es\/master\/wp-content\/uploads\/2025\/08\/LogoMUFT-300x169.png 300w, https:\/\/projects.ift.uam-csic.es\/master\/wp-content\/uploads\/2025\/08\/LogoMUFT-768x432.png 768w, https:\/\/projects.ift.uam-csic.es\/master\/wp-content\/uploads\/2025\/08\/LogoMUFT-1536x864.png 1536w, https:\/\/projects.ift.uam-csic.es\/master\/wp-content\/uploads\/2025\/08\/LogoMUFT-2048x1152.png 2048w, https:\/\/projects.ift.uam-csic.es\/master\/wp-content\/uploads\/2025\/08\/LogoMUFT-1200x675.png 1200w\" sizes=\"(max-width: 709px) 85vw, (max-width: 909px) 67vw, (max-width: 1362px) 62vw, 840px\" \/><\/figure>\n<\/div>\n\n\n<h2 class=\"wp-block-heading has-text-align-center has-text-color has-link-color wp-elements-db5a7277c6b4b8a8e67f791bbb7a9a10\" style=\"color:#7a1fe7\">Discover the secrets of the universe from its most fundamental laws.<\/h2>\n\n\n\n<p>The Master in Theoretical Physics at Universidad Aut\u00f3noma de Madrid (UAM) is your gateway to the forefront of knowledge, an advanced program that combines a rigorous foundation with the opportunity to specialize in some of the most exciting fields of modern physics: elementary particles, cosmology, astrophysics, gravitation, and quantum field theory.<\/p>\n\n\n\n<p>Designed and taught by internationally renowned faculty from both the <a href=\"https:\/\/www.uam.es\/ciencias\/facultad\/departamentos\/fisica-teorica\">Department of Theoretical Physics<\/a> (DFT) at UAM and the<a href=\"https:\/\/www.ift.uam-csic.es\/en\/\"> Institute for Theoretical Physics<\/a> (IFT UAM\u2013CSIC), this Master\u2019s program places you at the heart of cutting-edge research. From day one, you will work alongside research groups engaged in international projects, making use of state of the art scientific technologies and methodologies.<\/p>\n\n\n\n<!-- Bot\u00f3n p\u00e1gina oficial del m\u00e1ster -->\n<div style=\"text-align:center; margin:1.5rem 0;\">\n  <a href=\"https:\/\/www.uam.es\/uam\/master-universitario-fisica-teorica\" \n     target=\"_blank\" \n     rel=\"noopener noreferrer\"\n     style=\"\n       display:inline-block;\n       background-color:#e6b319;\n       color:#1f2937;\n       font-family:Roboto, Arial, sans-serif;\n       font-weight:600;\n       text-decoration:none;\n       padding:0.8rem 1.5rem;\n       border-radius:12px;\n       box-shadow:0 4px 6px rgba(0,0,0,0.1);\n       transition:background-color 0.2s ease;\n     \"\n     onmouseover=\"this.style.backgroundColor='#d4a114'\"\n     onmouseout=\"this.style.backgroundColor='#e6b319'\">\n     UAM Master\u2019s Website\n  <\/a>\n<\/div>\n\n\n\n<h3 class=\"wp-block-heading has-text-align-center has-text-color has-link-color wp-elements-1683fc05497a93f2400ed4b173bba85a\" style=\"color:#7a1fe7\">The Master in Theoretical Physics: Two Paths, Infinite Possibilities<\/h3>\n\n\n\n<p>The  Master in Theoretical Physics at UAM is a 1 year Programme with 60 ECTS, divided into 2 specialities:<\/p>\n\n\n\n<div style=\"max-width:1200px; margin:0 auto; font-family:system-ui,Roboto,Arial,sans-serif;\">\n  <div style=\"display:grid; grid-template-columns:1fr 1fr; gap:32px; align-items:stretch;\">\n\n    <!-- Tarjeta 1 -->\n    <a href=\"https:\/\/projects.ift.uam-csic.es\/master\/%e2%9a%99%ef%b8%8e%e2%88%b4-particles-and-cosmology-%e2%88%b4%e2%9a%99%ef%b8%8e\/\" \n       style=\"text-decoration:none; color:inherit; display:block; height:100%;\">\n      <div style=\"background:#fff; border-radius:16px; overflow:hidden; \n                  box-shadow:0 8px 24px rgba(0,0,0,.15); transition:transform .3s, box-shadow .3s; \n                  height:100%; display:flex; flex-direction:column;\"\n           onmouseover=\"this.style.transform='translateY(-8px)'; this.style.boxShadow='0 14px 28px rgba(0,0,0,.25)';\" \n           onmouseout=\"this.style.transform='translateY(0)'; this.style.boxShadow='0 8px 24px rgba(0,0,0,.15)';\">\n        \n        <!-- T\u00edtulo con relieve -->\n        <h3 style=\"padding:14px; font-size:16px; font-weight:700; color:#004a87; text-align:center; margin:0;\n                   background:#f3f4f6; box-shadow:inset 0 -4px 8px rgba(0,0,0,.15);\">\n          Elementary Particles and Cosmology\n        <\/h3>\n        \n        <!-- Imagen m\u00e1s larga -->\n        <div style=\"flex:1;\">\n          <img decoding=\"async\" src=\"https:\/\/projects.ift.uam-csic.es\/master\/wp-content\/uploads\/2025\/09\/PEC.jpg\" \n               alt=\"Elementary Particles and Cosmology\" \n               style=\"width:100%; height:340px; object-fit:cover; display:block;\">\n        <\/div>\n      <\/div>\n    <\/a>\n\n    <!-- Tarjeta 2 -->\n    <a href=\"https:\/\/projects.ift.uam-csic.es\/master\/%e2%9c%a6-astrophysics-and-cosmology-%e2%9c%a6\/\" \n       style=\"text-decoration:none; color:inherit; display:block; height:100%;\">\n      <div style=\"background:#fff; border-radius:16px; overflow:hidden; \n                  box-shadow:0 8px 24px rgba(0,0,0,.15); transition:transform .3s, box-shadow .3s; \n                  height:100%; display:flex; flex-direction:column;\"\n           onmouseover=\"this.style.transform='translateY(-8px)'; this.style.boxShadow='0 14px 28px rgba(0,0,0,.25)';\" \n           onmouseout=\"this.style.transform='translateY(0)'; this.style.boxShadow='0 8px 24px rgba(0,0,0,.15)';\">\n        \n        <!-- T\u00edtulo con relieve -->\n        <h3 style=\"padding:17px; font-size:16px; font-weight:700; color:#004a87; text-align:center; margin:0;\n                   background:#f3f4f6; box-shadow:inset 0 -4px 8px rgba(0,0,0,.15);\">\n          Astrophysics and Physics of the Cosmos\n        <\/h3>\n        \n        <!-- Imagen ajustada a la misma altura -->\n        <div style=\"flex:1;\">\n          <img decoding=\"async\" src=\"https:\/\/projects.ift.uam-csic.es\/master\/wp-content\/uploads\/2025\/09\/Cosmology-695x553-1.jpg\" \n               alt=\"Astrophysics and Physics of the Cosmos\" \n               style=\"width:100%; height:340px; object-fit:cover; display:block;\">\n        <\/div>\n      <\/div>\n    <\/a>\n\n  <\/div>\n<\/div>\n\n\n\n<p><br>Both tracks, Elementary Particles and Cosmology (PEC) and Astrophysics and Physics of the Cosmos (AFC) share a solid common core and the goal of preparing you either for a PhD or a highly qualified professional career, tailored to your interests and ambitions.<\/p>\n\n\n\n<h3 class=\"wp-block-heading has-text-align-center has-text-color has-link-color wp-elements-9cc26caced0c3b0657ff82759e9e4ceb\" style=\"color:#7a1fe7\"><strong>What makes this master\u2019s unique<\/strong>?<\/h3>\n\n\n\n<div class=\"wp-block-group is-nowrap is-layout-flex wp-container-core-group-is-layout-ad2f72ca wp-block-group-is-layout-flex\">\n<ul class=\"wp-block-list\">\n<li><strong>Recognized academic excellence:<\/strong> demanding and up to date training in a nationally and internationally recognized research environment.<\/li>\n\n\n\n<li><strong>International atmosphere:<\/strong> courses fully taught in English, with students and faculty from all over the world.<\/li>\n\n\n\n<li><strong>Professional versatility:<\/strong> access to careers in research, aerospace industry, data analysis, scientific software development, consulting, or science communication.<\/li>\n\n\n\n<li><strong>Strategic location:<\/strong> based on the Cantoblanco campus, with direct links to organizations such as CSIC, ESA, CERN, CAB, amongst other.<\/li>\n<\/ul>\n<\/div>\n\n\n\n<div class=\"wp-block-group is-nowrap is-layout-flex wp-container-core-group-is-layout-ad2f72ca wp-block-group-is-layout-flex\">\n<p>With 35 annual places available (20 in PEC and 15 in AFC) and a duration of one academic year (60 ECTS), this master\u2019s offers you the opportunity to train in a stimulating and high-level environment where physics stops being just theory and becomes your future profession.<\/p>\n<\/div>\n\n\n\n<h3 class=\"wp-block-heading has-text-align-center has-text-color has-link-color wp-elements-010077aad0adcc1e9845d7449571e8e7\" style=\"color:#7a1fe7\">Embark on the Frontier of Knowledge<\/h3>\n\n\n\n<div style=\"position:relative; width:100%; max-width:1200px; margin:0 auto; border-radius:16px; overflow:hidden; box-shadow:0 8px 24px rgba(0,0,0,.18); background:#000;\">\n\n  <!-- Imagen -->\n  <img decoding=\"async\" src=\"https:\/\/projects.ift.uam-csic.es\/master\/wp-content\/uploads\/2025\/09\/ChatGPT-Image-3-sept-2025-17_23_55.png\"\n       alt=\"Students studying on campus\"\n       style=\"display:block; width:100%; height:auto;\">\n\n  <!-- Caja de texto arriba, m\u00e1s ancha -->\n  <div style=\"\n       position:absolute; \n       top:20px; left:50%; \n       transform:translateX(-50%);\n       background:rgba(0,0,0,0.55); \n       color:#fff;\n       padding:24px 32px; \n       border-radius:12px;\n       width:95%; \n       text-align:center;\n       font-family:system-ui,Roboto,sans-serif;\">\n       \n    <div style=\"font-weight:800; font-size:clamp(25px,3.5vw,39px); line-height:1.3; margin-bottom:12px;\">\n      Join the elite explorers of the unknown and become part of the next generation transforming our understanding of the universe.\n    <\/div>\n    <div style=\"font-size:clamp(20px,2.3vw,25px); line-height:1.45;\">\n      Your scientific journey begins here, at the UAM Master\u2019s in Theoretical Physics. <strong>Dare to go beyond.<\/strong>\n    <\/div>\n  <\/div>\n<\/div>\n\n\n\n<p><\/p>\n\n\n\n<div style=\"display:flex; flex-wrap:wrap; gap:24px; justify-content:center; max-width:1200px; margin:0 auto;\">\n\n  <!-- Tarjeta 1 -->\n  <div style=\"flex:1 1 360px; background:#f9fafb; border-radius:16px; box-shadow:0 6px 14px rgba(0,0,0,.08); padding:28px; text-align:center; font-family:system-ui,Roboto,sans-serif;\">\n    <h3 style=\"color:#004a87; font-size:clamp(10px,2.5vw,28px); font-weight:700; margin-bottom:24px;\">\n      Academic Program 25\/26\n    <\/h3>\n    <a href=\"https:\/\/projects.ift.uam-csic.es\/master\/wp-content\/uploads\/2025\/08\/FisicaTeorica.25_26concomplementosdeformacion.pdf\" \n       target=\"_blank\" \n       rel=\"noopener noreferrer\"\n       style=\"\n         display:inline-block;\n         background-color:#4a7729;\n         color:#fff;\n         font-weight:600;\n         text-decoration:none;\n         padding:0.8rem 1.6rem;\n         border-radius:12px;\n         transition:all 0.25s ease;\n         box-shadow:0 4px 10px rgba(0,0,0,.12);\">\n       Download here\n    <\/a>\n  <\/div>\n\n  <!-- Tarjeta 2 -->\n  <div style=\"flex:1 1 360px; background:#f9fafb; border-radius:16px; box-shadow:0 6px 14px rgba(0,0,0,.08); padding:28px; text-align:center; font-family:system-ui,Roboto,sans-serif;\">\n    <h2 style=\"color:#004a87; font-size:clamp(20px,2.5vw,28px); font-weight:700; margin-bottom:24px;\">\n      Your Journey Starts Here\n    <\/h2>\n    <a href=\"https:\/\/www.uam.es\/uam\/posgrado\/admision\" \n       target=\"_blank\" \n       rel=\"noopener noreferrer\"\n       style=\"\n         display:inline-block;\n         background-color:#4a7729;\n         color:#fff;\n         font-weight:600;\n         text-decoration:none;\n         padding:0.8rem 1.6rem;\n         border-radius:12px;\n         transition:all 0.25s ease;\n         box-shadow:0 4px 10px rgba(0,0,0,.12);\">\n       Admission Process 2026\u20132027\n    <\/a>\n  <\/div>\n\n<\/div>\n\n<!-- Script peque\u00f1o para hover (verde -> dorado) -->\n<script>\n  document.querySelectorAll('a').forEach(btn=>{\n    btn.addEventListener('mouseover',()=>btn.style.backgroundColor='#e6b319');\n    btn.addEventListener('mouseout',()=>btn.style.backgroundColor='#4a7729');\n  });\n<\/script>\n\n\n\n<p><\/p>\n","protected":false},"excerpt":{"rendered":"<p>Master in Theoretical Physics Discover the secrets of the universe from its most fundamental laws. The Master in Theoretical Physics at Universidad Aut\u00f3noma de Madrid (UAM) is your gateway to the forefront of knowledge, an advanced program that combines a rigorous foundation with the opportunity to specialize in some of the most exciting fields of &hellip; <a href=\"https:\/\/projects.ift.uam-csic.es\/master\/\" class=\"more-link\">Continue reading<span class=\"screen-reader-text\"> &#8220;Home&#8221;<\/span><\/a><\/p>\n","protected":false},"author":1,"featured_media":0,"parent":0,"menu_order":0,"comment_status":"closed","ping_status":"closed","template":"","meta":{"footnotes":""},"class_list":["post-57","page","type-page","status-publish","hentry"],"_links":{"self":[{"href":"https:\/\/projects.ift.uam-csic.es\/master\/wp-json\/wp\/v2\/pages\/57","targetHints":{"allow":["GET"]}}],"collection":[{"href":"https:\/\/projects.ift.uam-csic.es\/master\/wp-json\/wp\/v2\/pages"}],"about":[{"href":"https:\/\/projects.ift.uam-csic.es\/master\/wp-json\/wp\/v2\/types\/page"}],"author":[{"embeddable":true,"href":"https:\/\/projects.ift.uam-csic.es\/master\/wp-json\/wp\/v2\/users\/1"}],"replies":[{"embeddable":true,"href":"https:\/\/projects.ift.uam-csic.es\/master\/wp-json\/wp\/v2\/comments?post=57"}],"version-history":[{"count":251,"href":"https:\/\/projects.ift.uam-csic.es\/master\/wp-json\/wp\/v2\/pages\/57\/revisions"}],"predecessor-version":[{"id":1908,"href":"https:\/\/projects.ift.uam-csic.es\/master\/wp-json\/wp\/v2\/pages\/57\/revisions\/1908"}],"wp:attachment":[{"href":"https:\/\/projects.ift.uam-csic.es\/master\/wp-json\/wp\/v2\/media?parent=57"}],"curies":[{"name":"wp","href":"https:\/\/api.w.org\/{rel}","templated":true}]}}