{"id":26,"date":"2021-01-26T21:06:04","date_gmt":"2021-01-26T21:06:04","guid":{"rendered":"https:\/\/projects.ift.uam-csic.es\/ift-hpc\/?page_id=26"},"modified":"2025-10-03T09:48:48","modified_gmt":"2025-10-03T09:48:48","slug":"contact","status":"publish","type":"page","link":"https:\/\/projects.ift.uam-csic.es\/master\/contact\/","title":{"rendered":"Contact Us"},"content":{"rendered":"\t\t<div data-elementor-type=\"wp-page\" data-elementor-id=\"26\" class=\"elementor elementor-26\">\n\t\t\t\t\t\t<section class=\"elementor-section elementor-top-section elementor-element elementor-element-471bcfd elementor-section-boxed elementor-section-height-default elementor-section-height-default\" data-id=\"471bcfd\" data-element_type=\"section\" data-e-type=\"section\">\n\t\t\t\t\t\t<div class=\"elementor-container elementor-column-gap-default\">\n\t\t\t\t\t<div class=\"elementor-column elementor-col-100 elementor-top-column elementor-element elementor-element-32cbbfe\" data-id=\"32cbbfe\" data-element_type=\"column\" data-e-type=\"column\">\n\t\t\t<div class=\"elementor-widget-wrap elementor-element-populated\">\n\t\t\t\t\t\t<div class=\"elementor-element elementor-element-aea8886 elementor-widget elementor-widget-heading\" data-id=\"aea8886\" data-element_type=\"widget\" data-e-type=\"widget\" data-widget_type=\"heading.default\">\n\t\t\t\t<div class=\"elementor-widget-container\">\n\t\t\t\t\t<h2 class=\"elementor-heading-title elementor-size-default\">Master\u2019s Coordination Team<\/h2>\t\t\t\t<\/div>\n\t\t\t\t<\/div>\n\t\t\t\t\t<\/div>\n\t\t<\/div>\n\t\t\t\t\t<\/div>\n\t\t<\/section>\n\t\t\t\t<section class=\"elementor-section elementor-top-section elementor-element elementor-element-9671ba2 elementor-section-boxed elementor-section-height-default elementor-section-height-default\" data-id=\"9671ba2\" data-element_type=\"section\" data-e-type=\"section\">\n\t\t\t\t\t\t<div class=\"elementor-container elementor-column-gap-default\">\n\t\t\t\t\t<div class=\"elementor-column elementor-col-100 elementor-top-column elementor-element elementor-element-74154e3\" data-id=\"74154e3\" data-element_type=\"column\" data-e-type=\"column\">\n\t\t\t<div class=\"elementor-widget-wrap elementor-element-populated\">\n\t\t\t\t\t\t<div class=\"elementor-element elementor-element-e62274c elementor-widget elementor-widget-image\" data-id=\"e62274c\" data-element_type=\"widget\" data-e-type=\"widget\" data-widget_type=\"image.default\">\n\t\t\t\t<div class=\"elementor-widget-container\">\n\t\t\t\t\t\t\t\t\t\t\t\t\t\t\t\t<a href=\"https:\/\/www.uam.es\/ciencias\/fisica-teorica\/ernesto-arganda\">\n\t\t\t\t\t\t\t<img fetchpriority=\"high\" decoding=\"async\" width=\"768\" height=\"432\" src=\"https:\/\/projects.ift.uam-csic.es\/master\/wp-content\/uploads\/2025\/10\/Profesores-y-asignaturas-master-3-768x432.png\" class=\"attachment-medium_large size-medium_large wp-image-1882\" alt=\"\" srcset=\"https:\/\/projects.ift.uam-csic.es\/master\/wp-content\/uploads\/2025\/10\/Profesores-y-asignaturas-master-3-768x432.png 768w, https:\/\/projects.ift.uam-csic.es\/master\/wp-content\/uploads\/2025\/10\/Profesores-y-asignaturas-master-3-300x169.png 300w, https:\/\/projects.ift.uam-csic.es\/master\/wp-content\/uploads\/2025\/10\/Profesores-y-asignaturas-master-3-1024x576.png 1024w, https:\/\/projects.ift.uam-csic.es\/master\/wp-content\/uploads\/2025\/10\/Profesores-y-asignaturas-master-3-1536x864.png 1536w, https:\/\/projects.ift.uam-csic.es\/master\/wp-content\/uploads\/2025\/10\/Profesores-y-asignaturas-master-3-2048x1152.png 2048w, https:\/\/projects.ift.uam-csic.es\/master\/wp-content\/uploads\/2025\/10\/Profesores-y-asignaturas-master-3-1200x675.png 1200w\" sizes=\"(max-width: 768px) 85vw, 768px\" \/>\t\t\t\t\t\t\t\t<\/a>\n\t\t\t\t\t\t\t\t\t\t\t\t\t\t\t<\/div>\n\t\t\t\t<\/div>\n\t\t\t\t\t<\/div>\n\t\t<\/div>\n\t\t\t\t\t<\/div>\n\t\t<\/section>\n\t\t\t\t<section class=\"elementor-section elementor-top-section elementor-element elementor-element-73f83d6 elementor-section-boxed elementor-section-height-default elementor-section-height-default\" data-id=\"73f83d6\" data-element_type=\"section\" data-e-type=\"section\">\n\t\t\t\t\t\t<div class=\"elementor-container elementor-column-gap-default\">\n\t\t\t\t\t<div class=\"elementor-column elementor-col-50 elementor-top-column elementor-element elementor-element-80ee7a4\" data-id=\"80ee7a4\" data-element_type=\"column\" data-e-type=\"column\">\n\t\t\t<div class=\"elementor-widget-wrap elementor-element-populated\">\n\t\t\t\t\t\t<div class=\"elementor-element elementor-element-23992a1 elementor-widget elementor-widget-image\" data-id=\"23992a1\" data-element_type=\"widget\" data-e-type=\"widget\" data-widget_type=\"image.default\">\n\t\t\t\t<div class=\"elementor-widget-container\">\n\t\t\t\t\t\t\t\t\t\t\t\t\t\t\t\t<a href=\"https:\/\/ancuetog.web.cern.ch\/ancuetog\/\">\n\t\t\t\t\t\t\t<img decoding=\"async\" width=\"840\" height=\"473\" src=\"https:\/\/projects.ift.uam-csic.es\/master\/wp-content\/uploads\/2025\/10\/Profesores-y-asignaturas-master-1-1024x576.png\" class=\"attachment-large size-large wp-image-1849\" alt=\"\" srcset=\"https:\/\/projects.ift.uam-csic.es\/master\/wp-content\/uploads\/2025\/10\/Profesores-y-asignaturas-master-1-1024x576.png 1024w, https:\/\/projects.ift.uam-csic.es\/master\/wp-content\/uploads\/2025\/10\/Profesores-y-asignaturas-master-1-300x169.png 300w, https:\/\/projects.ift.uam-csic.es\/master\/wp-content\/uploads\/2025\/10\/Profesores-y-asignaturas-master-1-768x432.png 768w, https:\/\/projects.ift.uam-csic.es\/master\/wp-content\/uploads\/2025\/10\/Profesores-y-asignaturas-master-1-1536x864.png 1536w, https:\/\/projects.ift.uam-csic.es\/master\/wp-content\/uploads\/2025\/10\/Profesores-y-asignaturas-master-1-2048x1152.png 2048w, https:\/\/projects.ift.uam-csic.es\/master\/wp-content\/uploads\/2025\/10\/Profesores-y-asignaturas-master-1-1200x675.png 1200w\" sizes=\"(max-width: 709px) 85vw, (max-width: 909px) 67vw, (max-width: 1362px) 62vw, 840px\" \/>\t\t\t\t\t\t\t\t<\/a>\n\t\t\t\t\t\t\t\t\t\t\t\t\t\t\t<\/div>\n\t\t\t\t<\/div>\n\t\t\t\t\t<\/div>\n\t\t<\/div>\n\t\t\t\t<div class=\"elementor-column elementor-col-50 elementor-top-column elementor-element elementor-element-cbe2bc5\" data-id=\"cbe2bc5\" data-element_type=\"column\" data-e-type=\"column\">\n\t\t\t<div class=\"elementor-widget-wrap elementor-element-populated\">\n\t\t\t\t\t\t<div class=\"elementor-element elementor-element-b91f800 elementor-widget elementor-widget-image\" data-id=\"b91f800\" data-element_type=\"widget\" data-e-type=\"widget\" data-widget_type=\"image.default\">\n\t\t\t\t<div class=\"elementor-widget-container\">\n\t\t\t\t\t\t\t\t\t\t\t\t\t\t\t\t<a href=\"https:\/\/astro.ft.uam.es\/yago\/\">\n\t\t\t\t\t\t\t<img decoding=\"async\" width=\"840\" height=\"473\" src=\"https:\/\/projects.ift.uam-csic.es\/master\/wp-content\/uploads\/2025\/10\/Profesores-y-asignaturas-master-2-1024x576.png\" class=\"attachment-large size-large wp-image-1848\" alt=\"\" srcset=\"https:\/\/projects.ift.uam-csic.es\/master\/wp-content\/uploads\/2025\/10\/Profesores-y-asignaturas-master-2-1024x576.png 1024w, https:\/\/projects.ift.uam-csic.es\/master\/wp-content\/uploads\/2025\/10\/Profesores-y-asignaturas-master-2-300x169.png 300w, https:\/\/projects.ift.uam-csic.es\/master\/wp-content\/uploads\/2025\/10\/Profesores-y-asignaturas-master-2-768x432.png 768w, https:\/\/projects.ift.uam-csic.es\/master\/wp-content\/uploads\/2025\/10\/Profesores-y-asignaturas-master-2-1536x864.png 1536w, https:\/\/projects.ift.uam-csic.es\/master\/wp-content\/uploads\/2025\/10\/Profesores-y-asignaturas-master-2-1200x675.png 1200w, https:\/\/projects.ift.uam-csic.es\/master\/wp-content\/uploads\/2025\/10\/Profesores-y-asignaturas-master-2.png 1920w\" sizes=\"(max-width: 709px) 85vw, (max-width: 909px) 67vw, (max-width: 1362px) 62vw, 840px\" \/>\t\t\t\t\t\t\t\t<\/a>\n\t\t\t\t\t\t\t\t\t\t\t\t\t\t\t<\/div>\n\t\t\t\t<\/div>\n\t\t\t\t\t<\/div>\n\t\t<\/div>\n\t\t\t\t\t<\/div>\n\t\t<\/section>\n\t\t\t\t<section class=\"elementor-section elementor-top-section elementor-element elementor-element-756003b elementor-section-boxed elementor-section-height-default elementor-section-height-default\" data-id=\"756003b\" data-element_type=\"section\" data-e-type=\"section\">\n\t\t\t\t\t\t<div class=\"elementor-container elementor-column-gap-default\">\n\t\t\t\t\t<div class=\"elementor-column elementor-col-33 elementor-top-column elementor-element elementor-element-9e80b2b\" data-id=\"9e80b2b\" data-element_type=\"column\" data-e-type=\"column\">\n\t\t\t<div class=\"elementor-widget-wrap elementor-element-populated\">\n\t\t\t\t\t\t<div class=\"elementor-element elementor-element-08c3bcf elementor-widget__width-initial elementor-widget elementor-widget-heading\" data-id=\"08c3bcf\" data-element_type=\"widget\" data-e-type=\"widget\" data-widget_type=\"heading.default\">\n\t\t\t\t<div class=\"elementor-widget-container\">\n\t\t\t\t\t<h4 class=\"elementor-heading-title elementor-size-default\"><br><br>Master\u2019s administrative office<br><\/h4>\t\t\t\t<\/div>\n\t\t\t\t<\/div>\n\t\t\t\t\t<\/div>\n\t\t<\/div>\n\t\t\t\t<div class=\"elementor-column elementor-col-66 elementor-top-column elementor-element elementor-element-6f4ec44\" data-id=\"6f4ec44\" data-element_type=\"column\" data-e-type=\"column\">\n\t\t\t<div class=\"elementor-widget-wrap elementor-element-populated\">\n\t\t\t\t\t\t<div class=\"elementor-element elementor-element-dcee5ca elementor-widget elementor-widget-image\" data-id=\"dcee5ca\" data-element_type=\"widget\" data-e-type=\"widget\" data-widget_type=\"image.default\">\n\t\t\t\t<div class=\"elementor-widget-container\">\n\t\t\t\t\t\t\t\t\t\t\t\t\t\t\t<img loading=\"lazy\" decoding=\"async\" width=\"840\" height=\"473\" src=\"https:\/\/projects.ift.uam-csic.es\/master\/wp-content\/uploads\/2025\/08\/Asignaturas-master-17-1024x576.png\" class=\"attachment-large size-large wp-image-1394\" alt=\"\" srcset=\"https:\/\/projects.ift.uam-csic.es\/master\/wp-content\/uploads\/2025\/08\/Asignaturas-master-17-1024x576.png 1024w, https:\/\/projects.ift.uam-csic.es\/master\/wp-content\/uploads\/2025\/08\/Asignaturas-master-17-300x169.png 300w, https:\/\/projects.ift.uam-csic.es\/master\/wp-content\/uploads\/2025\/08\/Asignaturas-master-17-768x432.png 768w, https:\/\/projects.ift.uam-csic.es\/master\/wp-content\/uploads\/2025\/08\/Asignaturas-master-17-1536x864.png 1536w, https:\/\/projects.ift.uam-csic.es\/master\/wp-content\/uploads\/2025\/08\/Asignaturas-master-17-2048x1152.png 2048w, https:\/\/projects.ift.uam-csic.es\/master\/wp-content\/uploads\/2025\/08\/Asignaturas-master-17-1200x675.png 1200w\" sizes=\"(max-width: 709px) 85vw, (max-width: 909px) 67vw, (max-width: 1362px) 62vw, 840px\" \/>\t\t\t\t\t\t\t\t\t\t\t\t\t\t\t<\/div>\n\t\t\t\t<\/div>\n\t\t\t\t\t<\/div>\n\t\t<\/div>\n\t\t\t\t\t<\/div>\n\t\t<\/section>\n\t\t\t\t<section class=\"elementor-section elementor-top-section elementor-element elementor-element-43baf77 elementor-section-boxed elementor-section-height-default elementor-section-height-default\" data-id=\"43baf77\" data-element_type=\"section\" data-e-type=\"section\">\n\t\t\t\t\t\t<div class=\"elementor-container elementor-column-gap-default\">\n\t\t\t\t\t<div class=\"elementor-column elementor-col-100 elementor-top-column elementor-element elementor-element-c8bf085\" data-id=\"c8bf085\" data-element_type=\"column\" data-e-type=\"column\">\n\t\t\t<div class=\"elementor-widget-wrap elementor-element-populated\">\n\t\t\t\t\t\t<div class=\"elementor-element elementor-element-6b48bb7 elementor-widget elementor-widget-heading\" data-id=\"6b48bb7\" data-element_type=\"widget\" data-e-type=\"widget\" data-widget_type=\"heading.default\">\n\t\t\t\t<div class=\"elementor-widget-container\">\n\t\t\t\t\t<h2 class=\"elementor-heading-title elementor-size-default\">Where we are<\/h2>\t\t\t\t<\/div>\n\t\t\t\t<\/div>\n\t\t\t\t\t<\/div>\n\t\t<\/div>\n\t\t\t\t\t<\/div>\n\t\t<\/section>\n\t\t\t\t<section class=\"elementor-section elementor-top-section elementor-element elementor-element-e48b003 elementor-section-boxed elementor-section-height-default elementor-section-height-default\" data-id=\"e48b003\" data-element_type=\"section\" data-e-type=\"section\">\n\t\t\t\t\t\t<div class=\"elementor-container elementor-column-gap-default\">\n\t\t\t\t\t<div class=\"elementor-column elementor-col-100 elementor-top-column elementor-element elementor-element-aed4e5b\" data-id=\"aed4e5b\" data-element_type=\"column\" data-e-type=\"column\">\n\t\t\t<div class=\"elementor-widget-wrap elementor-element-populated\">\n\t\t\t\t\t\t<div class=\"elementor-element elementor-element-650a94e elementor-widget elementor-widget-heading\" data-id=\"650a94e\" data-element_type=\"widget\" data-e-type=\"widget\" data-widget_type=\"heading.default\">\n\t\t\t\t<div class=\"elementor-widget-container\">\n\t\t\t\t\t<h6 class=\"elementor-heading-title elementor-size-default\"><a href=\"https:\/\/www.uam.es\/ciencias\/facultad\/departamentos\/fisica-teorica\">Department of Theoretical Physics , UAM<br>Campus de Cantoblanco, Calle Francisco Tom\u00e1s y Valiente, 7 \n28049, Madrid, Espa\u00f1a<\/a><\/h6>\t\t\t\t<\/div>\n\t\t\t\t<\/div>\n\t\t\t\t\t<\/div>\n\t\t<\/div>\n\t\t\t\t\t<\/div>\n\t\t<\/section>\n\t\t\t\t<section class=\"elementor-section elementor-top-section elementor-element elementor-element-909cec0 elementor-section-boxed elementor-section-height-default elementor-section-height-default\" data-id=\"909cec0\" data-element_type=\"section\" data-e-type=\"section\">\n\t\t\t\t\t\t<div class=\"elementor-container elementor-column-gap-default\">\n\t\t\t\t\t<div class=\"elementor-column elementor-col-100 elementor-top-column elementor-element elementor-element-56689ce\" data-id=\"56689ce\" data-element_type=\"column\" data-e-type=\"column\">\n\t\t\t<div class=\"elementor-widget-wrap elementor-element-populated\">\n\t\t\t\t\t\t<div class=\"elementor-element elementor-element-ac95533 elementor-widget elementor-widget-heading\" data-id=\"ac95533\" data-element_type=\"widget\" data-e-type=\"widget\" data-widget_type=\"heading.default\">\n\t\t\t\t<div class=\"elementor-widget-container\">\n\t\t\t\t\t<h5 class=\"elementor-heading-title elementor-size-default\"><a href=\"https:\/\/www.ift.uam-csic.es\/\">Institute for Theoretical Physics   UAM-CSIC<br>Campus de Cantoblanco,\nCalle Nicol\u00e1s Cabrera. 13-15\n28049, Madrid, Espa\u00f1a<\/a><\/h5>\t\t\t\t<\/div>\n\t\t\t\t<\/div>\n\t\t\t\t\t<\/div>\n\t\t<\/div>\n\t\t\t\t\t<\/div>\n\t\t<\/section>\n\t\t\t\t<\/div>\n\t\t","protected":false},"excerpt":{"rendered":"<p>Master\u2019s Coordination Team Master\u2019s administrative office Where we are Department of Theoretical Physics , UAMCampus de Cantoblanco, Calle Francisco Tom\u00e1s y Valiente, 7 28049, Madrid, Espa\u00f1a Institute for Theoretical Physics UAM-CSICCampus de Cantoblanco, Calle Nicol\u00e1s Cabrera. 13-15 28049, Madrid, Espa\u00f1a<\/p>\n","protected":false},"author":1,"featured_media":0,"parent":0,"menu_order":0,"comment_status":"closed","ping_status":"closed","template":"","meta":{"footnotes":""},"class_list":["post-26","page","type-page","status-publish","hentry"],"_links":{"self":[{"href":"https:\/\/projects.ift.uam-csic.es\/master\/wp-json\/wp\/v2\/pages\/26","targetHints":{"allow":["GET"]}}],"collection":[{"href":"https:\/\/projects.ift.uam-csic.es\/master\/wp-json\/wp\/v2\/pages"}],"about":[{"href":"https:\/\/projects.ift.uam-csic.es\/master\/wp-json\/wp\/v2\/types\/page"}],"author":[{"embeddable":true,"href":"https:\/\/projects.ift.uam-csic.es\/master\/wp-json\/wp\/v2\/users\/1"}],"replies":[{"embeddable":true,"href":"https:\/\/projects.ift.uam-csic.es\/master\/wp-json\/wp\/v2\/comments?post=26"}],"version-history":[{"count":127,"href":"https:\/\/projects.ift.uam-csic.es\/master\/wp-json\/wp\/v2\/pages\/26\/revisions"}],"predecessor-version":[{"id":1897,"href":"https:\/\/projects.ift.uam-csic.es\/master\/wp-json\/wp\/v2\/pages\/26\/revisions\/1897"}],"wp:attachment":[{"href":"https:\/\/projects.ift.uam-csic.es\/master\/wp-json\/wp\/v2\/media?parent=26"}],"curies":[{"name":"wp","href":"https:\/\/api.w.org\/{rel}","templated":true}]}}