{"id":46,"date":"2025-12-11T20:15:26","date_gmt":"2025-12-11T19:15:26","guid":{"rendered":"https:\/\/projects.ift.uam-csic.es\/jas_rebeccacollins\/?page_id=46"},"modified":"2025-12-11T20:15:26","modified_gmt":"2025-12-11T19:15:26","slug":"rebecca-collins","status":"publish","type":"page","link":"https:\/\/projects.ift.uam-csic.es\/jas_rebeccacollins\/rebecca-collins\/","title":{"rendered":"Rebecca Collins"},"content":{"rendered":"\n<p><br>La trayectoria art\u00edstica y acad\u00e9mica de Rebecca Collins se caracteriz\u00f3 por una profunda exploraci\u00f3n de la\u00a0<strong>escucha como metodolog\u00eda de investigaci\u00f3n<\/strong>, el\u00a0<strong>archivo sonoro como espacio de memoria<\/strong>\u00a0y la\u00a0<strong><em>performance<\/em> como forma de pensamiento cr\u00edtico<\/strong>. Su trabajo se situ\u00f3 en la intersecci\u00f3n entre la teor\u00eda del arte sonoro y las pr\u00e1cticas colaborativas que vinculan las artes con las ciencias experimentales. Como investigadora Ram\u00f3n y Cajal en el Instituto de Historia del CSIC y colaboradora del Instituto de F\u00edsica Te\u00f3rica, Collins desarroll\u00f3 proyectos pioneros que exploraban la\u00a0<strong>incertidumbre cient\u00edfica<\/strong>\u00a0a trav\u00e9s de medios art\u00edsticos, particularmente en obras como\u00a0<em>Escuchar la Materia Oscura<\/em>\u00a0(2023), donde estableci\u00f3 un di\u00e1logo entre la f\u00edsica de part\u00edculas y las pr\u00e1cticas sonoras experimentales.\u00a0<\/p>\n\n\n\n<p><br>En el centro de su pensamiento se encuentra la noci\u00f3n de\u00a0<strong>archivo sonoro<\/strong>, entendido no solamente como repositorio de materiales ac\u00fasticos, sino tambi\u00e9n como\u00a0<strong>dispositivo cr\u00edtico para la construcci\u00f3n de memorias alternativas<\/strong>. Su proyecto\u00a0<em>Stolen Voices<\/em>, desarrollado junto a Johanna Linsley, ejemplifica esta aproximaci\u00f3n: una investigaci\u00f3n sonora que utiliza la escucha y el espionaje <em>amateur<\/em> como estrategias para revelar las capas ocultas de los paisajes sonoros contempor\u00e1neos. Su libro\u00a0<em>Sonic Detection: Necessary Notes for Art and Performance<\/em>\u00a0(actualmente en imprenta) constituye un testimonio fundamental de su metodolog\u00eda, donde la escucha se convierte en\u00a0<strong>herramienta de detecci\u00f3n de futuros posibles<\/strong>.<\/p>\n\n\n\n<p><br>La\u00a0<strong>memoria<\/strong>, entendida como\u00a0<strong>pr\u00e1ctica activa de reimaginaci\u00f3n del presente<\/strong>, ajena totalmente a cualquier forma de nostalgia, atraviesa toda la producci\u00f3n de Collins. Su inter\u00e9s por los archivos sonoros creados durante la pandemia y las pr\u00e1cticas de duelo colectivo revelan una concepci\u00f3n del tiempo musical que rechaza la linealidad cronol\u00f3gica para abrazar temporalidades m\u00faltiples, superpuestas y a menudo contradictorias.<\/p>\n","protected":false},"excerpt":{"rendered":"<p>La trayectoria art\u00edstica y acad\u00e9mica de Rebecca Collins se caracteriz\u00f3 por una profunda exploraci\u00f3n de la\u00a0escucha como metodolog\u00eda de investigaci\u00f3n, el\u00a0archivo sonoro como espacio de memoria\u00a0y la\u00a0performance como forma de pensamiento cr\u00edtico. Su trabajo se situ\u00f3 en la intersecci\u00f3n entre la teor\u00eda del arte sonoro y las pr\u00e1cticas colaborativas que vinculan las artes con las [&hellip;]<\/p>\n","protected":false},"author":1,"featured_media":0,"parent":0,"menu_order":0,"comment_status":"closed","ping_status":"closed","template":"page-with-title","meta":{"footnotes":""},"class_list":["post-46","page","type-page","status-publish","hentry"],"_links":{"self":[{"href":"https:\/\/projects.ift.uam-csic.es\/jas_rebeccacollins\/wp-json\/wp\/v2\/pages\/46","targetHints":{"allow":["GET"]}}],"collection":[{"href":"https:\/\/projects.ift.uam-csic.es\/jas_rebeccacollins\/wp-json\/wp\/v2\/pages"}],"about":[{"href":"https:\/\/projects.ift.uam-csic.es\/jas_rebeccacollins\/wp-json\/wp\/v2\/types\/page"}],"author":[{"embeddable":true,"href":"https:\/\/projects.ift.uam-csic.es\/jas_rebeccacollins\/wp-json\/wp\/v2\/users\/1"}],"replies":[{"embeddable":true,"href":"https:\/\/projects.ift.uam-csic.es\/jas_rebeccacollins\/wp-json\/wp\/v2\/comments?post=46"}],"version-history":[{"count":1,"href":"https:\/\/projects.ift.uam-csic.es\/jas_rebeccacollins\/wp-json\/wp\/v2\/pages\/46\/revisions"}],"predecessor-version":[{"id":47,"href":"https:\/\/projects.ift.uam-csic.es\/jas_rebeccacollins\/wp-json\/wp\/v2\/pages\/46\/revisions\/47"}],"wp:attachment":[{"href":"https:\/\/projects.ift.uam-csic.es\/jas_rebeccacollins\/wp-json\/wp\/v2\/media?parent=46"}],"curies":[{"name":"wp","href":"https:\/\/api.w.org\/{rel}","templated":true}]}}