{"id":37,"date":"2025-12-11T19:53:07","date_gmt":"2025-12-11T18:53:07","guid":{"rendered":"https:\/\/projects.ift.uam-csic.es\/jas_rebeccacollins\/?page_id=37"},"modified":"2026-01-07T10:05:46","modified_gmt":"2026-01-07T09:05:46","slug":"home","status":"publish","type":"page","link":"https:\/\/projects.ift.uam-csic.es\/jas_rebeccacollins\/home\/","title":{"rendered":"Convocatoria Investigaciones"},"content":{"rendered":"\n<figure class=\"wp-block-image size-full\"><img fetchpriority=\"high\" decoding=\"async\" width=\"647\" height=\"267\" src=\"https:\/\/projects.ift.uam-csic.es\/jas_rebeccacollins\/wp-content\/uploads\/2025\/12\/Screenshot-2025-12-30-at-19.31.33.png\" alt=\"\" class=\"wp-image-109\" srcset=\"https:\/\/projects.ift.uam-csic.es\/jas_rebeccacollins\/wp-content\/uploads\/2025\/12\/Screenshot-2025-12-30-at-19.31.33.png 647w, https:\/\/projects.ift.uam-csic.es\/jas_rebeccacollins\/wp-content\/uploads\/2025\/12\/Screenshot-2025-12-30-at-19.31.33-300x124.png 300w\" sizes=\"(max-width: 647px) 100vw, 647px\" \/><\/figure>\n\n\n\n<p class=\"has-background\" style=\"background-color:#ebf2df\"><strong>TALLER DE INVESTIGACI\u00d3N:<\/strong><br><strong>\u00abTiempo, archivo y memoria en el arte sonoro y las m\u00fasicas experimentales\u00bb<\/strong><br><br>Las <strong>II Jornadas de arte sonoro \u201cRebecca Collins\u201d <\/strong>se articulan en torno al&nbsp;<strong><em>Taller de investigaci\u00f3n<\/em><\/strong>, un espacio colectivo de encuentro, di\u00e1logo y reflexi\u00f3n dedicado a compartir, presentar y debatir en torno a las <strong>nociones de \u201c<em>Tiempo, archivo y memoria en el arte sonoro y las m\u00fasicas experimentales<\/em>\u201d<\/strong>. El objetivo del taller es presentar investigaciones terminadas o en curso, as\u00ed como las preguntas y puntos ciegos que surgen de ellas, de forma que puedan nutrirse del intercambio interdisciplinar con otros\/as investigadores\/as. Se invita a enviar propuestas para las siguientes modalidades de participaci\u00f3n:<\/p>\n\n\n\n<ul class=\"wp-block-list\">\n<li><strong>Comunicaciones acad\u00e9micas<\/strong>&nbsp;(20 minutos + 10 minutos de discusi\u00f3n)<\/li>\n\n\n\n<li><strong>Comunicaciones-performance<\/strong>&nbsp;(combinar presentaci\u00f3n te\u00f3rica con demostraci\u00f3n art\u00edstica)<\/li>\n\n\n\n<li><strong>Sesiones de escucha comentada<\/strong>&nbsp;(presentaci\u00f3n de obras sonoras con an\u00e1lisis cr\u00edtico)<\/li>\n\n\n\n<li><strong>Presentaciones de proyectos de investigaci\u00f3n<\/strong>&nbsp;en curso o recientemente completados<\/li>\n\n\n\n<li><strong>Propuestas sobre documentaci\u00f3n, archivo y preservaci\u00f3n<\/strong>&nbsp;de arte sonoro y m\u00fasicas experimentales<\/li>\n<\/ul>\n\n\n\n<p><strong>EJES TEM\u00c1TICOS<\/strong><br>Las propuestas de comunicaci\u00f3n pueden abordar, entre otros, los siguientes temas:<\/p>\n\n\n\n<p><strong>Temporalidades musicales y sonoras<\/strong><\/p>\n\n\n\n<ul class=\"wp-block-list\">\n<li>Temporalidad en las m\u00fasicas experimentales y el arte sonoro&nbsp;<\/li>\n\n\n\n<li>Teor\u00edas del tiempo musical: linealidad y no-linealidad, tiempo virtual, tiempo absoluto\u2026<\/li>\n\n\n\n<li>M\u00e9trica y ritmo como construcciones temporales<\/li>\n\n\n\n<li>Tiempo experiencial y fenomenolog\u00eda de la escucha<\/li>\n<\/ul>\n\n\n\n<p><strong>Archivo, documentaci\u00f3n y tiempo sonoro<\/strong><\/p>\n\n\n\n<ul class=\"wp-block-list\">\n<li>Archivos sonoros como dispositivos de memoria colectiva<\/li>\n\n\n\n<li>Pr\u00e1cticas de archivo en las m\u00fasicas experimentales y el arte sonoro: problemas y metodolog\u00edas<\/li>\n\n\n\n<li>Documentaci\u00f3n de lo ef\u00edmero: desaf\u00edos epistemol\u00f3gicos y t\u00e9cnicos<\/li>\n\n\n\n<li>Tiempo, duelo y escucha: memoria sonora en contextos de crisis<\/li>\n\n\n\n<li>Archivos digitales y nuevas temporalidades en estudios sonoros<\/li>\n\n\n\n<li>Historias escuchadas: metodolog\u00edas historiogr\u00e1ficas basadas en la audici\u00f3n<\/li>\n\n\n\n<li>Preservaci\u00f3n y conservaci\u00f3n de lo intangible: el sonido como patrimonio cultural<\/li>\n\n\n\n<li>La grabaci\u00f3n sonora como forma de memoria: temporalidad virtual y registro evanescente<\/li>\n<\/ul>\n\n\n\n<p><strong><em>Sound Studies<\/em> <\/strong><strong>y musicolog\u00eda: intersecciones interdisciplinares<\/strong><\/p>\n\n\n\n<ul class=\"wp-block-list\">\n<li>Di\u00e1logos entre la musicolog\u00eda acad\u00e9mica y los <em>Sound Studies<\/em><\/li>\n\n\n\n<li>Escucha, temporalidad y tecnolog\u00edas de grabaci\u00f3n y reproducci\u00f3n sonora<\/li>\n\n\n\n<li>Sonido, memoria y experiencia cultural<\/li>\n\n\n\n<li>La dimensi\u00f3n temporal del sonido: de la f\u00edsica a la fenomenolog\u00eda<\/li>\n\n\n\n<li>Construcci\u00f3n pol\u00edtica y social del tiempo sonoro<\/li>\n\n\n\n<li>Notaci\u00f3n gr\u00e1fica y formas de representaci\u00f3n del tiempo sonoro<\/li>\n<\/ul>\n\n\n\n<p><strong>Arte, ciencia y temporalidad<\/strong><\/p>\n\n\n\n<ul class=\"wp-block-list\">\n<li>Colaboraciones entre artistas sonoros y cient\u00edficos: metodolog\u00edas compartidas<\/li>\n\n\n\n<li>Temporalidad en f\u00edsica y temporalidad en m\u00fasica: di\u00e1logos interdisciplinares<\/li>\n\n\n\n<li>Incertidumbre cient\u00edfica y experimentaci\u00f3n sonora<\/li>\n\n\n\n<li>Detecci\u00f3n sonora: de la f\u00edsica de part\u00edculas al arte sonoro<\/li>\n\n\n\n<li>Tiempo geol\u00f3gico, tiempo c\u00f3smico y tiempo musical<\/li>\n\n\n\n<li>Evoluci\u00f3n musical y experiencia temporal<\/li>\n<\/ul>\n\n\n\n<p><strong>G\u00e9nero, escucha y tiempo<\/strong><\/p>\n\n\n\n<ul class=\"wp-block-list\">\n<li>Temporalidades feministas en las pr\u00e1cticas sonoras experimentales<\/li>\n\n\n\n<li>La escucha como metodolog\u00eda situada e incorporada<\/li>\n\n\n\n<li>Tiempo reproductivo, tiempo productivo y creaci\u00f3n sonora<\/li>\n\n\n\n<li>Narrativas temporales alternativas en estudios de g\u00e9nero y sonido<\/li>\n<\/ul>\n\n\n\n<p><strong>Filosof\u00eda y ontolog\u00eda del tiempo<\/strong><\/p>\n\n\n\n<ul class=\"wp-block-list\">\n<li>Concepciones del tiempo: pasado, presente y futuro desde una perspectiva filos\u00f3fica<\/li>\n\n\n\n<li>La realidad del tiempo: debates hist\u00f3ricos y contempor\u00e1neos<\/li>\n\n\n\n<li>Tiempo en filosof\u00eda de la f\u00edsica y temporalidad en m\u00fasica<\/li>\n<\/ul>\n\n\n\n<p class=\"has-background\" style=\"background-color:#ebf2df\"><strong>FORMATO DE LAS PROPUESTAS<\/strong><br>Las propuestas deber\u00e1n incluir:<br><br>&#8211; Nombre, apellidos y, en su caso, afiliaci\u00f3n acad\u00e9mica<br>&#8211; Correo electr\u00f3nico <br>&#8211; T\u00edtulo de la comunicaci\u00f3n <br>&#8211; Resumen (m\u00e1ximo 500 palabras)<br><br><strong>Idiomas:<\/strong>\u00a0Las propuestas pueden presentarse en espa\u00f1ol, ingl\u00e9s o franc\u00e9s.<br><br><strong>Env\u00edo de propuestas:<\/strong><br>Enviar un correo a\u00a0<a href=\"mailto:artesonoro@cchs.csic.es\">artesonoro@cchs.csic.es<\/a> con la informaci\u00f3n requerida.<br><br><strong>Fecha l\u00edmite:<\/strong>\u00a07 de febrero de 2026<\/p>\n","protected":false},"excerpt":{"rendered":"<p>TALLER DE INVESTIGACI\u00d3N:\u00abTiempo, archivo y memoria en el arte sonoro y las m\u00fasicas experimentales\u00bb Las II Jornadas de arte sonoro \u201cRebecca Collins\u201d se articulan en torno al&nbsp;Taller de investigaci\u00f3n, un espacio colectivo de encuentro, di\u00e1logo y reflexi\u00f3n dedicado a compartir, presentar y debatir en torno a las nociones de \u201cTiempo, archivo y memoria en el [&hellip;]<\/p>\n","protected":false},"author":1,"featured_media":0,"parent":0,"menu_order":0,"comment_status":"closed","ping_status":"closed","template":"page-with-title","meta":{"footnotes":""},"class_list":["post-37","page","type-page","status-publish","hentry"],"_links":{"self":[{"href":"https:\/\/projects.ift.uam-csic.es\/jas_rebeccacollins\/wp-json\/wp\/v2\/pages\/37","targetHints":{"allow":["GET"]}}],"collection":[{"href":"https:\/\/projects.ift.uam-csic.es\/jas_rebeccacollins\/wp-json\/wp\/v2\/pages"}],"about":[{"href":"https:\/\/projects.ift.uam-csic.es\/jas_rebeccacollins\/wp-json\/wp\/v2\/types\/page"}],"author":[{"embeddable":true,"href":"https:\/\/projects.ift.uam-csic.es\/jas_rebeccacollins\/wp-json\/wp\/v2\/users\/1"}],"replies":[{"embeddable":true,"href":"https:\/\/projects.ift.uam-csic.es\/jas_rebeccacollins\/wp-json\/wp\/v2\/comments?post=37"}],"version-history":[{"count":10,"href":"https:\/\/projects.ift.uam-csic.es\/jas_rebeccacollins\/wp-json\/wp\/v2\/pages\/37\/revisions"}],"predecessor-version":[{"id":128,"href":"https:\/\/projects.ift.uam-csic.es\/jas_rebeccacollins\/wp-json\/wp\/v2\/pages\/37\/revisions\/128"}],"wp:attachment":[{"href":"https:\/\/projects.ift.uam-csic.es\/jas_rebeccacollins\/wp-json\/wp\/v2\/media?parent=37"}],"curies":[{"name":"wp","href":"https:\/\/api.w.org\/{rel}","templated":true}]}}