{"id":94,"date":"2018-10-04T19:46:44","date_gmt":"2018-10-04T17:46:44","guid":{"rendered":"http:\/\/projects.ift.uam-csic.es\/grass\/?page_id=94"},"modified":"2025-03-28T16:49:28","modified_gmt":"2025-03-28T15:49:28","slug":"tomas-ortin","status":"publish","type":"page","link":"https:\/\/projects.ift.uam-csic.es\/grass\/?page_id=94","title":{"rendered":"Tom\u00e1s Ort\u00edn"},"content":{"rendered":"<p><img loading=\"lazy\" decoding=\"async\" class=\"wp-image-36 alignleft\" src=\"http:\/\/projects.ift.uam-csic.es\/grass\/wp-content\/uploads\/2018\/10\/tomasortin-300x225.jpg\" alt=\"Tom\u00e1s Ort\u00edn\" width=\"244\" height=\"183\" srcset=\"https:\/\/projects.ift.uam-csic.es\/grass\/wp-content\/uploads\/2018\/10\/tomasortin-300x225.jpg 300w, https:\/\/projects.ift.uam-csic.es\/grass\/wp-content\/uploads\/2018\/10\/tomasortin-768x576.jpg 768w, https:\/\/projects.ift.uam-csic.es\/grass\/wp-content\/uploads\/2018\/10\/tomasortin-1024x768.jpg 1024w\" sizes=\"auto, (max-width: 244px) 100vw, 244px\" \/><\/p>\n<p>Nac\u00ed en Palencia y la di\u00e1spora me llev\u00f3 a estudiar en la Universidad de Valladolid primero (1982-1985) y m\u00e1s tarde en la Universidad Aut\u00f3noma de Madrid (1985-1987), donde me doctor\u00e9 (1987-1990) con una tesis sobre la termodin\u00e1mica de las Teor\u00edas de Supercuerdas.<\/p>\n<p>Tras unos a\u00f1os de postdoc en California (Universidad de Stanford), Londres (Queen Mary College) y Ginebra (Laboratorio Europeo de F\u00edsica de Particulas, CERN), que pas\u00e9 trabajando sobre las dualidades y los agujeros negros de las Teor\u00edas de Supercuerdas, recal\u00e9 en el CSIC (Instituto de Matem\u00e1ticas y F\u00edsica Fundamental) como Cient\u00edfico Titular (1997). All\u00ed me un\u00ed al incipiente Instituto de F\u00edsica Te\u00f3rica de la UAM, que ahora es centro mixto del CSIC y de la Universidad Aut\u00f3noma de Madrid y que es donde trabajo en la actualidad como Profesor de Investigaci\u00f3n (2008).<\/p>\n<p>Desde el 2003 (me gusta poner el delante de del a\u00f1o, como a Cela), soy el Investigador Principal del grupo de investigaci\u00f3n Gravedad,<br \/>\nSupergravedad y Supercuerdas, cuyo objeto de estudio son los aspectos gravitatorios de estas teor\u00edas. Inicialmente fui el \u00fanico investigador senior de este proyecto pero algo m\u00e1s tarde el investigador de Ikerbasque Igor Bandos y el Profesor de la Universidad de Valladolid Jos\u00e9 Manuel Izquierdo se unieron al proyecto, y el grupo ha crecido gracias principalmente a la contribuci\u00f3n de los estupendos estudiantes, postdocs y colaboradores que he tenido, muchos de los cuales siguen formando parte de este grupo aunque sus carreras les hayan llevado a otros pa\u00edses y a otros proyectos e incluso a otras ramas de la ciencia.<\/p>\n<p>He dirigido 16 tesis doctorales y he publicado m\u00e1s de 147 art\u00edculos (WOS) y una monograf\u00eda que creo que es \u00fanica en su g\u00e9nero sobre los temas de nuestro proyecto de investigaci\u00f3n. Tambi\u00e9n he dedicado mucho tiempo a promover la ciencia en Espa\u00f1a a trav\u00e9s de la creaci\u00f3n de y participaci\u00f3n en sociedades cient\u00edficas y de estudiantes (SEGRE, ACUP, AACTE,), la divulgaci\u00f3n cient\u00edfica par al p\u00fablico general y los estudiantes de secundaria, la publicaci\u00f3n de art\u00edculos de opini\u00f3n sobre la pol\u00edtica educativa y cient\u00edfica en Espa\u00f1a etc.<\/p>\n","protected":false},"excerpt":{"rendered":"<p>Nac\u00ed en Palencia y la di\u00e1spora me llev\u00f3 a estudiar en la Universidad de Valladolid primero (1982-1985) y m\u00e1s tarde en la Universidad Aut\u00f3noma de Madrid (1985-1987), donde me doctor\u00e9 (1987-1990) con una tesis sobre la termodin\u00e1mica de las Teor\u00edas de Supercuerdas. Tras unos a\u00f1os de postdoc en California (Universidad de Stanford), Londres (Queen Mary &hellip; <\/p>\n<p class=\"link-more\"><a href=\"https:\/\/projects.ift.uam-csic.es\/grass\/?page_id=94\" class=\"more-link\">Continuar leyendo<span class=\"screen-reader-text\"> \u00abTom\u00e1s Ort\u00edn\u00bb<\/span><\/a><\/p>\n","protected":false},"author":1,"featured_media":0,"parent":256,"menu_order":0,"comment_status":"closed","ping_status":"closed","template":"","meta":{"jetpack_post_was_ever_published":false,"footnotes":""},"class_list":["post-94","page","type-page","status-publish","hentry"],"jetpack_sharing_enabled":true,"jetpack_shortlink":"https:\/\/wp.me\/PaCiv5-1w","_links":{"self":[{"href":"https:\/\/projects.ift.uam-csic.es\/grass\/index.php?rest_route=\/wp\/v2\/pages\/94","targetHints":{"allow":["GET"]}}],"collection":[{"href":"https:\/\/projects.ift.uam-csic.es\/grass\/index.php?rest_route=\/wp\/v2\/pages"}],"about":[{"href":"https:\/\/projects.ift.uam-csic.es\/grass\/index.php?rest_route=\/wp\/v2\/types\/page"}],"author":[{"embeddable":true,"href":"https:\/\/projects.ift.uam-csic.es\/grass\/index.php?rest_route=\/wp\/v2\/users\/1"}],"replies":[{"embeddable":true,"href":"https:\/\/projects.ift.uam-csic.es\/grass\/index.php?rest_route=%2Fwp%2Fv2%2Fcomments&post=94"}],"version-history":[{"count":6,"href":"https:\/\/projects.ift.uam-csic.es\/grass\/index.php?rest_route=\/wp\/v2\/pages\/94\/revisions"}],"predecessor-version":[{"id":700,"href":"https:\/\/projects.ift.uam-csic.es\/grass\/index.php?rest_route=\/wp\/v2\/pages\/94\/revisions\/700"}],"up":[{"embeddable":true,"href":"https:\/\/projects.ift.uam-csic.es\/grass\/index.php?rest_route=\/wp\/v2\/pages\/256"}],"wp:attachment":[{"href":"https:\/\/projects.ift.uam-csic.es\/grass\/index.php?rest_route=%2Fwp%2Fv2%2Fmedia&parent=94"}],"curies":[{"name":"wp","href":"https:\/\/api.w.org\/{rel}","templated":true}]}}