{"id":546,"date":"2023-03-26T23:45:49","date_gmt":"2023-03-26T21:45:49","guid":{"rendered":"https:\/\/projects.ift.uam-csic.es\/grass\/?page_id=546"},"modified":"2023-03-26T23:45:49","modified_gmt":"2023-03-26T21:45:49","slug":"romina-ballesteros","status":"publish","type":"page","link":"https:\/\/projects.ift.uam-csic.es\/grass\/?page_id=546","title":{"rendered":"Romina Ballesteros"},"content":{"rendered":"<figure id=\"attachment_550\" aria-describedby=\"caption-attachment-550\" style=\"width: 1052px\" class=\"wp-caption aligncenter\"><img loading=\"lazy\" decoding=\"async\" class=\"size-full wp-image-550\" src=\"http:\/\/projects.ift.uam-csic.es\/grass\/wp-content\/uploads\/2023\/03\/RominaBallesteros.jpg\" alt=\"Romina Ballesteros\" width=\"1052\" height=\"780\" srcset=\"https:\/\/projects.ift.uam-csic.es\/grass\/wp-content\/uploads\/2023\/03\/RominaBallesteros.jpg 1052w, https:\/\/projects.ift.uam-csic.es\/grass\/wp-content\/uploads\/2023\/03\/RominaBallesteros-300x222.jpg 300w, https:\/\/projects.ift.uam-csic.es\/grass\/wp-content\/uploads\/2023\/03\/RominaBallesteros-1024x759.jpg 1024w, https:\/\/projects.ift.uam-csic.es\/grass\/wp-content\/uploads\/2023\/03\/RominaBallesteros-768x569.jpg 768w\" sizes=\"auto, (max-width: 767px) 89vw, (max-width: 1000px) 54vw, (max-width: 1071px) 543px, 580px\" \/><figcaption id=\"caption-attachment-550\" class=\"wp-caption-text\">Romina Ballesteros<\/figcaption><\/figure>\n<p>&nbsp;<\/p>\n<p>Nac\u00ed y crec\u00ed en Santiago de Chile, en la comuna de Renca. Egres\u00e9 del Liceo Santa \u00a0 Teresita en Independencia, en donde naci\u00f3 mi inter\u00e9s por la f\u00edsica y la comprensi\u00f3n del\u00a0 universo.<\/p>\n<p>Tras un brev\u00edsimo paso por la astronom\u00eda, decid\u00ed estudiar f\u00edsica en la Pontificia Universidad Cat\u00f3lica de Valpara\u00edso donde finalic\u00e9 exitosamente la licenciatura y el m\u00e1ster, y me inici\u00e9 en la investigaci\u00f3n en f\u00edsica te\u00f3rica explorando la termodin\u00e1mica de agujeros negros.<\/p>\n<p>Actualmente estoy realizando un doctorado joint degree entre la Pontificia Universidad Cat\u00f3lica de Valpara\u00edso y la Universidad Aut\u00f3noma de Madrid, bajo la direcci\u00f3n del Prof. Tom\u00e1s Ort\u00edn, donde investigamos de qu\u00e9 manera se puede generalizar el formalismo de Wald,\u00a0 para el c\u00e1lculo de la entrop\u00eda de agujeros negros, de tal forma que este incluya diferentes tipos de campos.<\/p>\n","protected":false},"excerpt":{"rendered":"<p>&nbsp; Nac\u00ed y crec\u00ed en Santiago de Chile, en la comuna de Renca. Egres\u00e9 del Liceo Santa \u00a0 Teresita en Independencia, en donde naci\u00f3 mi inter\u00e9s por la f\u00edsica y la comprensi\u00f3n del\u00a0 universo. Tras un brev\u00edsimo paso por la astronom\u00eda, decid\u00ed estudiar f\u00edsica en la Pontificia Universidad Cat\u00f3lica de Valpara\u00edso donde finalic\u00e9 exitosamente la &hellip; <\/p>\n<p class=\"link-more\"><a href=\"https:\/\/projects.ift.uam-csic.es\/grass\/?page_id=546\" class=\"more-link\">Continuar leyendo<span class=\"screen-reader-text\"> \u00abRomina Ballesteros\u00bb<\/span><\/a><\/p>\n","protected":false},"author":1,"featured_media":0,"parent":323,"menu_order":0,"comment_status":"closed","ping_status":"closed","template":"","meta":{"jetpack_post_was_ever_published":false,"footnotes":""},"class_list":["post-546","page","type-page","status-publish","hentry"],"jetpack_sharing_enabled":true,"jetpack_shortlink":"https:\/\/wp.me\/PaCiv5-8O","_links":{"self":[{"href":"https:\/\/projects.ift.uam-csic.es\/grass\/index.php?rest_route=\/wp\/v2\/pages\/546","targetHints":{"allow":["GET"]}}],"collection":[{"href":"https:\/\/projects.ift.uam-csic.es\/grass\/index.php?rest_route=\/wp\/v2\/pages"}],"about":[{"href":"https:\/\/projects.ift.uam-csic.es\/grass\/index.php?rest_route=\/wp\/v2\/types\/page"}],"author":[{"embeddable":true,"href":"https:\/\/projects.ift.uam-csic.es\/grass\/index.php?rest_route=\/wp\/v2\/users\/1"}],"replies":[{"embeddable":true,"href":"https:\/\/projects.ift.uam-csic.es\/grass\/index.php?rest_route=%2Fwp%2Fv2%2Fcomments&post=546"}],"version-history":[{"count":4,"href":"https:\/\/projects.ift.uam-csic.es\/grass\/index.php?rest_route=\/wp\/v2\/pages\/546\/revisions"}],"predecessor-version":[{"id":551,"href":"https:\/\/projects.ift.uam-csic.es\/grass\/index.php?rest_route=\/wp\/v2\/pages\/546\/revisions\/551"}],"up":[{"embeddable":true,"href":"https:\/\/projects.ift.uam-csic.es\/grass\/index.php?rest_route=\/wp\/v2\/pages\/323"}],"wp:attachment":[{"href":"https:\/\/projects.ift.uam-csic.es\/grass\/index.php?rest_route=%2Fwp%2Fv2%2Fmedia&parent=546"}],"curies":[{"name":"wp","href":"https:\/\/api.w.org\/{rel}","templated":true}]}}