{"id":514,"date":"2022-10-26T17:04:42","date_gmt":"2022-10-26T15:04:42","guid":{"rendered":"https:\/\/projects.ift.uam-csic.es\/grass\/?page_id=514"},"modified":"2022-10-26T17:10:35","modified_gmt":"2022-10-26T15:10:35","slug":"2022-2","status":"publish","type":"page","link":"https:\/\/projects.ift.uam-csic.es\/grass\/?page_id=514","title":{"rendered":"2022"},"content":{"rendered":"<p>El proyecto: \u201cFlows de evoluci\u00f3n supersim\u00e9tricos y sus aplicaciones a la geometr\u00eda diferencial\u201d del\u00a0 investigador del Proyecto GRASS <a href=\"https:\/\/projects.ift.uam-csic.es\/grass\/?page_id=112\">Carlos Shahbazi<\/a>,<a href=\"https:\/\/www.redleonardo.es\/beneficiario\/carlos-shabazi-alonso\/\"> premiado con una de las becas Leonardo a investigadores y creadores culturales de la Fundaci\u00f3n BBVA, edici\u00f3n 2022.<\/a><\/p>\n","protected":false},"excerpt":{"rendered":"<p>El proyecto: \u201cFlows de evoluci\u00f3n supersim\u00e9tricos y sus aplicaciones a la geometr\u00eda diferencial\u201d del\u00a0 investigador del Proyecto GRASS Carlos Shahbazi, premiado con una de las becas Leonardo a investigadores y creadores culturales de la Fundaci\u00f3n BBVA, edici\u00f3n 2022.<\/p>\n","protected":false},"author":1,"featured_media":0,"parent":355,"menu_order":0,"comment_status":"closed","ping_status":"closed","template":"","meta":{"jetpack_post_was_ever_published":false,"footnotes":""},"class_list":["post-514","page","type-page","status-publish","hentry"],"jetpack_sharing_enabled":true,"jetpack_shortlink":"https:\/\/wp.me\/PaCiv5-8i","_links":{"self":[{"href":"https:\/\/projects.ift.uam-csic.es\/grass\/index.php?rest_route=\/wp\/v2\/pages\/514","targetHints":{"allow":["GET"]}}],"collection":[{"href":"https:\/\/projects.ift.uam-csic.es\/grass\/index.php?rest_route=\/wp\/v2\/pages"}],"about":[{"href":"https:\/\/projects.ift.uam-csic.es\/grass\/index.php?rest_route=\/wp\/v2\/types\/page"}],"author":[{"embeddable":true,"href":"https:\/\/projects.ift.uam-csic.es\/grass\/index.php?rest_route=\/wp\/v2\/users\/1"}],"replies":[{"embeddable":true,"href":"https:\/\/projects.ift.uam-csic.es\/grass\/index.php?rest_route=%2Fwp%2Fv2%2Fcomments&post=514"}],"version-history":[{"count":3,"href":"https:\/\/projects.ift.uam-csic.es\/grass\/index.php?rest_route=\/wp\/v2\/pages\/514\/revisions"}],"predecessor-version":[{"id":518,"href":"https:\/\/projects.ift.uam-csic.es\/grass\/index.php?rest_route=\/wp\/v2\/pages\/514\/revisions\/518"}],"up":[{"embeddable":true,"href":"https:\/\/projects.ift.uam-csic.es\/grass\/index.php?rest_route=\/wp\/v2\/pages\/355"}],"wp:attachment":[{"href":"https:\/\/projects.ift.uam-csic.es\/grass\/index.php?rest_route=%2Fwp%2Fv2%2Fmedia&parent=514"}],"curies":[{"name":"wp","href":"https:\/\/api.w.org\/{rel}","templated":true}]}}