{"id":264,"date":"2019-01-14T19:47:05","date_gmt":"2019-01-14T18:47:05","guid":{"rendered":"http:\/\/projects.ift.uam-csic.es\/grass\/?page_id=264"},"modified":"2019-01-17T17:55:22","modified_gmt":"2019-01-17T16:55:22","slug":"publicaciones-cientificas-grupo-ift-2019","status":"publish","type":"page","link":"https:\/\/projects.ift.uam-csic.es\/grass\/?page_id=264","title":{"rendered":"Publicaciones cient\u00edficas 2019"},"content":{"rendered":"<h2><strong>Publicaciones en revistas cient\u00edficas:<\/strong><\/h2>\n<p>&nbsp;<\/p>\n<h2><strong><em>Preprints<\/em> a\u00fan sin publicar:<\/strong><\/h2>\n<p>&nbsp;<\/p>\n<ol>\n<li><a href=\"http:\/\/arXiv.org\/pdf\/1901.01315.pdf\"><em><strong>Leading higher-derivative corrections to Kerr geometry,<\/strong><\/em><\/a><br \/>\nPablo A. Cano, Alejandro Ruip\u00e9rez<br \/>\nIFT-UAM\/CSIC-19-2<br \/>\n<a href=\"http:\/\/arXiv.org\/abs\/arXiv:1901.01315\">e-Print: arXiv:1901.01315 [gr-qc]<\/a><\/li>\n<li><a href=\"http:\/\/arXiv.org\/pdf\/1812.11187.pdf\"><em><strong>Geometric Inflation<\/strong><\/em><\/a><br \/>\nGustavo Arciniega , Pablo Bueno, Pablo A. Cano , Jos\u00e9 D. Edelstein , Robie A. Hennigar , Luisa G. Jaime<br \/>\nIFT-UAM\/CSIC-18-133<br \/>\n<a href=\"http:\/\/arXiv.org\/abs\/arXiv:1812.11187\">e-Print: arXiv:1812.11187 [hep-th]<\/a><\/li>\n<\/ol>\n<h2><strong>Proceedings etc:<\/strong><\/h2>\n","protected":false},"excerpt":{"rendered":"<p>Publicaciones en revistas cient\u00edficas: &nbsp; Preprints a\u00fan sin publicar: &nbsp; Leading higher-derivative corrections to Kerr geometry, Pablo A. Cano, Alejandro Ruip\u00e9rez IFT-UAM\/CSIC-19-2 e-Print: arXiv:1901.01315 [gr-qc] Geometric Inflation Gustavo Arciniega , Pablo Bueno, Pablo A. Cano , Jos\u00e9 D. Edelstein , Robie A. Hennigar , Luisa G. Jaime IFT-UAM\/CSIC-18-133 e-Print: arXiv:1812.11187 [hep-th] Proceedings etc:<\/p>\n","protected":false},"author":1,"featured_media":0,"parent":286,"menu_order":2,"comment_status":"closed","ping_status":"closed","template":"","meta":{"footnotes":""},"class_list":["post-264","page","type-page","status-publish","hentry"],"jetpack_sharing_enabled":true,"jetpack_shortlink":"https:\/\/wp.me\/PaCiv5-4g","_links":{"self":[{"href":"https:\/\/projects.ift.uam-csic.es\/grass\/index.php?rest_route=\/wp\/v2\/pages\/264","targetHints":{"allow":["GET"]}}],"collection":[{"href":"https:\/\/projects.ift.uam-csic.es\/grass\/index.php?rest_route=\/wp\/v2\/pages"}],"about":[{"href":"https:\/\/projects.ift.uam-csic.es\/grass\/index.php?rest_route=\/wp\/v2\/types\/page"}],"author":[{"embeddable":true,"href":"https:\/\/projects.ift.uam-csic.es\/grass\/index.php?rest_route=\/wp\/v2\/users\/1"}],"replies":[{"embeddable":true,"href":"https:\/\/projects.ift.uam-csic.es\/grass\/index.php?rest_route=%2Fwp%2Fv2%2Fcomments&post=264"}],"version-history":[{"count":5,"href":"https:\/\/projects.ift.uam-csic.es\/grass\/index.php?rest_route=\/wp\/v2\/pages\/264\/revisions"}],"predecessor-version":[{"id":335,"href":"https:\/\/projects.ift.uam-csic.es\/grass\/index.php?rest_route=\/wp\/v2\/pages\/264\/revisions\/335"}],"up":[{"embeddable":true,"href":"https:\/\/projects.ift.uam-csic.es\/grass\/index.php?rest_route=\/wp\/v2\/pages\/286"}],"wp:attachment":[{"href":"https:\/\/projects.ift.uam-csic.es\/grass\/index.php?rest_route=%2Fwp%2Fv2%2Fmedia&parent=264"}],"curies":[{"name":"wp","href":"https:\/\/api.w.org\/{rel}","templated":true}]}}