{"id":135,"date":"2018-10-04T20:23:02","date_gmt":"2018-10-04T18:23:02","guid":{"rendered":"http:\/\/projects.ift.uam-csic.es\/grass\/?page_id=135"},"modified":"2018-10-04T20:23:22","modified_gmt":"2018-10-04T18:23:22","slug":"135-2","status":"publish","type":"page","link":"https:\/\/projects.ift.uam-csic.es\/grass\/?page_id=135","title":{"rendered":"Natxo Alonso-Alberca"},"content":{"rendered":"<p><img loading=\"lazy\" decoding=\"async\" class=\"size-medium wp-image-33 alignleft\" src=\"http:\/\/projects.ift.uam-csic.es\/grass\/wp-content\/uploads\/2018\/10\/natxoalonso-265x300.jpg\" alt=\"Natxo Alonso\" width=\"265\" height=\"300\" srcset=\"https:\/\/projects.ift.uam-csic.es\/grass\/wp-content\/uploads\/2018\/10\/natxoalonso-265x300.jpg 265w, https:\/\/projects.ift.uam-csic.es\/grass\/wp-content\/uploads\/2018\/10\/natxoalonso.jpg 424w\" sizes=\"auto, (max-width: 265px) 100vw, 265px\" \/><\/p>\n<p>Cuando era peque\u00f1o me fascinaba todo lo relacionado con el cielo y con el espacio. Quer\u00eda ser piloto y, m\u00e1s a\u00fan, astronauta, as\u00ed que cuando me lleg\u00f3 el momento de ir a la universidad me matricul\u00e9 en Ciencias F\u00edsicas con la intenci\u00f3n de dedicarme a la Astrof\u00edsica.<\/p>\n<p>Siempre se me hab\u00edan dado bien las Matem\u00e1ticas y las disfrutaba como si fuesen un juego, y en la carrera descubr\u00ed que la mezcla de F\u00edsica y Matem\u00e1ticas me produc\u00eda \u201cmariposillas en la tripa\u201d. As\u00ed, mis ganas de Astrof\u00edsica se transformaron en ganas de teor\u00edas, ecuaciones, lagrangianos, tensores\u2026 Descubrir la Relatividad General y la Teor\u00eda de Campos fueron dos de los placeres m\u00e1s grandes que he encontrado en F\u00edsica y me impulsaron a realizar mis estudios de doctorado en el IFT UAM-CSIC, un entorno brillante y lleno de talento. Soy una persona inquieta, lo que me ha llevado a trastear con los agujeros negros, la supergravedad, los escenarios tipo Randall-Sundrum y otros bichos extra\u00f1os que pueblan esta disciplina. Mi tesis vers\u00f3 sobre las teor\u00edas de supergravedad gaugeada\/masiva y su origen desde 11 dimensiones, y fue un trabajo emocionante que desarroll\u00e9 junto a Tom\u00e1s Ort\u00edn, director de mi tesis, mis \u201chermanos mayores\u201d Patrick Meessen y Bert Janssen y mi \u201chermano gemelo\u201d Ernesto Lozano-Tellechea, adem\u00e1s del grand\u00edsimo Enrique \u00c1lvarez, todos ellos cient\u00edficos extraordinarios y compa\u00f1eros sabios y generosos.<\/p>\n<p>Pero no s\u00f3lo me interesaban las magias y rarezas de la F\u00edsica Te\u00f3rica. Tambi\u00e9n me fascinaba la Educaci\u00f3n, as\u00ed que estudi\u00e9 Magisterio<br \/>\nInfantil y, dos a\u00f1os despu\u00e9s de terminar la tesis, dej\u00e9 la investigaci\u00f3n cient\u00edfica (no sin pena) para dedicarme a trabajar con ni\u00f1os.<br \/>\nEstudi\u00e9 tambi\u00e9n un M\u00e1ster de Dise\u00f1o e Innovaci\u00f3n, y con las herramientas y habilidades propias de la investigaci\u00f3n, por un lado, y de la innovaci\u00f3n, por otro, en la actualidad me dedico a la docencia en la Facultad de Formaci\u00f3n de Profesorado y Educaci\u00f3n de la UAM y a desarrollar proyectos de innovaci\u00f3n educativa (LOVA, Design for Change, EducaS\u00e1hara\u2026) Y tengo que confesar que siempre echo de menos las pizarras llenas de f\u00f3rmulas:)<\/p>\n","protected":false},"excerpt":{"rendered":"<p>Cuando era peque\u00f1o me fascinaba todo lo relacionado con el cielo y con el espacio. Quer\u00eda ser piloto y, m\u00e1s a\u00fan, astronauta, as\u00ed que cuando me lleg\u00f3 el momento de ir a la universidad me matricul\u00e9 en Ciencias F\u00edsicas con la intenci\u00f3n de dedicarme a la Astrof\u00edsica. Siempre se me hab\u00edan dado bien las Matem\u00e1ticas &hellip; <\/p>\n<p class=\"link-more\"><a href=\"https:\/\/projects.ift.uam-csic.es\/grass\/?page_id=135\" class=\"more-link\">Continuar leyendo<span class=\"screen-reader-text\"> \u00abNatxo Alonso-Alberca\u00bb<\/span><\/a><\/p>\n","protected":false},"author":1,"featured_media":0,"parent":104,"menu_order":0,"comment_status":"closed","ping_status":"closed","template":"","meta":{"footnotes":""},"class_list":["post-135","page","type-page","status-publish","hentry"],"jetpack_sharing_enabled":true,"jetpack_shortlink":"https:\/\/wp.me\/PaCiv5-2b","_links":{"self":[{"href":"https:\/\/projects.ift.uam-csic.es\/grass\/index.php?rest_route=\/wp\/v2\/pages\/135","targetHints":{"allow":["GET"]}}],"collection":[{"href":"https:\/\/projects.ift.uam-csic.es\/grass\/index.php?rest_route=\/wp\/v2\/pages"}],"about":[{"href":"https:\/\/projects.ift.uam-csic.es\/grass\/index.php?rest_route=\/wp\/v2\/types\/page"}],"author":[{"embeddable":true,"href":"https:\/\/projects.ift.uam-csic.es\/grass\/index.php?rest_route=\/wp\/v2\/users\/1"}],"replies":[{"embeddable":true,"href":"https:\/\/projects.ift.uam-csic.es\/grass\/index.php?rest_route=%2Fwp%2Fv2%2Fcomments&post=135"}],"version-history":[{"count":3,"href":"https:\/\/projects.ift.uam-csic.es\/grass\/index.php?rest_route=\/wp\/v2\/pages\/135\/revisions"}],"predecessor-version":[{"id":138,"href":"https:\/\/projects.ift.uam-csic.es\/grass\/index.php?rest_route=\/wp\/v2\/pages\/135\/revisions\/138"}],"up":[{"embeddable":true,"href":"https:\/\/projects.ift.uam-csic.es\/grass\/index.php?rest_route=\/wp\/v2\/pages\/104"}],"wp:attachment":[{"href":"https:\/\/projects.ift.uam-csic.es\/grass\/index.php?rest_route=%2Fwp%2Fv2%2Fmedia&parent=135"}],"curies":[{"name":"wp","href":"https:\/\/api.w.org\/{rel}","templated":true}]}}