{"id":133,"date":"2018-10-04T20:20:01","date_gmt":"2018-10-04T18:20:01","guid":{"rendered":"http:\/\/projects.ift.uam-csic.es\/grass\/?page_id=133"},"modified":"2018-10-04T20:26:16","modified_gmt":"2018-10-04T18:26:16","slug":"jorge-bellorin","status":"publish","type":"page","link":"https:\/\/projects.ift.uam-csic.es\/grass\/?page_id=133","title":{"rendered":"Jorge Bellor\u00edn"},"content":{"rendered":"<p><img loading=\"lazy\" decoding=\"async\" class=\"size-medium wp-image-46 alignleft\" src=\"http:\/\/projects.ift.uam-csic.es\/grass\/wp-content\/uploads\/2018\/10\/jorgebellorin-300x270.jpeg\" alt=\"Jorge Bellor\u00edn\" width=\"300\" height=\"270\" srcset=\"https:\/\/projects.ift.uam-csic.es\/grass\/wp-content\/uploads\/2018\/10\/jorgebellorin-300x270.jpeg 300w, https:\/\/projects.ift.uam-csic.es\/grass\/wp-content\/uploads\/2018\/10\/jorgebellorin.jpeg 490w\" sizes=\"auto, (max-width: 300px) 100vw, 300px\" \/><\/p>\n<p class=\"western\">Inici\u00e9 mis estudios en f\u00edsica en la Universidad de Oriente, en su sede de Cuman\u00e1, en la regi\u00f3n nororiental de Venezuela, famosa por sus playas tropicales (condici\u00f3n que no contribuy\u00f3 positivamente a mis estudios\u2026).<\/p>\n<p class=\"western\">Posteriormente culmin\u00e9 estudios de mag\u00edster en la Universidad Sim\u00f3n Bol\u00edvar en Caracas y finalmente hice el doctorado en F\u00edsica Te\u00f3rica en la Universidad Aut\u00f3noma de Madrid \u2013 IFT, gradu\u00e1ndome en el 2007. All\u00ed hice la tesis bajo la direcci\u00f3n de Tom\u00e1s, y desde entonces he quedado unido al grupo. En alg\u00fan per\u00edodo de mis estudios vino adem\u00e1s Patrick a echarme una mano. En esa \u00e9poca est\u00e1bamos en la Facultad de Ciencias de la UAM, reparti\u00e9ndonos entre el piso del Departamento de F\u00edsica Te\u00f3rica y el piso del IFT.<\/p>\n<p class=\"western\">Al terminar el doctorado regres\u00e9 a Venezuela e inici\u00e9 mi carrera como profesor e investigador en la Universidad Sim\u00f3n Bol\u00edvar. All\u00ed estuve trabajando por espacio de 9 a\u00f1os. Las circunstancias me llevaron a salir de Venezuela, vini\u00e9ndome a Chile en el 2016. Aqu\u00ed trabajo como profesor en la Universidad de Antofagasta.<\/p>\n","protected":false},"excerpt":{"rendered":"<p>Inici\u00e9 mis estudios en f\u00edsica en la Universidad de Oriente, en su sede de Cuman\u00e1, en la regi\u00f3n nororiental de Venezuela, famosa por sus playas tropicales (condici\u00f3n que no contribuy\u00f3 positivamente a mis estudios\u2026). Posteriormente culmin\u00e9 estudios de mag\u00edster en la Universidad Sim\u00f3n Bol\u00edvar en Caracas y finalmente hice el doctorado en F\u00edsica Te\u00f3rica en &hellip; <\/p>\n<p class=\"link-more\"><a href=\"https:\/\/projects.ift.uam-csic.es\/grass\/?page_id=133\" class=\"more-link\">Continuar leyendo<span class=\"screen-reader-text\"> \u00abJorge Bellor\u00edn\u00bb<\/span><\/a><\/p>\n","protected":false},"author":1,"featured_media":0,"parent":104,"menu_order":0,"comment_status":"closed","ping_status":"closed","template":"","meta":{"jetpack_post_was_ever_published":false,"footnotes":""},"class_list":["post-133","page","type-page","status-publish","hentry"],"jetpack_sharing_enabled":true,"jetpack_shortlink":"https:\/\/wp.me\/PaCiv5-29","_links":{"self":[{"href":"https:\/\/projects.ift.uam-csic.es\/grass\/index.php?rest_route=\/wp\/v2\/pages\/133","targetHints":{"allow":["GET"]}}],"collection":[{"href":"https:\/\/projects.ift.uam-csic.es\/grass\/index.php?rest_route=\/wp\/v2\/pages"}],"about":[{"href":"https:\/\/projects.ift.uam-csic.es\/grass\/index.php?rest_route=\/wp\/v2\/types\/page"}],"author":[{"embeddable":true,"href":"https:\/\/projects.ift.uam-csic.es\/grass\/index.php?rest_route=\/wp\/v2\/users\/1"}],"replies":[{"embeddable":true,"href":"https:\/\/projects.ift.uam-csic.es\/grass\/index.php?rest_route=%2Fwp%2Fv2%2Fcomments&post=133"}],"version-history":[{"count":4,"href":"https:\/\/projects.ift.uam-csic.es\/grass\/index.php?rest_route=\/wp\/v2\/pages\/133\/revisions"}],"predecessor-version":[{"id":141,"href":"https:\/\/projects.ift.uam-csic.es\/grass\/index.php?rest_route=\/wp\/v2\/pages\/133\/revisions\/141"}],"up":[{"embeddable":true,"href":"https:\/\/projects.ift.uam-csic.es\/grass\/index.php?rest_route=\/wp\/v2\/pages\/104"}],"wp:attachment":[{"href":"https:\/\/projects.ift.uam-csic.es\/grass\/index.php?rest_route=%2Fwp%2Fv2%2Fmedia&parent=133"}],"curies":[{"name":"wp","href":"https:\/\/api.w.org\/{rel}","templated":true}]}}