{"id":126,"date":"2018-10-04T20:16:33","date_gmt":"2018-10-04T18:16:33","guid":{"rendered":"http:\/\/projects.ift.uam-csic.es\/grass\/?page_id=126"},"modified":"2023-03-23T10:24:53","modified_gmt":"2023-03-23T09:24:53","slug":"angel-murcia","status":"publish","type":"page","link":"https:\/\/projects.ift.uam-csic.es\/grass\/?page_id=126","title":{"rendered":"\u00c1ngel Murcia"},"content":{"rendered":"<figure id=\"attachment_543\" aria-describedby=\"caption-attachment-543\" style=\"width: 2560px\" class=\"wp-caption aligncenter\"><img loading=\"lazy\" decoding=\"async\" class=\"size-full wp-image-543\" src=\"http:\/\/projects.ift.uam-csic.es\/grass\/wp-content\/uploads\/2023\/03\/Angel-tesis-scaled.jpeg\" alt=\"Angel Murcia\" width=\"2560\" height=\"1707\" srcset=\"https:\/\/projects.ift.uam-csic.es\/grass\/wp-content\/uploads\/2023\/03\/Angel-tesis-scaled.jpeg 2560w, https:\/\/projects.ift.uam-csic.es\/grass\/wp-content\/uploads\/2023\/03\/Angel-tesis-300x200.jpeg 300w, https:\/\/projects.ift.uam-csic.es\/grass\/wp-content\/uploads\/2023\/03\/Angel-tesis-1024x683.jpeg 1024w, https:\/\/projects.ift.uam-csic.es\/grass\/wp-content\/uploads\/2023\/03\/Angel-tesis-768x512.jpeg 768w, https:\/\/projects.ift.uam-csic.es\/grass\/wp-content\/uploads\/2023\/03\/Angel-tesis-1536x1024.jpeg 1536w, https:\/\/projects.ift.uam-csic.es\/grass\/wp-content\/uploads\/2023\/03\/Angel-tesis-2048x1366.jpeg 2048w\" sizes=\"auto, (max-width: 767px) 89vw, (max-width: 1000px) 54vw, (max-width: 1071px) 543px, 580px\" \/><figcaption id=\"caption-attachment-543\" class=\"wp-caption-text\">Angel Murcia<\/figcaption><\/figure>\n<p>Nac\u00ed el 20 de septiembre de 1995 en el lugar m\u00e1s privilegiado que probablemente exista\u00a0 sobre la faz de la Tierra: Guardamar del Segura (Alicante). Se trata de una peque\u00f1a\u00a0\u00a0 localidad situada en la desembocadura del otrora majestuoso r\u00edo Segura, con una historia milenaria que solo podr\u00eda hallarse escrita en su totalidad en los infinitos libros de la \u00a0 m\u00e1gica biblioteca borgiana.<\/p>\n<p>Realic\u00e9 mis estudios preuniversitarios en el Colegio Diocesano Santo Domingo de Orihuela \u00a0 (Alicante), conocido por su magn\u00edfica arquitectura renacentista y barroca, as\u00ed como por\u00a0 haber educado a personajes tan ilustres y egregios como el poeta oriolano Miguel \u00a0 Hern\u00e1ndez.<\/p>\n<p>Posteriormente, remont\u00e9 el r\u00edo Segura hasta Murcia para estudiar el Grado en F\u00edsica en la \u00a0 Universidad de Murcia entre 2013 y 2017. Despu\u00e9s de lograr el Premio Extraordinario de\u00a0 Fin de Grado, opt\u00e9 por abandonar los hermosos meandros del Segura para iniciar una nueva \u00a0\u00a0 etapa en Madrid. Entre 2017 y 2018 realic\u00e9 el M\u00e1ster en F\u00edsica Te\u00f3rica (Especialidad de Part\u00edculas Elementales y Cosmolog\u00eda) en la Universidad Aut\u00f3noma de Madrid.<\/p>\n<p>Tras obtener el Premio Extraordinario de Fin de M\u00e1ster, maravillado por la belleza de las \u00a0\u00a0\u00a0 matem\u00e1ticas que gobiernan la gravedad, llev\u00e9 a cabo un Doctorado en F\u00edsica Te\u00f3rica en la \u00a0\u00a0\u00a0 Universidad Aut\u00f3noma de Madrid (concretamente, en el Instituto de F\u00edsica Te\u00f3rica\u00a0\u00a0 UAM-CSIC) bajo la direcci\u00f3n de Tom\u00e1s Ort\u00edn y Carlos Shahbazi entre 2018 y 2022,\u00a0 financiado con una beca FPU del Ministerio de Universidades. Durante dicha etapa, pude trabajar intensamente junto al investigador Pablo Cano y, adem\u00e1s, tuve la gran oportunidad de realizar un estancia cient\u00edfica en el Departamento de Matem\u00e1ticas de la \u00a0 Universidad de Hamburgo, donde trabaj\u00e9 con el investigador Vicente Cort\u00e9s.\u00a0 Actualmente, \u00a0 soy investigador postdoctoral en el Istituto Nazionale di Fisica Nucleare, Sezione di\u00a0 Padova (Italia).<\/p>\n<p>En particular, mi investigaci\u00f3n est\u00e1 centrada en el estudio de aspectos cl\u00e1sicos y\u00a0 cu\u00e1nticos de la gravedad a trav\u00e9s de las teor\u00edas de gravedad de orden superior, que son\u00a0 modificaciones naturales de la Relatividad General que mantienen intactos los principios\u00a0 b\u00e1sicos sobre los cuales se construy\u00f3 la teor\u00eda de Einstein. Asimismo, estoy interesado\u00a0 en la conexi\u00f3n de estas teor\u00edas con aspectos de geometr\u00eda diferencial y holograf\u00eda.<\/p>\n<p>&nbsp;<\/p>\n","protected":false},"excerpt":{"rendered":"<p>Nac\u00ed el 20 de septiembre de 1995 en el lugar m\u00e1s privilegiado que probablemente exista\u00a0 sobre la faz de la Tierra: Guardamar del Segura (Alicante). Se trata de una peque\u00f1a\u00a0\u00a0 localidad situada en la desembocadura del otrora majestuoso r\u00edo Segura, con una historia milenaria que solo podr\u00eda hallarse escrita en su totalidad en los infinitos &hellip; <\/p>\n<p class=\"link-more\"><a href=\"https:\/\/projects.ift.uam-csic.es\/grass\/?page_id=126\" class=\"more-link\">Continuar leyendo<span class=\"screen-reader-text\"> \u00ab\u00c1ngel Murcia\u00bb<\/span><\/a><\/p>\n","protected":false},"author":1,"featured_media":0,"parent":256,"menu_order":0,"comment_status":"closed","ping_status":"closed","template":"","meta":{"jetpack_post_was_ever_published":false,"footnotes":""},"class_list":["post-126","page","type-page","status-publish","hentry"],"jetpack_sharing_enabled":true,"jetpack_shortlink":"https:\/\/wp.me\/PaCiv5-22","_links":{"self":[{"href":"https:\/\/projects.ift.uam-csic.es\/grass\/index.php?rest_route=\/wp\/v2\/pages\/126","targetHints":{"allow":["GET"]}}],"collection":[{"href":"https:\/\/projects.ift.uam-csic.es\/grass\/index.php?rest_route=\/wp\/v2\/pages"}],"about":[{"href":"https:\/\/projects.ift.uam-csic.es\/grass\/index.php?rest_route=\/wp\/v2\/types\/page"}],"author":[{"embeddable":true,"href":"https:\/\/projects.ift.uam-csic.es\/grass\/index.php?rest_route=\/wp\/v2\/users\/1"}],"replies":[{"embeddable":true,"href":"https:\/\/projects.ift.uam-csic.es\/grass\/index.php?rest_route=%2Fwp%2Fv2%2Fcomments&post=126"}],"version-history":[{"count":6,"href":"https:\/\/projects.ift.uam-csic.es\/grass\/index.php?rest_route=\/wp\/v2\/pages\/126\/revisions"}],"predecessor-version":[{"id":545,"href":"https:\/\/projects.ift.uam-csic.es\/grass\/index.php?rest_route=\/wp\/v2\/pages\/126\/revisions\/545"}],"up":[{"embeddable":true,"href":"https:\/\/projects.ift.uam-csic.es\/grass\/index.php?rest_route=\/wp\/v2\/pages\/256"}],"wp:attachment":[{"href":"https:\/\/projects.ift.uam-csic.es\/grass\/index.php?rest_route=%2Fwp%2Fv2%2Fmedia&parent=126"}],"curies":[{"name":"wp","href":"https:\/\/api.w.org\/{rel}","templated":true}]}}