{"id":107,"date":"2018-10-04T20:07:20","date_gmt":"2018-10-04T18:07:20","guid":{"rendered":"http:\/\/projects.ift.uam-csic.es\/grass\/?page_id=107"},"modified":"2018-10-04T20:07:45","modified_gmt":"2018-10-04T18:07:45","slug":"igor-bandos","status":"publish","type":"page","link":"https:\/\/projects.ift.uam-csic.es\/grass\/?page_id=107","title":{"rendered":"Igor Bandos"},"content":{"rendered":"<p><img loading=\"lazy\" decoding=\"async\" class=\"size-medium wp-image-50 alignleft\" src=\"http:\/\/projects.ift.uam-csic.es\/grass\/wp-content\/uploads\/2018\/10\/IgAug2018-225x300.jpg\" alt=\"Igor Bandos\" width=\"225\" height=\"300\" srcset=\"https:\/\/projects.ift.uam-csic.es\/grass\/wp-content\/uploads\/2018\/10\/IgAug2018-225x300.jpg 225w, https:\/\/projects.ift.uam-csic.es\/grass\/wp-content\/uploads\/2018\/10\/IgAug2018-768x1024.jpg 768w\" sizes=\"auto, (max-width: 225px) 100vw, 225px\" \/><\/p>\n<p>Nac\u00ed en la ciudad de Kharkov, en Ucrania que este tiempo era una parte de la Uni\u00f3n Sovi\u00e9tica. En esta misma ciudad, en Facultad de<br \/>\nF\u00edsica y Tecnolog\u00eda de la Universidad de Kharkov, termin\u00e9 mis estudios universitarios (1982) y escrib\u00ed mi tesis doctoral, que<br \/>\ndefend\u00ed en 1986.<\/p>\n<p>Trabaj\u00e9 en la Universidad Estatal de Kharkov (1986-1991) y despu\u00e9s tuve un\u00a0 puesto permamente en el Instituto de F\u00edsica Te\u00f3rica del Centro Nacional Cientifico <em>Kharkov Institute of Physics and Technology<\/em> (KIPT). All\u00ed tuve el\u00a0 honor de colaborar con Dmitri Volkov, uno de los inventores del concepto de supersimetr\u00eda y supergravedad. En los a\u00f1os noventa, en colaboraci\u00f3n con Dmitri Volkov, Dmitri Sorokin (KIPT) y colegas de la Universidad de Padova (Italia) Paolo Pasti y Mario Tonin desarrollamos el enfoque de <em>superembedding<\/em> para las super-p-branas y despu\u00e9s (ya sin Dmitri Volkov, quien nos abandon\u00f3 en 1996) construimos la acci\u00f3n de super-5-brana D=11, conocida como 5-brana de teor\u00eda M o M5-brana, as\u00ed como\u00a0 la formulaci\u00f3n nueva de supergravedad D=11 invariante sobre la dualidad que se necesitaba para acoplar supergravedad a M5-brana (con D. Sorokin y N. Berkovits).<\/p>\n<p>Fui<em> Lise Meitner Fellow<\/em> en la\u00a0 <em>Technical University of Wien<\/em> (Austria) y miembro asociado del <em>Abdus Salam International Center for<\/em><br \/>\n<em>Theoretical Physics<\/em> (Trieste, Italia). Ocup\u00e9 un puesto de Profesor Visitante en la Universidad de Valencia (UVEG) donde colabor\u00e9 con el Profesor Jos\u00e9 de Azc\u00e1rraga. Con \u00e9l desarrollamos el enfoque de superespacios tensoriales a la teor\u00eda de los campos de espines altos en D=4,6,10, propuesta antes en colaboraci\u00f3n con Dmitri Sorokin (Padova, Italia) y Jerzy Lukierski (Wroclaw, Polonia), y el concepto relacionado de los preones BPS, los constituyentes hipot\u00e9ticos de la teor\u00eda M en D=11. Tambi\u00e9n desarrollamos la descripci\u00f3n Lagrangiana completa de la supergravedad din\u00e1mica en interacci\u00f3n con super-p-branas.<\/p>\n<p>Desde 2008 soy Profesor Ikerbasque en la Universidad del Pa\u00eds Vasco UPV\/EHU (Bilbao). Empec\u00e9 a colaborar con Tom\u00e1s Ort\u00edn a trav\u00e9s de unos proyectos de internacionalizaci\u00f3n y, desde 2012, del proyecto GRASS.<\/p>\n<p>Mis investigaciones recientes se centran en la b\u00fasqueda de una<br \/>\nformulaci\u00f3n Lagrangiana completa de branas ex\u00f3ticas y los sistemas de branas m\u00faltiples, en teor\u00edas efectivas del Universo construidas en marco de supergravedad cuadridimensional en interacci\u00f3n con p-branas, y en desarrollo de las aplicaciones del enfoque de <em>spinor <\/em><em>moving frame<\/em> al c\u00e1lculo de las amplitudes en teor\u00edas cu\u00e1nticas de campos supersim\u00e9tricas y teor\u00eda de cuerdas.<\/p>\n","protected":false},"excerpt":{"rendered":"<p>Nac\u00ed en la ciudad de Kharkov, en Ucrania que este tiempo era una parte de la Uni\u00f3n Sovi\u00e9tica. En esta misma ciudad, en Facultad de F\u00edsica y Tecnolog\u00eda de la Universidad de Kharkov, termin\u00e9 mis estudios universitarios (1982) y escrib\u00ed mi tesis doctoral, que defend\u00ed en 1986. Trabaj\u00e9 en la Universidad Estatal de Kharkov (1986-1991) &hellip; <\/p>\n<p class=\"link-more\"><a href=\"https:\/\/projects.ift.uam-csic.es\/grass\/?page_id=107\" class=\"more-link\">Continuar leyendo<span class=\"screen-reader-text\"> \u00abIgor Bandos\u00bb<\/span><\/a><\/p>\n","protected":false},"author":1,"featured_media":0,"parent":256,"menu_order":1,"comment_status":"closed","ping_status":"closed","template":"","meta":{"footnotes":""},"class_list":["post-107","page","type-page","status-publish","hentry"],"jetpack_sharing_enabled":true,"jetpack_shortlink":"https:\/\/wp.me\/PaCiv5-1J","_links":{"self":[{"href":"https:\/\/projects.ift.uam-csic.es\/grass\/index.php?rest_route=\/wp\/v2\/pages\/107","targetHints":{"allow":["GET"]}}],"collection":[{"href":"https:\/\/projects.ift.uam-csic.es\/grass\/index.php?rest_route=\/wp\/v2\/pages"}],"about":[{"href":"https:\/\/projects.ift.uam-csic.es\/grass\/index.php?rest_route=\/wp\/v2\/types\/page"}],"author":[{"embeddable":true,"href":"https:\/\/projects.ift.uam-csic.es\/grass\/index.php?rest_route=\/wp\/v2\/users\/1"}],"replies":[{"embeddable":true,"href":"https:\/\/projects.ift.uam-csic.es\/grass\/index.php?rest_route=%2Fwp%2Fv2%2Fcomments&post=107"}],"version-history":[{"count":2,"href":"https:\/\/projects.ift.uam-csic.es\/grass\/index.php?rest_route=\/wp\/v2\/pages\/107\/revisions"}],"predecessor-version":[{"id":109,"href":"https:\/\/projects.ift.uam-csic.es\/grass\/index.php?rest_route=\/wp\/v2\/pages\/107\/revisions\/109"}],"up":[{"embeddable":true,"href":"https:\/\/projects.ift.uam-csic.es\/grass\/index.php?rest_route=\/wp\/v2\/pages\/256"}],"wp:attachment":[{"href":"https:\/\/projects.ift.uam-csic.es\/grass\/index.php?rest_route=%2Fwp%2Fv2%2Fmedia&parent=107"}],"curies":[{"name":"wp","href":"https:\/\/api.w.org\/{rel}","templated":true}]}}