{"id":2631,"date":"2026-03-17T14:54:32","date_gmt":"2026-03-17T13:54:32","guid":{"rendered":"https:\/\/projects.ift.uam-csic.es\/doctorado\/?page_id=2631"},"modified":"2026-04-08T10:47:50","modified_gmt":"2026-04-08T08:47:50","slug":"string-theory","status":"publish","type":"page","link":"https:\/\/projects.ift.uam-csic.es\/doctorado\/string-theory\/","title":{"rendered":"Doctoral Course String Theory 2026"},"content":{"rendered":"<p>[et_pb_section fb_built=&#8221;1&#8243; _builder_version=&#8221;4.27.4&#8243; _module_preset=&#8221;default&#8221; locked=&#8221;off&#8221; global_colors_info=&#8221;{}&#8221;][et_pb_row _builder_version=&#8221;4.27.4&#8243; _module_preset=&#8221;default&#8221; locked=&#8221;off&#8221; global_colors_info=&#8221;{}&#8221;][et_pb_column type=&#8221;4_4&#8243; _builder_version=&#8221;4.27.4&#8243; _module_preset=&#8221;default&#8221; global_colors_info=&#8221;{}&#8221;][et_pb_text _builder_version=&#8221;4.27.4&#8243; _module_preset=&#8221;default&#8221; global_colors_info=&#8221;{}&#8221;]<\/p>\n<h2 style=\"font-family: 'Montserrat',Helvetica,Arial,Lucida,sans-serif; font-weight: bold; font-size: 40px; line-height: 1.2em;\"><span data-olk-copy-source=\"MessageBody\">String Theory<\/span><\/h2>\n<p>[\/et_pb_text][\/et_pb_column][\/et_pb_row][et_pb_row _builder_version=&#8221;4.27.4&#8243; _module_preset=&#8221;default&#8221; custom_padding=&#8221;14px|||||&#8221; global_colors_info=&#8221;{}&#8221;][et_pb_column type=&#8221;4_4&#8243; _builder_version=&#8221;4.27.4&#8243; _module_preset=&#8221;default&#8221; global_colors_info=&#8221;{}&#8221;][et_pb_text _builder_version=&#8221;4.27.4&#8243; _module_preset=&#8221;default&#8221; locked=&#8221;off&#8221; global_colors_info=&#8221;{}&#8221;]<\/p>\n<h4 style=\"font-family: 'Montserrat',Helvetica,Arial,Lucida,sans-serif; line-height: 1.4em; font-size: 20px; color: #e9ac2c;\">By Miguel Montero<\/h4>\n<p>[\/et_pb_text][\/et_pb_column][\/et_pb_row][et_pb_row column_structure=&#8221;1_2,1_2&#8243; disabled_on=&#8221;off|off|off&#8221; _builder_version=&#8221;4.27.4&#8243; _module_preset=&#8221;default&#8221; locked=&#8221;off&#8221; global_colors_info=&#8221;{}&#8221;][et_pb_column type=&#8221;1_2&#8243; _builder_version=&#8221;4.27.4&#8243; _module_preset=&#8221;default&#8221; global_colors_info=&#8221;{}&#8221;][et_pb_text _builder_version=&#8221;4.27.4&#8243; _module_preset=&#8221;default&#8221; global_colors_info=&#8221;{}&#8221;]<\/p>\n<p><!-- Tabla --><\/p>\n<div style=\"border: 2px solid #000; border-radius: 15px; padding: 10px; margin-bottom: 10px;\">\n<p style=\"font-family: 'Montserrat',Helvetica,Arial,Lucida,sans-serif; line-height: 1.4em; font-size: 100%; color: #000; font-weight: 500;\"><img decoding=\"async\" src=\"https:\/\/s.w.org\/images\/core\/emoji\/16.0.1\/svg\/1f464.svg\" alt=\"\" style=\"max-width: 5%;\" \/><br \/><b>Lecturer<\/b><br \/>Miguel Montero<\/p>\n<\/div>\n<div style=\"border: 2px solid #000; border-radius: 15px; padding: 10px; margin-bottom: 10px;\">\n<p style=\"font-family: 'Montserrat',Helvetica,Arial,Lucida,sans-serif; line-height: 1.4em; font-size: 100%; color: #000; font-weight: 500;\"><img decoding=\"async\" src=\"https:\/\/s.w.org\/images\/core\/emoji\/16.0.1\/svg\/1f4cd.svg\" alt=\"\" style=\"max-width: 5%;\" \/><br \/><b>Places<\/b><\/p>\n<p style=\"font-family: 'Montserrat',Helvetica,Arial,Lucida,sans-serif; line-height: 1.4em; font-size: 100%; color: #000; font-weight: 500;\"><b><\/b><b>Sala Roja<\/b>, Instituto de F\u00edsica Te\u00f3rica (IFT) April 07, 21, 28. May 5 &amp; 6.<br \/><strong>Sala Azul,<\/strong> Instituto de F\u00edsica Te\u00f3rica (IFT) April 20 &amp; 22. <strong>2026<\/strong><\/p>\n<\/div>\n<div style=\"border: 2px solid #000; border-radius: 15px; padding: 10px;\">\n<p style=\"font-family: 'Montserrat',Helvetica,Arial,Lucida,sans-serif; line-height: 1.4em; font-size: 100%; color: #000; font-weight: 500;\"><img decoding=\"async\" src=\"https:\/\/s.w.org\/images\/core\/emoji\/16.0.1\/svg\/23f0.svg\" alt=\"\" style=\"max-width: 5%;\" \/><br \/><b>Date &amp; Time<\/b><\/p>\n<p class=\"cvGsUA direction-ltr align-start para-style-body\"><span class=\"a_GcMg font-feature-liga-off font-feature-clig-off font-feature-calt-off text-decoration-none text-strikethrough-none\">07\/04: 15h a 18h<\/span><\/p>\n<p class=\"cvGsUA direction-ltr align-start para-style-body\"><span class=\"a_GcMg font-feature-liga-off font-feature-clig-off font-feature-calt-off text-decoration-none text-strikethrough-none\">20\/04: 15h a 17h<\/span><\/p>\n<p class=\"cvGsUA direction-ltr align-start para-style-body\"><span class=\"a_GcMg font-feature-liga-off font-feature-clig-off font-feature-calt-off text-decoration-none text-strikethrough-none\">21\/04: 12h a 14h<\/span><\/p>\n<p class=\"cvGsUA direction-ltr align-start para-style-body\"><span class=\"a_GcMg font-feature-liga-off font-feature-clig-off font-feature-calt-off text-decoration-none text-strikethrough-none\">22\/04: 12h a 14h<\/span><\/p>\n<p class=\"cvGsUA direction-ltr align-start para-style-body\"><span class=\"a_GcMg font-feature-liga-off font-feature-clig-off font-feature-calt-off text-decoration-none text-strikethrough-none\">28\/04: 15h a 18h<\/span><\/p>\n<p class=\"cvGsUA direction-ltr align-start para-style-body\"><span class=\"a_GcMg font-feature-liga-off font-feature-clig-off font-feature-calt-off text-decoration-none text-strikethrough-none\">05\/05: 15h a 18h<\/span><\/p>\n<p class=\"cvGsUA direction-ltr align-start para-style-body\"><span class=\"a_GcMg font-feature-liga-off font-feature-clig-off font-feature-calt-off text-decoration-none text-strikethrough-none\">06\/05: 17h a 18h<\/span><\/p>\n<\/div>\n<p>[\/et_pb_text][\/et_pb_column][et_pb_column type=&#8221;1_2&#8243; _builder_version=&#8221;4.27.4&#8243; _module_preset=&#8221;default&#8221; global_colors_info=&#8221;{}&#8221;][et_pb_text _builder_version=&#8221;4.27.4&#8243; _module_preset=&#8221;default&#8221; global_colors_info=&#8221;{}&#8221;]<\/p>\n<div style=\"border: 2px solid #000; border-radius: 15px; padding: 10px; margin-bottom: 10px;\">\n<p style=\"font-family: 'Montserrat',Helvetica,Arial,Lucida,sans-serif; line-height: 1.4em; font-size: 100%; color: #000; font-weight: 500;\"><img decoding=\"async\" src=\"https:\/\/s.w.org\/images\/core\/emoji\/16.0.1\/svg\/1f5d3.svg\" alt=\"\" style=\"max-width: 5%;\" \/><br \/><b>April &amp; May 2026<\/b><\/p>\n<\/div>\n<div style=\"border: 2px solid #000; border-radius: 15px; padding: 10px; margin-bottom: 10px;\">\n<p style=\"font-family: 'Montserrat',Helvetica,Arial,Lucida,sans-serif; line-height: 1.4em; font-size: 100%; color: #000; font-weight: 500;\"><img decoding=\"async\" draggable=\"false\" role=\"img\" class=\"emoji\" src=\"https:\/\/s.w.org\/images\/core\/emoji\/16.0.1\/svg\/1f393.svg\" style=\"max-width: 5%;\" \/><br \/><b>Organizers<\/b><\/p>\n<p>Miguel Montero<\/p>\n<\/div>\n<div style=\"border: 2px solid #000; border-radius: 15px; padding: 10px;\">\n<p style=\"font-family: 'Montserrat',Helvetica,Arial,Lucida,sans-serif; line-height: 1.4em; font-size: 100%; color: #000; font-weight: 500;\"><img decoding=\"async\" src=\"https:\/\/s.w.org\/images\/core\/emoji\/16.0.1\/svg\/1f4dd.svg\" alt=\"\" style=\"max-width: 5%;\" \/><br \/><b>Registration<\/b><br \/>Please register via the <a href=\"https:\/\/docs.google.com\/forms\/d\/e\/1FAIpQLScbchp0FKnVas_Ms7maE9unq9gTgtJv0oVZ6Pj2vEYnmbe5FA\/viewform?pli=1\" target=\"_blank\" rel=\"noopener\">Google Form<\/a><br \/>Registration deadline: 06 April 2026<\/p>\n<\/div>\n<p>[\/et_pb_text][\/et_pb_column][\/et_pb_row][et_pb_row _builder_version=&#8221;4.27.4&#8243; _module_preset=&#8221;default&#8221; locked=&#8221;off&#8221; global_colors_info=&#8221;{}&#8221;][et_pb_column type=&#8221;4_4&#8243; _builder_version=&#8221;4.27.4&#8243; _module_preset=&#8221;default&#8221; global_colors_info=&#8221;{}&#8221;][et_pb_text _builder_version=&#8221;4.27.4&#8243; _module_preset=&#8221;default&#8221; global_colors_info=&#8221;{}&#8221;]<\/p>\n<h3 style=\"font-family: 'Montserrat',Helvetica,Arial,Lucida,sans-serif; line-height: 1.4em; font-size: 25px;\">Abstract<\/h3>\n<p>[\/et_pb_text][et_pb_toggle title=&#8221;More Info: Abstract&#8221; open_toggle_text_color=&#8221;#000000&#8243; open_toggle_background_color=&#8221;#FFFFFF&#8221; closed_toggle_text_color=&#8221;#000000&#8243; closed_toggle_background_color=&#8221;#e9ac2c&#8221; icon_color=&#8221;#24781a&#8221; toggle_icon=&#8221;&#x50;||divi||400&#8243; open_icon_color=&#8221;#24781a&#8221; open_toggle_icon=&#8221;&#x4f;||divi||400&#8243; _builder_version=&#8221;4.27.4&#8243; _module_preset=&#8221;default&#8221; title_text_color=&#8221;#000000&#8243; border_radii=&#8221;on|20px|20px|20px|20px&#8221; global_colors_info=&#8221;{}&#8221;]<\/p>\n<div class=\"x_elementToProof\" data-olk-copy-source=\"MessageBody\">\n<div><span data-canva-clipboard=\"ewAiAGEAIgA6ADUALAAiAGgAIgA6ACIAdwB3AHcALgBjAGEAbgB2AGEALgBjAG8AbQAiACwAIgBjACIAOgAiAEQAQQBHAF8ANQBsAEsAYgB1ADYANAAiACwAIgBpACIAOgAiAHgAawBIADQAYwBJADYAUQBvAEgAYgBLAEoAdgBMAFYAWABoAGwAbgBNAEEAIgAsACIAYgAiADoAMQA3ADcAMwA3ADUAMgAzADkANgA2ADgAOQAsACIAbQAiADoAewB9ACwAIgBBAD8AIgA6ACIAQgAiACwAIgBBACIAOgBbAHsAIgBBACIAOgA1ADYANQAuADUANAAzADAAOAAzADQAOAA0ADUAOQA5ADUALAAiAEIAIgA6ADEANgA0AC4AMAA4ADcAMgA4ADUANgAwADMAOAA1ADkANwA1ACwAIgBEACIAOgA4ADcAOAAuADEANwAyADUANQA2ADkAMQA1ADgAMgA1ACwAIgBDACIAOgAzADMAMgAuADYANQAwADAANwA2ADkAMgAxADIAOAAyADMALAAiAEEAPwAiADoAIgBLACIALAAiAF8AIgA6ACIATABCAHkAawA0AGsAawA2ADYARwBsADUAegBHAE0AMQAiACwAIgBhACIAOgB7ACIAQQAiADoAWwB7ACIAQQA\/ACIAOgAiAEEAIgAsACIAQQAiADoAIgBUAGgAZQAgAGMAbwB1AHIAcwBlACAAcAByAG8AdgBpAGQAZQBzACAAYQBuACAAaQBuAHQAcgBvAGQAdQBjAHQAaQBvAG4AIAB0AG8AIABzAHQAcgBpAG4AZwAgAHQAaABlAG8AcgB5ACwAIABpAG4AYwBsAHUAZABpAG4AZwAgAHQAaABlACAAYgBvAHMAbwBuAGkAYwAgAHMAdAByAGkAbgBnACAAdABoAGUAbwByAHkALAAgAHQAaABlACAANQAgAHMAdQBwAGUAcgBzAHkAbQBtAGUAdAByAGkAYwAgAHMAdAByAGkAbgBnACAAdABoAGUAbwByAGkAZQBzACAAaQBuACAAdABlAG4AIABzAHAAYQBjAGUAdABpAG0AZQAgAGQAaQBtAGUAbgBzAGkAbwBuAHMALAAgAHQAbwByAG8AaQBkAGEAbAAgAGMAbwBtAHAAYQBjAHQAaQBmAGkAYwBhAHQAaQBvAG4ALAAgAGQAdQBhAGwAaQB0AGkAZQBzACwAIABNAC0AdABoAGUAbwByAHkALAAgAEQALQBiAHIAYQBuAGUAcwAgAGEAbgBkACAAQQBkAFMALwBDAEYAVAAgAGgAbwBsAG8AZwByAGEAcABoAHkALgAgAFwAbgBUAGgAZQAgAGMAbwB1AHIAcwBlACAAcgBlAHEAdQBpAHIAZQBzACAAbwBuAGwAeQAgAGIAYQBzAGkAYwAgAGsAbgBvAHcAbABlAGQAZwBlACAAbwBmACAAcQB1AGEAbgB0AHUAbQAgAGYAaQBlAGwAZAAgAHQAaABlAG8AcgB5ACAAYQBuAGQAIABnAGUAbgBlAHIAYQBsACAAcgBlAGwAYQB0AGkAdgBpAHQAeQAsACAAdwBpAHQAaAAgAG4AbwAgAHAAcgBpAG8AcgAgAGIAYQBjAGsAZwByAG8AdQBuAGQAIABpAG4AIABzAHQAcgBpAG4AZwAgAHQAaABlAG8AcgB5ACAAbgBlAGUAZABlAGQALgBcAG4AIgB9AF0ALAAiAEIAIgA6AFsAewAiAEEAPwAiADoAIgBBACIALAAiAEEAIgA6AHsAIgBjAG8AbABvAHIAIgA6AHsAIgBCACIAOgAiACMAMAAwADAAMAAwADAAIgB9ACwAIgBmAGkAbABsAC0AaQBkACIAOgB7ACIAQgAiADoAIgBuAG8AbgBlACIAfQAsACIAZgBvAG4AdAAtAGYAYQBtAGkAbAB5ACIAOgB7ACIAQgAiADoAIgBZAEEARgBkAEoAawBzAFgAYwBBAGsALAAwACIAfQAsACIAZgBvAG4AdAAtAGsAZQByAG4AaQBuAGcAIgA6AHsAIgBCACIAOgAiAG4AbwByAG0AYQBsACIAfQAsACIAZgBvAG4AdAAtAHMAaQB6AGUAIgA6AHsAIgBCACIAOgAiADMAMwAuADMAMwAyADkAIgB9ACwAIgBsAGUAYQBkAGkAbgBnACIAOgB7ACIAQgAiADoAIgAxADQAMAAwAC4AMAAiAH0ALAAiAHMAcABhAGMAaQBuAGcAIgA6AHsAIgBCACIAOgAiADAALgAwACIAfQAsACIAdABlAHgAdAAtAGEAbABpAGcAbgAiADoAewAiAEIAIgA6ACIAYwBlAG4AdABlAHIAIgB9ACwAIgB0AGUAeAB0AC0AdAByAGEAbgBzAGYAbwByAG0AIgA6AHsAIgBCACIAOgAiAG4AbwBuAGUAIgB9ACwAIgB0AHIAYQBjAGsAaQBuAGcAIgA6AHsAIgBCACIAOgAiAC0AMgAwAC4AMAAiAH0AfQB9ACwAewAiAEEAPwAiADoAIgBCACIALAAiAEEAIgA6ADMANwA4AH0ALAB7ACIAQQA\/ACIAOgAiAEEAIgAsACIAQQAiADoAewAiAGMAbwBsAG8AcgAiADoAewB9ACwAIgBmAGkAbABsAC0AaQBkACIAOgB7AH0ALAAiAGYAbwBuAHQALQBmAGEAbQBpAGwAeQAiADoAewB9ACwAIgBmAG8AbgB0AC0AawBlAHIAbgBpAG4AZwAiADoAewB9ACwAIgBmAG8AbgB0AC0AcwBpAHoAZQAiADoAewB9ACwAIgBsAGUAYQBkAGkAbgBnACIAOgB7AH0ALAAiAHMAcABhAGMAaQBuAGcAIgA6AHsAfQAsACIAdABlAHgAdAAtAGEAbABpAGcAbgAiADoAewB9ACwAIgB0AGUAeAB0AC0AdAByAGEAbgBzAGYAbwByAG0AIgA6AHsAfQAsACIAdAByAGEAYwBrAGkAbgBnACIAOgB7AH0AfQB9AF0AfQAsACIAYgAiADoAewAiAEEAIgA6AFsANAA2ACwANAA5ACwANQAwACwANQAwACwANAA0ACwANAA0ACwANQAwACwANAA1AF0AfQAsACIAZAAiADoAIgBBACIALAAiAGUAIgA6ADkANQAzAC4AOAA5ADQANQA0ADMANwAxADEAOAA1ADMAOAAsACIAZgAiADoAMwA2ADEALgAzADMAMwA0ADIALAAiAGgAIgA6ACIAQQAiAH0AXQAsACIAQgAiADoAMQAxADIAMgAuADUAMQA5ADYAOAA1ADAAMwA5ADMANwAsACIAQwAiADoAMQA1ADgANwAuADQAMAAxADUANwA0ADgAMAAzADEANAA5ADUAfQA=\"><\/span><\/p>\n<div>\n<div>\n<p><span>The course provides an introduction to string theory, including the bosonic string theory, the 5 supersymmetric string theories in ten spacetime dimensions, toroidal compactification, dualities, M-theory, D-branes and AdS\/CFT holography. <\/span><\/p>\n<\/div>\n<div>\n<p><span>The course requires only basic knowledge of quantum field theory and general relativity, with no prior background in string theory needed.<\/span><\/p>\n<\/div>\n<\/div>\n<\/div>\n<p><b style=\"font-size: 16px;\"><\/b><\/div>\n<p>[\/et_pb_toggle][et_pb_text _builder_version=&#8221;4.27.4&#8243; _module_preset=&#8221;default&#8221; global_colors_info=&#8221;{}&#8221;]<\/p>\n<p style=\"font-family: 'Montserrat',Helvetica,Arial,Lucida,sans-serif; line-height: 1.4em; font-size: 100%; color: #000; font-weight: 500;\">More information: Please contact miguel.montero@csic.es<\/p>\n<p>[\/et_pb_text][\/et_pb_column][\/et_pb_row][et_pb_row _builder_version=&#8221;4.27.4&#8243; _module_preset=&#8221;default&#8221; global_colors_info=&#8221;{}&#8221;][et_pb_column type=&#8221;4_4&#8243; _builder_version=&#8221;4.27.4&#8243; _module_preset=&#8221;default&#8221; global_colors_info=&#8221;{}&#8221;][et_pb_image src=&#8221;https:\/\/projects.ift.uam-csic.es\/doctorado\/wp-content\/uploads\/2026\/04\/ST2026-scaled.png&#8221; title_text=&#8221;ST2026&#8243; _builder_version=&#8221;4.27.4&#8243; _module_preset=&#8221;default&#8221; global_colors_info=&#8221;{}&#8221;][\/et_pb_image][\/et_pb_column][\/et_pb_row][\/et_pb_section]<\/p>\n","protected":false},"excerpt":{"rendered":"<p>String TheoryBy Miguel Montero LecturerMiguel Montero Places Sala Roja, Instituto de F\u00edsica Te\u00f3rica (IFT) April 07, 21, 28. May 5 &amp; 6.Sala Azul, Instituto de F\u00edsica Te\u00f3rica (IFT) April 20 &amp; 22. 2026 Date &amp; Time 07\/04: 15h a 18h 20\/04: 15h a 17h 21\/04: 12h a 14h 22\/04: 12h a 14h 28\/04: 15h a [&hellip;]<\/p>\n","protected":false},"author":1,"featured_media":0,"parent":0,"menu_order":0,"comment_status":"closed","ping_status":"closed","template":"","meta":{"_et_pb_use_builder":"on","_et_pb_old_content":"","_et_gb_content_width":"","footnotes":""},"class_list":["post-2631","page","type-page","status-publish","hentry"],"_links":{"self":[{"href":"https:\/\/projects.ift.uam-csic.es\/doctorado\/wp-json\/wp\/v2\/pages\/2631","targetHints":{"allow":["GET"]}}],"collection":[{"href":"https:\/\/projects.ift.uam-csic.es\/doctorado\/wp-json\/wp\/v2\/pages"}],"about":[{"href":"https:\/\/projects.ift.uam-csic.es\/doctorado\/wp-json\/wp\/v2\/types\/page"}],"author":[{"embeddable":true,"href":"https:\/\/projects.ift.uam-csic.es\/doctorado\/wp-json\/wp\/v2\/users\/1"}],"replies":[{"embeddable":true,"href":"https:\/\/projects.ift.uam-csic.es\/doctorado\/wp-json\/wp\/v2\/comments?post=2631"}],"version-history":[{"count":8,"href":"https:\/\/projects.ift.uam-csic.es\/doctorado\/wp-json\/wp\/v2\/pages\/2631\/revisions"}],"predecessor-version":[{"id":2869,"href":"https:\/\/projects.ift.uam-csic.es\/doctorado\/wp-json\/wp\/v2\/pages\/2631\/revisions\/2869"}],"wp:attachment":[{"href":"https:\/\/projects.ift.uam-csic.es\/doctorado\/wp-json\/wp\/v2\/media?parent=2631"}],"curies":[{"name":"wp","href":"https:\/\/api.w.org\/{rel}","templated":true}]}}