{"id":2617,"date":"2026-03-17T14:41:56","date_gmt":"2026-03-17T13:41:56","guid":{"rendered":"https:\/\/projects.ift.uam-csic.es\/doctorado\/?page_id=2617"},"modified":"2026-04-08T10:18:35","modified_gmt":"2026-04-08T08:18:35","slug":"course-quantum-computing-and-quantum-information-2026","status":"publish","type":"page","link":"https:\/\/projects.ift.uam-csic.es\/doctorado\/course-quantum-computing-and-quantum-information-2026\/","title":{"rendered":"Course Quantum Computing and Quantum Information 2026"},"content":{"rendered":"<p>[et_pb_section fb_built=&#8221;1&#8243; _builder_version=&#8221;4.27.4&#8243; _module_preset=&#8221;default&#8221; custom_margin=&#8221;||-36px|||&#8221; custom_padding=&#8221;||0px|||&#8221; global_colors_info=&#8221;{}&#8221;][et_pb_row _builder_version=&#8221;4.27.4&#8243; _module_preset=&#8221;default&#8221; global_colors_info=&#8221;{}&#8221;][et_pb_column type=&#8221;4_4&#8243; _builder_version=&#8221;4.27.4&#8243; _module_preset=&#8221;default&#8221; global_colors_info=&#8221;{}&#8221;][et_pb_heading title=&#8221;Quantum Computing and Quantum Information&#8221; _builder_version=&#8221;4.27.4&#8243; _module_preset=&#8221;default&#8221; global_colors_info=&#8221;{}&#8221;][\/et_pb_heading][\/et_pb_column][\/et_pb_row][et_pb_row _builder_version=&#8221;4.27.4&#8243; _module_preset=&#8221;default&#8221; global_colors_info=&#8221;{}&#8221;][et_pb_column type=&#8221;4_4&#8243; _builder_version=&#8221;4.27.4&#8243; _module_preset=&#8221;default&#8221; global_colors_info=&#8221;{}&#8221;][et_pb_heading title=&#8221;By Aram Harrow.&#8221; _builder_version=&#8221;4.27.4&#8243; _module_preset=&#8221;default&#8221; title_level=&#8221;h2&#8243; title_text_color=&#8221;#E09900&#8243; global_colors_info=&#8221;{}&#8221;][\/et_pb_heading][\/et_pb_column][\/et_pb_row][\/et_pb_section][et_pb_section fb_built=&#8221;1&#8243; admin_label=&#8221;section&#8221; _builder_version=&#8221;4.16&#8243; min_height=&#8221;1070.7px&#8221; custom_padding=&#8221;24px|||||&#8221; locked=&#8221;off&#8221; global_colors_info=&#8221;{}&#8221;][et_pb_row column_structure=&#8221;1_2,1_2&#8243; disabled_on=&#8221;off|off|off&#8221; _builder_version=&#8221;4.27.4&#8243; _module_preset=&#8221;default&#8221; global_colors_info=&#8221;{}&#8221;][et_pb_column type=&#8221;1_2&#8243; _builder_version=&#8221;4.27.4&#8243; _module_preset=&#8221;default&#8221; global_colors_info=&#8221;{}&#8221;][et_pb_text _builder_version=&#8221;4.27.4&#8243; _module_preset=&#8221;default&#8221; min_height=&#8221;356.7px&#8221; global_colors_info=&#8221;{}&#8221;]<\/p>\n<p><!-- Tabla --><\/p>\n<div style=\"border: 2px solid #000; border-radius: 15px; padding: 10px; margin-bottom: 10px;\">\n<p style=\"font-family: 'Montserrat',Helvetica,Arial,Lucida,sans-serif; line-height: 1.4em; font-size: 100%; color: #000; font-weight: 500;\">\u00a0<img decoding=\"async\" src=\"https:\/\/s.w.org\/images\/core\/emoji\/16.0.1\/svg\/1f464.svg\" alt=\"\" style=\"max-width: 5%;\" \/><br \/><b>Lecturer<\/b><br \/>Aram Harrow<\/p>\n<p style=\"font-family: 'Montserrat',Helvetica,Arial,Lucida,sans-serif; line-height: 1.4em; font-size: 100%; color: #000; font-weight: 500;\"><strong>Web: <a href=\"https:\/\/qcqi-class.gitlab.io\/\">https:\/\/qcqi-class.gitlab.io\/<\/a><br \/><\/strong><\/p>\n<p style=\"font-family: 'Montserrat',Helvetica,Arial,Lucida,sans-serif; line-height: 1.4em; font-size: 100%; color: #000; font-weight: 500;\">\n<\/div>\n<div style=\"border: 2px solid #000; border-radius: 15px; padding: 10px; margin-bottom: 10px;\">\n<p style=\"font-family: 'Montserrat',Helvetica,Arial,Lucida,sans-serif; line-height: 1.4em; font-size: 100%; color: #000; font-weight: 500;\"><img decoding=\"async\" src=\"https:\/\/s.w.org\/images\/core\/emoji\/16.0.1\/svg\/1f4cd.svg\" alt=\"\" style=\"max-width: 5%;\" \/><br \/><b>Places<\/b><br \/><b>Aula Naranja:<\/b>\u00a08th &amp; 10Th April (ICMAT)<\/p>\n<p style=\"font-family: 'Montserrat',Helvetica,Arial,Lucida,sans-serif; line-height: 1.4em; font-size: 100%; color: #000; font-weight: 500;\"><strong>Aula Gris 1:<\/strong> 9th April Instituto de F\u00edsica Te\u00f3rica (IFT)<\/p>\n<p style=\"font-family: 'Montserrat',Helvetica,Arial,Lucida,sans-serif; line-height: 1.4em; font-size: 100%; color: #000; font-weight: 500;\"><strong>Aula Gris 3:<\/strong> 13th, 15th &amp; 16th April Instituto de F\u00edsica Te\u00f3rica (IFT)<\/p>\n<\/div>\n<div style=\"border: 2px solid #000; border-radius: 15px; padding: 10px;\">\n<p style=\"font-family: 'Montserrat',Helvetica,Arial,Lucida,sans-serif; line-height: 1.4em; font-size: 100%; color: #000; font-weight: 500;\"><img decoding=\"async\" src=\"https:\/\/s.w.org\/images\/core\/emoji\/16.0.1\/svg\/23f0.svg\" alt=\"\" style=\"max-width: 5%;\" \/><br \/><b>Time<\/b><br \/>11:00\u201313:00<\/p>\n<\/div>\n<p>[\/et_pb_text][\/et_pb_column][et_pb_column type=&#8221;1_2&#8243; _builder_version=&#8221;4.27.4&#8243; _module_preset=&#8221;default&#8221; global_colors_info=&#8221;{}&#8221;][et_pb_text _builder_version=&#8221;4.27.4&#8243; _module_preset=&#8221;default&#8221; global_colors_info=&#8221;{}&#8221;]<\/p>\n<div style=\"border: 2px solid #000; border-radius: 15px; padding: 10px; margin-bottom: 10px;\">\n<p style=\"font-family: 'Montserrat',Helvetica,Arial,Lucida,sans-serif; line-height: 1.4em; font-size: 100%; color: #000; font-weight: 500;\"><img decoding=\"async\" src=\"https:\/\/s.w.org\/images\/core\/emoji\/16.0.1\/svg\/1f5d3.svg\" alt=\"\" style=\"max-width: 5%;\" \/><br \/><b>Dates<\/b><\/p>\n<p style=\"font-family: 'Montserrat',Helvetica,Arial,Lucida,sans-serif; line-height: 1.4em; font-size: 100%; color: #000; font-weight: 500;\">April 8, 9, 10, 13, 15 &amp; 16<\/p>\n<\/div>\n<div style=\"border: 2px solid #000; border-radius: 15px; padding: 10px; margin-bottom: 10px;\">\n<p style=\"font-family: 'Montserrat',Helvetica,Arial,Lucida,sans-serif; line-height: 1.4em; font-size: 100%; color: #000; font-weight: 500;\"><b>Organizers<\/b><\/p>\n<p>Alfred Benedito<\/p>\n<\/div>\n<div style=\"border: 2px solid #000; border-radius: 15px; padding: 10px;\">\n<p style=\"font-family: 'Montserrat',Helvetica,Arial,Lucida,sans-serif; line-height: 1.4em; font-size: 100%; color: #000; font-weight: 500;\"><img decoding=\"async\" src=\"https:\/\/s.w.org\/images\/core\/emoji\/16.0.1\/svg\/1f4dd.svg\" alt=\"\" style=\"max-width: 5%;\" \/><br \/><b>Registration<\/b><br \/>Please register via the <a href=\"https:\/\/docs.google.com\/forms\/d\/e\/1FAIpQLScbchp0FKnVas_Ms7maE9unq9gTgtJv0oVZ6Pj2vEYnmbe5FA\/viewform?pli=1\" target=\"_blank\" rel=\"noopener\">Google Form<\/a><br \/>Registration deadline: 7 April 2026<\/p>\n<\/div>\n<p>[\/et_pb_text][\/et_pb_column][\/et_pb_row][et_pb_row _builder_version=&#8221;4.27.4&#8243; _module_preset=&#8221;default&#8221; global_colors_info=&#8221;{}&#8221;][et_pb_column type=&#8221;4_4&#8243; _builder_version=&#8221;4.27.4&#8243; _module_preset=&#8221;default&#8221; global_colors_info=&#8221;{}&#8221;][et_pb_text _builder_version=&#8221;4.27.4&#8243; _module_preset=&#8221;default&#8221; global_colors_info=&#8221;{}&#8221;]<\/p>\n<h3 style=\"font-family: 'Montserrat',Helvetica,Arial,Lucida,sans-serif; line-height: 1.4em; font-size: 25px;\">Abstract<\/h3>\n<p>[\/et_pb_text][et_pb_toggle title=&#8221;More Info &#038; Lecture Plan:&#8221; open_toggle_text_color=&#8221;#000000&#8243; open_toggle_background_color=&#8221;#FFFFFF&#8221; closed_toggle_text_color=&#8221;#000000&#8243; closed_toggle_background_color=&#8221;#e9ac2c&#8221; icon_color=&#8221;#24781a&#8221; toggle_icon=&#8221;&#x50;||divi||400&#8243; open_icon_color=&#8221;#24781a&#8221; open_toggle_icon=&#8221;&#x4f;||divi||400&#8243; _builder_version=&#8221;4.27.4&#8243; _module_preset=&#8221;default&#8221; title_text_color=&#8221;#000000&#8243; border_radii=&#8221;on|20px|20px|20px|20px&#8221; global_colors_info=&#8221;{}&#8221;]<\/p>\n<p style=\"font-family: 'Montserrat',Helvetica,Arial,Lucida,sans-serif; line-height: 1.4em; font-size: 100%; color: #000; font-weight: 500;\"><span>\u00a0\u00a0\u00a0\u00a0 8 April, 2026: Introduction, quantum states, quantum channels,\u00a0<\/span><br \/><span>distance measures, purifications, bit commitment.<\/span><br \/><span>\u00a0\u00a0\u00a0\u00a0 9 April, 2026: Quantum error correction, toric code, and FTQC.<\/span><br \/><span>\u00a0\u00a0\u00a0\u00a0 10 April, 2026: Entropy, relative entropy, hypothesis testing and\u00a0<\/span><br \/><span>channel capacity.<\/span><br \/><span>\u00a0\u00a0\u00a0\u00a0 13 April, 2026: Algorithms, quantum walks, quantum singular value\u00a0<\/span><br \/><span>transform, Hamiltonian simulation.<\/span><br \/><span>\u00a0\u00a0\u00a0\u00a0 15 April, 2026: Quantum complexity, QMA and PostBQP.<\/span><br \/><span>\u00a0\u00a0\u00a0\u00a0 16 April, 2026: Many-body applications, CMI, recovery maps and AGSPs.<\/span><\/p>\n<p>[\/et_pb_toggle][et_pb_text _builder_version=&#8221;4.27.4&#8243; _module_preset=&#8221;default&#8221; global_colors_info=&#8221;{}&#8221;]<\/p>\n<p style=\"font-family: 'Montserrat',Helvetica,Arial,Lucida,sans-serif; line-height: 1.4em; font-size: 100%; color: #000; font-weight: 500;\">More information: Please contact alfred.benedito@ift.csic.es<\/p>\n<p>[\/et_pb_text][\/et_pb_column][\/et_pb_row][et_pb_row _builder_version=&#8221;4.27.4&#8243; _module_preset=&#8221;default&#8221; global_colors_info=&#8221;{}&#8221;][et_pb_column type=&#8221;4_4&#8243; _builder_version=&#8221;4.27.4&#8243; _module_preset=&#8221;default&#8221; global_colors_info=&#8221;{}&#8221;][et_pb_image src=&#8221;https:\/\/projects.ift.uam-csic.es\/doctorado\/wp-content\/uploads\/2026\/03\/Quantum-Computing-and-information-scaled.png&#8221; title_text=&#8221;Quantum Computing and information&#8221; _builder_version=&#8221;4.27.4&#8243; _module_preset=&#8221;default&#8221; global_colors_info=&#8221;{}&#8221;][\/et_pb_image][\/et_pb_column][\/et_pb_row][et_pb_row disabled_on=&#8221;on|on|on&#8221; _builder_version=&#8221;4.27.4&#8243; _module_preset=&#8221;default&#8221; disabled=&#8221;on&#8221; locked=&#8221;off&#8221; global_colors_info=&#8221;{}&#8221;][et_pb_column type=&#8221;4_4&#8243; _builder_version=&#8221;4.27.4&#8243; _module_preset=&#8221;default&#8221; global_colors_info=&#8221;{}&#8221;][et_pb_text _builder_version=&#8221;4.27.4&#8243; _module_preset=&#8221;default&#8221; global_colors_info=&#8221;{}&#8221;]<\/p>\n<h3 style=\"font-family: 'Montserrat',Helvetica,Arial,Lucida,sans-serif; line-height: 1.4em; font-size: 25px;\">Participants<\/h3>\n<p>[\/et_pb_text][\/et_pb_column][\/et_pb_row][et_pb_row column_structure=&#8221;1_2,1_2&#8243; disabled_on=&#8221;on|on|on&#8221; _builder_version=&#8221;4.27.4&#8243; _module_preset=&#8221;default&#8221; disabled=&#8221;on&#8221; locked=&#8221;off&#8221; global_colors_info=&#8221;{}&#8221;][et_pb_column type=&#8221;1_2&#8243; _builder_version=&#8221;4.27.4&#8243; _module_preset=&#8221;default&#8221; global_colors_info=&#8221;{}&#8221;][et_pb_text _builder_version=&#8221;4.27.4&#8243; _module_preset=&#8221;default&#8221; global_colors_info=&#8221;{}&#8221;]<\/p>\n<ul style=\"font-family: 'Montserrat',Helvetica,Arial,Lucida,sans-serif; line-height: 1.4em; font-size: 100%; font-weight: 500;\">\n<li><\/li>\n<\/ul>\n<p>[\/et_pb_text][\/et_pb_column][et_pb_column type=&#8221;1_2&#8243; _builder_version=&#8221;4.27.4&#8243; _module_preset=&#8221;default&#8221; global_colors_info=&#8221;{}&#8221;][et_pb_text _builder_version=&#8221;4.27.4&#8243; _module_preset=&#8221;default&#8221; global_colors_info=&#8221;{}&#8221;]<\/p>\n<ul style=\"font-family: 'Montserrat',Helvetica,Arial,Lucida,sans-serif; line-height: 1.4em; font-size: 100%; font-weight: 500;\">\n<li><\/li>\n<li><\/li>\n<li><\/li>\n<li><\/li>\n<li><\/li>\n<\/ul>\n<p>[\/et_pb_text][\/et_pb_column][\/et_pb_row][\/et_pb_section]<\/p>\n","protected":false},"excerpt":{"rendered":"<p>\u00a0LecturerAram Harrow Web: https:\/\/qcqi-class.gitlab.io\/ PlacesAula Naranja:\u00a08th &amp; 10Th April (ICMAT) Aula Gris 1: 9th April Instituto de F\u00edsica Te\u00f3rica (IFT) Aula Gris 3: 13th, 15th &amp; 16th April Instituto de F\u00edsica Te\u00f3rica (IFT) Time11:00\u201313:00 Dates April 8, 9, 10, 13, 15 &amp; 16 Organizers Alfred Benedito RegistrationPlease register via the Google FormRegistration deadline: 7 April [&hellip;]<\/p>\n","protected":false},"author":1,"featured_media":0,"parent":0,"menu_order":0,"comment_status":"closed","ping_status":"closed","template":"","meta":{"_et_pb_use_builder":"on","_et_pb_old_content":"","_et_gb_content_width":"","footnotes":""},"class_list":["post-2617","page","type-page","status-publish","hentry"],"_links":{"self":[{"href":"https:\/\/projects.ift.uam-csic.es\/doctorado\/wp-json\/wp\/v2\/pages\/2617","targetHints":{"allow":["GET"]}}],"collection":[{"href":"https:\/\/projects.ift.uam-csic.es\/doctorado\/wp-json\/wp\/v2\/pages"}],"about":[{"href":"https:\/\/projects.ift.uam-csic.es\/doctorado\/wp-json\/wp\/v2\/types\/page"}],"author":[{"embeddable":true,"href":"https:\/\/projects.ift.uam-csic.es\/doctorado\/wp-json\/wp\/v2\/users\/1"}],"replies":[{"embeddable":true,"href":"https:\/\/projects.ift.uam-csic.es\/doctorado\/wp-json\/wp\/v2\/comments?post=2617"}],"version-history":[{"count":6,"href":"https:\/\/projects.ift.uam-csic.es\/doctorado\/wp-json\/wp\/v2\/pages\/2617\/revisions"}],"predecessor-version":[{"id":2867,"href":"https:\/\/projects.ift.uam-csic.es\/doctorado\/wp-json\/wp\/v2\/pages\/2617\/revisions\/2867"}],"wp:attachment":[{"href":"https:\/\/projects.ift.uam-csic.es\/doctorado\/wp-json\/wp\/v2\/media?parent=2617"}],"curies":[{"name":"wp","href":"https:\/\/api.w.org\/{rel}","templated":true}]}}