{"id":2392,"date":"2026-01-28T11:51:00","date_gmt":"2026-01-28T10:51:00","guid":{"rendered":"https:\/\/projects.ift.uam-csic.es\/doctorado\/?page_id=2392"},"modified":"2026-02-02T13:28:41","modified_gmt":"2026-02-02T12:28:41","slug":"ads-cft-holographyas-a-framework-for-quantum-gravity","status":"publish","type":"page","link":"https:\/\/projects.ift.uam-csic.es\/doctorado\/doctoral-training-activities\/activities-2025-2026\/ads-cft-holographyas-a-framework-for-quantum-gravity\/","title":{"rendered":"AdS\/CFT Holographyas a Framework for Quantum Gravity"},"content":{"rendered":"<p>[et_pb_section fb_built=&#8221;1&#8243; admin_label=&#8221;section&#8221; _builder_version=&#8221;4.16&#8243; locked=&#8221;off&#8221; global_colors_info=&#8221;{}&#8221;][et_pb_row _builder_version=&#8221;4.27.4&#8243; _module_preset=&#8221;default&#8221; global_colors_info=&#8221;{}&#8221;][et_pb_column type=&#8221;4_4&#8243; _builder_version=&#8221;4.27.4&#8243; _module_preset=&#8221;default&#8221; global_colors_info=&#8221;{}&#8221;][et_pb_text _builder_version=&#8221;4.27.4&#8243; _module_preset=&#8221;default&#8221; global_colors_info=&#8221;{}&#8221;]<\/p>\n<h2 style=\"font-family: 'Montserrat',Helvetica,Arial,Lucida,sans-serif; font-weight: bold; font-size: 40px; line-height: 1.2em;\">AdS\/CFT Holography<br \/>as a Framework for Quantum Gravity<\/h2>\n<p>[\/et_pb_text][\/et_pb_column][\/et_pb_row][et_pb_row _builder_version=&#8221;4.27.4&#8243; _module_preset=&#8221;default&#8221; global_colors_info=&#8221;{}&#8221;][et_pb_column type=&#8221;4_4&#8243; _builder_version=&#8221;4.27.4&#8243; _module_preset=&#8221;default&#8221; global_colors_info=&#8221;{}&#8221;][et_pb_text _builder_version=&#8221;4.27.4&#8243; _module_preset=&#8221;default&#8221; global_colors_info=&#8221;{}&#8221;]<\/p>\n<h4 style=\"font-family: 'Montserrat',Helvetica,Arial,Lucida,sans-serif; line-height: 1.4em; font-size: 20px; color: #e9ac2c;\">By Jos\u00e9 Calder\u00f3n-Infante<\/h4>\n<p>[\/et_pb_text][\/et_pb_column][\/et_pb_row][et_pb_row column_structure=&#8221;1_2,1_2&#8243; disabled_on=&#8221;off|off|off&#8221; _builder_version=&#8221;4.27.4&#8243; _module_preset=&#8221;default&#8221; global_colors_info=&#8221;{}&#8221;][et_pb_column type=&#8221;1_2&#8243; _builder_version=&#8221;4.27.4&#8243; _module_preset=&#8221;default&#8221; global_colors_info=&#8221;{}&#8221;][et_pb_text _builder_version=&#8221;4.27.4&#8243; _module_preset=&#8221;default&#8221; global_colors_info=&#8221;{}&#8221;]<!-- Tabla --><\/p>\n<div style=\"border: 2px solid #000; border-radius: 15px; padding: 10px; margin-bottom: 10px;\">\n<p style=\"font-family: 'Montserrat',Helvetica,Arial,Lucida,sans-serif; line-height: 1.4em; font-size: 100%; color: #000; font-weight: 500;\"><img decoding=\"async\" src=\"https:\/\/s.w.org\/images\/core\/emoji\/16.0.1\/svg\/1f464.svg\" alt=\"\" style=\"max-width: 5%;\" \/><br \/>\n<b>Lecturer<\/b><br \/>\nJos\u00e9 Calder\u00f3n-Infante<\/p>\n<\/div>\n<div style=\"border: 2px solid #000; border-radius: 15px; padding: 10px; margin-bottom: 10px;\">\n<p style=\"font-family: 'Montserrat',Helvetica,Arial,Lucida,sans-serif; line-height: 1.4em; font-size: 100%; color: #000; font-weight: 500;\"><img decoding=\"async\" src=\"https:\/\/s.w.org\/images\/core\/emoji\/16.0.1\/svg\/1f4cd.svg\" alt=\"\" style=\"max-width: 5%;\" \/><br \/>\n<b>Places<\/b><br \/>\n<b>Sala Azul<\/b>, Instituto de F\u00edsica Te\u00f3rica (IFT)<\/p>\n<\/div>\n<div style=\"border: 2px solid #000; border-radius: 15px; padding: 10px;\">\n<p style=\"font-family: 'Montserrat',Helvetica,Arial,Lucida,sans-serif; line-height: 1.4em; font-size: 100%; color: #000; font-weight: 500;\"><img decoding=\"async\" src=\"https:\/\/s.w.org\/images\/core\/emoji\/16.0.1\/svg\/23f0.svg\" alt=\"\" style=\"max-width: 5%;\" \/><br \/>\n<b>Time<\/b><br \/>\n10:00\u201312:00<\/p>\n<\/div>\n<p>[\/et_pb_text][\/et_pb_column][et_pb_column type=&#8221;1_2&#8243; _builder_version=&#8221;4.27.4&#8243; _module_preset=&#8221;default&#8221; global_colors_info=&#8221;{}&#8221;][et_pb_text _builder_version=&#8221;4.27.4&#8243; _module_preset=&#8221;default&#8221; hover_enabled=&#8221;0&#8243; global_colors_info=&#8221;{}&#8221; sticky_enabled=&#8221;0&#8243;]<\/p>\n<div style=\"border: 2px solid #000; border-radius: 15px; padding: 10px; margin-bottom: 10px;\">\n<p style=\"font-family: 'Montserrat',Helvetica,Arial,Lucida,sans-serif; line-height: 1.4em; font-size: 100%; color: #000; font-weight: 500;\"><img decoding=\"async\" src=\"https:\/\/s.w.org\/images\/core\/emoji\/16.0.1\/svg\/1f5d3.svg\" alt=\"\" style=\"max-width: 5%;\" \/><br \/><b>Dates<\/b><br \/>March 9, 10, 11, 12, 16, 17, 18 2026<\/p>\n<\/div>\n<div style=\"border: 2px solid #000; border-radius: 15px; padding: 10px; margin-bottom: 10px;\">\n<p style=\"font-family: 'Montserrat',Helvetica,Arial,Lucida,sans-serif; line-height: 1.4em; font-size: 100%; color: #000; font-weight: 500;\"><img decoding=\"async\" draggable=\"false\" role=\"img\" class=\"emoji\" src=\"https:\/\/s.w.org\/images\/core\/emoji\/16.0.1\/svg\/1f393.svg\" style=\"max-width: 5%;\" \/><br \/><b>Organizers<\/b><\/p>\n<p>Miguel Montero<\/p>\n<\/div>\n<div style=\"border: 2px solid #000; border-radius: 15px; padding: 10px;\">\n<p style=\"font-family: 'Montserrat',Helvetica,Arial,Lucida,sans-serif; line-height: 1.4em; font-size: 100%; color: #000; font-weight: 500;\"><img decoding=\"async\" src=\"https:\/\/s.w.org\/images\/core\/emoji\/16.0.1\/svg\/1f4dd.svg\" alt=\"\" style=\"max-width: 5%;\" \/><br \/><b>Registration<\/b><br \/>Please register via the <a href=\"https:\/\/docs.google.com\/forms\/d\/e\/1FAIpQLScbchp0FKnVas_Ms7maE9unq9gTgtJv0oVZ6Pj2vEYnmbe5FA\/viewform?pli=1\" target=\"_blank\" rel=\"noopener\">Google Form<\/a><br \/>Registration deadline: 8 March 2026<\/p>\n<\/div>\n<p>[\/et_pb_text][\/et_pb_column][\/et_pb_row][et_pb_row _builder_version=&#8221;4.27.4&#8243; _module_preset=&#8221;default&#8221; global_colors_info=&#8221;{}&#8221;][et_pb_column type=&#8221;4_4&#8243; _builder_version=&#8221;4.27.4&#8243; _module_preset=&#8221;default&#8221; global_colors_info=&#8221;{}&#8221;][et_pb_text _builder_version=&#8221;4.27.4&#8243; _module_preset=&#8221;default&#8221; global_colors_info=&#8221;{}&#8221;]<\/p>\n<h3 style=\"font-family: 'Montserrat',Helvetica,Arial,Lucida,sans-serif; line-height: 1.4em; font-size: 25px;\">Abstract<\/h3>\n<p>[\/et_pb_text][et_pb_toggle title=&#8221;More Info: Abstract&#8221; open_toggle_text_color=&#8221;#000000&#8243; open_toggle_background_color=&#8221;#FFFFFF&#8221; closed_toggle_text_color=&#8221;#000000&#8243; closed_toggle_background_color=&#8221;#e9ac2c&#8221; icon_color=&#8221;#24781a&#8221; toggle_icon=&#8221;&#x50;||divi||400&#8243; open_icon_color=&#8221;#24781a&#8221; open_toggle_icon=&#8221;&#x4f;||divi||400&#8243; _builder_version=&#8221;4.27.4&#8243; _module_preset=&#8221;default&#8221; title_text_color=&#8221;#000000&#8243; border_radii=&#8221;on|20px|20px|20px|20px&#8221; global_colors_info=&#8221;{}&#8221;]<\/p>\n<p style=\"font-family: 'Montserrat',Helvetica,Arial,Lucida,sans-serif; line-height: 1.4em; font-size: 100%; color: #000; font-weight: 500;\">This course provides an introduction to AdS\/CFT holography, with a particular focus on its role as a framework for quantum gravity in asymptotically Anti-de Sitter (AdS) spacetimes. First, we will motivate the idea of holography in quantum gravity, review the geometry and physics of AdS, and introduce some of the basics of conformal field theory (CFT). Then, we will shift gears to a more top-down perspective. After presenting some required ingredients of string theory, we will discuss the famous decoupling argument of Maldacena and the AdS\/CFT pair it leads to. Crucially, we will learn about the AdS\/CFT dictionary along the way. Equipped with all these lessons, we will finally come to the quantum gravity framework aspect of AdS\/CFT. This part will cover holographic CFTs, BH entropy in AdS\/CFT, some basics of bulk reconstruction and its relation to no global symmetries in quantum gravity, and the Swampland Distance Conjecture in AdS\/CFT.<\/p>\n<p style=\"font-family: 'Montserrat',Helvetica,Arial,Lucida,sans-serif; line-height: 1.4em; font-size: 100%; color: #000; font-weight: 500;\">The course only requires basic knowledge of differential geometry and quantum field theory. Even though some ingredients of string theory will play a role, we will introduce each of them.<\/p>\n<p>[\/et_pb_toggle][et_pb_text _builder_version=&#8221;4.27.4&#8243; _module_preset=&#8221;default&#8221; hover_enabled=&#8221;0&#8243; global_colors_info=&#8221;{}&#8221; sticky_enabled=&#8221;0&#8243;]<\/p>\n<p style=\"font-family: 'Montserrat',Helvetica,Arial,Lucida,sans-serif; line-height: 1.4em; font-size: 100%; color: #000; font-weight: 500;\">More information: Please contact miguel.montero@csic.es<\/p>\n<p>[\/et_pb_text][\/et_pb_column][\/et_pb_row][et_pb_row disabled_on=&#8221;on|on|on&#8221; _builder_version=&#8221;4.27.4&#8243; _module_preset=&#8221;default&#8221; disabled=&#8221;on&#8221; locked=&#8221;off&#8221; global_colors_info=&#8221;{}&#8221;][et_pb_column type=&#8221;4_4&#8243; _builder_version=&#8221;4.27.4&#8243; _module_preset=&#8221;default&#8221; global_colors_info=&#8221;{}&#8221;][et_pb_text _builder_version=&#8221;4.27.4&#8243; _module_preset=&#8221;default&#8221; global_colors_info=&#8221;{}&#8221;]<\/p>\n<h3 style=\"font-family: 'Montserrat',Helvetica,Arial,Lucida,sans-serif; line-height: 1.4em; font-size: 25px;\">Participants<\/h3>\n<p>[\/et_pb_text][\/et_pb_column][\/et_pb_row][et_pb_row column_structure=&#8221;1_2,1_2&#8243; disabled_on=&#8221;on|on|on&#8221; _builder_version=&#8221;4.27.4&#8243; _module_preset=&#8221;default&#8221; disabled=&#8221;on&#8221; locked=&#8221;off&#8221; global_colors_info=&#8221;{}&#8221;][et_pb_column type=&#8221;1_2&#8243; _builder_version=&#8221;4.27.4&#8243; _module_preset=&#8221;default&#8221; global_colors_info=&#8221;{}&#8221;][et_pb_text _builder_version=&#8221;4.27.4&#8243; _module_preset=&#8221;default&#8221; global_colors_info=&#8221;{}&#8221;]<\/p>\n<ul style=\"font-family: 'Montserrat',Helvetica,Arial,Lucida,sans-serif; line-height: 1.4em; font-size: 100%; font-weight: 500;\">\n<li>Karen Mac\u00edas<\/li>\n<li>Gabriel Fenati<\/li>\n<li>Sara Cechito<\/li>\n<li>Pablo Blanco<\/li>\n<li>Rafael L\u00f3pez<\/li>\n<li>Nicol\u00e1s Mart\u00ednez<\/li>\n<\/ul>\n<p>[\/et_pb_text][\/et_pb_column][et_pb_column type=&#8221;1_2&#8243; _builder_version=&#8221;4.27.4&#8243; _module_preset=&#8221;default&#8221; global_colors_info=&#8221;{}&#8221;][et_pb_text _builder_version=&#8221;4.27.4&#8243; _module_preset=&#8221;default&#8221; global_colors_info=&#8221;{}&#8221;]<\/p>\n<ul style=\"font-family: 'Montserrat',Helvetica,Arial,Lucida,sans-serif; line-height: 1.4em; font-size: 100%; font-weight: 500;\">\n<li>L\u00e9o Veissiere<\/li>\n<li>Chan Cheg Jin<\/li>\n<li>Marta Fuentes Zamoro<\/li>\n<li>Pau Garc\u00eda Romen<\/li>\n<li>Goetro<\/li>\n<\/ul>\n<p>[\/et_pb_text][\/et_pb_column][\/et_pb_row][\/et_pb_section]<\/p>\n","protected":false},"excerpt":{"rendered":"<p>AdS\/CFT Holographyas a Framework for Quantum GravityBy Jos\u00e9 Calder\u00f3n-Infante Lecturer Jos\u00e9 Calder\u00f3n-Infante Places Sala Azul, Instituto de F\u00edsica Te\u00f3rica (IFT) Time 10:00\u201312:00 DatesMarch 9, 10, 11, 12, 16, 17, 18 2026 Organizers Miguel Montero RegistrationPlease register via the Google FormRegistration deadline: 8 March 2026 AbstractThis course provides an introduction to AdS\/CFT holography, with a particular [&hellip;]<\/p>\n","protected":false},"author":1,"featured_media":0,"parent":2021,"menu_order":0,"comment_status":"closed","ping_status":"closed","template":"","meta":{"_et_pb_use_builder":"on","_et_pb_old_content":"","_et_gb_content_width":"","footnotes":""},"class_list":["post-2392","page","type-page","status-publish","hentry"],"_links":{"self":[{"href":"https:\/\/projects.ift.uam-csic.es\/doctorado\/wp-json\/wp\/v2\/pages\/2392","targetHints":{"allow":["GET"]}}],"collection":[{"href":"https:\/\/projects.ift.uam-csic.es\/doctorado\/wp-json\/wp\/v2\/pages"}],"about":[{"href":"https:\/\/projects.ift.uam-csic.es\/doctorado\/wp-json\/wp\/v2\/types\/page"}],"author":[{"embeddable":true,"href":"https:\/\/projects.ift.uam-csic.es\/doctorado\/wp-json\/wp\/v2\/users\/1"}],"replies":[{"embeddable":true,"href":"https:\/\/projects.ift.uam-csic.es\/doctorado\/wp-json\/wp\/v2\/comments?post=2392"}],"version-history":[{"count":4,"href":"https:\/\/projects.ift.uam-csic.es\/doctorado\/wp-json\/wp\/v2\/pages\/2392\/revisions"}],"predecessor-version":[{"id":2433,"href":"https:\/\/projects.ift.uam-csic.es\/doctorado\/wp-json\/wp\/v2\/pages\/2392\/revisions\/2433"}],"up":[{"embeddable":true,"href":"https:\/\/projects.ift.uam-csic.es\/doctorado\/wp-json\/wp\/v2\/pages\/2021"}],"wp:attachment":[{"href":"https:\/\/projects.ift.uam-csic.es\/doctorado\/wp-json\/wp\/v2\/media?parent=2392"}],"curies":[{"name":"wp","href":"https:\/\/api.w.org\/{rel}","templated":true}]}}