{"id":2381,"date":"2026-01-28T11:38:53","date_gmt":"2026-01-28T10:38:53","guid":{"rendered":"https:\/\/projects.ift.uam-csic.es\/doctorado\/?page_id=2381"},"modified":"2026-04-08T10:50:36","modified_gmt":"2026-04-08T08:50:36","slug":"ads-cft-holography-as-a-framework-for-quantum-gravity","status":"publish","type":"page","link":"https:\/\/projects.ift.uam-csic.es\/doctorado\/es\/actividades-formativas\/actividades-2025-2026\/ads-cft-holography-as-a-framework-for-quantum-gravity\/","title":{"rendered":"AdS\/CFT Holography as a Framework for Quantum Gravity"},"content":{"rendered":"<p>[et_pb_section fb_built=&#8221;1&#8243; admin_label=&#8221;section&#8221; _builder_version=&#8221;4.16&#8243; locked=&#8221;off&#8221; global_colors_info=&#8221;{}&#8221;][et_pb_row _builder_version=&#8221;4.27.4&#8243; _module_preset=&#8221;default&#8221; global_colors_info=&#8221;{}&#8221;][et_pb_column type=&#8221;4_4&#8243; _builder_version=&#8221;4.27.4&#8243; _module_preset=&#8221;default&#8221; global_colors_info=&#8221;{}&#8221;][et_pb_text _builder_version=&#8221;4.27.4&#8243; _module_preset=&#8221;default&#8221; global_colors_info=&#8221;{}&#8221;]<\/p>\n<h2 style=\"font-family: 'Montserrat',Helvetica,Arial,Lucida,sans-serif; font-weight: bold; font-size: 40px; line-height: 1.2em;\">AdS\/CFT Holography<br \/>\nas a Framework for Quantum Gravity<\/h2>\n<p>[\/et_pb_text][\/et_pb_column][\/et_pb_row][et_pb_row _builder_version=&#8221;4.27.4&#8243; _module_preset=&#8221;default&#8221; global_colors_info=&#8221;{}&#8221;][et_pb_column type=&#8221;4_4&#8243; _builder_version=&#8221;4.27.4&#8243; _module_preset=&#8221;default&#8221; global_colors_info=&#8221;{}&#8221;][et_pb_text _builder_version=&#8221;4.27.4&#8243; _module_preset=&#8221;default&#8221; global_colors_info=&#8221;{}&#8221;]<\/p>\n<h4 style=\"font-family: 'Montserrat',Helvetica,Arial,Lucida,sans-serif; line-height: 1.4em; font-size: 20px; color: #e9ac2c;\">By Jos\u00e9 Calder\u00f3n-Infante<\/h4>\n<p>[\/et_pb_text][\/et_pb_column][\/et_pb_row][et_pb_row column_structure=&#8221;1_2,1_2&#8243; disabled_on=&#8221;off|off|off&#8221; _builder_version=&#8221;4.27.4&#8243; _module_preset=&#8221;default&#8221; global_colors_info=&#8221;{}&#8221;][et_pb_column type=&#8221;1_2&#8243; _builder_version=&#8221;4.27.4&#8243; _module_preset=&#8221;default&#8221; global_colors_info=&#8221;{}&#8221;][et_pb_text _builder_version=&#8221;4.27.4&#8243; _module_preset=&#8221;default&#8221; global_colors_info=&#8221;{}&#8221;]<!-- Tabla --><\/p>\n<div style=\"border: 2px solid #000; border-radius: 15px; padding: 10px; margin-bottom: 10px;\">\n<p style=\"font-family: 'Montserrat',Helvetica,Arial,Lucida,sans-serif; line-height: 1.4em; font-size: 100%; color: #000; font-weight: 500;\"><img decoding=\"async\" src=\"https:\/\/s.w.org\/images\/core\/emoji\/16.0.1\/svg\/1f464.svg\" alt=\"\" style=\"max-width: 5%;\" \/><br \/>\n<b>Lecturer<\/b><br \/>\nJos\u00e9 Calder\u00f3n-Infante<\/p>\n<\/div>\n<div style=\"border: 2px solid #000; border-radius: 15px; padding: 10px; margin-bottom: 10px;\">\n<p style=\"font-family: 'Montserrat',Helvetica,Arial,Lucida,sans-serif; line-height: 1.4em; font-size: 100%; color: #000; font-weight: 500;\"><img decoding=\"async\" src=\"https:\/\/s.w.org\/images\/core\/emoji\/16.0.1\/svg\/1f4cd.svg\" alt=\"\" style=\"max-width: 5%;\" \/><br \/>\n<b>Places<\/b><br \/>\n<b>Sala Azul<\/b>, Instituto de F\u00edsica Te\u00f3rica (IFT)<\/p>\n<\/div>\n<div style=\"border: 2px solid #000; border-radius: 15px; padding: 10px;\">\n<p style=\"font-family: 'Montserrat',Helvetica,Arial,Lucida,sans-serif; line-height: 1.4em; font-size: 100%; color: #000; font-weight: 500;\"><img decoding=\"async\" src=\"https:\/\/s.w.org\/images\/core\/emoji\/16.0.1\/svg\/23f0.svg\" alt=\"\" style=\"max-width: 5%;\" \/><br \/>\n<b>Time<\/b><br \/>\n10:00\u201312:00<\/p>\n<\/div>\n<p>[\/et_pb_text][\/et_pb_column][et_pb_column type=&#8221;1_2&#8243; _builder_version=&#8221;4.27.4&#8243; _module_preset=&#8221;default&#8221; global_colors_info=&#8221;{}&#8221;][et_pb_text _builder_version=&#8221;4.27.4&#8243; _module_preset=&#8221;default&#8221; global_colors_info=&#8221;{}&#8221;]<\/p>\n<div style=\"border: 2px solid #000; border-radius: 15px; padding: 10px; margin-bottom: 10px;\">\n<p style=\"font-family: 'Montserrat',Helvetica,Arial,Lucida,sans-serif; line-height: 1.4em; font-size: 100%; color: #000; font-weight: 500;\"><img decoding=\"async\" src=\"https:\/\/s.w.org\/images\/core\/emoji\/16.0.1\/svg\/1f5d3.svg\" alt=\"\" style=\"max-width: 5%;\" \/><br \/>\n<b>Dates<\/b><br \/>\nMarch 9, 10, 11, 12, 16, 17, 18 2026<\/p>\n<\/div>\n<div style=\"border: 2px solid #000; border-radius: 15px; padding: 10px; margin-bottom: 10px;\">\n<p style=\"font-family: 'Montserrat',Helvetica,Arial,Lucida,sans-serif; line-height: 1.4em; font-size: 100%; color: #000; font-weight: 500;\"><img decoding=\"async\" draggable=\"false\" role=\"img\" class=\"emoji\" src=\"https:\/\/s.w.org\/images\/core\/emoji\/16.0.1\/svg\/1f393.svg\" style=\"max-width: 5%;\" \/><br \/>\n<b>Organizers<\/b><\/p>\n<p>Miguel Montero\n<\/p><\/div>\n<div style=\"border: 2px solid #000; border-radius: 15px; padding: 10px;\">\n<p style=\"font-family: 'Montserrat',Helvetica,Arial,Lucida,sans-serif; line-height: 1.4em; font-size: 100%; color: #000; font-weight: 500;\"><img decoding=\"async\" src=\"https:\/\/s.w.org\/images\/core\/emoji\/16.0.1\/svg\/1f4dd.svg\" alt=\"\" style=\"max-width: 5%;\" \/><br \/>\n<b>Registration<\/b><br \/>\nPlease register via the <a href=\"https:\/\/docs.google.com\/forms\/d\/e\/1FAIpQLScbchp0FKnVas_Ms7maE9unq9gTgtJv0oVZ6Pj2vEYnmbe5FA\/viewform?pli=1\" target=\"_blank\" rel=\"noopener\">Google Form<\/a><br \/>\nRegistration deadline: 8 March 2026<\/p>\n<\/div>\n<p>[\/et_pb_text][\/et_pb_column][\/et_pb_row][et_pb_row _builder_version=&#8221;4.27.4&#8243; _module_preset=&#8221;default&#8221; global_colors_info=&#8221;{}&#8221;][et_pb_column type=&#8221;4_4&#8243; _builder_version=&#8221;4.27.4&#8243; _module_preset=&#8221;default&#8221; global_colors_info=&#8221;{}&#8221;][et_pb_text _builder_version=&#8221;4.27.4&#8243; _module_preset=&#8221;default&#8221; global_colors_info=&#8221;{}&#8221;]<\/p>\n<h3 style=\"font-family: 'Montserrat',Helvetica,Arial,Lucida,sans-serif; line-height: 1.4em; font-size: 25px;\">Abstract<\/h3>\n<p>[\/et_pb_text][et_pb_toggle title=&#8221;More Info: Abstract&#8221; open_toggle_text_color=&#8221;#000000&#8243; open_toggle_background_color=&#8221;#FFFFFF&#8221; closed_toggle_text_color=&#8221;#000000&#8243; closed_toggle_background_color=&#8221;#e9ac2c&#8221; icon_color=&#8221;#24781a&#8221; toggle_icon=&#8221;&#x50;||divi||400&#8243; open_icon_color=&#8221;#24781a&#8221; open_toggle_icon=&#8221;&#x4f;||divi||400&#8243; _builder_version=&#8221;4.27.4&#8243; _module_preset=&#8221;default&#8221; title_text_color=&#8221;#000000&#8243; border_radii=&#8221;on|20px|20px|20px|20px&#8221; global_colors_info=&#8221;{}&#8221;]<\/p>\n<p style=\"font-family: 'Montserrat',Helvetica,Arial,Lucida,sans-serif; line-height: 1.4em; font-size: 100%; color: #000; font-weight: 500;\">This course provides an introduction to AdS\/CFT holography, with a particular focus on its role as a framework for quantum gravity in asymptotically Anti-de Sitter (AdS) spacetimes. First, we will motivate the idea of holography in quantum gravity, review the geometry and physics of AdS, and introduce some of the basics of conformal field theory (CFT). Then, we will shift gears to a more top-down perspective. After presenting some required ingredients of string theory, we will discuss the famous decoupling argument of Maldacena and the AdS\/CFT pair it leads to. Crucially, we will learn about the AdS\/CFT dictionary along the way. Equipped with all these lessons, we will finally come to the quantum gravity framework aspect of AdS\/CFT. This part will cover holographic CFTs, BH entropy in AdS\/CFT, some basics of bulk reconstruction and its relation to no global symmetries in quantum gravity, and the Swampland Distance Conjecture in AdS\/CFT.<\/p>\n<p style=\"font-family: 'Montserrat',Helvetica,Arial,Lucida,sans-serif; line-height: 1.4em; font-size: 100%; color: #000; font-weight: 500;\">The course only requires basic knowledge of differential geometry and quantum field theory. Even though some ingredients of string theory will play a role, we will introduce each of them.<\/p>\n<p>[\/et_pb_toggle][et_pb_text _builder_version=&#8221;4.27.4&#8243; _module_preset=&#8221;default&#8221; global_colors_info=&#8221;{}&#8221;]<\/p>\n<p style=\"font-family: 'Montserrat',Helvetica,Arial,Lucida,sans-serif; line-height: 1.4em; font-size: 100%; color: #000; font-weight: 500;\">More information: Please contact miguel.montero@csic.es<\/p>\n<p>[\/et_pb_text][\/et_pb_column][\/et_pb_row][et_pb_row disabled_on=&#8221;off|off|off&#8221; _builder_version=&#8221;4.27.4&#8243; _module_preset=&#8221;default&#8221; hover_enabled=&#8221;0&#8243; locked=&#8221;off&#8221; global_colors_info=&#8221;{}&#8221; sticky_enabled=&#8221;0&#8243;][et_pb_column type=&#8221;4_4&#8243; _builder_version=&#8221;4.27.4&#8243; _module_preset=&#8221;default&#8221; global_colors_info=&#8221;{}&#8221;][et_pb_text _builder_version=&#8221;4.27.4&#8243; _module_preset=&#8221;default&#8221; hover_enabled=&#8221;0&#8243; global_colors_info=&#8221;{}&#8221; sticky_enabled=&#8221;0&#8243;]<\/p>\n<h3 style=\"font-family: 'Montserrat',Helvetica,Arial,Lucida,sans-serif; line-height: 1.4em; font-size: 25px;\">Participants<\/h3>\n<p>[\/et_pb_text][\/et_pb_column][\/et_pb_row][et_pb_row column_structure=&#8221;1_2,1_2&#8243; disabled_on=&#8221;off|off|off&#8221; _builder_version=&#8221;4.27.4&#8243; _module_preset=&#8221;default&#8221; hover_enabled=&#8221;0&#8243; locked=&#8221;off&#8221; global_colors_info=&#8221;{}&#8221; sticky_enabled=&#8221;0&#8243;][et_pb_column type=&#8221;1_2&#8243; _builder_version=&#8221;4.27.4&#8243; _module_preset=&#8221;default&#8221; global_colors_info=&#8221;{}&#8221;][et_pb_text _builder_version=&#8221;4.27.4&#8243; _module_preset=&#8221;default&#8221; global_colors_info=&#8221;{}&#8221;]<\/p>\n<ul style=\"font-family: 'Montserrat',Helvetica,Arial,Lucida,sans-serif; line-height: 1.4em; font-size: 100%; font-weight: 500;\">\n<li>Gabriele Barbagalio<\/li>\n<li>Gabriel Fenati<\/li>\n<li>Miquel Salicr\u00fa Herberg<\/li>\n<li>Alejandro Javier Puga G\u00f3mez<\/li>\n<li>Sebasti\u00e1n Llano Llano<\/li>\n<li>Eduardo Vebro Aja<\/li>\n<li>Pau Garc\u00eda Romeu<\/li>\n<li>Lorenzo Paolini<\/li>\n<li>Mart\u00edn Pico Lorenzo<\/li>\n<li>Jaime Fern\u00e1ndez Tejedor<\/li>\n<\/ul>\n<p>[\/et_pb_text][\/et_pb_column][et_pb_column type=&#8221;1_2&#8243; _builder_version=&#8221;4.27.4&#8243; _module_preset=&#8221;default&#8221; global_colors_info=&#8221;{}&#8221;][et_pb_text _builder_version=&#8221;4.27.4&#8243; _module_preset=&#8221;default&#8221; global_colors_info=&#8221;{}&#8221;]<\/p>\n<ul style=\"font-family: 'Montserrat',Helvetica,Arial,Lucida,sans-serif; line-height: 1.4em; font-size: 100%; font-weight: 500;\">\n<li>Jos\u00e9 Luis Verez-Fraguela<\/li>\n<li>Chay Chay Jyn<\/li>\n<li>Carlos Pulido Boatella<\/li>\n<li>Miquel Aparici Domingo<\/li>\n<li>Luc\u00eda L\u00f3pez de Pascual<\/li>\n<li>Ching Wang<\/li>\n<li>Isaac Mayras<\/li>\n<li>Chiara Altavista<\/li>\n<li>Ana Gil Hernandez<\/li>\n<\/ul>\n<p>[\/et_pb_text][\/et_pb_column][\/et_pb_row][\/et_pb_section]<\/p>\n","protected":false},"excerpt":{"rendered":"<p>AdS\/CFT Holography as a Framework for Quantum GravityBy Jos\u00e9 Calder\u00f3n-Infante Lecturer Jos\u00e9 Calder\u00f3n-Infante Places Sala Azul, Instituto de F\u00edsica Te\u00f3rica (IFT) Time 10:00\u201312:00 Dates March 9, 10, 11, 12, 16, 17, 18 2026 Organizers Miguel Montero Registration Please register via the Google Form Registration deadline: 8 March 2026 AbstractThis course provides an introduction to AdS\/CFT [&hellip;]<\/p>\n","protected":false},"author":1,"featured_media":0,"parent":1720,"menu_order":0,"comment_status":"closed","ping_status":"closed","template":"","meta":{"_et_pb_use_builder":"on","_et_pb_old_content":"<!-- wp:html -->\n<!-- Switch EN arriba del contenido -->\n<div class=\"pdft-lang-switch-wrap\">\n  <a href=\"https:\/\/projects.ift.uam-csic.es\/doctorado\/index.php\/en\/doctoral-training-activities\/\"\n     class=\"pdft-lang-switch\"\n     lang=\"en\" hreflang=\"en-GB\"\n     aria-label=\"Switch to English (UK)\">\n    <span class=\"flag\" aria-hidden=\"true\">\n      <svg viewBox=\"0 0 60 36\" width=\"18\" height=\"12\" role=\"img\" aria-label=\"UK flag\">\n        <rect width=\"60\" height=\"36\" fill=\"#012169\"\/>\n        <path d=\"M0,0 60,36 M60,0 0,36\" stroke=\"#FFF\" stroke-width=\"8\"\/>\n        <path d=\"M0,0 60,36 M60,0 0,36\" stroke=\"#C8102E\" stroke-width=\"4\"\/>\n        <rect x=\"26\" width=\"8\" height=\"36\" fill=\"#FFF\"\/>\n        <rect y=\"14\" width=\"60\" height=\"8\" fill=\"#FFF\"\/>\n        <rect x=\"27\" width=\"6\" height=\"36\" fill=\"#C8102E\"\/>\n        <rect y=\"15\" width=\"60\" height=\"6\" fill=\"#C8102E\"\/>\n      <\/svg>\n    <\/span>\n    <strong>EN<\/strong>\n  <\/a>\n<\/div>\n\n<style>\n.pdft-lang-switch-wrap{\n  display:block; text-align:left; margin:0 0 10px 0; clear:both;\n}\n.pdft-lang-switch{\n  display:inline-flex; align-items:center; gap:.45rem;\n  background:#e6b319; color:#000; border:2px solid #e6b319;\n  padding:.45rem .75rem; border-radius:999px;\n  font-weight:800; text-decoration:none; line-height:1;\n  font-family:system-ui,-apple-system,Segoe UI,Roboto,Helvetica,Arial,sans-serif;\n  transition:filter .15s ease, transform .08s ease, box-shadow .2s ease;\n  float:none !important; margin:0;\n}\n.pdft-lang-switch:hover{ filter:brightness(1.03); transform:translateY(-1px); }\n.pdft-lang-switch:focus-visible{ outline:none; box-shadow:0 0 0 3px rgba(230,179,25,.35); }\n.pdft-lang-switch .flag svg{ display:block; border-radius:2px; box-shadow:0 0 0 1px rgba(0,0,0,.08); }\n<\/style>\n<!-- \/wp:html -->\n\n<!-- wp:html -->\n<!doctype html>\n<html lang=\"es\">\n<head>\n<meta charset=\"utf-8\" \/>\n<meta name=\"viewport\" content=\"width=device-width,initial-scale=1\" \/>\n<title>Actividades Formativas<\/title>\n<style>\n  *,*::before,*::after{ box-sizing:border-box; }\n\n  :root{\n    --bg:#d9d9d9;\n    --fg:#1b1b1b;\n    --muted:#6f6f6f;\n    --card:#ffffff;\n    --stroke:#cfcfcf;\n    --accent:#e6b319; \/* \u00danico dorado *\/\n  }\n\n  \/* Contenedor principal *\/\n  #actividades-programa{\n    color:var(--fg);\n    background: var(--bg);\n    padding: clamp(24px, 4vw, 48px);\n    border-radius: 16px;\n    border:1px solid var(--stroke);\n    font-family: system-ui,-apple-system,Segoe UI,Roboto,Ubuntu,Cantarell,Noto Sans,Helvetica,Arial,\"Apple Color Emoji\",\"Segoe UI Emoji\";\n  }\n  #actividades-programa .grid{\n    display:grid; gap:clamp(14px,2vw,18px);\n    grid-template-columns: repeat(12, 1fr);\n  }\n  #actividades-programa .card{\n    grid-column: span 12;\n    background: var(--card);\n    border:1px solid var(--stroke);\n    border-radius: 14px;\n    padding: clamp(16px, 2vw, 22px);\n  }\n  #actividades-programa .title{\n    margin:0 0 .35rem 0; font-weight:800;\n    font-size: clamp(26px, 3.2vw, 34px);\n    letter-spacing:.2px;\n  }\n  #actividades-programa .subtitle{\n    margin:0 0 1.2rem 0; color:var(--muted);\n    font-size: clamp(14px, 2vw, 17px);\n  }\n\n  \/* Bot\u00f3n base (dorado relleno + texto negro) *\/\n  #actividades-programa .btn{\n    display:inline-flex; align-items:center; justify-content:center;\n    background: var(--accent);\n    color:#000;\n    border:2px solid var(--accent);\n    padding:.65rem 1rem;\n    border-radius:999px;\n    font-weight:800;              \/* negrita *\/\n    font-size:clamp(15px,1.8vw,17px);\n    text-decoration:none;\n    white-space:nowrap;\n    text-align:center;\n    transition: transform .08s ease, box-shadow .2s ease, filter .15s ease;\n  }\n  #actividades-programa .btn:hover{\n    filter:brightness(1.02);\n    transform:translateY(-1px);\n    box-shadow:0 6px 16px rgba(0,0,0,.08);\n  }\n  #actividades-programa .btn:focus-visible{\n    outline:none; box-shadow:0 0 0 3px rgba(230,179,25,.35);\n  }\n\n  \/* Bot\u00f3n XXL (curso 2024\/2025) \u2013 negrita y sin subrayado *\/\n  #actividades-programa .btn-xxl{\n    display:inline-flex; align-items:center; justify-content:center;\n    padding:1rem 2rem;\n    font-size: clamp(18px, 2.4vw, 22px);\n    font-weight:800;\n    border-radius: 16px;\n    min-width: clamp(280px, 55%, 680px);\n    background: var(--accent);\n    color:#000;\n    border:2px solid var(--accent);\n    box-shadow: 0 10px 20px rgba(0,0,0,.08);\n    text-decoration:none;            \/* quitar subrayado *\/\n    transition: transform .08s ease, filter .15s ease, box-shadow .2s ease;\n  }\n  #actividades-programa .btn-xxl:hover{\n    filter:brightness(1.02);\n    transform:translateY(-1px);\n    box-shadow: 0 14px 26px rgba(0,0,0,.10);\n    text-decoration:none;            \/* aseguramos sin subrayado al pasar *\/\n  }\n\n  \/* Semestres en una sola l\u00ednea (flex sin salto) *\/\n  #actividades-programa .semesters{\n    display:flex; gap:12px;\n    align-items:stretch;\n    flex-wrap:nowrap;            \/* no romper l\u00ednea *\/\n  }\n  #actividades-programa .semesters .btn{\n    flex:1 1 0;                  \/* ambos ocupan el mismo ancho *\/\n  }\n\n  \/* Grupo de botones (EDUAM\/DFT\/IFT) \u2013 centrados *\/\n  #actividades-programa .btn-row{\n    display:flex; flex-wrap:wrap; gap:12px;\n    justify-content:center;      \/* centrado horizontal *\/\n  }\n  #actividades-programa .btn-row .btn{ padding:.7rem 1.1rem; }\n\n  \/* Utilidades *\/\n  #actividades-programa .center{ display:flex; justify-content:center; }\n  #actividades-programa .mt-8{ margin-top:.8rem; }\n<\/style>\n<\/head>\n<body>\n<section id=\"actividades-programa\" aria-label=\"Actividades formativas\">\n  <div class=\"grid\">\n\n    <!-- BLOQUE 1: IFT por semestres -->\n    <div class=\"card\">\n      <h2 class=\"title\">Actividades Formativas IFT<\/h2>\n      <p class=\"subtitle\">Elige por semestre o consulta el hist\u00f3rico.<\/p>\n\n      <div class=\"semesters\" role=\"group\" aria-label=\"Semesters 2025\/2026\">\n        <a class=\"btn\" href=\"https:\/\/projects.ift.uam-csic.es\/doctorado\/index.php\/2025\/08\/26\/actividades-formativas\/?preview=true\" aria-label=\"First Semester\">First Semester<\/a>\n        <a class=\"btn\" href=\"#\" aria-label=\"Second Semester\">Second Semester<\/a>\n      <\/div>\n    <\/div>\n\n    <!-- BLOQUE 2: Curso 2024\/2025 -->\n    <div class=\"card\">\n      <h2 class=\"title\">Curso 2024\/2025<\/h2>\n      <p class=\"subtitle\">Consulta todas las actividades del curso pasado.<\/p>\n      <div class=\"center mt-8\">\n        <a class=\"btn-xxl\" href=\"https:\/\/projects.ift.uam-csic.es\/doctorado\/index.php\/2025\/08\/26\/actividades-formativas-2024-2025\/\" aria-label=\"Ver actividades 2024\u20132025\">\n          Ver actividades 2024\u20132025\n        <\/a>\n      <\/div>\n    <\/div>\n\n    <!-- BLOQUE 3: Transversales -->\n    <div class=\"card\">\n      <h2 class=\"title\">Actividades Formativas Transversales<\/h2>\n      <p class=\"subtitle\">Recursos comunes a todos los programas de posgrado.<\/p>\n      <div class=\"btn-row\">\n        <a class=\"btn\" href=\"https:\/\/www.uam.es\/EscuelaDoctorado\/es-es-actividades-formativas-transversales-2024-2025\/1446851454889.htm?language=es_ES\" aria-label=\"EDUAM\">EDUAM<\/a>\n      <\/div>\n    <\/div>\n\n    <!-- BLOQUE 4: Seminarios y conferencias -->\n    <div class=\"card\">\n      <h2 class=\"title\">Seminarios y conferencias<\/h2>\n      <p class=\"subtitle\">Agenda de seminarios y conferencias del programa.<\/p>\n      <div class=\"btn-row\">\n        <a class=\"btn\" href=\"#\" aria-label=\"Seminarios DFT\">DFT<\/a>\n        <a class=\"btn\" href=\"#\" aria-label=\"Seminarios IFT\">IFT<\/a>\n      <\/div>\n    <\/div>\n\n  <\/div>\n<\/section>\n<\/body>\n<\/html>\n<!-- \/wp:html -->","_et_gb_content_width":"","footnotes":""},"class_list":["post-2381","page","type-page","status-publish","hentry"],"_links":{"self":[{"href":"https:\/\/projects.ift.uam-csic.es\/doctorado\/wp-json\/wp\/v2\/pages\/2381","targetHints":{"allow":["GET"]}}],"collection":[{"href":"https:\/\/projects.ift.uam-csic.es\/doctorado\/wp-json\/wp\/v2\/pages"}],"about":[{"href":"https:\/\/projects.ift.uam-csic.es\/doctorado\/wp-json\/wp\/v2\/types\/page"}],"author":[{"embeddable":true,"href":"https:\/\/projects.ift.uam-csic.es\/doctorado\/wp-json\/wp\/v2\/users\/1"}],"replies":[{"embeddable":true,"href":"https:\/\/projects.ift.uam-csic.es\/doctorado\/wp-json\/wp\/v2\/comments?post=2381"}],"version-history":[{"count":9,"href":"https:\/\/projects.ift.uam-csic.es\/doctorado\/wp-json\/wp\/v2\/pages\/2381\/revisions"}],"predecessor-version":[{"id":2871,"href":"https:\/\/projects.ift.uam-csic.es\/doctorado\/wp-json\/wp\/v2\/pages\/2381\/revisions\/2871"}],"up":[{"embeddable":true,"href":"https:\/\/projects.ift.uam-csic.es\/doctorado\/wp-json\/wp\/v2\/pages\/1720"}],"wp:attachment":[{"href":"https:\/\/projects.ift.uam-csic.es\/doctorado\/wp-json\/wp\/v2\/media?parent=2381"}],"curies":[{"name":"wp","href":"https:\/\/api.w.org\/{rel}","templated":true}]}}