{"id":1770,"date":"2025-12-02T12:28:55","date_gmt":"2025-12-02T11:28:55","guid":{"rendered":"https:\/\/projects.ift.uam-csic.es\/doctorado\/?page_id=1770"},"modified":"2025-12-02T12:31:46","modified_gmt":"2025-12-02T11:31:46","slug":"politica-de-cookies","status":"publish","type":"page","link":"https:\/\/projects.ift.uam-csic.es\/doctorado\/es\/politica-de-cookies\/","title":{"rendered":"Pol\u00edtica de Cookies"},"content":{"rendered":"<p>[et_pb_section fb_built=&#8221;1&#8243; theme_builder_area=&#8221;post_content&#8221; _builder_version=&#8221;4.27.4&#8243; _module_preset=&#8221;default&#8221;][et_pb_row _builder_version=&#8221;4.27.4&#8243; _module_preset=&#8221;default&#8221; theme_builder_area=&#8221;post_content&#8221;][et_pb_column _builder_version=&#8221;4.27.4&#8243; _module_preset=&#8221;default&#8221; type=&#8221;4_4&#8243; theme_builder_area=&#8221;post_content&#8221;][et_pb_text _builder_version=&#8221;4.27.4&#8243; _module_preset=&#8221;default&#8221; theme_builder_area=&#8221;post_content&#8221; hover_enabled=&#8221;0&#8243; sticky_enabled=&#8221;0&#8243;]<\/p>\n<h2 style=\"font-family: 'Montserrat',Helvetica,Arial,Lucida,sans-serif; font-weight: bold; font-size: 40px; line-height: 1.2em;\">Pol\u00edtica de Cookies<\/h2>\n<p>&nbsp;<\/p>\n<p>El programa doctorado en F\u00edsica Te\u00f3rica informa acerca del uso de las cookies en sus p\u00e1ginas web.<\/p>\n<p>Las cookies son archivos que se pueden descargar en su equipo a trav\u00e9s de las p\u00e1ginas web. Son herramientas que tienen un papel esencial para la prestaci\u00f3n de numerosos servicios de la sociedad de la informaci\u00f3n. Entre otros, permiten a una p\u00e1gina web almacenar y recuperar informaci\u00f3n sobre los h\u00e1bitos de navegaci\u00f3n de un usuario o de su equipo y, dependiendo de la informaci\u00f3n obtenida, se pueden utilizar para reconocer al usuario y mejorar el servicio ofrecido.<\/p>\n<h2>Tipos de cookies<\/h2>\n<p>Seg\u00fan quien sea la entidad que gestione el dominio desde donde se env\u00edan las cookies y trate los datos que se obtengan se pueden distinguir dos tipos: cookies propias y cookies de terceros.<\/p>\n<p>Existe tambi\u00e9n una segunda clasificaci\u00f3n seg\u00fan el plazo de tiempo que permanecen almacenadas en el navegador del cliente, pudiendo tratarse de cookies de sesi\u00f3n o cookies persistentes.<\/p>\n<p>Por \u00faltimo, existe otra clasificaci\u00f3n con cinco tipos de cookies seg\u00fan la finalidad para la que se traten los datos obtenidos: cookies t\u00e9cnicas, cookies de personalizaci\u00f3n, cookies de an\u00e1lisis, cookies publicitarias y cookies de publicidad comportamental.<\/p>\n<p><a href=\"https:\/\/www.aepd.es\/es\/documento\/guia-cookies.pdf\" target=\"_blank\" rel=\"noopener noreferrer\">Gu\u00eda sobre el uso de las cookies de la Agencia Espa\u00f1ola de Protecci\u00f3n de Datos<\/a>.<\/p>\n<h2>Cookies utilizadas en la web<\/h2>\n<p>Para la promoci\u00f3n de redes sociales se est\u00e1n usando las cookies de Twiter, Facebook y Youtube, para que nuestros visitantes puedan seguirnos en dichas redes y en la p\u00e1gina de inicio se incrustan los contenidos de Twiter y Youtube.<\/p>\n<p>Se utilizan las siguientes cookies propias del IFT: _pk_ses111.6fed, _pk_id.111.6fed, has_js y cookie-agreed. Por otro lado, se utilizan cookies para preservar el estado de sesi\u00f3n de un usuario. Este se encuentra establecido en 30 minutos contando desde que el usuario deja de interactuar con la aplicaci\u00f3n. JSESSIONID, GUEST_LANGUAGE_ID y COOKIE_SUPPORT.<\/p>\n<h2>Aceptaci\u00f3n de la Pol\u00edtica de cookies<\/h2>\n<p>El programa doctorado en F\u00edsica Te\u00f3rica asume que usted acepta el uso de cookies. No obstante, en la parte superior de cualquier p\u00e1gina del portal se mostrar\u00e1 informaci\u00f3n sobre su Pol\u00edtica de cookies con el objeto de que usted sea consciente.<\/p>\n<p>Ante esta informaci\u00f3n es posible llevar a cabo las siguientes acciones:<\/p>\n<ul>\n<li>Aceptar cookies: si el usuario pulsa el bot\u00f3n de aceptaci\u00f3n, no se volver\u00e1 a visualizar este aviso al acceder a cualquier p\u00e1gina del portal.<\/li>\n<li>Revisar la pol\u00edtica de cookies: El usuario podr\u00e1 acceder a la presente p\u00e1gina en la que se detalla el uso de cookies, as\u00ed como enlaces para modificar la configuraci\u00f3n del navegador<\/li>\n<\/ul>\n<h2>C\u00f3mo modificar la configuraci\u00f3n de las cookies<\/h2>\n<p>Usted puede restringir, bloquear o borrar las cookies del programa doctorado en F\u00edsica Te\u00f3rica o cualquier otra p\u00e1gina web, utilizando su navegador. En cada navegador la operativa es diferente, la funci\u00f3n de &#8216;Ayuda&#8221; le mostrar\u00e1 c\u00f3mo hacerlo.<\/p>\n<p><a href=\"https:\/\/support.microsoft.com\/es-es\/help\/17442\/windows-internet-explorer-delete-manage-cookies#ie=ie-10\" target=\"_blank\" rel=\"noopener noreferrer\">Internet Explorer<\/a><\/p>\n<p><a href=\"https:\/\/support.mozilla.org\/es\/kb\/Borrar%20cookies\" target=\"_blank\" rel=\"noopener noreferrer\">FireFox<\/a><\/p>\n<p><a href=\"https:\/\/support.google.com\/accounts\/answer\/61416?hl=es\" target=\"_blank\" rel=\"noopener noreferrer\">Chrome\u00a0<\/a><\/p>\n<p><a href=\"https:\/\/www.apple.com\/legal\/privacy\/es\/cookies\/\" target=\"_blank\" rel=\"noopener noreferrer\">Safari<\/a>[\/et_pb_text][\/et_pb_column][\/et_pb_row][\/et_pb_section]<\/p>\n","protected":false},"excerpt":{"rendered":"<p>Pol\u00edtica de Cookies &nbsp; El programa doctorado en F\u00edsica Te\u00f3rica informa acerca del uso de las cookies en sus p\u00e1ginas web. Las cookies son archivos que se pueden descargar en su equipo a trav\u00e9s de las p\u00e1ginas web. Son herramientas que tienen un papel esencial para la prestaci\u00f3n de numerosos servicios de la sociedad de [&hellip;]<\/p>\n","protected":false},"author":1,"featured_media":0,"parent":0,"menu_order":0,"comment_status":"closed","ping_status":"closed","template":"","meta":{"_et_pb_use_builder":"on","_et_pb_old_content":"","_et_gb_content_width":"","footnotes":""},"class_list":["post-1770","page","type-page","status-publish","hentry"],"_links":{"self":[{"href":"https:\/\/projects.ift.uam-csic.es\/doctorado\/wp-json\/wp\/v2\/pages\/1770","targetHints":{"allow":["GET"]}}],"collection":[{"href":"https:\/\/projects.ift.uam-csic.es\/doctorado\/wp-json\/wp\/v2\/pages"}],"about":[{"href":"https:\/\/projects.ift.uam-csic.es\/doctorado\/wp-json\/wp\/v2\/types\/page"}],"author":[{"embeddable":true,"href":"https:\/\/projects.ift.uam-csic.es\/doctorado\/wp-json\/wp\/v2\/users\/1"}],"replies":[{"embeddable":true,"href":"https:\/\/projects.ift.uam-csic.es\/doctorado\/wp-json\/wp\/v2\/comments?post=1770"}],"version-history":[{"count":3,"href":"https:\/\/projects.ift.uam-csic.es\/doctorado\/wp-json\/wp\/v2\/pages\/1770\/revisions"}],"predecessor-version":[{"id":1773,"href":"https:\/\/projects.ift.uam-csic.es\/doctorado\/wp-json\/wp\/v2\/pages\/1770\/revisions\/1773"}],"wp:attachment":[{"href":"https:\/\/projects.ift.uam-csic.es\/doctorado\/wp-json\/wp\/v2\/media?parent=1770"}],"curies":[{"name":"wp","href":"https:\/\/api.w.org\/{rel}","templated":true}]}}