{"id":209,"date":"2019-02-06T00:03:06","date_gmt":"2019-02-05T23:03:06","guid":{"rendered":"http:\/\/projects.ift.uam-csic.es\/damasco\/?page_id=209"},"modified":"2023-02-10T19:50:25","modified_gmt":"2023-02-10T18:50:25","slug":"outreach","status":"publish","type":"page","link":"https:\/\/projects.ift.uam-csic.es\/damasco\/?page_id=209","title":{"rendered":"Outreach"},"content":{"rendered":"\n<p class=\"has-medium-font-size\">The members of our group are deeply involved in <strong>outreach<\/strong> events happening at different (regional, national, international) levels. <\/p>\n\n\n\n<p class=\"has-medium-font-size\">We also put a especial <strong>effort to disseminate<\/strong> our most interesting results in the media. <\/p>\n\n\n\n<p class=\"has-medium-font-size\">We firmly believe in the <strong>compromise of scientists<\/strong> to increase the scientific knowledge of humanity as a whole. <\/p>\n\n\n\n<p class=\"has-text-align-center\">______________________________<\/p>\n\n\n\n<h1 class=\"has-vivid-red-color has-text-color wp-block-heading\"><strong>Talks<\/strong><\/h1>\n\n\n\n<p><strong><em>Rayos gamma: una ventana al universo m\u00e1s violento (y oscuro) <\/em><\/strong>[<a href=\"http:\/\/projects.ift.uam-csic.es\/damasco\/wp-content\/uploads\/2023\/02\/Rayos-Gamma-IES-Barrio-Loranca.pdf\" target=\"_blank\" rel=\"noreferrer noopener\">PDF<\/a>] <br>Cristina Fern\u00e1ndez Su\u00e1rez,  IES Barrio Loranca (Madrid), December 2022.<\/p>\n\n\n\n<p><strong><em>El universo violento (y oscuro) a la luz de los rayos gamma <\/em><\/strong>[<a href=\"http:\/\/projects.ift.uam-csic.es\/damasco\/wp-content\/uploads\/2022\/10\/UniversoOscuroGammas_masc_300922.pdf\" target=\"_blank\" rel=\"noreferrer noopener\">PDF<\/a>]<br>Miguel A. S\u00e1nchez-Conde,  Noche Europea de los Investigadores, Sede Central CSIC (Madrid), September 2022.<\/p>\n\n\n\n<p><strong><em>Women of CTA: 4th Edition<\/em><\/strong> [<a rel=\"noreferrer noopener\" href=\"https:\/\/www.youtube.com\/watch?v=1wthDpESB90&amp;t=663s\" data-type=\"URL\" target=\"_blank\">Youtube<\/a>]<br>Judit P\u00e9rez-Romero, Talk and round table for the International Day of Woman and Girls in Science, online, February 2022.<\/p>\n\n\n\n<p><strong><em>Desde las estrellas brillantes a la materia oscura<\/em><\/strong> [PDF] [<a href=\"https:\/\/www.youtube.com\/watch?v=jRmx2iHfATE\">Youtube<\/a>]<br>Viviana Gammaldi,  Residencia de Estudiantes CSIC (Madrid), November 2021.<\/p>\n\n\n\n<p><strong><em>The Dark Matter gamma-rays connection: A tale of mass, energy and<br>distance<\/em><\/strong> [<a rel=\"noreferrer noopener\" href=\"https:\/\/www.youtube.com\/watch?v=g2tyOIsy1kQ&amp;t=499s\" target=\"_blank\">Youtube<\/a>]<br>Judit P\u00e9rez-Romero,  CTA webinar series: A Journey through the Extreme Universe, online, 2021.<\/p>\n\n\n\n<p><strong><em>[Rayos gamma para descifrar] El lado oscuro del Universo<\/em><\/strong> [<a rel=\"noreferrer noopener\" href=\"http:\/\/projects.ift.uam-csic.es\/damasco\/wp-content\/uploads\/2022\/01\/Gammas_y_MateriaOscura_ArturoSoria_291121.pdf\" target=\"_blank\">PDF<\/a>]<br>Miguel S\u00e1nchez-Conde, Colegio Arturo Soria, Madrid, November 2021.<\/p>\n\n\n\n<p><strong><em>El g\u00e9nero de la materia<\/em><\/strong> [<a rel=\"noreferrer noopener\" href=\"http:\/\/projects.ift.uam-csic.es\/damasco\/wp-content\/uploads\/2021\/02\/mattergender2021.pdf\" target=\"_blank\">PDF<\/a>]<br>Alejandra Aguirre-Santaella, IES Antonio Garc\u00eda Bellido, Le\u00f3n, February 2021.<\/p>\n\n\n\n<p>\u00bf<strong><em>De qu\u00e9 estamos hechos y d\u00f3nde vivimos?<\/em><\/strong> [<a rel=\"noreferrer noopener\" href=\"http:\/\/projects.ift.uam-csic.es\/damasco\/wp-content\/uploads\/2021\/02\/charla_ies.pdf\" target=\"_blank\">PDF<\/a>]<br>Judit P\u00e9rez-Romero, IES Villablanca, Madrid, January 2020<\/p>\n\n\n\n<p><strong><em>D\u00f3nde y c\u00f3mo buscar la materia oscura<\/em><\/strong> [<a href=\"http:\/\/projects.ift.uam-csic.es\/damasco\/wp-content\/uploads\/2020\/03\/Moline_outreach_RECSIC.pdf\" target=\"_blank\" rel=\"noreferrer noopener\" aria-label=\"PDF (opens in a new tab)\">PDF<\/a>] [<a rel=\"noreferrer noopener\" aria-label=\"Youtube (opens in a new tab)\" href=\"https:\/\/youtu.be\/E2T357zlmrI\" target=\"_blank\">Youtube<\/a>]<br>\u00c1ngeles Molin\u00e9,  Residencia de Estudiantes CSIC (Madrid), November 2019.<\/p>\n\n\n\n<p><strong><em>La primera luz del Universo: cuando el cosmos se volvi\u00f3 transparente <\/em><\/strong>[<a rel=\"noreferrer noopener\" href=\"https:\/\/www.youtube.com\/watch?v=L9S0pilN834\" target=\"_blank\">Youtube<\/a>]<br>Javier Coronado-Bl\u00e1zquez,  &#8216;Pint of Science&#8217;, Madrid, November 2018.<\/p>\n\n\n\n<p><strong><em>Rayos gamma: una ventana al universo m\u00e1s violento (y oscuro) <\/em><\/strong>[<a rel=\"noreferrer noopener\" aria-label=\"PDF (opens in a new tab)\" href=\"https:\/\/workshops.ift.uam-csic.es\/files\/218\/gammas.pdf\" target=\"_blank\">PDF<\/a>] [<a rel=\"noreferrer noopener\" aria-label=\"Youtube (opens in a new tab)\" href=\"https:\/\/www.youtube.com\/watch?v=qwxkz7fh-cY\" target=\"_blank\">Youtube<\/a>]<br>Miguel A. S\u00e1nchez-Conde,  Residencia de Estudiantes CSIC (Madrid), November 2017.<\/p>\n\n\n\n<p><\/p>\n\n\n\n<h1 class=\"has-vivid-red-color has-text-color wp-block-heading\"><strong>Articles<\/strong><\/h1>\n\n\n\n<p><strong><em><strong>Astronom\u00eda multi-mensajero y el papel de los rayos gamma para b\u00fasqueda de materia oscura<\/strong> <\/em><\/strong>[<a href=\"https:\/\/cienciayelazarrelativo.blogspot.com\/2021\/05\/astronomia-multi-mensajero-judit-perez.html\">link<\/a>]<br>Judit P\u00e9rez-Romero, Blog online &#8216;Ciencia y el azar relativo&#8217;, March 2022.<\/p>\n\n\n\n<p><strong><em>A la b\u00fasqueda de materia oscura en galaxias enanas irregulares con el telescopio Fermi-LAT <\/em><\/strong>[<a rel=\"noreferrer noopener\" href=\"https:\/\/www.madrimasd.org\/blogs\/fisicateorica\/2021\/12\/21\/1105\/\" target=\"_blank\">link<\/a>]<br>Viviana Gammaldi, madri+d blogs, December 2021.<\/p>\n\n\n\n<p><strong><em>La materia oscura a la luz de los rayos gamma <\/em><\/strong>[<a rel=\"noreferrer noopener\" href=\"https:\/\/www.investigacionyciencia.es\/revistas\/investigacion-y-ciencia\/visitantes-interestelares-815\/la-materia-oscura-a-la-luz-de-los-rayos-gamma-19257\" target=\"_blank\">link<\/a>]<br>Javier Coronado-Bl\u00e1zquez and Miguel A. S\u00e1nchez-Conde, Investigaci\u00f3n y Ciencia national magazine,  December 2020.<\/p>\n\n\n\n<p><strong><em>La sub-estructura del halo y la b\u00fasqueda de la materia oscura <\/em><\/strong>[<a rel=\"noreferrer noopener\" aria-label=\" (opens in a new tab)\" href=\"http:\/\/www.madrimasd.org\/blogs\/fisicateorica\/2018\/09\/26\/611\/\" target=\"_blank\">link<\/a>]<br>Javier Coronado-Bl\u00e1zquez and Miguel A. S\u00e1nchez-Conde, madri+d blogs,  September 2018.<\/p>\n\n\n\n<p><strong><em>La UAM nuevo miembro del Consorcio \u201cCherenkov telescope array\u201d (CTA) <\/em><\/strong>[<a href=\"http:\/\/www.madrimasd.org\/blogs\/talento-cm-uam\/2018\/08\/27\/1\/?origen=notiweb\" target=\"_blank\" rel=\"noreferrer noopener\" aria-label=\" (opens in a new tab)\">link<\/a>]<br>Miguel A. S\u00e1nchez-Conde, madri+d blogs,  August 2018.<\/p>\n\n\n\n<p><strong><em>C\u00f3mo sabemos lo (poco) que sabemos de la materia oscura <\/em><\/strong>[<a href=\"http:\/\/www.madrimasd.org\/blogs\/fisicateorica\/2018\/01\/19\/543\/\" target=\"_blank\" rel=\"noreferrer noopener\" aria-label=\"link (opens in a new tab)\">link<\/a>]<br>Javier Coronado-Bl\u00e1zquez, madri+d blogs,  January 2018.<\/p>\n\n\n\n<p><\/p>\n\n\n\n<h1 class=\"has-vivid-red-color has-text-color wp-block-heading\"><strong>Other material<\/strong><\/h1>\n\n\n\n<p><strong><em>\u00bfPor qu\u00e9 estudiar f\u00edsica? 6 doctorandos te lo cuentan<\/em><\/strong> [<a rel=\"noreferrer noopener\" href=\"https:\/\/www.youtube.com\/watch?v=Vk-igUA6sjk\" target=\"_blank\">Youtube<\/a>]<br>Judit P\u00e9rez-Romero,  Residencia de Estudiantes CSIC (Madrid), November 2021.<\/p>\n\n\n\n<p><strong><em>\u00bfY si la gravedad funcionara diferente? | Teor\u00edas de gravedad modificada <\/em><\/strong>[<a href=\"https:\/\/www.youtube.com\/watch?v=IlaGxMv60wg\" target=\"_blank\" rel=\"noreferrer noopener\">Youtube<\/a>]<br>Judit P\u00e9rez-Romero, &#8216;IFT Youtube channel&#8217;, September 2019.<\/p>\n\n\n\n<p><strong><em>F\u00edsica te\u00f3rica y materia oscura <\/em><\/strong>[<a rel=\"noreferrer noopener\" href=\"https:\/\/www.youtube.com\/watch?v=L9YdGq3sU7I\" target=\"_blank\">Youtube<\/a>]<br>Interview to Javier Coronado-Bl\u00e1zquez,  Madrid, April 2019.<\/p>\n\n\n\n<p><strong><em>\u00bfQu\u00e9 es la f\u00edsica te\u00f3rica<\/em><\/strong>?<strong><em> <\/em><\/strong>[<a href=\"https:\/\/www.youtube.com\/watch?v=j8Ck45kbO1Q\" target=\"_blank\" rel=\"noreferrer noopener\">Youtube<\/a>]<br>Interview to Javier Coronado-Bl\u00e1zquez by CERNtripetas,  Madrid,  November 2018.<\/p>\n\n\n\n<p><strong><em>L\u00edmite GZK | Las part\u00edculas m\u00e1s energ\u00e9ticas del universo <\/em><\/strong>[<a rel=\"noreferrer noopener\" href=\"https:\/\/www.onzientzia.tv\/en\/competitions\/2018-2019-competition\/exoplanetas-mundos-mas-alla-del-sistema-solar-3\/\" target=\"_blank\">Youtube<\/a>]<br>Judit P\u00e9rez-Romero, &#8216;IFT Youtube channel&#8217;, February 2019.<\/p>\n\n\n\n<p><strong><em>Exoplanetas. Mundos m\u00e1s all\u00e1 del Sistema Solar <\/em><\/strong>[<a rel=\"noreferrer noopener\" href=\"https:\/\/www.onzientzia.tv\/en\/competitions\/2018-2019-competition\/exoplanetas-mundos-mas-alla-del-sistema-solar-3\/\" target=\"_blank\">video<\/a>]<br>&#8216;Onzientzia&#8217; 2019 award for best outreach video &#8212; Javier Coronado-Bl\u00e1zquez.<\/p>\n","protected":false},"excerpt":{"rendered":"<p>The members of our group are deeply involved in outreach events happening at different (regional, national, international) levels. We also put a especial effort to disseminate our most interesting results in the media. We firmly believe in the compromise of scientists to increase the scientific knowledge of humanity as a whole. ______________________________ Talks Rayos gamma: &hellip; <\/p>\n<p class=\"link-more\"><a href=\"https:\/\/projects.ift.uam-csic.es\/damasco\/?page_id=209\" class=\"more-link\">Continue reading<span class=\"screen-reader-text\"> &#8220;Outreach&#8221;<\/span><\/a><\/p>\n","protected":false},"author":1,"featured_media":0,"parent":0,"menu_order":0,"comment_status":"closed","ping_status":"closed","template":"","meta":{"footnotes":""},"class_list":["post-209","page","type-page","status-publish","hentry"],"_links":{"self":[{"href":"https:\/\/projects.ift.uam-csic.es\/damasco\/index.php?rest_route=\/wp\/v2\/pages\/209","targetHints":{"allow":["GET"]}}],"collection":[{"href":"https:\/\/projects.ift.uam-csic.es\/damasco\/index.php?rest_route=\/wp\/v2\/pages"}],"about":[{"href":"https:\/\/projects.ift.uam-csic.es\/damasco\/index.php?rest_route=\/wp\/v2\/types\/page"}],"author":[{"embeddable":true,"href":"https:\/\/projects.ift.uam-csic.es\/damasco\/index.php?rest_route=\/wp\/v2\/users\/1"}],"replies":[{"embeddable":true,"href":"https:\/\/projects.ift.uam-csic.es\/damasco\/index.php?rest_route=%2Fwp%2Fv2%2Fcomments&post=209"}],"version-history":[{"count":35,"href":"https:\/\/projects.ift.uam-csic.es\/damasco\/index.php?rest_route=\/wp\/v2\/pages\/209\/revisions"}],"predecessor-version":[{"id":804,"href":"https:\/\/projects.ift.uam-csic.es\/damasco\/index.php?rest_route=\/wp\/v2\/pages\/209\/revisions\/804"}],"wp:attachment":[{"href":"https:\/\/projects.ift.uam-csic.es\/damasco\/index.php?rest_route=%2Fwp%2Fv2%2Fmedia&parent=209"}],"curies":[{"name":"wp","href":"https:\/\/api.w.org\/{rel}","templated":true}]}}