{"id":15,"date":"2018-12-10T17:08:14","date_gmt":"2018-12-10T17:08:14","guid":{"rendered":"http:\/\/projects.ift.uam-csic.es\/damasco\/?page_id=15"},"modified":"2020-09-04T16:04:47","modified_gmt":"2020-09-04T14:04:47","slug":"inicio","status":"publish","type":"page","link":"https:\/\/projects.ift.uam-csic.es\/damasco\/","title":{"rendered":"Welcome!"},"content":{"rendered":"<h3>Welcome to the website of the DAMASCO research group at the Instituto de F\u00edsica Te\u00f3rica (IFT) and the Department of Theoretical Physics, <strong>Universidad Aut\u00f3noma de Madrid<\/strong>.<\/h3>\n<h3>Our group is mad about the <strong>dark <span style=\"color: #ff0000;\">side<\/span><\/strong> of the Universe, gamma rays and cosmic rays.<\/h3>\n<h3>You will find out more details about us and our research activities on this site. Come in and take a look.<\/h3>\n<h3>And feel free to contact us anytime!<\/h3>\n","protected":false},"excerpt":{"rendered":"<p>Welcome to the website of the DAMASCO research group at the Instituto de F\u00edsica Te\u00f3rica (IFT) and the Department of Theoretical Physics, Universidad Aut\u00f3noma de Madrid. Our group is mad about the dark side of the Universe, gamma rays and cosmic rays. You will find out more details about us and our research activities on &hellip; <\/p>\n<p class=\"link-more\"><a href=\"https:\/\/projects.ift.uam-csic.es\/damasco\/\" class=\"more-link\">Continue reading<span class=\"screen-reader-text\"> &#8220;Welcome!&#8221;<\/span><\/a><\/p>\n","protected":false},"author":1,"featured_media":0,"parent":0,"menu_order":0,"comment_status":"closed","ping_status":"closed","template":"","meta":{"footnotes":""},"class_list":["post-15","page","type-page","status-publish","hentry"],"_links":{"self":[{"href":"https:\/\/projects.ift.uam-csic.es\/damasco\/index.php?rest_route=\/wp\/v2\/pages\/15","targetHints":{"allow":["GET"]}}],"collection":[{"href":"https:\/\/projects.ift.uam-csic.es\/damasco\/index.php?rest_route=\/wp\/v2\/pages"}],"about":[{"href":"https:\/\/projects.ift.uam-csic.es\/damasco\/index.php?rest_route=\/wp\/v2\/types\/page"}],"author":[{"embeddable":true,"href":"https:\/\/projects.ift.uam-csic.es\/damasco\/index.php?rest_route=\/wp\/v2\/users\/1"}],"replies":[{"embeddable":true,"href":"https:\/\/projects.ift.uam-csic.es\/damasco\/index.php?rest_route=%2Fwp%2Fv2%2Fcomments&post=15"}],"version-history":[{"count":14,"href":"https:\/\/projects.ift.uam-csic.es\/damasco\/index.php?rest_route=\/wp\/v2\/pages\/15\/revisions"}],"predecessor-version":[{"id":576,"href":"https:\/\/projects.ift.uam-csic.es\/damasco\/index.php?rest_route=\/wp\/v2\/pages\/15\/revisions\/576"}],"wp:attachment":[{"href":"https:\/\/projects.ift.uam-csic.es\/damasco\/index.php?rest_route=%2Fwp%2Fv2%2Fmedia&parent=15"}],"curies":[{"name":"wp","href":"https:\/\/api.w.org\/{rel}","templated":true}]}}