{"id":104,"date":"2019-02-05T09:48:20","date_gmt":"2019-02-05T09:48:20","guid":{"rendered":"http:\/\/projects.ift.uam-csic.es\/damasco\/?page_id=104"},"modified":"2025-09-01T19:14:16","modified_gmt":"2025-09-01T17:14:16","slug":"publications-2","status":"publish","type":"page","link":"https:\/\/projects.ift.uam-csic.es\/damasco\/?page_id=104","title":{"rendered":"Selected Publications"},"content":{"rendered":"\n<h5 class=\"wp-block-heading\"><strong>Below WE LIST some of the <\/strong><em><strong><mark style=\"background-color:rgba(0, 0, 0, 0)\" class=\"has-inline-color has-vivid-red-color\">most relevant<\/mark><\/strong> <\/em><strong>publications of our grouP (Since march 2017).<\/strong><\/h5>\n\n\n\n<h5 class=\"wp-block-heading\"><strong>A full publication list of all <span class=\"has-inline-color has-vivid-red-color\">CURRENT<\/span> members OF the group (before and after theY joined DAMASCO) can be found at <a href=\"https:\/\/ui.adsabs.harvard.edu\/search\/p_=0&amp;q=author%3A(%22sanchez-conde%2C%20miguel%22%20OR%20%22gaggero%2C%20daniele%22%20OR%20%22alves%20batista%2C%20rafael%22%20OR%20%22perez-romero%2C%20judit%22%20OR%20%22aguirre-santaella%2C%20alejandra%22%20OR%20%22scarcella%2C%20francesca%22%20OR%20%22moline%2C%20angie%22%20OR%20%22gammaldi%2C%20viviana%22)&amp;sort=date%20desc%2C%20bibcode%20desc\" data-type=\"URL\" target=\"_blank\" rel=\"noreferrer noopener\">this link<\/a>.<\/strong><\/h5>\n\n\n\n<p class=\"has-very-light-gray-color has-text-color has-small-font-size\">.<\/p>\n\n\n\n<p>\u201c<a href=\"https:\/\/arxiv.org\/abs\/2502.15656\" data-type=\"link\" data-id=\"https:\/\/arxiv.org\/abs\/2412.09595\" target=\"_blank\" rel=\"noreferrer noopener\">A search for dark matter annihilation in stellar streams with the <em>Fermi<\/em>-LAT<\/a>\u201c, <strong>C. Fern\u00e1ndez-Su\u00e1rez<\/strong> &amp; <strong>M. S\u00e1nchez-Conde<\/strong>, 2025, JCAP 09, 003<\/p>\n\n\n\n<p>\u201c<a href=\"https:\/\/arxiv.org\/abs\/2412.09595\" data-type=\"link\" data-id=\"https:\/\/arxiv.org\/abs\/2412.09595\" target=\"_blank\" rel=\"noreferrer noopener\">Probing a diffuse flux of axionlike particles from Galactic supernovae with neutrino water Cherenkov detectors<\/a>\u201c, D. Alonso-Gonz\u00e1lez, D. Cerde\u00f1o, <strong>M. Cerme\u00f1o<\/strong>, A. D. Perez, 2025, PRD 111, 8, 083019<\/p>\n\n\n\n<p>&#8220;<a href=\"https:\/\/arxiv.org\/abs\/2412.19890\" target=\"_blank\" rel=\"noreferrer noopener\">Disentangling axionlike particle couplings to nucleons via a delayed signal in Super-Kamiokande from a future supernova<\/a>&#8220;, D. Alonso-Gonz\u00e1lez, D. Cerde\u00f1o, <strong>M. Cerme\u00f1o,<\/strong> A. D. Perez, 2025, PRD 111, 8, 083029&#8243;<\/p>\n\n\n\n<p><a href=\"https:\/\/arxiv.org\/abs\/2406.11949\" data-type=\"link\" data-id=\"https:\/\/arxiv.org\/abs\/2406.11949\" target=\"_blank\" rel=\"noreferrer noopener\">Refining Galactic primordial black hole evaporation constraints<\/a>&#8220;, <strong>P. de la Torre Luque<\/strong>, J. Koechler, S. Balaji, 2024, PRD, 110, 973 123022<\/p>\n\n\n\n<p>&#8220;<a href=\"https:\/\/arxiv.org\/abs\/2312.04907\" data-type=\"link\" data-id=\"https:\/\/arxiv.org\/abs\/2312.04907\" target=\"_blank\" rel=\"noreferrer noopener\">New 511 keV Line Data Provide Strongest sub-GeV Dark Matter Constraints<\/a>&#8220;, <strong>P. de la Torre Luque<\/strong>, S. Balaji and J. Silk, 2024, ApJL 973 L6<\/p>\n\n\n\n<p>&#8220;<a href=\"https:\/\/arxiv.org\/abs\/2401.10329\" target=\"_blank\" rel=\"noreferrer noopener\">Antiproton bounds on dark matter annihilation from a combined analysis using the DRAGON2 code<\/a>&#8220;, <strong>P. de la Torre Luque<\/strong>, M. W. Winkler and T. Linden, 2024, JCAP, 05, 104<\/p>\n\n\n\n<p>&#8220;<a href=\"https:\/\/arxiv.org\/abs\/2311.04979\" data-type=\"link\" data-id=\"https:\/\/arxiv.org\/abs\/2311.04979\" target=\"_blank\" rel=\"noreferrer noopener\">Importance of cosmic-ray propagation on sub-GeV dark matter constraints<\/a>&#8220;, <strong>P. de la Torre Luque<\/strong>, S. Balaji and J. Koechler, 2024, ApJ, 968, 46<\/p>\n\n\n\n<p>&#8220;<a href=\"https:\/\/arxiv.org\/abs\/2309.02330\" target=\"_blank\" rel=\"noreferrer noopener\">The viability of low-mass subhaloes as targets for gamma-ray dark matter searches<\/a>&#8220;, <strong>A. Aguirre-Santaella <\/strong>and<strong> M. S\u00e1nchez-Conde<\/strong>, 2024, MNRAS 530, 2496<\/p>\n\n\n\n<p>&#8220;<a href=\"https:\/\/arxiv.org\/abs\/2301.00661\">Constraints from the duration of supernova neutrino burst on on-shell light gauge boson production by neutrinos<\/a>\u201d, D. G. Cerde\u00f1o, <strong>M. Cerme\u00f1o<\/strong>, Y. Farzan, 2023, PRD, 107, 12, 123012<\/p>\n\n\n\n<p>&#8220;<a href=\"https:\/\/arxiv.org\/abs\/2303.16930\" target=\"_blank\" rel=\"noreferrer noopener\">Constraining the dark matter contribution of \u03b3 rays in clusters of galaxies using Fermi-LAT data<\/a>&#8220;, M. di Mauro, <strong>J. P\u00e9rez-Romero, M. S\u00e1nchez-Conde<\/strong>, N. Fornengo, 2023, PRD 107, 083030<\/p>\n\n\n\n<p>&#8220;<a href=\"https:\/\/arxiv.org\/abs\/2207.09307\">A search for dark matter among Fermi-LAT unidentified sources with systematic features in machine learning<\/a>&#8220;, <strong>V. Gammaldi, <\/strong>B. Zald\u00edvar, <strong>M. S\u00e1nchez-Conde<\/strong>, <strong>J. Coronado-Bl\u00e1zquez,<\/strong>  2023, MNRAS 518, 93<\/p>\n\n\n\n<p>&#8220;<a rel=\"noreferrer noopener\" href=\"https:\/\/arxiv.org\/abs\/2207.08652\" target=\"_blank\">Shedding light on low-mass subhalo survival and annihilation luminosity with numerical simulations<\/a>&#8220;, <strong>A. Aguirre-Santaella, M. S\u00e1nchez-Conde<\/strong>, et al., 2023, MNRAS 518, 93<\/p>\n\n\n\n<p><em>&#8220;<\/em><a rel=\"noreferrer noopener\" href=\"https:\/\/arxiv.org\/abs\/2110.02097\" target=\"_blank\">LCDM halo substructure properties revealed with high resolution and large volume cosmological simulations<\/a>&#8220;, <strong>A. Molin\u00e9<\/strong>, <strong>M. S\u00e1nchez-Conde<\/strong>, <strong>A. Aguirre-Santaella<\/strong>, et al., MNRAS 518, 157 <\/p>\n\n\n\n<p>&#8220;<a rel=\"noreferrer noopener\" href=\"https:\/\/arxiv.org\/abs\/2208.00107\" target=\"_blank\">CRPropa 3.2 &#8212; an advanced framework for high-energy particle propagation in extragalactic and galactic spaces<\/a>&#8220;, <strong>R. Alves Batista<\/strong>, et al. 2022, JCAP, 09, 035<\/p>\n\n\n\n<p>&#8220;<a href=\"https:\/\/arxiv.org\/abs\/2201.07247\" data-type=\"link\" data-id=\"https:\/\/arxiv.org\/abs\/2201.07247\">Signatures of leptophilic t-channel dark matter from active galactic nuclei<\/a>\u201d, <strong>M. Cerme\u00f1o<\/strong>, C. Degrande, L. Mantani. 2022, PRD, 105, 8, 083019<\/p>\n\n\n\n<p>&#8220;<a href=\"https:\/\/arxiv.org\/abs\/2204.00267\">Spatial extension of dark subhalos as seen by Fermi-LAT and the implications for WIMP constraints<\/a>&#8220;, <strong>J. Coronado-Bl\u00e1zquez,<\/strong> <strong>M. S\u00e1nchez-Conde, J. P\u00e9rez-Romero, A. Aguirre-Santaella<\/strong>, 2022, PRD, 105, 083006<\/p>\n\n\n\n<p>\u201c<a href=\"https:\/\/arxiv.org\/abs\/2109.11291\" target=\"_blank\" rel=\"noreferrer noopener\">Dark matter search in dwarf irregular galaxies with the Fermi Large Area Telescope<\/a>\u201c, <strong>V. Gammaldi, J. P\u00e9rez-Romero, J. Coronado-Bl\u00e1zquez,<\/strong> M. di Mauro, E. Karukes, <strong>M. S\u00e1nchez-Conde<\/strong>, P. Salucci, 2021, PRD, 104, 083026<\/p>\n\n\n\n<p>&#8220;<a href=\"https:\/\/arxiv.org\/abs\/2101.10003\" data-type=\"URL\" target=\"_blank\" rel=\"noreferrer noopener\">Sensitivity of the Cherenkov Telescope Array to dark subhalos<\/a>&#8220;, <strong>J. Coronado-Bl\u00e1zquez,<\/strong> M. Doro, <strong>M. S\u00e1nchez-Conde, A. Aguirre-Santaella<\/strong>, 2021, PDU, 32, 100845<\/p>\n\n\n\n<p>&#8220;<a href=\"https:\/\/arxiv.org\/abs\/1906.10113\" target=\"_blank\" rel=\"noreferrer noopener\">X-ray and gamma-ray limits on the primordial black hole abundance from Hawking radiation<\/a>&#8220;, G. Ballesteros, <strong>J. Coronado-Bl\u00e1zquez, D. Gaggero<\/strong>, 2020, PLB, 808, 135624<\/p>\n\n\n\n<p>&#8220;<a href=\"https:\/\/arxiv.org\/abs\/1905.11154\" target=\"_blank\" rel=\"noreferrer noopener\" aria-label=\"SKA-Phase 1 sensitivity to synchrotron radio emission from multi-TeV Dark Matter candidates (opens in a new tab)\">SKA-Phase 1 sensitivity to synchrotron radio emission from multi-TeV Dark Matter candidates<\/a>&#8220;, J.A.R. Cembranos, A. de la Cruz-Dombriz, <strong>V. Gammaldi<\/strong>, M. M\u00e9ndez-Isla, 2020, Physics of the Dark Universe, 27, 100448<\/p>\n\n\n\n<p>&#8220;<a rel=\"noreferrer noopener\" aria-label=\"Spectral and spatial analysis of the dark matter subhalo candidates among Fermi Large Area Telescope unidentified sources (opens in a new tab)\" href=\"https:\/\/arxiv.org\/abs\/1910.14429\" target=\"_blank\">Spectral and spatial analysis of the dark matter subhalo candidates among Fermi Large Area Telescope unidentified sources<\/a>&#8220;, <strong>J. Coronado-Bl\u00e1zquez, M. S\u00e1nchez-Conde<\/strong>., M. di Mauro, <strong>A. Aguirre-Santaella<\/strong>, et al., 2019, JCAP,  11, 045<\/p>\n\n\n\n<p>&#8220;<a rel=\"noreferrer noopener\" aria-label=\" (opens in a new tab)\" href=\"https:\/\/arxiv.org\/abs\/1905.11745\" target=\"_blank\">Looking for ultralight dark matter near supermassive black holes<\/a>&#8220;, N. Bar, K. Blum, <strong>T. Lacroix<\/strong>, P. Panci, 2019, JCAP, 07, 045<\/p>\n\n\n\n<p><a rel=\"noreferrer noopener\" aria-label=\"&quot;Unidentified Gamma-ray Sources as Targets for Indirect Dark Matter Detection with the Fermi-Large Area Telescope&quot; (opens in a new tab)\" href=\"https:\/\/arxiv.org\/abs\/1906.11896\" target=\"_blank\">&#8220;Unidentified Gamma-ray Sources as Targets for Indirect Dark Matter Detection with the Fermi-Large Area Telescope&#8221;<\/a>, <strong>J. Coronado-Bl\u00e1zquez, M. S\u00e1nchez-Conde<\/strong>, A. Dom\u00ednguez, <strong>A. Aguirre-Santaella<\/strong>, et al., 2019, JCAP,  07, 020<\/p>\n\n\n\n<p class=\"has-very-dark-gray-color has-text-color\">&#8220;<a rel=\"noreferrer noopener\" aria-label=\"Multi-wavelength astronomical searches for primordial black holes (opens in a new tab)\" href=\"https:\/\/ui.adsabs.harvard.edu\/abs\/2019JCAP...06..026M\/abstract\" target=\"_blank\">Multi-wavelength astronomical searches for primordial black holes<\/a>&#8220;, Manshanden, <strong>D. Gaggero<\/strong>, G. Bertone, R.M.T. Connors, M. Ricotti, 2019, JCAP, 06, 26 <\/p>\n\n\n\n<p class=\"has-very-dark-gray-color has-text-color\">&#8220;<a rel=\"noreferrer noopener\" aria-label=\"The origin of Galactic cosmic rays: challenges to the standard paradigm (opens in a new tab)\" href=\"https:\/\/ui.adsabs.harvard.edu\/abs\/2019arXiv190311584G\/abstract\" target=\"_blank\">The origin of Galactic cosmic rays: challenges to the standard paradigm<\/a>&#8220;, S. Gabici, C. Evoli, <strong>D. Gaggero<\/strong>, et al., 2019,  IJMPD, 28, 1930022<\/p>\n\n\n\n<p><a aria-label=\"&quot;Science with the Cherenkov Telescope Array&quot; (opens in a new tab)\" href=\"http:\/\/adsabs.harvard.edu\/abs\/2017arXiv170907997C\" target=\"_blank\" rel=\"noreferrer noopener\">&#8220;Science with the Cherenkov Telescope Array&#8221;<\/a>, Cherenkov Telescope Array Consortium, et al. (including <strong>M. S\u00e1nchez-Conde<\/strong>), 2017, arXiv:1709.07997 <\/p>\n\n\n\n<p><em>&#8220;<\/em><a rel=\"noreferrer noopener\" aria-label=\"Characterization of subhalo structural properties and implications for dark matter annihilation signals (opens in a new tab)\" href=\"http:\/\/adsabs.harvard.edu\/abs\/2017MNRAS.466.4974M\" target=\"_blank\">Characterization of subhalo structural properties and implications for dark matter annihilation signals<\/a><em>&#8220;<\/em>, A. Molin\u00e9, <strong>M. S\u00e1nchez-Conde<\/strong>, S. Palomares-Ruiz, F. Prada, 2017, MNRAS, 466, 4974<\/p>\n","protected":false},"excerpt":{"rendered":"<p>Below WE LIST some of the most relevant publications of our grouP (Since march 2017). A full publication list of all CURRENT members OF the group (before and after theY joined DAMASCO) can be found at this link. . \u201cA search for dark matter annihilation in stellar streams with the Fermi-LAT\u201c, C. Fern\u00e1ndez-Su\u00e1rez &amp; M. &hellip; <\/p>\n<p class=\"link-more\"><a href=\"https:\/\/projects.ift.uam-csic.es\/damasco\/?page_id=104\" class=\"more-link\">Continue reading<span class=\"screen-reader-text\"> &#8220;Selected Publications&#8221;<\/span><\/a><\/p>\n","protected":false},"author":1,"featured_media":0,"parent":0,"menu_order":0,"comment_status":"closed","ping_status":"closed","template":"","meta":{"footnotes":""},"class_list":["post-104","page","type-page","status-publish","hentry"],"_links":{"self":[{"href":"https:\/\/projects.ift.uam-csic.es\/damasco\/index.php?rest_route=\/wp\/v2\/pages\/104","targetHints":{"allow":["GET"]}}],"collection":[{"href":"https:\/\/projects.ift.uam-csic.es\/damasco\/index.php?rest_route=\/wp\/v2\/pages"}],"about":[{"href":"https:\/\/projects.ift.uam-csic.es\/damasco\/index.php?rest_route=\/wp\/v2\/types\/page"}],"author":[{"embeddable":true,"href":"https:\/\/projects.ift.uam-csic.es\/damasco\/index.php?rest_route=\/wp\/v2\/users\/1"}],"replies":[{"embeddable":true,"href":"https:\/\/projects.ift.uam-csic.es\/damasco\/index.php?rest_route=%2Fwp%2Fv2%2Fcomments&post=104"}],"version-history":[{"count":60,"href":"https:\/\/projects.ift.uam-csic.es\/damasco\/index.php?rest_route=\/wp\/v2\/pages\/104\/revisions"}],"predecessor-version":[{"id":941,"href":"https:\/\/projects.ift.uam-csic.es\/damasco\/index.php?rest_route=\/wp\/v2\/pages\/104\/revisions\/941"}],"wp:attachment":[{"href":"https:\/\/projects.ift.uam-csic.es\/damasco\/index.php?rest_route=%2Fwp%2Fv2%2Fmedia&parent=104"}],"curies":[{"name":"wp","href":"https:\/\/api.w.org\/{rel}","templated":true}]}}