{"id":5692,"date":"2019-03-13T15:27:34","date_gmt":"2019-03-13T14:27:34","guid":{"rendered":"https:\/\/projects.ift.uam-csic.es\/cienciaclipLAC\/?page_id=5692"},"modified":"2019-06-09T00:14:56","modified_gmt":"2019-06-08T22:14:56","slug":"inscripcion","status":"publish","type":"page","link":"https:\/\/projects.ift.uam-csic.es\/cienciaclipLAC\/inscripcion\/","title":{"rendered":"Inscripci\u00f3n"},"content":{"rendered":"<div class=\"flex_column av_one_half  flex_column_div av-zero-column-padding first  avia-builder-el-0  el_before_av_one_half  avia-builder-el-first  \" style='border-radius:0px; '><section class=\"av_textblock_section \"  itemscope=\"itemscope\" itemtype=\"https:\/\/schema.org\/CreativeWork\" ><div class='avia_textblock  '   itemprop=\"text\" ><div class=\"caldera-grid\" id=\"caldera_form_1\" data-cf-ver=\"1.9.6\" data-cf-form-id=\"CF5c88edce209f2\"><div id=\"caldera_notices_1\" data-spinner=\"https:\/\/projects.ift.uam-csic.es\/cienciaclipLAC\/wp-admin\/images\/spinner.gif\"><\/div><form data-instance=\"1\" class=\"CF5c88edce209f2 caldera_forms_form\" method=\"POST\" enctype=\"multipart\/form-data\" id=\"CF5c88edce209f2_1\" data-form-id=\"CF5c88edce209f2\" aria-label=\"Inscripci&oacute;n\">\r\n<input type=\"hidden\" id=\"_cf_verify_CF5c88edce209f2\" name=\"_cf_verify\" value=\"8c2763f368\"  data-nonce-time=\"1775307178\" \/><input type=\"hidden\" name=\"_wp_http_referer\" value=\"\/cienciaclipLAC\/wp-json\/wp\/v2\/pages\/5692\" \/><div id=\"cf2-CF5c88edce209f2_1\"><\/div><input type=\"hidden\" name=\"_cf_frm_id\" value=\"CF5c88edce209f2\">\r\n<input type=\"hidden\" name=\"_cf_frm_ct\" value=\"1\">\r\n<input type=\"hidden\" name=\"_cf_cr_pst\" value=\"5692\">\r\n<div class=\"hide\" style=\"display:none; overflow:hidden;height:0;width:0;\">\r\n<label>Correo electr\u00f3nico<\/label><input type=\"text\" name=\"email\" value=\"\" autocomplete=\"off\">\r\n<\/div><div id=\"CF5c88edce209f2_1-row-1\"  class=\"row  first_row\"><div  class=\"col-sm-12  single\"><div data-field-wrapper=\"fld_2166440\" class=\"form-group\" id=\"fld_2166440_1-wrap\">\r\n\t<label id=\"fld_2166440Label\" for=\"fld_2166440_1\" class=\"control-label\">Nombre participante 1 <span aria-hidden=\"true\" role=\"presentation\" class=\"field_required\" style=\"color:#ee0000;\">*<\/span><\/label>\r\n\t<div class=\"\">\r\n\t\t<input   required type=\"text\" data-field=\"fld_2166440\" class=\" form-control\" id=\"fld_2166440_1\" name=\"fld_2166440\" value=\"\" data-type=\"text\" aria-required=\"true\"   aria-labelledby=\"fld_2166440Label\" aria-describedby=\"fld_2166440Caption\" >\t\t<span id=\"fld_2166440Caption\" class=\"help-block\">En caso de 2 participantes, se considerar\u00e1 como \"participante 1\"  la persona de contacto o coordinador <\/span>\r\n\t<\/div>\r\n<\/div>\r\n<div data-field-wrapper=\"fld_4290798\" class=\"form-group\" id=\"fld_4290798_1-wrap\">\r\n\t<label id=\"fld_4290798Label\" for=\"fld_4290798_1\" class=\"control-label\">Apellido participante 1 <span aria-hidden=\"true\" role=\"presentation\" class=\"field_required\" style=\"color:#ee0000;\">*<\/span><\/label>\r\n\t<div class=\"\">\r\n\t\t<input   required type=\"text\" data-field=\"fld_4290798\" class=\" form-control\" id=\"fld_4290798_1\" name=\"fld_4290798\" value=\"\" data-type=\"text\" aria-required=\"true\"   aria-labelledby=\"fld_4290798Label\" >\t\t\t<\/div>\r\n<\/div>\r\n<div data-field-wrapper=\"fld_187812\" class=\"form-group\" id=\"fld_187812_1-wrap\">\r\n\t<label id=\"fld_187812Label\" for=\"fld_187812_1\" class=\"control-label\">Edad participante 1 <span aria-hidden=\"true\" role=\"presentation\" class=\"field_required\" style=\"color:#ee0000;\">*<\/span><\/label>\r\n\t<div class=\"\">\r\n\t\t<input   required type=\"number\" data-field=\"fld_187812\" class=\" form-control\" id=\"fld_187812_1\" name=\"fld_187812\" value=\"\" data-type=\"number\" min=\"11\" max=\"19\" step=\"1\" data-parsley-type=\"number\" aria-required=\"true\"   aria-labelledby=\"fld_187812Label\" aria-describedby=\"fld_187812Caption\" >\t\t<span id=\"fld_187812Caption\" class=\"help-block\">Los participantes deben estar en el rango 11-19 a\u00f1os<\/span>\r\n\t<\/div>\r\n<\/div>\r\n<div data-field-wrapper=\"fld_5263480\" class=\"form-group\" id=\"fld_5263480_1-wrap\">\r\n\t<label id=\"fld_5263480Label\" for=\"fld_5263480_1\" class=\"control-label\">Nombre participante 2<\/label>\r\n\t<div class=\"\">\r\n\t\t<input    type=\"text\" data-field=\"fld_5263480\" class=\" form-control\" id=\"fld_5263480_1\" name=\"fld_5263480\" value=\"\" data-type=\"text\"   aria-labelledby=\"fld_5263480Label\" >\t\t\t<\/div>\r\n<\/div>\r\n<div data-field-wrapper=\"fld_9573837\" class=\"form-group\" id=\"fld_9573837_1-wrap\">\r\n\t<label id=\"fld_9573837Label\" for=\"fld_9573837_1\" class=\"control-label\">Apellido participante 2<\/label>\r\n\t<div class=\"\">\r\n\t\t<input    type=\"text\" data-field=\"fld_9573837\" class=\" form-control\" id=\"fld_9573837_1\" name=\"fld_9573837\" value=\"\" data-type=\"text\"   aria-labelledby=\"fld_9573837Label\" >\t\t\t<\/div>\r\n<\/div>\r\n<div data-field-wrapper=\"fld_1778046\" class=\"form-group\" id=\"fld_1778046_1-wrap\">\r\n\t<label id=\"fld_1778046Label\" for=\"fld_1778046_1\" class=\"control-label\">Edad participante 2<\/label>\r\n\t<div class=\"\">\r\n\t\t<input    type=\"number\" data-field=\"fld_1778046\" class=\" form-control\" id=\"fld_1778046_1\" name=\"fld_1778046\" value=\"\" data-type=\"number\" min=\"11\" max=\"19\" step=\"1\" data-parsley-type=\"number\"   aria-labelledby=\"fld_1778046Label\" aria-describedby=\"fld_1778046Caption\" >\t\t<span id=\"fld_1778046Caption\" class=\"help-block\">Los participantes deben estar en el rango 11-19 a\u00f1os<\/span>\r\n\t<\/div>\r\n<\/div>\r\n<div data-field-wrapper=\"fld_5266372\" class=\"form-group\" id=\"fld_5266372_1-wrap\">\r\n\t<label id=\"fld_5266372Label\" for=\"fld_5266372_1\" class=\"control-label\">Nacionalidad <span aria-hidden=\"true\" role=\"presentation\" class=\"field_required\" style=\"color:#ee0000;\">*<\/span><\/label>\r\n\t<div class=\"\">\r\n\t\t<input   required type=\"text\" data-field=\"fld_5266372\" class=\" form-control\" id=\"fld_5266372_1\" name=\"fld_5266372\" value=\"\" data-type=\"text\" aria-required=\"true\"   aria-labelledby=\"fld_5266372Label\" aria-describedby=\"fld_5266372Caption\" >\t\t<span id=\"fld_5266372Caption\" class=\"help-block\">(en caso de 2 participantes de nacionalidades diferentes, indicar ambas)<\/span>\r\n\t<\/div>\r\n<\/div>\r\n<div data-field-wrapper=\"fld_3486397\" class=\"form-group\" id=\"fld_3486397_1-wrap\">\r\n\t<label id=\"fld_3486397Label\" for=\"fld_3486397_1\" class=\"control-label\">Direcci\u00f3n <span aria-hidden=\"true\" role=\"presentation\" class=\"field_required\" style=\"color:#ee0000;\">*<\/span><\/label>\r\n\t<div class=\"\">\r\n\t\t<input   required type=\"text\" data-field=\"fld_3486397\" class=\" form-control\" id=\"fld_3486397_1\" name=\"fld_3486397\" value=\"\" data-type=\"text\" aria-required=\"true\"   aria-labelledby=\"fld_3486397Label\" aria-describedby=\"fld_3486397Caption\" >\t\t<span id=\"fld_3486397Caption\" class=\"help-block\">(indicar direcci\u00f3n de participante 1 como persona de contacto)<\/span>\r\n\t<\/div>\r\n<\/div>\r\n<div data-field-wrapper=\"fld_1487928\" class=\"form-group\" id=\"fld_1487928_1-wrap\">\r\n\t<label id=\"fld_1487928Label\" for=\"fld_1487928_1\" class=\"control-label\">Correo electr\u00f3nico <span aria-hidden=\"true\" role=\"presentation\" class=\"field_required\" style=\"color:#ee0000;\">*<\/span><\/label>\r\n\t<div class=\"\">\r\n\t\t<input   required type=\"email\" data-field=\"fld_1487928\" class=\" form-control\" id=\"fld_1487928_1\" name=\"fld_1487928\" value=\"\" data-type=\"email\" aria-required=\"true\"   aria-labelledby=\"fld_1487928Label\" >\t\t\t<\/div>\r\n<\/div>\r\n<div data-field-wrapper=\"fld_4200210\" class=\"form-group\" id=\"fld_4200210_1-wrap\">\r\n\t<label id=\"fld_4200210Label\" for=\"fld_4200210_1\" class=\"control-label\">Tel\u00e9fono <span aria-hidden=\"true\" role=\"presentation\" class=\"field_required\" style=\"color:#ee0000;\">*<\/span><\/label>\r\n\t<div class=\"\">\r\n\t\t<input   required type=\"number\" data-field=\"fld_4200210\" class=\" form-control\" id=\"fld_4200210_1\" name=\"fld_4200210\" value=\"\" data-type=\"number\" data-parsley-type=\"number\" aria-required=\"true\"   aria-labelledby=\"fld_4200210Label\" aria-describedby=\"fld_4200210Caption\" >\t\t<span id=\"fld_4200210Caption\" class=\"help-block\">(indicar tel\u00e9fono de participante 1 como persona de contacto)<\/span>\r\n\t<\/div>\r\n<\/div>\r\n<div data-field-wrapper=\"fld_1593241\" class=\"form-group\" id=\"fld_1593241_1-wrap\">\r\n\t<label id=\"fld_1593241Label\" for=\"fld_1593241_1\" class=\"control-label\">Centro educativo <span aria-hidden=\"true\" role=\"presentation\" class=\"field_required\" style=\"color:#ee0000;\">*<\/span><\/label>\r\n\t<div class=\"\">\r\n\t\t<input   required type=\"text\" data-field=\"fld_1593241\" class=\" form-control\" id=\"fld_1593241_1\" name=\"fld_1593241\" value=\"\" data-type=\"text\" aria-required=\"true\"   aria-labelledby=\"fld_1593241Label\" aria-describedby=\"fld_1593241Caption\" >\t\t<span id=\"fld_1593241Caption\" class=\"help-block\">(en caso de 2 participantes de centros diferentes, indicar ambos)<\/span>\r\n\t<\/div>\r\n<\/div>\r\n<div data-field-wrapper=\"fld_1984955\" class=\"form-group\" id=\"fld_1984955_1-wrap\">\r\n\t<label id=\"fld_1984955Label\" for=\"fld_1984955_1\" class=\"control-label\">Comentarios<\/label>\r\n\t<div class=\"\">\r\n\t\t<input    type=\"text\" data-field=\"fld_1984955\" class=\" form-control\" id=\"fld_1984955_1\" name=\"fld_1984955\" value=\"\" data-type=\"text\"   aria-labelledby=\"fld_1984955Label\" >\t\t\t<\/div>\r\n<\/div>\r\n<div data-field-wrapper=\"fld_1067587\" class=\"form-group\" id=\"fld_1067587_1-wrap\">\r\n\t<label id=\"fld_1067587Label\" for=\"fld_1067587_1\" class=\"control-label\">Titulo del v\u00eddeo <span aria-hidden=\"true\" role=\"presentation\" class=\"field_required\" style=\"color:#ee0000;\">*<\/span><\/label>\r\n\t<div class=\"\">\r\n\t\t<input   required type=\"text\" data-field=\"fld_1067587\" class=\" form-control\" id=\"fld_1067587_1\" name=\"fld_1067587\" value=\"\" data-type=\"text\" aria-required=\"true\"   aria-labelledby=\"fld_1067587Label\" >\t\t\t<\/div>\r\n<\/div>\r\n<div data-field-wrapper=\"fld_1408765\" class=\"form-group\" id=\"fld_1408765_1-wrap\">\r\n\t<label id=\"fld_1408765Label\" for=\"fld_1408765_1\" class=\"control-label\">video <span aria-hidden=\"true\" role=\"presentation\" class=\"field_required\" style=\"color:#ee0000;\">*<\/span><\/label>\r\n\t<div class=\"\">\r\n\t\t<input   required type=\"text\" data-field=\"fld_1408765\" class=\" form-control\" id=\"fld_1408765_1\" name=\"fld_1408765\" value=\"\" data-type=\"text\" aria-required=\"true\"   aria-labelledby=\"fld_1408765Label\" >\t\t\t<\/div>\r\n<\/div>\r\n<div class=\"\"><p>Introducir solo el identificador de v\u00eddeo VIDEO-ID de Youtube. Corresponde al \u00faltimo trozo de la URL del v\u00eddeo, como en<br \/>\nhttps:\/\/www.youtube.com\/watch?v=VIDEO-ID<br \/>\nhttps:\/\/youtu.be\/VIDEO-ID<\/p>\n<\/div><div data-field-wrapper=\"fld_8313924\" class=\"form-group\" id=\"fld_8313924_1-wrap\">\r\n\t<label id=\"fld_8313924Label\" for=\"fld_8313924_1\" class=\"control-label\">Categor\u00eda <span aria-hidden=\"true\" role=\"presentation\" class=\"field_required\" style=\"color:#ee0000;\">*<\/span><\/label>\r\n\t<div class=\"\">\r\n\t\t<select name=\"fld_8313924\" value=\"\" data-field=\"fld_8313924\" class=\"form-control\" id=\"fld_8313924_1\"  required=\"required\"  aria-labelledby=\"fld_8313924Label\" aria-describedby=\"fld_8313924Caption\" >\n\t\t<option value=\"\"><\/option>\r\n\t\t\t\t\t<option value=\"11-13 a\u00f1os\"  data-calc-value=\"11-13 a\u00f1os\" >\n\t\t\t\t\t\t11 - 13 a\u00f1os\t\t\t\t\t<\/option>\n\t\t\t\t\t\t\t\t\t\t<option value=\"14-16 a\u00f1os\"  data-calc-value=\"14-16 a\u00f1os\" >\n\t\t\t\t\t\t14 - 16 a\u00f1os\t\t\t\t\t<\/option>\n\t\t\t\t\t\t\t\t\t\t<option value=\"17-19 a\u00f1os\"  data-calc-value=\"17-19 a\u00f1os\" >\n\t\t\t\t\t\t17 - 19 a\u00f1os\t\t\t\t\t<\/option>\n\t\t\t\t\t\t\t<\/select>\n\t\t<span id=\"fld_8313924Caption\" class=\"help-block\">(en caso de 2 participantes en rangos de edad diferentes, la categor\u00eda del v\u00eddeo corresponde al rango de edad del mayor)<\/span>\r\n\t<\/div>\r\n<\/div>\r\n<div data-field-wrapper=\"fld_5440194\" class=\"form-group\" id=\"fld_5440194_1-wrap\">\r\n\t<label id=\"fld_5440194Label\" for=\"fld_5440194_1\" class=\"control-label\">Modalidad <span aria-hidden=\"true\" role=\"presentation\" class=\"field_required\" style=\"color:#ee0000;\">*<\/span><\/label>\r\n\t<div class=\"\">\r\n\t\t<select name=\"fld_5440194\" value=\"\" data-field=\"fld_5440194\" class=\"form-control\" id=\"fld_5440194_1\"  required=\"required\"  aria-labelledby=\"fld_5440194Label\" aria-describedby=\"fld_5440194Caption\" >\n\t\t<option value=\"\"><\/option>\r\n\t\t\t\t\t<option value=\"animacion\"  data-calc-value=\"animacion\" >\n\t\t\t\t\t\tAnimaci\u00f3n\t\t\t\t\t<\/option>\n\t\t\t\t\t\t\t\t\t\t<option value=\"videoblog\"  data-calc-value=\"videoblog\" >\n\t\t\t\t\t\tVideoblog\t\t\t\t\t<\/option>\n\t\t\t\t\t\t\t<\/select>\n\t\t<span id=\"fld_5440194Caption\" class=\"help-block\">Se considera videoblog cualquier v\u00eddeo en que salga de forma reconocible el rostro de alguno de los participantes<\/span>\r\n\t<\/div>\r\n<\/div>\r\n<span class=\"caldera-forms-conditional-field\" role=\"region\" aria-live=\"polite\" id=\"conditional_fld_2144789_1\" data-field-id=\"fld_2144789_1\"><\/span><hr id=\"fld_9038314_1\" class=\"\" style=\"width: 100%\" \/><div data-field-wrapper=\"fld_3591797\" class=\"form-group\" id=\"fld_3591797_1-wrap\">\r\n\t<label id=\"fld_3591797Label\" for=\"fld_3591797_1\" class=\"control-label\">Imagen (miniatura del v\u00eddeo) <span aria-hidden=\"true\" role=\"presentation\" class=\"field_required\" style=\"color:#ee0000;\">*<\/span><\/label>\r\n\t<div class=\"file-prevent-overflow\">\r\n\t\t<div id=\"fld_3591797_1_file_list\" class=\"cf-multi-uploader-list\"><\/div>\n\t\t\t\t<input type=\"file\" name=\"fld_3591797\" value=\"\" data-field=\"fld_3591797\" class=\"\" id=\"fld_3591797_1\" data-controlid=\"trupl69d109aaa1825\"   required=\"required\"   aria-labelledby=\"fld_3591797Label\" aria-describedby=\"fld_3591797Caption\">\n\t\t<input type=\"hidden\" name=\"fld_3591797\" value=\"trupl69d109aaa1825\">\n\t\t<span id=\"fld_3591797Caption\" class=\"help-block\">(Proporci\u00f3n recomendada 16:9)<\/span>\r\n\t<\/div>\r\n<\/div>\r\n<div data-field-wrapper=\"fld_1760202\" class=\"form-group\" id=\"fld_1760202_1-wrap\">\r\n<div class=\"\">\r\n\t<input  class=\"btn btn-default\" type=\"submit\" name=\"fld_1760202\" id=\"fld_1760202_1\" value=\"Enviar\" data-field=\"fld_1760202\"  >\n<\/div>\r\n<\/div>\r\n\t<input class=\"button_trigger_1\" type=\"hidden\" name=\"fld_1760202\" id=\"fld_1760202_1_btn\" value=\"\" data-field=\"fld_1760202\"  \/>\n<\/div><\/div><div id=\"CF5c88edce209f2_1-row-2\"  class=\"row  last_row\"><div  class=\"col-sm-12  single\"><\/div><\/div><\/form>\r\n<\/div>\r\n<script type=\"text\/javascript\">\r\nif( typeof caldera_conditionals === \"undefined\" ){ var caldera_conditionals = {}; }caldera_conditionals.CF5c88edce209f2_1 = {\"fld_2144789_1\":{\"type\":\"show\",\"group\":{\"rw5089262398914930\":{\"cl12644688555070\":{\"parent\":\"rw5089262398914930\",\"field\":\"fld_5440194\",\"compare\":\"is\",\"value\":\"videoblog\",\"label\":\"Videoblog\"}}}}};\r\n<\/script>\r\n<script type=\"text\/html\" id=\"conditional-fld_2144789_1-tmpl\">\r\n<div data-field-wrapper=\"fld_2144789\" class=\"form-group\" id=\"fld_2144789_1-wrap\">\r\n\t<label id=\"fld_2144789Label\" for=\"fld_2144789_1\" class=\"control-label\">Documento de autorizaci\u00f3n <span aria-hidden=\"true\" role=\"presentation\" class=\"field_required\" style=\"color:#ee0000;\">*<\/span><\/label>\r\n\t<div class=\"file-prevent-overflow\">\r\n\t\t<div id=\"fld_2144789_1_file_list\" class=\"cf-multi-uploader-list\"><\/div>\n\t\t\t\t<input type=\"file\" name=\"fld_2144789\" value=\"\" data-field=\"fld_2144789\" class=\"\" id=\"fld_2144789_1\" data-controlid=\"trupl69d109aaa0ddc\"   required=\"required\"   aria-labelledby=\"fld_2144789Label\" aria-describedby=\"fld_2144789Caption\">\n\t\t<input type=\"hidden\" name=\"fld_2144789\" value=\"trupl69d109aaa0ddc\">\n\t\t<span id=\"fld_2144789Caption\" class=\"help-block\">La autorizaci\u00f3n s\u00f3lo es necesaria en el caso de v\u00eddeos de tipo videoblog (v\u00eddeo en que aparece de forma reconocible el rostro del participante) La autorizaci\u00f3n debe ser un documento pdf (de tama\u00f1o m\u00e1ximo 1Mb) seg\u00fan el modelo disponible para descarga en los enlaces de la parte derecha Se debe completar la informaci\u00f3n, firmar por el padre\/madre\/tutor, e incluir una imagen de su documento de identificaci\u00f3n.  En caso de 2 participantes, se deber\u00e1 subir un \u00fanico fichero con 2 p\u00e1ginas, cada una con la autorizaci\u00f3n de ambos adultos responsables.<\/span>\r\n\t<\/div>\r\n<\/div>\r\n<\/script>\r\n\n<\/div><\/section><\/div><div class=\"flex_column av_one_half  flex_column_div av-zero-column-padding   avia-builder-el-2  el_after_av_one_half  avia-builder-el-last  \" style='border-radius:0px; '><section class=\"av_textblock_section \"  itemscope=\"itemscope\" itemtype=\"https:\/\/schema.org\/CreativeWork\" ><div class='avia_textblock  '   itemprop=\"text\" ><p>Se deben completar todos los datos hasta terminar el formulario. En ese momento aparecer\u00e1 en pantalla un mensaje de confirmaci\u00f3n, y se enviar\u00e1 un mensaje al correo electr\u00f3nico de contacto confirmando los datos introducidos.<\/p>\n<p>En caso de v\u00eddeos preparados por 2 autores, es necesario incluir los datos de ambos.<\/p>\n<p>En caso de v\u00eddeos en la modalidad videoblog, es necesario adjuntar un documento firmado por los padres o tutores autorizando que los autores menores de edad participen en el v\u00eddeo. El documento debe ser seg\u00fan el modelo descargable (ver enlaces abajo), e incluir una imagen de un documento de identificaci\u00f3n de los padres o tutores. En caso de 2 autores, el documento debe incluir las autorizaciones y documentos de identificaci\u00f3n para ambos participantes.<\/p>\n<p>Enlaces de descarga:<\/p>\n<p><a href=\"https:\/\/drive.google.com\/open?id=13zNb3XLoL4ESc8fd9r222L1yQ4iOUfMJ\">Autorizaci\u00f3n videoblog word<\/a><br \/>\n<a href=\"https:\/\/drive.google.com\/open?id=1VhcaqTe2R2B4l4Vgz26SoIVElNPuUZB9\">Autorizaci\u00f3n videoblog pdf<\/a><\/p>\n<\/div><\/section><\/div><\/p>\n","protected":false},"excerpt":{"rendered":"","protected":false},"author":2,"featured_media":0,"parent":0,"menu_order":0,"comment_status":"closed","ping_status":"closed","template":"","meta":{"footnotes":""},"class_list":["post-5692","page","type-page","status-publish","hentry"],"_links":{"self":[{"href":"https:\/\/projects.ift.uam-csic.es\/cienciaclipLAC\/wp-json\/wp\/v2\/pages\/5692","targetHints":{"allow":["GET"]}}],"collection":[{"href":"https:\/\/projects.ift.uam-csic.es\/cienciaclipLAC\/wp-json\/wp\/v2\/pages"}],"about":[{"href":"https:\/\/projects.ift.uam-csic.es\/cienciaclipLAC\/wp-json\/wp\/v2\/types\/page"}],"author":[{"embeddable":true,"href":"https:\/\/projects.ift.uam-csic.es\/cienciaclipLAC\/wp-json\/wp\/v2\/users\/2"}],"replies":[{"embeddable":true,"href":"https:\/\/projects.ift.uam-csic.es\/cienciaclipLAC\/wp-json\/wp\/v2\/comments?post=5692"}],"version-history":[{"count":12,"href":"https:\/\/projects.ift.uam-csic.es\/cienciaclipLAC\/wp-json\/wp\/v2\/pages\/5692\/revisions"}],"predecessor-version":[{"id":5897,"href":"https:\/\/projects.ift.uam-csic.es\/cienciaclipLAC\/wp-json\/wp\/v2\/pages\/5692\/revisions\/5897"}],"wp:attachment":[{"href":"https:\/\/projects.ift.uam-csic.es\/cienciaclipLAC\/wp-json\/wp\/v2\/media?parent=5692"}],"curies":[{"name":"wp","href":"https:\/\/api.w.org\/{rel}","templated":true}]}}