{"id":4821,"date":"2019-02-26T23:46:54","date_gmt":"2019-02-26T22:46:54","guid":{"rendered":"https:\/\/projects.ift.uam-csic.es\/cienciaclipLAC\/?page_id=4821"},"modified":"2019-09-27T00:06:42","modified_gmt":"2019-09-26T22:06:42","slug":"bases-del-concurso","status":"publish","type":"page","link":"https:\/\/projects.ift.uam-csic.es\/cienciaclipLAC\/bases-del-concurso\/","title":{"rendered":"Bases del concurso"},"content":{"rendered":"<div id='av_section_1' class='avia-section main_color avia-section-default avia-no-border-styling avia-bg-style-scroll  avia-builder-el-0  el_before_av_one_third  avia-builder-el-first   container_wrap sidebar_right' style='background-color: #ffda76;  '  ><div class='container' ><main  role=\"main\" itemprop=\"mainContentOfPage\"  class='template-page content  av-content-small alpha units'><div class='post-entry post-entry-type-page post-entry-4821'><div class='entry-content-wrapper clearfix'>\n<section class=\"av_textblock_section \"  itemscope=\"itemscope\" itemtype=\"https:\/\/schema.org\/CreativeWork\" ><div class='avia_textblock  '  style='font-size:40px; '  itemprop=\"text\" ><h1 style=\"text-align: center;\">Bases del concurso edici\u00f3n Latinoam\u00e9rica<\/h1>\n<h3 style=\"text-align: center;\">(Para la edici\u00f3n Espa\u00f1a, ir a <em><strong><a href=\"http:\/\/cienciaclip.naukas.com\/\">enlace <\/a><\/strong><\/em>)<\/h3>\n<\/div><\/section>\n<\/div><\/div><\/main><!-- close content main element --><\/div><\/div><div id='after_section_1' class='main_color av_default_container_wrap container_wrap sidebar_right' style=' '  ><div class='container' ><div class='template-page content  av-content-small alpha units'><div class='post-entry post-entry-type-page post-entry-4821'><div class='entry-content-wrapper clearfix'>\n<div class=\"flex_column av_one_third  flex_column_div av-zero-column-padding first  avia-builder-el-2  el_after_av_section  el_before_av_two_third  avia-builder-el-first  \" style='border-radius:0px; '><section class=\"av_textblock_section \"  itemscope=\"itemscope\" itemtype=\"https:\/\/schema.org\/CreativeWork\" ><div class='avia_textblock  '   itemprop=\"text\" ><h2>\u00bf<strong>QUI\u00c9N<\/strong> PUEDE PARTICIPAR?<\/h2>\n<\/div><\/section><\/div>\n<div class=\"flex_column av_two_third  flex_column_div av-zero-column-padding   avia-builder-el-4  el_after_av_one_third  el_before_av_one_third  \" style='border-radius:0px; '><section class=\"av_textblock_section \"  itemscope=\"itemscope\" itemtype=\"https:\/\/schema.org\/CreativeWork\" ><div class='avia_textblock  '   itemprop=\"text\" ><p>Estudiantes de ense\u00f1anza media en cualquier pa\u00eds de Am\u00e9rica Latina y el Caribe con aprobaci\u00f3n de sus padres o tutores y que en el momento de cierre del concurso tengan <strong>entre 11 y 19 a\u00f1os<\/strong> de edad.<\/p>\n<\/div><\/section><\/div>\n<div class=\"flex_column av_one_third  flex_column_div av-zero-column-padding first  avia-builder-el-6  el_after_av_two_third  el_before_av_two_third  column-top-margin\" style='border-radius:0px; '><section class=\"av_textblock_section \"  itemscope=\"itemscope\" itemtype=\"https:\/\/schema.org\/CreativeWork\" ><div class='avia_textblock  '   itemprop=\"text\" ><h2>\u00bf<strong>C\u00d3MO<\/strong> PUEDE PARTICIPAR?<\/h2>\n<\/div><\/section><\/div>\n<div class=\"flex_column av_two_third  flex_column_div av-zero-column-padding   avia-builder-el-8  el_after_av_one_third  el_before_av_one_third  column-top-margin\" style='border-radius:0px; '><section class=\"av_textblock_section \"  itemscope=\"itemscope\" itemtype=\"https:\/\/schema.org\/CreativeWork\" ><div class='avia_textblock  '   itemprop=\"text\" ><p>Se podr\u00e1 participar de dos maneras, a nivel <strong>individual o en equipo<\/strong>. Los equipos ser\u00e1n de un <strong>m\u00e1ximo de 2 miembros<\/strong> y han de elegir a uno como contacto. En caso de equipos, los premios incluyen a los 2 miembros.<br \/>\nCada concursante puede participar como m\u00e1ximo en un video.<\/p>\n<\/div><\/section><\/div>\n<div class=\"flex_column av_one_third  flex_column_div av-zero-column-padding first  avia-builder-el-10  el_after_av_two_third  el_before_av_two_third  column-top-margin\" style='border-radius:0px; '><section class=\"av_textblock_section \"  itemscope=\"itemscope\" itemtype=\"https:\/\/schema.org\/CreativeWork\" ><div class='avia_textblock  '   itemprop=\"text\" ><h2>\u00bf<strong>QU\u00c9 CARACTER\u00cdSTICAS<\/strong> DEBEN CUMPLIR LOS V\u00cdDEOS?<\/h2>\n<\/div><\/section><\/div>\n<div class=\"flex_column av_two_third  flex_column_div av-zero-column-padding   avia-builder-el-12  el_after_av_one_third  el_before_av_one_third  column-top-margin\" style='border-radius:0px; '><section class=\"av_textblock_section \"  itemscope=\"itemscope\" itemtype=\"https:\/\/schema.org\/CreativeWork\" ><div class='avia_textblock  '   itemprop=\"text\" ><p>El tema del v\u00eddeo es<strong> libre<\/strong>, sobre alg\u00fan \u00e1rea de las ciencias, con una duraci\u00f3n entre 3 y 5 minutos y en espa\u00f1ol, en formato 16:9 panor\u00e1mico o widescreen, en MP4 o MOV. En la modalidad videoblog, para poder participar en el concurso es necesario que se adjunte un<strong> permiso firmado<\/strong> por parte de padres o tutores para que aparezca su imagen en el v\u00eddeo.<\/p>\n<p>No ser\u00e1n admitidos v\u00eddeos que:<\/p>\n<ul>\n<li>Violen derechos de propiedad industrial o intelectual de terceros. Por tanto, no se puede utilizar material de otros v\u00eddeos o im\u00e1genes de terceros, salvo que se acredite que se cuenta con su autorizaci\u00f3n o que son libres de copyright.<\/li>\n<li>Reproduzcan im\u00e1genes reconocibles de terceras personas sin su consentimiento.<\/li>\n<li>Sean de mal gusto u ofensivos, a criterio de los organizadores.<\/li>\n<li>Violen la legislaci\u00f3n vigente.<\/li>\n<li>Muestre contenido sexual o desnudos.<\/li>\n<li>Contenga reivindicaciones pol\u00edticas, manifestaciones religiosas, o den muestras de racismo u otras formas de discriminaci\u00f3n.<\/li>\n<li>Tengan motivaci\u00f3n publicitaria o comercial.<\/li>\n<li>Atenten contra la protecci\u00f3n de la infancia, la juventud y la mujer, el derecho al honor y la dignidad de las personas.<\/li>\n<li>Invada o lesione la intimidad a terceros.<\/li>\n<li>Muestre, induzca, incite o promueva cualquier tipo de acciones delictivas, denigratorias o violentas.<\/li>\n<li>Contenga virus o cualquier otro c\u00f3digo inform\u00e1tico, archivo o programa dise\u00f1ado para interrumpir, destruir o limitar, o de cualquier modo afectar el funcionamiento de cualquier software, hardware o equipo de telecomunicaciones.<\/li>\n<\/ul>\n<\/div><\/section><\/div>\n<div class=\"flex_column av_one_third  flex_column_div av-zero-column-padding first  avia-builder-el-14  el_after_av_two_third  el_before_av_two_third  column-top-margin\" style='border-radius:0px; '><section class=\"av_textblock_section \"  itemscope=\"itemscope\" itemtype=\"https:\/\/schema.org\/CreativeWork\" ><div class='avia_textblock  '   itemprop=\"text\" ><h2>\u00bfCU\u00c1LES SON LOS <strong>PASOS A SEGUIR<\/strong>?<\/h2>\n<\/div><\/section><\/div>\n<div class=\"flex_column av_two_third  flex_column_div av-zero-column-padding   avia-builder-el-16  el_after_av_one_third  el_before_av_one_third  column-top-margin\" style='border-radius:0px; '><section class=\"av_textblock_section \"  itemscope=\"itemscope\" itemtype=\"https:\/\/schema.org\/CreativeWork\" ><div class='avia_textblock  '   itemprop=\"text\" ><p>Son <strong>tres sencillos pasos<\/strong>: grabar y editar el v\u00eddeo, subirlo a Youtube o Vimeo y, por \u00faltimo, inscribirse en el concurso.<\/p>\n<\/div><\/section><\/div>\n<div class=\"flex_column av_one_third  flex_column_div av-zero-column-padding first  avia-builder-el-18  el_after_av_two_third  el_before_av_two_third  column-top-margin\" style='border-radius:0px; '><section class=\"av_textblock_section \"  itemscope=\"itemscope\" itemtype=\"https:\/\/schema.org\/CreativeWork\" ><div class='avia_textblock  '   itemprop=\"text\" ><h2>\u00bf<strong>CU\u00c1NDO<\/strong> HAY QUE ENTREGAR LOS V\u00cdDEOS?<\/h2>\n<\/div><\/section><\/div>\n<div class=\"flex_column av_two_third  flex_column_div av-zero-column-padding   avia-builder-el-20  el_after_av_one_third  el_before_av_one_third  column-top-margin\" style='border-radius:0px; '><section class=\"av_textblock_section \"  itemscope=\"itemscope\" itemtype=\"https:\/\/schema.org\/CreativeWork\" ><div class='avia_textblock  '   itemprop=\"text\" ><p>La fecha de inscripci\u00f3n y entrega de los v\u00eddeos <strong>comienza el 1 de marzo y acaba el 30 de abril<\/strong>.<\/p>\n<\/div><\/section><\/div>\n<div class=\"flex_column av_one_third  flex_column_div av-zero-column-padding first  avia-builder-el-22  el_after_av_two_third  el_before_av_two_third  column-top-margin\" style='border-radius:0px; '><section class=\"av_textblock_section \"  itemscope=\"itemscope\" itemtype=\"https:\/\/schema.org\/CreativeWork\" ><div class='avia_textblock  '   itemprop=\"text\" ><h2>\u00bf<strong>D\u00d3NDE<\/strong> SE PUBLICAR\u00c1N LOS V\u00cdDEOS?<\/h2>\n<\/div><\/section><\/div>\n<div class=\"flex_column av_two_third  flex_column_div av-zero-column-padding   avia-builder-el-24  el_after_av_one_third  el_before_av_one_third  column-top-margin\" style='border-radius:0px; '><section class=\"av_textblock_section \"  itemscope=\"itemscope\" itemtype=\"https:\/\/schema.org\/CreativeWork\" ><div class='avia_textblock  '   itemprop=\"text\" ><p>Todos los v\u00eddeos participantes se integrar\u00e1n y estar\u00e1n visibles en el sitio <strong>web<\/strong> del concurso.<\/p>\n<\/div><\/section><\/div>\n<div class=\"flex_column av_one_third  flex_column_div av-zero-column-padding first  avia-builder-el-26  el_after_av_two_third  el_before_av_two_third  column-top-margin\" style='border-radius:0px; '><section class=\"av_textblock_section \"  itemscope=\"itemscope\" itemtype=\"https:\/\/schema.org\/CreativeWork\" ><div class='avia_textblock  '   itemprop=\"text\" ><h2>\u00bfCU\u00c1LES SON LAS <strong>CATEGOR\u00cdAS Y MODALIDADES<\/strong>?<\/h2>\n<\/div><\/section><\/div>\n<div class=\"flex_column av_two_third  flex_column_div av-zero-column-padding   avia-builder-el-28  el_after_av_one_third  el_before_av_one_third  column-top-margin\" style='border-radius:0px; '><section class=\"av_textblock_section \"  itemscope=\"itemscope\" itemtype=\"https:\/\/schema.org\/CreativeWork\" ><div class='avia_textblock  '   itemprop=\"text\" ><p>Hay <strong>tres categor\u00edas<\/strong>: S (11 a 13 a\u00f1os),\u00a0 M (14 a 16 a\u00f1os) y L (17 a 19 a\u00f1os).<\/p>\n<p>Y <strong>dos modalidades<\/strong>: Videoblog y Animaci\u00f3n.<\/p>\n<p>Se considera Videoblog en el momento en que salga cualquier persona hablando directamente a c\u00e1mara en el v\u00eddeo. En formato Animaci\u00f3n se admiten todas las modalidades: stop motion, dibujo, animaci\u00f3n por ordenador, por ejemplo.<\/p>\n<\/div><\/section><\/div>\n<div class=\"flex_column av_one_third  flex_column_div av-zero-column-padding first  avia-builder-el-30  el_after_av_two_third  el_before_av_two_third  column-top-margin\" style='border-radius:0px; '><section class=\"av_textblock_section \"  itemscope=\"itemscope\" itemtype=\"https:\/\/schema.org\/CreativeWork\" ><div class='avia_textblock  '   itemprop=\"text\" ><h2>\u00bfQU\u00c9 SE <strong>VALORAR\u00c1<\/strong> EN EL V\u00cdDEO?<\/h2>\n<\/div><\/section><\/div>\n<div class=\"flex_column av_two_third  flex_column_div av-zero-column-padding   avia-builder-el-32  el_after_av_one_third  el_before_av_one_third  column-top-margin\" style='border-radius:0px; '><section class=\"av_textblock_section \"  itemscope=\"itemscope\" itemtype=\"https:\/\/schema.org\/CreativeWork\" ><div class='avia_textblock  '   itemprop=\"text\" ><p>Los v\u00eddeos que cumplan las bases de la convocatoria se colgar\u00e1n en la p\u00e1gina web del concurso y se abre una fase de votaci\u00f3n p\u00fablica que dura un mes.<\/p>\n<p>Un jurado experto formado por diferentes miembros de la organizaci\u00f3n del concurso dar\u00e1 la valoraci\u00f3n final teniendo en cuenta la votaci\u00f3n p\u00fablica y su propio juicio basado en su experiencia. Se valorar\u00e1 la <strong>creatividad<\/strong>, <strong>dificultad del tema<\/strong> expuesto, la <strong>claridad<\/strong> de la explicaci\u00f3n y la capacidad de <strong>captar la atenci\u00f3n<\/strong>.<\/p>\n<\/div><\/section><\/div>\n<div class=\"flex_column av_one_third  flex_column_div av-zero-column-padding first  avia-builder-el-34  el_after_av_two_third  el_before_av_two_third  column-top-margin\" style='border-radius:0px; '><section class=\"av_textblock_section \"  itemscope=\"itemscope\" itemtype=\"https:\/\/schema.org\/CreativeWork\" ><div class='avia_textblock  '   itemprop=\"text\" ><h2>\u00bfQUI\u00c9N ES EL <strong>JURADO<\/strong>?<\/h2>\n<\/div><\/section><\/div>\n<div class=\"flex_column av_two_third  flex_column_div av-zero-column-padding   avia-builder-el-36  el_after_av_one_third  el_before_av_one_third  column-top-margin\" style='border-radius:0px; '><section class=\"av_textblock_section \"  itemscope=\"itemscope\" itemtype=\"https:\/\/schema.org\/CreativeWork\" ><div class='avia_textblock  '   itemprop=\"text\" ><p>El jurado estar\u00e1 formado por miembros de las instituciones organizadoras: <strong>Instituto de F\u00edsica Te\u00f3rica UAM-CSIC<\/strong> de Madrid, canales Youtube <strong>Date un Voltio\u00a0<\/strong>y\u00a0<strong>CERNtr\u00edpetas,<\/strong> <strong>International Centre for Theoretical Physics<\/strong> (ICTP) de Trieste, <strong>Universidad Nacional del Colombia<\/strong>, Club de F\u00edsica y Sociedad de Egresados del <strong>Instituto Nacional Mej\u00eda<\/strong> de Quito, <strong>UEF Don Bosco<\/strong> de Quito, <strong>Endemol<\/strong> y <strong>Scenio<\/strong>.<\/p>\n<\/div><\/section><\/div>\n<div class=\"flex_column av_one_third  flex_column_div av-zero-column-padding first  avia-builder-el-38  el_after_av_two_third  el_before_av_two_third  column-top-margin\" style='border-radius:0px; '><section class=\"av_textblock_section \"  itemscope=\"itemscope\" itemtype=\"https:\/\/schema.org\/CreativeWork\" ><div class='avia_textblock  '   itemprop=\"text\" ><h2>\u00bf<strong>CU\u00c1NTOS PREMIOS<\/strong> HABR\u00c1?<\/h2>\n<\/div><\/section><\/div>\n<div class=\"flex_column av_two_third  flex_column_div av-zero-column-padding   avia-builder-el-40  el_after_av_one_third  el_before_av_one_third  column-top-margin\" style='border-radius:0px; '><section class=\"av_textblock_section \"  itemscope=\"itemscope\" itemtype=\"https:\/\/schema.org\/CreativeWork\" ><div class='avia_textblock  '   itemprop=\"text\" ><p>Habr\u00e1 un total de 7 premios: uno por cada categor\u00eda (rangos de edad) y modalidad (videoblog y animaci\u00f3n), sumando un total de 6, y un Premio del P\u00fablico al v\u00eddeo m\u00e1s valorado por el p\u00fablico.<\/p>\n<p>El jurado podr\u00e1 declarar desierto cualquier categor\u00eda cuando valore que los v\u00eddeos presentados no re\u00fanen las suficientes cualidades o carecen de la calidad y el rigor adecuados.<\/p>\n<\/div><\/section><\/div>\n<div class=\"flex_column av_one_third  flex_column_div av-zero-column-padding first  avia-builder-el-42  el_after_av_two_third  el_before_av_two_third  column-top-margin\" style='border-radius:0px; '><section class=\"av_textblock_section \"  itemscope=\"itemscope\" itemtype=\"https:\/\/schema.org\/CreativeWork\" ><div class='avia_textblock  '   itemprop=\"text\" ><h2>\u00bfCU\u00c1LES SON LOS <strong>PREMIOS<\/strong>?<\/h2>\n<\/div><\/section><\/div>\n<div class=\"flex_column av_two_third  flex_column_div av-zero-column-padding   avia-builder-el-44  el_after_av_one_third  el_before_av_one_third  column-top-margin\" style='border-radius:0px; '><section class=\"av_textblock_section \"  itemscope=\"itemscope\" itemtype=\"https:\/\/schema.org\/CreativeWork\" ><div class='avia_textblock  '   itemprop=\"text\" ><p>Entre los 6 v\u00eddeos ganadores del jurado se elegir\u00e1 el v\u00eddeo ganador del <strong>Premio Especial<\/strong> <strong>del Jurado<\/strong>.<\/p>\n<p>El o los autores (m\u00e1ximo 2) del v\u00eddeo ganador del <strong>Premio Especial del Jurado<\/strong>, junto con un acompa\u00f1ante en caso de los menores de edad, recibir\u00e1n como premio <strong>un viaje a Europa para visitar el CERN<\/strong> en Ginebra, y el Instituto de F\u00edsica Te\u00f3rica en Madrid o el International Centre for Theoretical Physics en Trieste, con todos los gastos pagados.<\/p>\n<p>El resto de 5 ganadores de los <strong>Primeros Premios<\/strong> recibir\u00e1n como premio un diploma, la posibilidad de una conferencia personal con un investigador del IFT o del ICTP, y el siguiente <strong>material fotogr\u00e1fico<\/strong>:<\/p>\n<ul>\n<li>Autor individual: Una c\u00e1mara 24MP, V\u00eddeo Full HD, Canon EOS 2000D o similar.<\/li>\n<li>2 Autores: Para cada uno, una c\u00e1mara deportiva 10MP, V\u00eddeo Full HD, GoPro Hero7 o similar.<\/li>\n<\/ul>\n<p>Adem\u00e1s habr\u00e1 un <strong>Premio del P\u00fablico<\/strong> para el v\u00eddeo mejor valorado por el p\u00fablico, consistente en un <strong>dron <\/strong>teledirigido con c\u00e1mara de v\u00eddeo HD para el ganador, o cada uno de los ganadores.<\/p>\n<p>Los v\u00eddeos ganadores de los 5 Segundos Premios, el v\u00eddeo ganador del Premio del P\u00fablico, y el v\u00eddeo ganador del Premio Especial ser\u00e1n anunciados en septiembre de 2019.<\/p>\n<\/div><\/section><\/div><div class=\"flex_column av_one_third  flex_column_div av-zero-column-padding first  avia-builder-el-46  el_after_av_two_third  el_before_av_two_third  column-top-margin\" style='border-radius:0px; '><section class=\"av_textblock_section \"  itemscope=\"itemscope\" itemtype=\"https:\/\/schema.org\/CreativeWork\" ><div class='avia_textblock  '   itemprop=\"text\" ><h2>\u00bfQU\u00c9 TRATAMIENTO RECIBEN LOS <strong>DATOS<\/strong> QUE SE DAN EN LA INSCRIPCI\u00d3N DEL CONCURSO?<\/h2>\n<\/div><\/section><\/div><\/p>\n<div class=\"flex_column av_two_third  flex_column_div av-zero-column-padding   avia-builder-el-48  el_after_av_one_third  el_before_av_section  avia-builder-el-last  column-top-margin\" style='border-radius:0px; '><section class=\"av_textblock_section \"  itemscope=\"itemscope\" itemtype=\"https:\/\/schema.org\/CreativeWork\" ><div class='avia_textblock  '   itemprop=\"text\" ><p><strong>Aviso legal:<\/strong><\/p>\n<p>Se encuentran <strong>protegidos<\/strong> conforme lo establece el Art\u00edculo 12 de la Declaraci\u00f3n Universal de Derechos Humanos, que se\u00f1ala que las personas tienen derecho a la protecci\u00f3n de la ley de sus datos personales.<\/p>\n<p>De conformidad con la normativa vigente (Ley Org\u00e1nica 3\/2018 de Protecci\u00f3n de Datos, de 5 de diciembre de 2018), los datos personales de los participantes ser\u00e1n tratados por la organizaci\u00f3n del concurso Ciencia Clip Latinoam\u00e9rica como responsables del tratamiento. Los datos ser\u00e1n utilizados exclusivamente para los prop\u00f3sitos de la edici\u00f3n 2019 del concurso y las comunicaciones relacionadas con el mismo. En ning\u00fan caso se ceder\u00e1n los datos para ser manipulados a empresas de marketing, particulares o dem\u00e1s entidades.<br \/>\nLos datos ser\u00e1n eliminados pasado un periodo de 5 a\u00f1os posterior al plazo de finalizaci\u00f3n del concurso, o con anterioridad a petici\u00f3n de los interesados. Los titulares de los datos personales tienen derecho de acceso, rectificaci\u00f3n, supresi\u00f3n, oposici\u00f3n, limitaci\u00f3n y portabilidad de los datos personales autorizados para este tratamiento, si bien esto puede implicar restricciones o imposibilidad de continuar participando en el concurso.<\/p>\n<p>Para cualquier consulta o petici\u00f3n relativa al tratamiento de datos, los interesados se pueden dirigir al Delegado de Tratamiento de Datos de la organizaci\u00f3n del concurso Ciencia Clip Latinoam\u00e9rica, en la direcci\u00f3n de correo electr\u00f3nico cienciaclipLAC@gmail.com<\/p>\n<\/div><\/section><\/div>\n<\/div><\/div><\/div><!-- close content main div --><\/div><\/div><div id='av_section_2' class='avia-section main_color avia-section-default avia-no-border-styling avia-bg-style-scroll  avia-builder-el-50  el_after_av_two_third  el_before_av_codeblock   container_wrap sidebar_right' style='background-color: #ffda76;  '  ><div class='container' ><div class='template-page content  av-content-small alpha units'><div class='post-entry post-entry-type-page post-entry-4821'><div class='entry-content-wrapper clearfix'><\/div><\/div><\/div><!-- close content main div --><\/div><\/div><div id='after_section_2' class='main_color av_default_container_wrap container_wrap sidebar_right' style=' '  ><div class='container' ><div class='template-page content  av-content-small alpha units'><div class='post-entry post-entry-type-page post-entry-4821'><div class='entry-content-wrapper clearfix'>\n\n<div  class='hr hr-default   avia-builder-el-52  el_after_av_codeblock  el_before_av_textblock '><span class='hr-inner ' ><span class='hr-inner-style'><\/span><\/span><\/div>\n<section class=\"av_textblock_section \"  itemscope=\"itemscope\" itemtype=\"https:\/\/schema.org\/CreativeWork\" ><div class='avia_textblock  av_inherit_color '  style='font-size:24px; '  itemprop=\"text\" ><div class=\"avia_textblock \">\n<h3 style=\"text-align: center;\">Ciencia Clip es un concurso original de la <a href=\"https:\/\/culturacientifica.com\/catedra-de-cultura-cientifica\/\">C\u00e1tedra de Cultura Cient\u00edfica de la UPV\/EHU<\/a><\/h3>\n<\/div>\n<p><img loading=\"lazy\" decoding=\"async\" class=\"alignnone size-medium wp-image-971 aligncenter\" src=\"https:\/\/projects.ift.uam-csic.es\/scienceclip\/wp-content\/uploads\/2019\/02\/catedra-cultura-cientifica-upv-300x75.jpg\" alt=\"\" width=\"300\" height=\"75\" srcset=\"https:\/\/projects.ift.uam-csic.es\/cienciaclipLAC\/wp-content\/uploads\/2019\/02\/catedra-cultura-cientifica-upv-300x75.jpg 300w, https:\/\/projects.ift.uam-csic.es\/cienciaclipLAC\/wp-content\/uploads\/2019\/02\/catedra-cultura-cientifica-upv-450x113.jpg 450w, https:\/\/projects.ift.uam-csic.es\/cienciaclipLAC\/wp-content\/uploads\/2019\/02\/catedra-cultura-cientifica-upv.jpg 640w\" sizes=\"auto, (max-width: 300px) 100vw, 300px\" \/><\/p>\n<div class=\"avia_textblock \"><\/div>\n<\/div><\/section>\n","protected":false},"excerpt":{"rendered":"","protected":false},"author":1,"featured_media":0,"parent":0,"menu_order":0,"comment_status":"closed","ping_status":"closed","template":"","meta":{"footnotes":""},"class_list":["post-4821","page","type-page","status-publish","hentry"],"_links":{"self":[{"href":"https:\/\/projects.ift.uam-csic.es\/cienciaclipLAC\/wp-json\/wp\/v2\/pages\/4821","targetHints":{"allow":["GET"]}}],"collection":[{"href":"https:\/\/projects.ift.uam-csic.es\/cienciaclipLAC\/wp-json\/wp\/v2\/pages"}],"about":[{"href":"https:\/\/projects.ift.uam-csic.es\/cienciaclipLAC\/wp-json\/wp\/v2\/types\/page"}],"author":[{"embeddable":true,"href":"https:\/\/projects.ift.uam-csic.es\/cienciaclipLAC\/wp-json\/wp\/v2\/users\/1"}],"replies":[{"embeddable":true,"href":"https:\/\/projects.ift.uam-csic.es\/cienciaclipLAC\/wp-json\/wp\/v2\/comments?post=4821"}],"version-history":[{"count":11,"href":"https:\/\/projects.ift.uam-csic.es\/cienciaclipLAC\/wp-json\/wp\/v2\/pages\/4821\/revisions"}],"predecessor-version":[{"id":7980,"href":"https:\/\/projects.ift.uam-csic.es\/cienciaclipLAC\/wp-json\/wp\/v2\/pages\/4821\/revisions\/7980"}],"wp:attachment":[{"href":"https:\/\/projects.ift.uam-csic.es\/cienciaclipLAC\/wp-json\/wp\/v2\/media?parent=4821"}],"curies":[{"name":"wp","href":"https:\/\/api.w.org\/{rel}","templated":true}]}}