{"id":514,"date":"2025-10-21T09:18:43","date_gmt":"2025-10-21T09:18:43","guid":{"rendered":"https:\/\/projects.ift.uam-csic.es\/NOVA+\/?page_id=514"},"modified":"2025-10-21T09:51:16","modified_gmt":"2025-10-21T09:51:16","slug":"aviso-legal","status":"publish","type":"page","link":"https:\/\/projects.ift.uam-csic.es\/NOVA+\/aviso-legal\/","title":{"rendered":"Aviso Legal"},"content":{"rendered":"<p>[et_pb_section fb_built=\u00bb1&#8243; _builder_version=\u00bb4.27.4&#8243; _module_preset=\u00bbdefault\u00bb locked=\u00bboff\u00bb global_colors_info=\u00bb{}\u00bb][et_pb_row _builder_version=\u00bb4.27.4&#8243; _module_preset=\u00bbdefault\u00bb global_colors_info=\u00bb{}\u00bb][et_pb_column type=\u00bb4_4&#8243; _builder_version=\u00bb4.27.4&#8243; _module_preset=\u00bbdefault\u00bb global_colors_info=\u00bb{}\u00bb][et_pb_text _builder_version=\u00bb4.27.4&#8243; _module_preset=\u00bbdefault\u00bb global_colors_info=\u00bb{}\u00bb]<\/p>\n<h1 style=\"font-family: 'Montserrat',Helvetica,Arial,Lucida,sans-serif; font-weight: bold; font-size: 50px; color: rgba(150,69,232,0.7) !important; line-height: 1.2em;\">Aviso Legal<\/h1>\n<p>[\/et_pb_text][et_pb_text _builder_version=\u00bb4.27.4&#8243; _module_preset=\u00bbdefault\u00bb hover_enabled=\u00bb0&#8243; global_colors_info=\u00bb{}\u00bb sticky_enabled=\u00bb0&#8243;]<\/p>\n<h3>Condiciones generales de uso del portal<span>\u00a0<\/span><a href=\"https:\/\/projects.ift.uam-csic.es\/NOVA+\">projects.ift.uam-csic.es\/NOVA+<\/a><\/h3>\n<p>Nova+ le informa que el acceso y uso de la p\u00e1gina Web<span>\u00a0<\/span><a href=\"https:\/\/projects.ift.uam-csic.es\/NOVA+\">projects.ift.uam-csic.es\/NOVA+<\/a><span>\u00a0<\/span>y todos los subdominios y directorios incluidos bajo la misma (en adelante, conjuntamente denominados como el Portal) est\u00e1n sujetos a los t\u00e9rminos que se detallan en este Aviso Legal, sin perjuicio de que el acceso a alguno de dichos servicios o contenidos pudieran precisar de la aceptaci\u00f3n de unas Condiciones Generales adicionales.<\/p>\n<p>Nova+ se reserva el derecho a realizar cambios en el Portal sin previo aviso, con el objeto de actualizar, corregir, modificar, a\u00f1adir o eliminar los contenidos o el dise\u00f1o. Debido a que la actualizaci\u00f3n de la informaci\u00f3n no es inmediata, le sugerimos que compruebe siempre la vigencia y exactitud de la informaci\u00f3n, servicios y contenidos presentados. Asimismo,\u00a0 las condiciones y t\u00e9rminos que se recogen en el presente Aviso pueden variar, por lo que le invitamos a que revise estos t\u00e9rminos cuando visite de nuevo el Portal.<\/p>\n<p>Nova+ no se hace responsable de los da\u00f1os y perjuicios que pudiera ocasionar la utilizaci\u00f3n de las herramientas e informaciones contenidas en<span>\u00a0<\/span><a href=\"https:\/\/projects.ift.uam-csic.es\/NOVA+\">projects.ift.uam-csic.es\/NOVA+<\/a><span>\u00a0<\/span>en relaci\u00f3n con la adopci\u00f3n de decisiones sobre el inicio, desarrollo o resultado de procedimientos administrativos. Tales decisiones deben ser contrastadas en los centros, organismos o dependencias competentes. En cualquier caso, la informaci\u00f3n y contenidos de esta Web no podr\u00e1 ser alegada en procesos contradictorios con la Administraci\u00f3n P\u00fablica, no asumiendo responsabilidad alguna por las discrepancias que pudiesen existir entre los documentos impresos de la Administraci\u00f3n competente y la publicaci\u00f3n electr\u00f3nica en estas p\u00e1ginas.<\/p>\n<h3>Derechos de propiedad intelectual y de propiedad industrial<\/h3>\n<p>Tanto el dise\u00f1o del Portal y sus c\u00f3digos fuente, como los logos, marcas, y dem\u00e1s signos distintivos que aparecen en el mismo, pertenecen a Nova+ o entidades colaboradoras y est\u00e1n protegidos por los correspondientes derechos de propiedad intelectual e industrial.<\/p>\n<p>La informaci\u00f3n disponible en este sitio Web, salvo indicaci\u00f3n expresa en contrario, es susceptible de reutilizaci\u00f3n; quedando autorizada su reproducci\u00f3n total o parcial, modificaci\u00f3n, distribuci\u00f3n y comunicaci\u00f3n, para usos comerciales y no comerciales, con sujeci\u00f3n a las siguientes condiciones:<\/p>\n<p>\u2022 Queda prohibida, en cualquier circunstancia, la desnaturalizaci\u00f3n del contenido de la informaci\u00f3n.<\/p>\n<p>\u2022 El usuario queda obligado a citar la fuente de los documentos objeto de la reutilizaci\u00f3n.<\/p>\n<p>\u2022 El usuario queda obligado a mencionar la fecha de la \u00faltima actualizaci\u00f3n de los documentos objeto de la reutilizaci\u00f3n<\/p>\n<p>\u2022 Nova+ declara su respeto a los derechos de propiedad intelectual e industrial de terceros; por ello, si considera que este sitio pudiera estar violando sus derechos, rogamos se ponga en contacto con Nova+.<\/p>\n<h3>Links o hiperenlaces<\/h3>\n<p>Los usuarios que se propongan establecer un hiperenlace entre su p\u00e1gina Web y la de Nova+ deber\u00e1n tener en cuenta lo siguiente:<\/p>\n<p>\u2022 El establecimiento del hiperenlace no implica, en ning\u00fan caso, la existencia de relaciones entre Nova+ y el propietario de la p\u00e1gina Web, ni la aceptaci\u00f3n y aprobaci\u00f3n por parte de Nova+ de sus contenidos o servicios. Por tanto, no se declarar\u00e1 ni se dar\u00e1 a entender que Nova+ ha autorizado expresamente el hiperenlace, ni que ha supervisado o asumido los contenidos y servicios ofrecidos o puestos a disposici\u00f3n en dicha p\u00e1gina Web.<\/p>\n<p>\u2022 Nova+ no se responsabiliza, en modo alguno, ni garantiza la calidad, exactitud, fiabilidad, correcci\u00f3n o moralidad de contenidos o servicios que el establecimiento del hiperenlace pueda ofrecer. El usuario asume bajo su exclusiva responsabilidad las consecuencias, da\u00f1os o acciones que se pudieran derivar del acceso a la p\u00e1gina Web del hiperenlace.<\/p>\n<p>\u2022 La p\u00e1gina Web en la que se establezca el hiperenlace no podr\u00e1 contener ninguna\u00a0 marca, denominaci\u00f3n, logotipo, eslogan u otros signos distintivos pertenecientes a Nova+, excepto aquellos signos que formen parte del mismo hiperenlace.<\/p>\n<p>\u2022 La p\u00e1gina Web en la que se establezca el hiperenlace no contendr\u00e1 informaciones con contenidos il\u00edcitos, contrarios a la moral y a las buenas costumbres generalmente aceptadas y al orden p\u00fablico, as\u00ed como tampoco contendr\u00e1 contenidos contrarios a derechos de terceros.<\/p>\n<h3>Frames<\/h3>\n<p>Nova+ prohibe expresamente la realizaci\u00f3n de \u201cframings\u201d o la utilizaci\u00f3n por parte de terceros de cualesquiera otros mecanismos que alteren el dise\u00f1o, configuraci\u00f3n original o contenidos de su Portal.<\/p>\n<h3>Privacidad<\/h3>\n<p>La recogida y tratamiento automatizado de los datos personales recabados a trav\u00e9s de esta web tiene como finalidad la gesti\u00f3n del servicio solicitado\u00a0 por el usuario as\u00ed como el seguimiento de consultas planteadas. La base legal del tratamiento es el consentimiento del afectado y su necesidad para el desarrollo de las funciones y misiones p\u00fablicas propias de Nova+, que es el responsable del tratamiento.\u00a0 No resulta posible realizar una previsi\u00f3n de los plazos de supresi\u00f3n que estar\u00e1n en funci\u00f3n del supuesto y servicio solicitado.<\/p>\n<p>La normativa requiere que se haga p\u00fablico por medios electr\u00f3nicos el inventario de actividades de tratamiento. En el apartado de<span>\u00a0<\/span><a href=\"https:\/\/projects.ift.uam-csic.es\/NOVA+\/origen\/\">Origen<\/a><span>\u00a0<\/span>de esta p\u00e1gina web figura toda la informaci\u00f3n de Nova+.<\/p>\n<p>De acuerdo con la Ley Org\u00e1nica 3\/2018, de 5 de diciembre, de Protecci\u00f3n de Datos Personales y garant\u00eda de los derechos digitales (LOPDGDD) ,el Reglamento General de Protecci\u00f3n de Datos (RGPD) y legislaci\u00f3n concordante, Nova+ se compromete al cumplimiento de la obligaci\u00f3n de secreto con respecto a los datos de car\u00e1cter personal y al deber de tratarlos con confidencialidad tras la realizaci\u00f3n de los an\u00e1lisis de riesgos correspondientes, en especial, de acuerdo con la Disposici\u00f3n adicional primera de la LOPDGDD, las medidas de seguridad que correspondan de las previstas en el Esquema Nacional de Seguridad necesarias para evitar su alteraci\u00f3n, p\u00e9rdida, tratamiento o acceso no autorizado.<\/p>\n<p>El usuario podr\u00e1 ejercitar en todo momento los derechos de acceso, rectificaci\u00f3n, cancelaci\u00f3n, oposici\u00f3n, limitaci\u00f3n o portabilidad dirigi\u00e9ndose por escrito a Nova+ en la direcci\u00f3n C\/ Nicol\u00e1s Cabrera 13-15, Campus de Cantoblanco UAM, 28049, Madrid, Espa\u00f1a acompa\u00f1ando fotocopia de D.N.I.\u00a0 o mediante el formulario de contacto del Nova+ ubicado en su p\u00e1gina de Contacto. Se puede contactar con Nova+ a trav\u00e9s del correo<span>\u00a0<\/span><a href=\"mailto:nova.mentorado@gmail.com\">nova.mentorado@gmail.com<\/a><\/p>\n<p>Nova+ se reserva la facultad de modificar la presente Pol\u00edtica de Privacidad para adaptarla a las novedades legislativas, jurisprudenciales o de interpretaci\u00f3n de la Agencia Espa\u00f1ola de Protecci\u00f3n de Datos. En este caso, Nova+ anunciar\u00e1 dichos cambios, indicando claramente y con la debida antelaci\u00f3n las modificaciones efectuadas, y solicitando, en caso de que se considere necesario, la aceptaci\u00f3n de los mismos.<\/p>\n<p>&nbsp;<\/p>\n<h3>Ley aplicable y jurisdicci\u00f3n<\/h3>\n<p>La ley aplicable en caso de disputa o conflicto de interpretaci\u00f3n de los t\u00e9rminos que conforman este Aviso Legal, as\u00ed como cualquier cuesti\u00f3n relacionada con los servicios del presente Portal, ser\u00e1 la ley espa\u00f1ola.<\/p>\n<p>Para la resoluci\u00f3n de cualquier conflicto que pueda surgir con ocasi\u00f3n de la visita al Portal o del uso de los servicios que en \u00e9l se puedan ofertar, Nova+ y el Usuario acuerdan someterse a los Jueces y Tribunales de domicilio del Usuario, siempre que el mismo est\u00e9 situado en territorio espa\u00f1ol.<\/p>\n<p>[\/et_pb_text][\/et_pb_column][\/et_pb_row][\/et_pb_section]<\/p>\n","protected":false},"excerpt":{"rendered":"<p>Aviso LegalCondiciones generales de uso del portal\u00a0projects.ift.uam-csic.es\/NOVA+ Nova+ le informa que el acceso y uso de la p\u00e1gina Web\u00a0projects.ift.uam-csic.es\/NOVA+\u00a0y todos los subdominios y directorios incluidos bajo la misma (en adelante, conjuntamente denominados como el Portal) est\u00e1n sujetos a los t\u00e9rminos que se detallan en este Aviso Legal, sin perjuicio de que el acceso a alguno [&hellip;]<\/p>\n","protected":false},"author":4,"featured_media":0,"parent":0,"menu_order":0,"comment_status":"closed","ping_status":"closed","template":"","meta":{"_et_pb_use_builder":"on","_et_pb_old_content":"","_et_gb_content_width":"","footnotes":""},"class_list":["post-514","page","type-page","status-publish","hentry"],"_links":{"self":[{"href":"https:\/\/projects.ift.uam-csic.es\/NOVA+\/wp-json\/wp\/v2\/pages\/514","targetHints":{"allow":["GET"]}}],"collection":[{"href":"https:\/\/projects.ift.uam-csic.es\/NOVA+\/wp-json\/wp\/v2\/pages"}],"about":[{"href":"https:\/\/projects.ift.uam-csic.es\/NOVA+\/wp-json\/wp\/v2\/types\/page"}],"author":[{"embeddable":true,"href":"https:\/\/projects.ift.uam-csic.es\/NOVA+\/wp-json\/wp\/v2\/users\/4"}],"replies":[{"embeddable":true,"href":"https:\/\/projects.ift.uam-csic.es\/NOVA+\/wp-json\/wp\/v2\/comments?post=514"}],"version-history":[{"count":4,"href":"https:\/\/projects.ift.uam-csic.es\/NOVA+\/wp-json\/wp\/v2\/pages\/514\/revisions"}],"predecessor-version":[{"id":519,"href":"https:\/\/projects.ift.uam-csic.es\/NOVA+\/wp-json\/wp\/v2\/pages\/514\/revisions\/519"}],"wp:attachment":[{"href":"https:\/\/projects.ift.uam-csic.es\/NOVA+\/wp-json\/wp\/v2\/media?parent=514"}],"curies":[{"name":"wp","href":"https:\/\/api.w.org\/{rel}","templated":true}]}}