{"id":425,"date":"2025-10-17T10:49:16","date_gmt":"2025-10-17T10:49:16","guid":{"rendered":"https:\/\/projects.ift.uam-csic.es\/NOVA+\/?page_id=425"},"modified":"2026-05-11T19:25:43","modified_gmt":"2026-05-11T19:25:43","slug":"miembros","status":"publish","type":"page","link":"https:\/\/projects.ift.uam-csic.es\/NOVA+\/miembros\/","title":{"rendered":"Miembros"},"content":{"rendered":"<p>[et_pb_section fb_built=\u00bb1&#8243; fullwidth=\u00bbon\u00bb disabled_on=\u00bboff|off|off\u00bb _builder_version=\u00bb4.27.4&#8243; _module_preset=\u00bbdefault\u00bb custom_margin=\u00bb0px||||false|false\u00bb locked=\u00bboff\u00bb global_colors_info=\u00bb{}\u00bb][et_pb_fullwidth_slider show_arrows=\u00bboff\u00bb show_pagination=\u00bboff\u00bb _builder_version=\u00bb4.27.4&#8243; _module_preset=\u00bbdefault\u00bb height=\u00bb500px\u00bb max_height=\u00bb500px\u00bb animation_style=\u00bbfade\u00bb animation_delay=\u00bb1000ms\u00bb auto=\u00bbon\u00bb auto_speed=\u00bb5000&#8243; auto_ignore_hover=\u00bbon\u00bb global_colors_info=\u00bb{}\u00bb][et_pb_slide _builder_version=\u00bb4.27.4&#8243; _module_preset=\u00bbdefault\u00bb background_image=\u00bbhttps:\/\/projects.ift.uam-csic.es\/NOVA+\/wp-content\/uploads\/2025\/10\/banner-miembros-nova.jpg\u00bb background_enable_image=\u00bbon\u00bb background_position=\u00bbtop_center\u00bb background_vertical_offset=\u00bb27%\u00bb global_colors_info=\u00bb{}\u00bb sticky_transition=\u00bbon\u00bb][\/et_pb_slide][et_pb_slide _builder_version=\u00bb4.27.4&#8243; _module_preset=\u00bbdefault\u00bb background_image=\u00bbhttps:\/\/projects.ift.uam-csic.es\/NOVA+\/wp-content\/uploads\/2025\/10\/banner-miembros-2-nova.jpg\u00bb background_enable_image=\u00bbon\u00bb global_colors_info=\u00bb{}\u00bb sticky_transition=\u00bbon\u00bb][\/et_pb_slide][\/et_pb_fullwidth_slider][\/et_pb_section][et_pb_section fb_built=\u00bb1&#8243; _builder_version=\u00bb4.27.4&#8243; _module_preset=\u00bbdefault\u00bb locked=\u00bboff\u00bb global_colors_info=\u00bb{}\u00bb][et_pb_row _builder_version=\u00bb4.27.4&#8243; _module_preset=\u00bbdefault\u00bb global_colors_info=\u00bb{}\u00bb][et_pb_column type=\u00bb4_4&#8243; _builder_version=\u00bb4.27.4&#8243; _module_preset=\u00bbdefault\u00bb global_colors_info=\u00bb{}\u00bb][et_pb_text _builder_version=\u00bb4.27.4&#8243; _module_preset=\u00bbdefault\u00bb global_colors_info=\u00bb{}\u00bb]<\/p>\n<h1 style=\"font-family: 'Montserrat',Helvetica,Arial,Lucida,sans-serif; font-weight: bold; font-size: 50px; color: rgba(150,69,232,0.7) !important; line-height: 1.2em;\">Welcome &amp; Carta de Presentaci\u00f3n<\/h1>\n<p>[\/et_pb_text][et_pb_text _builder_version=\u00bb4.27.4&#8243; _module_preset=\u00bbdefault\u00bb global_colors_info=\u00bb{}\u00bb]<\/p>\n<p style=\"font-family: 'Montserrat',Helvetica,Arial,Lucida,sans-serif; line-height: 1.4em; font-size: 100%; color: #000; font-weight: 500;\">En NOVA+ el talento se cultiva, se acompa\u00f1a y se comparte.<\/p>\n<p style=\"font-family: 'Montserrat',Helvetica,Arial,Lucida,sans-serif; line-height: 1.4em; font-size: 100%; color: #000; font-weight: 500;\">NOVA+ es un programa de mentor\u00eda del IFT y del DFT con car\u00e1cter inclusivo, abierto a todos y todas las personas que forman parte de la comunidad de la f\u00edsica, desde las etapas m\u00e1s iniciales de la formaci\u00f3n hasta el posdoctorado, con especial \u00e9nfasis en apoyar y visibilizar a las mujeres y a los colectivos tradicionalmente menos representados en las \u00e1reas STEAM.<\/p>\n<p style=\"font-family: 'Montserrat',Helvetica,Arial,Lucida,sans-serif; line-height: 1.4em; font-size: 100%; color: #000; font-weight: 500;\">Nuestro prop\u00f3sito es impulsar el desarrollo personal, emocional y profesional de las f\u00edsicas y los f\u00edsicos, creando una red de apoyo que inspire, empodere y acompa\u00f1e en el camino hacia una carrera cient\u00edfica plena, sostenible e inclusiva.<\/p>\n<p style=\"font-family: 'Montserrat',Helvetica,Arial,Lucida,sans-serif; line-height: 1.4em; font-size: 100%; color: #000; font-weight: 500;\">NOVA+ es un espacio seguro, inspirador y transformador, donde cada encuentro es una oportunidad para crecer, compartir y construir comunidad.<\/p>\n<p style=\"font-family: 'Montserrat',Helvetica,Arial,Lucida,sans-serif; line-height: 1.4em; font-size: 100%; color: #000; font-weight: 500;\">Te damos la bienvenida a esta constelaci\u00f3n de voces, experiencias y sue\u00f1os que, unidas, iluminan el futuro de la f\u00edsica y de la ciencia.<\/p>\n<p style=\"font-family: 'Montserrat',Helvetica,Arial,Lucida,sans-serif; line-height: 1.4em; font-size: 100%; color: #000; font-weight: 500;\"><b>La Coordinaci\u00f3n de NOVA+<\/b><\/p>\n<p>[\/et_pb_text][\/et_pb_column][\/et_pb_row][et_pb_row column_structure=\u00bb1_2,1_2&#8243; _builder_version=\u00bb4.27.4&#8243; _module_preset=\u00bbdefault\u00bb global_colors_info=\u00bb{}\u00bb][et_pb_column type=\u00bb1_2&#8243; _builder_version=\u00bb4.27.4&#8243; _module_preset=\u00bbdefault\u00bb global_colors_info=\u00bb{}\u00bb][et_pb_text _builder_version=\u00bb4.27.4&#8243; _module_preset=\u00bbdefault\u00bb global_colors_info=\u00bb{}\u00bb]<\/p>\n<h1 style=\"font-family: 'Montserrat',Helvetica,Arial,Lucida,sans-serif; font-weight: bold; font-size: 25px; color: rgba(150,69,232,0.7) !important; line-height: 1.2em;\">Nuestros Compromisos<\/h1>\n<p>[\/et_pb_text][et_pb_text _builder_version=\u00bb4.27.4&#8243; _module_preset=\u00bbdefault\u00bb global_colors_info=\u00bb{}\u00bb]<\/p>\n<ul>\n<li style=\"font-family: 'Montserrat',Helvetica,Arial,Lucida,sans-serif; line-height: 1.4em; font-size: 100%; color: #000; font-weight: 500;\"><span style=\"color: #8300e9;\"><b>Acompa\u00f1amiento<\/b><\/span><\/li>\n<\/ul>\n<p style=\"font-family: 'Montserrat',Helvetica,Arial,Lucida,sans-serif; line-height: 1.4em; font-size: 100%; color: #000; font-weight: 500;\">Ofrecemos apoyo en todas las etapas formativas y profesionales, con especial atenci\u00f3n a los momentos de transici\u00f3n y decisi\u00f3n. Este apoyo es gracias a investigadoras e investigadores que ya han pasado por esas etapas y cuyo saber hacer puede impactar positivamente en los alumnos.<\/p>\n<p style=\"font-family: 'Montserrat',Helvetica,Arial,Lucida,sans-serif; line-height: 1.4em; font-size: 100%; color: #000; font-weight: 500;\">Las mentor\u00edas no son clases: son espacios de confianza donde reflexionar sobre trayectorias, dudas, donde fijar fortalezas y definir objetivos alcanzables.<\/p>\n<ul>\n<li style=\"font-family: 'Montserrat',Helvetica,Arial,Lucida,sans-serif; line-height: 1.4em; font-size: 100%; color: #000; font-weight: 500;\"><span style=\"color: #8300e9;\"><b>Creaci\u00f3n de una red s\u00f3lida<\/b><\/span><\/li>\n<\/ul>\n<p style=\"font-family: 'Montserrat',Helvetica,Arial,Lucida,sans-serif; line-height: 1.4em; font-size: 100%; color: #000; font-weight: 500;\">NOVA+ impulsa la construcci\u00f3n de una red activa de personas cient\u00edficas y aliad@s que fomente la colaboraci\u00f3n, la visibilidad y el liderazgo en la F\u00edsica Te\u00f3rica y en las \u00e1reas STEAM.<\/p>\n<p style=\"font-family: 'Montserrat',Helvetica,Arial,Lucida,sans-serif; line-height: 1.4em; font-size: 100%; color: #000; font-weight: 500;\">Esta red busca inspirar y multiplicar el impacto de cada iniciativa, transformando la cultura cient\u00edfica desde dentro.<\/p>\n<ul>\n<li style=\"font-family: 'Montserrat',Helvetica,Arial,Lucida,sans-serif; line-height: 1.4em; font-size: 100%; color: #000; font-weight: 500;\"><span style=\"color: #8300e9;\"><b>Desarrollo de habilidades transversales<\/b><\/span><\/li>\n<\/ul>\n<p style=\"font-family: 'Montserrat',Helvetica,Arial,Lucida,sans-serif; line-height: 1.4em; font-size: 100%; color: #000; font-weight: 500;\">A trav\u00e9s de mentor\u00edas, talleres y c\u00e1psulas formativas, promovemos competencias clave para una carrera sostenible: liderazgo, comunicaci\u00f3n efectiva, gesti\u00f3n emocional, trabajo en equipo y autogesti\u00f3n del bienestar.<\/p>\n<p style=\"font-family: 'Montserrat',Helvetica,Arial,Lucida,sans-serif; line-height: 1.4em; font-size: 100%; color: #000; font-weight: 500;\">El objetivo es que cada participante pueda construir una identidad profesional s\u00f3lida y equilibrada.<\/p>\n<ul>\n<li style=\"font-family: 'Montserrat',Helvetica,Arial,Lucida,sans-serif; line-height: 1.4em; font-size: 100%; color: #000; font-weight: 500;\"><span style=\"color: #8300e9;\"><b>Impulso de oportunidades reales<\/b><\/span><\/li>\n<\/ul>\n<p style=\"font-family: 'Montserrat',Helvetica,Arial,Lucida,sans-serif; line-height: 1.4em; font-size: 100%; color: #000; font-weight: 500;\">Fomentamos la participaci\u00f3n en proyectos, estancias, congresos, becas y colaboraciones que ampl\u00eden horizontes y conecten a nuestras mentees con la comunidad cient\u00edfica internacional.<\/p>\n<p style=\"font-family: 'Montserrat',Helvetica,Arial,Lucida,sans-serif; line-height: 1.4em; font-size: 100%; color: #000; font-weight: 500;\">Queremos ser un puente hacia las oportunidades, no un punto de llegada.<\/p>\n<ul>\n<li style=\"font-family: 'Montserrat',Helvetica,Arial,Lucida,sans-serif; line-height: 1.4em; font-size: 100%; color: #000; font-weight: 500;\"><span style=\"color: #8300e9;\"><b>Comunidad viva y accesible<\/b><\/span><\/li>\n<\/ul>\n<p style=\"font-family: 'Montserrat',Helvetica,Arial,Lucida,sans-serif; line-height: 1.4em; font-size: 100%; color: #000; font-weight: 500;\">NOVA+ crece en una comunidad abierta y diversa, sostenida por herramientas digitales que facilitan la comunicaci\u00f3n, el seguimiento y la participaci\u00f3n activa.<\/p>\n<p style=\"font-family: 'Montserrat',Helvetica,Arial,Lucida,sans-serif; line-height: 1.4em; font-size: 100%; color: #000; font-weight: 500;\">Cada voz cuenta, y el intercambio entre mentor\u00edas, generaciones y disciplinas es parte esencial de nuestra identidad.<\/p>\n<p>[\/et_pb_text][\/et_pb_column][et_pb_column type=\u00bb1_2&#8243; _builder_version=\u00bb4.27.4&#8243; _module_preset=\u00bbdefault\u00bb global_colors_info=\u00bb{}\u00bb][et_pb_text _builder_version=\u00bb4.27.4&#8243; _module_preset=\u00bbdefault\u00bb global_colors_info=\u00bb{}\u00bb]<\/p>\n<h1 style=\"font-family: 'Montserrat',Helvetica,Arial,Lucida,sans-serif; font-weight: bold; font-size: 25px; color: rgba(150,69,232,0.7) !important; line-height: 1.2em;\">Nuestros Valores<\/h1>\n<p>[\/et_pb_text][et_pb_text _builder_version=\u00bb4.27.4&#8243; _module_preset=\u00bbdefault\u00bb global_colors_info=\u00bb{}\u00bb]<\/p>\n<ul>\n<li style=\"font-family: 'Montserrat',Helvetica,Arial,Lucida,sans-serif; line-height: 1.4em; font-size: 100%; color: #000; font-weight: 500;\"><b>Inclusi\u00f3n: <\/b>Un espacio abierto a todas las personas, sin distinci\u00f3n de g\u00e9nero, origen o etapa profesional.<\/li>\n<li style=\"font-family: 'Montserrat',Helvetica,Arial,Lucida,sans-serif; line-height: 1.4em; font-size: 100%; color: #000; font-weight: 500;\"><b>Confidencialidad: <\/b>Todo lo que se comparte en las mentor\u00edas permanece en confianza; la seguridad emocional es nuestra base.<\/li>\n<li style=\"font-family: 'Montserrat',Helvetica,Arial,Lucida,sans-serif; line-height: 1.4em; font-size: 100%; color: #000; font-weight: 500;\"><b>Compromiso: <\/b>Las relaciones de mentor\u00eda requieren responsabilidad mutua: presencia, escucha y seguimiento.<\/li>\n<li style=\"font-family: 'Montserrat',Helvetica,Arial,Lucida,sans-serif; line-height: 1.4em; font-size: 100%; color: #000; font-weight: 500;\"><b>Diversidad: <\/b>Valoramos las diferencias como fuente de aprendizaje y creatividad colectiva.<\/li>\n<li style=\"font-family: 'Montserrat',Helvetica,Arial,Lucida,sans-serif; line-height: 1.4em; font-size: 100%; color: #000; font-weight: 500;\"><b>Colaboraci\u00f3n: <\/b>Crecemos juntos; el conocimiento y las experiencias se comparten, no se compiten.<\/li>\n<li style=\"font-family: 'Montserrat',Helvetica,Arial,Lucida,sans-serif; line-height: 1.4em; font-size: 100%; color: #000; font-weight: 500;\"><b>Equidad: <\/b>Buscamos condiciones justas para el desarrollo profesional y personal de todas las personas.<\/li>\n<li style=\"font-family: 'Montserrat',Helvetica,Arial,Lucida,sans-serif; line-height: 1.4em; font-size: 100%; color: #000; font-weight: 500;\"><b>Empoderamiento: <\/b>Fomentamos la autoconfianza, la toma de decisiones y la autonom\u00eda para construir carreras plenas y sostenibles.<\/li>\n<\/ul>\n<p style=\"font-family: 'Montserrat',Helvetica,Arial,Lucida,sans-serif; line-height: 1.4em; font-size: 100%; color: #000; font-weight: 500;\">Cada mentor\u00eda, cada encuentro, cada historia compartida nos acerca un poco m\u00e1s a ese futuro.<\/p>\n<p>[\/et_pb_text][\/et_pb_column][\/et_pb_row][et_pb_row _builder_version=\u00bb4.27.4&#8243; _module_preset=\u00bbdefault\u00bb global_colors_info=\u00bb{}\u00bb][et_pb_column type=\u00bb4_4&#8243; _builder_version=\u00bb4.27.4&#8243; _module_preset=\u00bbdefault\u00bb global_colors_info=\u00bb{}\u00bb][et_pb_text _builder_version=\u00bb4.27.4&#8243; _module_preset=\u00bbdefault\u00bb global_colors_info=\u00bb{}\u00bb]<\/p>\n<h1 style=\"font-family: 'Montserrat',Helvetica,Arial,Lucida,sans-serif; font-weight: bold; font-size: 25px; color: rgba(150,69,232,0.7) !important; line-height: 1.2em;\">Accede a tu \u00e1rea<\/h1>\n<p>[\/et_pb_text][et_pb_text disabled_on=\u00bbon|on|on\u00bb _builder_version=\u00bb4.27.4&#8243; _module_preset=\u00bbdefault\u00bb disabled=\u00bbon\u00bb global_colors_info=\u00bb{}\u00bb]<\/p>\n<p style=\"font-family: 'Montserrat',Helvetica,Arial,Lucida,sans-serif; line-height: 1.4em; font-size: 100%; color: #000; font-weight: 500;\">En NOVA+ el talento se cultiva, se acompa\u00f1a y se comparte.<\/p>\n<p style=\"font-family: 'Montserrat',Helvetica,Arial,Lucida,sans-serif; line-height: 1.4em; font-size: 100%; color: #000; font-weight: 500;\">NOVA+ es un programa inclusivo, abierto a todos y todas las personas que forman parte de la comunidad de la f\u00edsica \u2014desde las etapas m\u00e1s iniciales de la formaci\u00f3n hasta el posdoctorado\u2014, con especial \u00e9nfasis en apoyar y visibilizar a las mujeres y a los colectivos tradicionalmente menos representados en las \u00e1reas STEAM.<\/p>\n<p style=\"font-family: 'Montserrat',Helvetica,Arial,Lucida,sans-serif; line-height: 1.4em; font-size: 100%; color: #000; font-weight: 500;\">Nuestro prop\u00f3sito es impulsar el desarrollo personal, emocional y profesional de las f\u00edsicas y los f\u00edsicos, creando una red de apoyo que inspire, empodere y acompa\u00f1e en el camino hacia una carrera cient\u00edfica plena, sostenible e inclusiva.<\/p>\n<p style=\"font-family: 'Montserrat',Helvetica,Arial,Lucida,sans-serif; line-height: 1.4em; font-size: 100%; color: #000; font-weight: 500;\">NOVA+ es un espacio seguro, inspirador y transformador, donde cada encuentro es una oportunidad para crecer, compartir y construir comunidad.<\/p>\n<p style=\"font-family: 'Montserrat',Helvetica,Arial,Lucida,sans-serif; line-height: 1.4em; font-size: 100%; color: #000; font-weight: 500;\">Te damos la bienvenida a esta constelaci\u00f3n de voces, experiencias y sue\u00f1os que, unidas, iluminan el futuro de la f\u00edsica y de la ciencia.<\/p>\n<p style=\"font-family: 'Montserrat',Helvetica,Arial,Lucida,sans-serif; line-height: 1.4em; font-size: 100%; color: #000; font-weight: 500;\"><b>\u2014 La Coordinaci\u00f3n de NOVA+<\/b><\/p>\n<p>[\/et_pb_text][\/et_pb_column][\/et_pb_row][et_pb_row column_structure=\u00bb1_2,1_2&#8243; _builder_version=\u00bb4.27.4&#8243; _module_preset=\u00bbdefault\u00bb global_colors_info=\u00bb{}\u00bb][et_pb_column type=\u00bb1_2&#8243; _builder_version=\u00bb4.27.4&#8243; _module_preset=\u00bbdefault\u00bb global_colors_info=\u00bb{}\u00bb][et_pb_button button_url=\u00bbhttps:\/\/projects.ift.uam-csic.es\/NOVA+\/miembros\/zona-mentores\/\u00bb button_text=\u00bbZona Mentores\u00bb _builder_version=\u00bb4.27.4&#8243; _module_preset=\u00bbdefault\u00bb locked=\u00bboff\u00bb global_colors_info=\u00bb{}\u00bb][\/et_pb_button][\/et_pb_column][et_pb_column type=\u00bb1_2&#8243; _builder_version=\u00bb4.27.4&#8243; _module_preset=\u00bbdefault\u00bb global_colors_info=\u00bb{}\u00bb][et_pb_button button_url=\u00bbhttps:\/\/projects.ift.uam-csic.es\/NOVA+\/miembros\/zona-mentees\/\u00bb button_text=\u00bbZona Mentees\u00bb _builder_version=\u00bb4.27.4&#8243; _module_preset=\u00bbdefault\u00bb locked=\u00bboff\u00bb global_colors_info=\u00bb{}\u00bb][\/et_pb_button][\/et_pb_column][\/et_pb_row][et_pb_row _builder_version=\u00bb4.27.4&#8243; _module_preset=\u00bbdefault\u00bb][et_pb_column _builder_version=\u00bb4.27.4&#8243; _module_preset=\u00bbdefault\u00bb type=\u00bb4_4&#8243;][et_pb_image src=\u00bbhttps:\/\/projects.ift.uam-csic.es\/NOVA+\/wp-content\/uploads\/2026\/05\/NOVA-CARTELES-5-scaled.png\u00bb _builder_version=\u00bb4.27.4&#8243; _module_preset=\u00bbdefault\u00bb title_text=\u00bbNOVA+ CARTELES\u00bb hover_enabled=\u00bb0&#8243; sticky_enabled=\u00bb0&#8243;][\/et_pb_image][\/et_pb_column][\/et_pb_row][\/et_pb_section]<\/p>\n","protected":false},"excerpt":{"rendered":"<p>Welcome &amp; Carta de Presentaci\u00f3nEn NOVA+ el talento se cultiva, se acompa\u00f1a y se comparte. NOVA+ es un programa de mentor\u00eda del IFT y del DFT con car\u00e1cter inclusivo, abierto a todos y todas las personas que forman parte de la comunidad de la f\u00edsica, desde las etapas m\u00e1s iniciales de la formaci\u00f3n hasta el [&hellip;]<\/p>\n","protected":false},"author":4,"featured_media":0,"parent":0,"menu_order":0,"comment_status":"closed","ping_status":"closed","template":"","meta":{"_et_pb_use_builder":"on","_et_pb_old_content":"<!-- wp:divi\/placeholder \/-->","_et_gb_content_width":"","footnotes":""},"class_list":["post-425","page","type-page","status-publish","hentry"],"_links":{"self":[{"href":"https:\/\/projects.ift.uam-csic.es\/NOVA+\/wp-json\/wp\/v2\/pages\/425","targetHints":{"allow":["GET"]}}],"collection":[{"href":"https:\/\/projects.ift.uam-csic.es\/NOVA+\/wp-json\/wp\/v2\/pages"}],"about":[{"href":"https:\/\/projects.ift.uam-csic.es\/NOVA+\/wp-json\/wp\/v2\/types\/page"}],"author":[{"embeddable":true,"href":"https:\/\/projects.ift.uam-csic.es\/NOVA+\/wp-json\/wp\/v2\/users\/4"}],"replies":[{"embeddable":true,"href":"https:\/\/projects.ift.uam-csic.es\/NOVA+\/wp-json\/wp\/v2\/comments?post=425"}],"version-history":[{"count":25,"href":"https:\/\/projects.ift.uam-csic.es\/NOVA+\/wp-json\/wp\/v2\/pages\/425\/revisions"}],"predecessor-version":[{"id":938,"href":"https:\/\/projects.ift.uam-csic.es\/NOVA+\/wp-json\/wp\/v2\/pages\/425\/revisions\/938"}],"wp:attachment":[{"href":"https:\/\/projects.ift.uam-csic.es\/NOVA+\/wp-json\/wp\/v2\/media?parent=425"}],"curies":[{"name":"wp","href":"https:\/\/api.w.org\/{rel}","templated":true}]}}