{"id":423,"date":"2025-10-17T10:48:42","date_gmt":"2025-10-17T10:48:42","guid":{"rendered":"https:\/\/projects.ift.uam-csic.es\/NOVA+\/?page_id=423"},"modified":"2026-05-11T19:22:50","modified_gmt":"2026-05-11T19:22:50","slug":"unete","status":"publish","type":"page","link":"https:\/\/projects.ift.uam-csic.es\/NOVA+\/unete\/","title":{"rendered":"\u00danete"},"content":{"rendered":"<p>[et_pb_section fb_built=\u00bb1&#8243; fullwidth=\u00bbon\u00bb _builder_version=\u00bb4.27.4&#8243; _module_preset=\u00bbdefault\u00bb custom_margin=\u00bb0px||||false|false\u00bb locked=\u00bboff\u00bb global_colors_info=\u00bb{}\u00bb][et_pb_fullwidth_slider show_arrows=\u00bboff\u00bb show_pagination=\u00bboff\u00bb _builder_version=\u00bb4.27.4&#8243; _module_preset=\u00bbdefault\u00bb height=\u00bb500px\u00bb max_height=\u00bb500px\u00bb animation_style=\u00bbfade\u00bb animation_delay=\u00bb1000ms\u00bb auto=\u00bbon\u00bb auto_speed=\u00bb5000&#8243; auto_ignore_hover=\u00bbon\u00bb global_colors_info=\u00bb{}\u00bb][et_pb_slide _builder_version=\u00bb4.27.4&#8243; _module_preset=\u00bbdefault\u00bb background_image=\u00bbhttps:\/\/projects.ift.uam-csic.es\/NOVA+\/wp-content\/uploads\/2025\/10\/banner-nova-5.jpg\u00bb background_enable_image=\u00bbon\u00bb global_colors_info=\u00bb{}\u00bb sticky_transition=\u00bbon\u00bb][\/et_pb_slide][et_pb_slide _builder_version=\u00bb4.27.4&#8243; _module_preset=\u00bbdefault\u00bb background_image=\u00bbhttps:\/\/projects.ift.uam-csic.es\/NOVA+\/wp-content\/uploads\/2025\/10\/nova-banner-2.jpg\u00bb background_enable_image=\u00bbon\u00bb background_position=\u00bbbottom_center\u00bb background_vertical_offset=\u00bb67%\u00bb global_colors_info=\u00bb{}\u00bb sticky_transition=\u00bbon\u00bb][\/et_pb_slide][\/et_pb_fullwidth_slider][\/et_pb_section][et_pb_section fb_built=\u00bb1&#8243; _builder_version=\u00bb4.27.4&#8243; _module_preset=\u00bbdefault\u00bb locked=\u00bboff\u00bb global_colors_info=\u00bb{}\u00bb][et_pb_row _builder_version=\u00bb4.27.4&#8243; _module_preset=\u00bbdefault\u00bb global_colors_info=\u00bb{}\u00bb][et_pb_column type=\u00bb4_4&#8243; _builder_version=\u00bb4.27.4&#8243; _module_preset=\u00bbdefault\u00bb global_colors_info=\u00bb{}\u00bb][et_pb_text _builder_version=\u00bb4.27.4&#8243; _module_preset=\u00bbdefault\u00bb global_colors_info=\u00bb{}\u00bb]<\/p>\n<h1 style=\"font-family: 'Montserrat',Helvetica,Arial,Lucida,sans-serif; font-weight: bold; font-size: 50px; color: rgba(150,69,232,0.7) !important; line-height: 1.2em;\">\u00danete al V\u00e9rtice<\/h1>\n<p>[\/et_pb_text][et_pb_text _builder_version=\u00bb4.27.4&#8243; _module_preset=\u00bbdefault\u00bb global_colors_info=\u00bb{}\u00bb]<\/p>\n<p style=\"font-family: 'Montserrat',Helvetica,Arial,Lucida,sans-serif; line-height: 1.4em; font-size: 100%; color: #000; font-weight: 500;\"><b>El punto de encuentro de trayectorias, donde diferentes estad\u00edos de F\u00edsicos y F\u00edsicas unen sus caminos en la Teor\u00eda.<\/b><\/p>\n<p>[\/et_pb_text][et_pb_text _builder_version=\u00bb4.27.4&#8243; _module_preset=\u00bbdefault\u00bb text_text_color=\u00bb#8300E9&#8243; text_font_size=\u00bb21px\u00bb global_colors_info=\u00bb{}\u00bb]<\/p>\n<h3 style=\"font-family: 'Montserrat',Helvetica,Arial,Lucida,sans-serif; line-height: 1.4em; font-size: 100%; color: #000; font-weight: 500;\"><span style=\"color: #cc99ff;\"><b><span style=\"color: #8300e9;\">Plazo ya abierto para el curso 2026\/2027:<\/span> <span style=\"color: #8300e9;\">Ap\u00fantate antes del viernes 19 de junio de 2026.<\/span>\u00a0<\/b><\/span><\/h3>\n<h3 style=\"font-family: 'Montserrat',Helvetica,Arial,Lucida,sans-serif; line-height: 1.4em; font-size: 100%; color: #000; font-weight: 500;\"><span style=\"color: #cc99ff;\"><b>Debes estar pendiente de tu correo: te iremos informando de las novedades.<\/b><\/span><\/h3>\n<h3 style=\"font-family: 'Montserrat',Helvetica,Arial,Lucida,sans-serif; line-height: 1.4em; font-size: 100%; color: #000; font-weight: 500;\"><span style=\"color: #cc99ff;\"><b>Fecha tentativa de inicio del programa: 5 de octubre de 2026.<\/b><\/span><\/h3>\n<p>[\/et_pb_text][\/et_pb_column][\/et_pb_row][et_pb_row column_structure=\u00bb1_2,1_2&#8243; _builder_version=\u00bb4.27.4&#8243; _module_preset=\u00bbdefault\u00bb global_colors_info=\u00bb{}\u00bb][et_pb_column type=\u00bb1_2&#8243; _builder_version=\u00bb4.27.4&#8243; _module_preset=\u00bbdefault\u00bb global_colors_info=\u00bb{}\u00bb][et_pb_text _builder_version=\u00bb4.27.4&#8243; _module_preset=\u00bbdefault\u00bb global_colors_info=\u00bb{}\u00bb]<\/p>\n<ul>\n<li style=\"font-family: 'Montserrat',Helvetica,Arial,Lucida,sans-serif; line-height: 1.4em; font-size: 100%; color: #000; font-weight: 500;\"><b>Para el futuro de la F\u00edsica Te\u00f3rica<\/b><\/li>\n<\/ul>\n<p style=\"font-family: 'Montserrat',Helvetica,Arial,Lucida,sans-serif; line-height: 1.4em; font-size: 100%; color: #000; font-weight: 500;\">Si eres estudiante de <b>Grado o M\u00e1ster en F\u00edsica Te\u00f3rica<\/b>, puedes inscribirte a pinchando en el bot\u00f3n \u00abformulario\u00bb que encontrar\u00e1s m\u00e1s abajo y enviar al correo de NOVA: <strong data-start=\"642\" data-end=\"670\"><a data-start=\"644\" data-end=\"668\" class=\"decorated-link cursor-pointer\" rel=\"noopener\">nova.mentorado@gmail.com <\/a><\/strong><span style=\"color: #000000;\"><a data-start=\"644\" data-end=\"668\" class=\"decorated-link cursor-pointer\" rel=\"noopener\" style=\"color: #000000;\">tu <\/a><a data-start=\"644\" data-end=\"668\" class=\"decorated-link cursor-pointer\" rel=\"noopener\" style=\"color: #000000;\">CV, carta de motivaci\u00f3n y expediente acad\u00e9mico<em data-start=\"422\" data-end=\"574\">(este documento se utilizar\u00e1 \u00fanicamente para conocer mejor tu trayectoria como estudiante; la nota media no ser\u00e1 un requisito decisivo para el acceso)<\/em>.<br \/>S\u00f3lo tendremos en cuenta las solicitudes completas (Formulario + documentos)<\/a><\/span><\/p>\n<p style=\"font-family: 'Montserrat',Helvetica,Arial,Lucida,sans-serif; line-height: 1.4em; font-size: 100%; color: #000; font-weight: 500;\"><b>Tu compromiso ser\u00e1 sencillo pero valioso:<\/b><\/p>\n<ul>\n<li style=\"font-family: 'Montserrat',Helvetica,Arial,Lucida,sans-serif; line-height: 1.4em; font-size: 100%; color: #000; font-weight: 500;\">Participar con buen aprovechamiento en el programa.<\/li>\n<li style=\"font-family: 'Montserrat',Helvetica,Arial,Lucida,sans-serif; line-height: 1.4em; font-size: 100%; color: #000; font-weight: 500;\">Planificar y cerrar las citas con tu mentor\/a desde la 2.\u00aa sesi\u00f3n hasta la \u00faltima.<\/li>\n<li style=\"font-family: 'Montserrat',Helvetica,Arial,Lucida,sans-serif; line-height: 1.4em; font-size: 100%; color: #000; font-weight: 500;\">Recordar al mentor\/a la cita el d\u00eda anterior, enviando un breve correo con el tema a tratar y algunos highlights.<\/li>\n<li style=\"font-family: 'Montserrat',Helvetica,Arial,Lucida,sans-serif; line-height: 1.4em; font-size: 100%; color: #000; font-weight: 500;\">Completar el cuestionario al final de cada sesi\u00f3n y mantener tu bit\u00e1cora actualizada.<\/li>\n<li style=\"font-family: 'Montserrat',Helvetica,Arial,Lucida,sans-serif; line-height: 1.4em; font-size: 100%; color: #000; font-weight: 500;\">Disfrutar de la comunidad, colaborar siempre que sea posible y construir v\u00ednculos de aprendizaje y crecimiento.<\/li>\n<\/ul>\n<p style=\"font-family: 'Montserrat',Helvetica,Arial,Lucida,sans-serif; line-height: 1.4em; font-size: 100%; color: #000; font-weight: 500;\">\n<p>[\/et_pb_text][et_pb_button button_url=\u00bbhttps:\/\/forms.gle\/pLG6oxgK1GAjJ3h27&#8243; url_new_window=\u00bbon\u00bb button_text=\u00bbFormulario\u00bb _builder_version=\u00bb4.27.4&#8243; _module_preset=\u00bbdefault\u00bb global_colors_info=\u00bb{}\u00bb][\/et_pb_button][\/et_pb_column][et_pb_column type=\u00bb1_2&#8243; _builder_version=\u00bb4.27.4&#8243; _module_preset=\u00bbdefault\u00bb global_colors_info=\u00bb{}\u00bb][et_pb_text _builder_version=\u00bb4.27.4&#8243; _module_preset=\u00bbdefault\u00bb global_colors_info=\u00bb{}\u00bb]<\/p>\n<ul>\n<li style=\"font-family: 'Montserrat',Helvetica,Arial,Lucida,sans-serif; line-height: 1.4em; font-size: 100%; color: #000; font-weight: 500;\"><b>Para mentores\/as<\/b><\/li>\n<\/ul>\n<p style=\"font-family: 'Montserrat',Helvetica,Arial,Lucida,sans-serif; line-height: 1.4em; font-size: 100%; color: #000; font-weight: 500;\">\u00bfQuieres ser parte del futuro de la F\u00edsica Te\u00f3rica?<\/p>\n<p style=\"font-family: 'Montserrat',Helvetica,Arial,Lucida,sans-serif; line-height: 1.4em; font-size: 100%; color: #000; font-weight: 500;\">En NOVA+ buscamos investigadoras e investigadores dispuestos a compartir su experiencia y acompa\u00f1ar a la pr\u00f3xima generaci\u00f3n. No necesitas haber sido mentor\/a antes: <b>solo ganas de escuchar, guiar e inspirar.<\/b><\/p>\n<p style=\"font-family: 'Montserrat',Helvetica,Arial,Lucida,sans-serif; line-height: 1.4em; font-size: 100%; color: #000; font-weight: 500;\">Tu papel ser\u00e1 crear un espacio seguro donde la persona que gu\u00edas pueda crecer, explorar, equivocarse y brillar. La <b>escucha activa, la validaci\u00f3n y la inspiraci\u00f3n<\/b> son los pilares de esta relaci\u00f3n. En cada encuentro, construir\u00e1s v\u00ednculos de aprendizaje y crecimiento que dejar\u00e1n huella.<\/p>\n<p>[\/et_pb_text][et_pb_button button_url=\u00bbhttps:\/\/forms.gle\/tKMFWvdFzFxRDwHs9&#8243; url_new_window=\u00bbon\u00bb button_text=\u00bbFormulario\u00bb _builder_version=\u00bb4.27.4&#8243; _module_preset=\u00bbdefault\u00bb global_colors_info=\u00bb{}\u00bb][\/et_pb_button][\/et_pb_column][\/et_pb_row][et_pb_row _builder_version=\u00bb4.27.4&#8243; _module_preset=\u00bbdefault\u00bb][et_pb_column _builder_version=\u00bb4.27.4&#8243; _module_preset=\u00bbdefault\u00bb type=\u00bb4_4&#8243;][et_pb_image src=\u00bbhttps:\/\/projects.ift.uam-csic.es\/NOVA+\/wp-content\/uploads\/2026\/05\/NOVA-CARTELES-3-scaled.png\u00bb _builder_version=\u00bb4.27.4&#8243; _module_preset=\u00bbdefault\u00bb title_text=\u00bbNOVA+ CARTELES\u00bb hover_enabled=\u00bb0&#8243; sticky_enabled=\u00bb0&#8243;][\/et_pb_image][\/et_pb_column][\/et_pb_row][\/et_pb_section]<\/p>\n","protected":false},"excerpt":{"rendered":"<p>\u00danete al V\u00e9rticeEl punto de encuentro de trayectorias, donde diferentes estad\u00edos de F\u00edsicos y F\u00edsicas unen sus caminos en la Teor\u00eda.Plazo ya abierto para el curso 2026\/2027: Ap\u00fantate antes del viernes 19 de junio de 2026.\u00a0 Debes estar pendiente de tu correo: te iremos informando de las novedades. Fecha tentativa de inicio del programa: 5 [&hellip;]<\/p>\n","protected":false},"author":4,"featured_media":0,"parent":0,"menu_order":0,"comment_status":"closed","ping_status":"closed","template":"","meta":{"_et_pb_use_builder":"on","_et_pb_old_content":"<!-- wp:divi\/placeholder \/-->","_et_gb_content_width":"","footnotes":""},"class_list":["post-423","page","type-page","status-publish","hentry"],"_links":{"self":[{"href":"https:\/\/projects.ift.uam-csic.es\/NOVA+\/wp-json\/wp\/v2\/pages\/423","targetHints":{"allow":["GET"]}}],"collection":[{"href":"https:\/\/projects.ift.uam-csic.es\/NOVA+\/wp-json\/wp\/v2\/pages"}],"about":[{"href":"https:\/\/projects.ift.uam-csic.es\/NOVA+\/wp-json\/wp\/v2\/types\/page"}],"author":[{"embeddable":true,"href":"https:\/\/projects.ift.uam-csic.es\/NOVA+\/wp-json\/wp\/v2\/users\/4"}],"replies":[{"embeddable":true,"href":"https:\/\/projects.ift.uam-csic.es\/NOVA+\/wp-json\/wp\/v2\/comments?post=423"}],"version-history":[{"count":29,"href":"https:\/\/projects.ift.uam-csic.es\/NOVA+\/wp-json\/wp\/v2\/pages\/423\/revisions"}],"predecessor-version":[{"id":930,"href":"https:\/\/projects.ift.uam-csic.es\/NOVA+\/wp-json\/wp\/v2\/pages\/423\/revisions\/930"}],"wp:attachment":[{"href":"https:\/\/projects.ift.uam-csic.es\/NOVA+\/wp-json\/wp\/v2\/media?parent=423"}],"curies":[{"name":"wp","href":"https:\/\/api.w.org\/{rel}","templated":true}]}}