{"id":323,"date":"2025-10-16T09:16:46","date_gmt":"2025-10-16T09:16:46","guid":{"rendered":"https:\/\/projects.ift.uam-csic.es\/NOVA+\/?page_id=323"},"modified":"2026-05-11T19:26:31","modified_gmt":"2026-05-11T19:26:31","slug":"noticias","status":"publish","type":"page","link":"https:\/\/projects.ift.uam-csic.es\/NOVA+\/noticias\/","title":{"rendered":"Noticias"},"content":{"rendered":"<p>[et_pb_section fb_built=\u00bb1&#8243; fullwidth=\u00bbon\u00bb disabled_on=\u00bboff|off|off\u00bb _builder_version=\u00bb4.27.4&#8243; _module_preset=\u00bbdefault\u00bb custom_margin=\u00bb0px||||false|false\u00bb locked=\u00bboff\u00bb global_colors_info=\u00bb{}\u00bb][et_pb_fullwidth_slider show_arrows=\u00bboff\u00bb show_pagination=\u00bboff\u00bb _builder_version=\u00bb4.27.4&#8243; _module_preset=\u00bbdefault\u00bb height=\u00bb500px\u00bb max_height=\u00bb500px\u00bb animation_style=\u00bbfade\u00bb animation_delay=\u00bb1000ms\u00bb auto=\u00bbon\u00bb auto_speed=\u00bb5000&#8243; auto_ignore_hover=\u00bbon\u00bb global_colors_info=\u00bb{}\u00bb][et_pb_slide _builder_version=\u00bb4.27.4&#8243; _module_preset=\u00bbdefault\u00bb background_image=\u00bbhttps:\/\/projects.ift.uam-csic.es\/NOVA+\/wp-content\/uploads\/2025\/10\/banner-noticias-nova.jpg\u00bb background_enable_image=\u00bbon\u00bb background_position=\u00bbbottom_center\u00bb background_vertical_offset=\u00bb27%\u00bb global_colors_info=\u00bb{}\u00bb sticky_transition=\u00bbon\u00bb][\/et_pb_slide][et_pb_slide _builder_version=\u00bb4.27.4&#8243; _module_preset=\u00bbdefault\u00bb background_image=\u00bbhttps:\/\/projects.ift.uam-csic.es\/NOVA+\/wp-content\/uploads\/2025\/10\/banner-noticias-nova-2.jpg\u00bb background_enable_image=\u00bbon\u00bb background_position=\u00bbtop_center\u00bb global_colors_info=\u00bb{}\u00bb sticky_transition=\u00bbon\u00bb][\/et_pb_slide][\/et_pb_fullwidth_slider][\/et_pb_section][et_pb_section fb_built=\u00bb1&#8243; _builder_version=\u00bb4.27.4&#8243; _module_preset=\u00bbdefault\u00bb locked=\u00bboff\u00bb global_colors_info=\u00bb{}\u00bb][et_pb_row _builder_version=\u00bb4.27.4&#8243; _module_preset=\u00bbdefault\u00bb global_colors_info=\u00bb{}\u00bb][et_pb_column type=\u00bb4_4&#8243; _builder_version=\u00bb4.27.4&#8243; _module_preset=\u00bbdefault\u00bb global_colors_info=\u00bb{}\u00bb][et_pb_text _builder_version=\u00bb4.27.4&#8243; _module_preset=\u00bbdefault\u00bb custom_padding=\u00bb||0px|||\u00bb global_colors_info=\u00bb{}\u00bb]<\/p>\n<h4 class=\"flex items-center justify-between\"><span style=\"color: #8300e9;\">Estamos de enhorabuena: desde el <strong data-start=\"33\" data-end=\"64\">Instituto de F\u00edsica Te\u00f3rica<\/strong> y el <strong data-start=\"70\" data-end=\"104\">Departamento de F\u00edsica Te\u00f3rica<\/strong> abrimos la convocatoria para participar en el <strong data-start=\"151\" data-end=\"181\">Programa de Mentorado NOVA<\/strong>.<\/span><\/h4>\n<div data-message-author-role=\"assistant\" data-message-id=\"d8f931e7-0e64-4fc2-9576-5702a029c236\" dir=\"auto\" data-message-model-slug=\"gpt-5-5-thinking\" class=\"min-h-8 text-message relative flex w-full flex-col items-end gap-2 text-start break-words whitespace-normal outline-none keyboard-focused:focus-ring [.text-message+&amp;]:mt-1\" data-turn-start-message=\"true\" tabindex=\"0\">\n<div class=\"flex w-full flex-col gap-1 empty:hidden\">\n<div class=\"markdown prose dark:prose-invert wrap-break-word w-full light markdown-new-styling\">\n<p data-start=\"184\" data-end=\"405\">A partir del <strong data-start=\"197\" data-end=\"211\">14 de mayo<\/strong>, todas las personas interesadas que sean estudiantes de <strong data-start=\"268\" data-end=\"296\">Grado o M\u00e1ster en F\u00edsica<\/strong> durante el curso acad\u00e9mico <strong data-start=\"324\" data-end=\"337\">2026\/2027<\/strong> podr\u00e1n inscribirse en el programa hasta el <strong data-start=\"381\" data-end=\"404\">19 de junio de 2026<\/strong>.<\/p>\n<p data-start=\"407\" data-end=\"614\">Se valorar\u00e1 positivamente que las personas seleccionadas puedan participar activamente en la vida del Departamento y del Instituto, as\u00ed como en las actividades que iremos proponiendo a lo largo del programa.<\/p>\n<p data-start=\"616\" data-end=\"670\">En el men\u00fa <strong data-start=\"627\" data-end=\"638\"><a href=\"https:\/\/projects.ift.uam-csic.es\/NOVA+\/unete\/\">\u00danete<\/a><\/strong>\u00a0encontrar\u00e1s todos los detalles.<\/p>\n<p data-start=\"672\" data-end=\"690\" data-is-last-node=\"\" data-is-only-node=\"\"><strong data-start=\"672\" data-end=\"690\" data-is-last-node=\"\">\u00a1Os esperamos!<\/strong><\/p>\n<\/div>\n<\/div>\n<\/div>\n<p>[\/et_pb_text][\/et_pb_column][\/et_pb_row][et_pb_row _builder_version=\u00bb4.27.4&#8243; _module_preset=\u00bbdefault\u00bb][et_pb_column _builder_version=\u00bb4.27.4&#8243; _module_preset=\u00bbdefault\u00bb type=\u00bb4_4&#8243;][et_pb_image src=\u00bbhttps:\/\/projects.ift.uam-csic.es\/NOVA+\/wp-content\/uploads\/2026\/05\/NOVA-CARTELES-5-scaled.png\u00bb _builder_version=\u00bb4.27.4&#8243; _module_preset=\u00bbdefault\u00bb title_text=\u00bbNOVA+ CARTELES\u00bb hover_enabled=\u00bb0&#8243; sticky_enabled=\u00bb0&#8243;][\/et_pb_image][\/et_pb_column][\/et_pb_row][\/et_pb_section]<\/p>\n","protected":false},"excerpt":{"rendered":"<p>Estamos de enhorabuena: desde el Instituto de F\u00edsica Te\u00f3rica y el Departamento de F\u00edsica Te\u00f3rica abrimos la convocatoria para participar en el Programa de Mentorado NOVA. A partir del 14 de mayo, todas las personas interesadas que sean estudiantes de Grado o M\u00e1ster en F\u00edsica durante el curso acad\u00e9mico 2026\/2027 podr\u00e1n inscribirse en el programa [&hellip;]<\/p>\n","protected":false},"author":4,"featured_media":0,"parent":0,"menu_order":0,"comment_status":"closed","ping_status":"closed","template":"","meta":{"_et_pb_use_builder":"on","_et_pb_old_content":"","_et_gb_content_width":"","footnotes":""},"class_list":["post-323","page","type-page","status-publish","hentry"],"_links":{"self":[{"href":"https:\/\/projects.ift.uam-csic.es\/NOVA+\/wp-json\/wp\/v2\/pages\/323","targetHints":{"allow":["GET"]}}],"collection":[{"href":"https:\/\/projects.ift.uam-csic.es\/NOVA+\/wp-json\/wp\/v2\/pages"}],"about":[{"href":"https:\/\/projects.ift.uam-csic.es\/NOVA+\/wp-json\/wp\/v2\/types\/page"}],"author":[{"embeddable":true,"href":"https:\/\/projects.ift.uam-csic.es\/NOVA+\/wp-json\/wp\/v2\/users\/4"}],"replies":[{"embeddable":true,"href":"https:\/\/projects.ift.uam-csic.es\/NOVA+\/wp-json\/wp\/v2\/comments?post=323"}],"version-history":[{"count":7,"href":"https:\/\/projects.ift.uam-csic.es\/NOVA+\/wp-json\/wp\/v2\/pages\/323\/revisions"}],"predecessor-version":[{"id":940,"href":"https:\/\/projects.ift.uam-csic.es\/NOVA+\/wp-json\/wp\/v2\/pages\/323\/revisions\/940"}],"wp:attachment":[{"href":"https:\/\/projects.ift.uam-csic.es\/NOVA+\/wp-json\/wp\/v2\/media?parent=323"}],"curies":[{"name":"wp","href":"https:\/\/api.w.org\/{rel}","templated":true}]}}