{"id":315,"date":"2025-10-16T09:16:03","date_gmt":"2025-10-16T09:16:03","guid":{"rendered":"https:\/\/projects.ift.uam-csic.es\/NOVA+\/?page_id=315"},"modified":"2026-05-11T19:19:34","modified_gmt":"2026-05-11T19:19:34","slug":"origen","status":"publish","type":"page","link":"https:\/\/projects.ift.uam-csic.es\/NOVA+\/origen\/","title":{"rendered":"Origen"},"content":{"rendered":"<p>[et_pb_section fb_built=\u00bb1&#8243; fullwidth=\u00bbon\u00bb _builder_version=\u00bb4.27.4&#8243; _module_preset=\u00bbdefault\u00bb custom_margin=\u00bb0px||||false|false\u00bb locked=\u00bboff\u00bb global_colors_info=\u00bb{}\u00bb][et_pb_fullwidth_slider show_arrows=\u00bboff\u00bb show_pagination=\u00bboff\u00bb _builder_version=\u00bb4.27.4&#8243; _module_preset=\u00bbdefault\u00bb height=\u00bb500px\u00bb max_height=\u00bb500px\u00bb animation_style=\u00bbfade\u00bb animation_delay=\u00bb1000ms\u00bb auto=\u00bbon\u00bb auto_speed=\u00bb5000&#8243; auto_ignore_hover=\u00bbon\u00bb global_colors_info=\u00bb{}\u00bb][et_pb_slide _builder_version=\u00bb4.27.4&#8243; _module_preset=\u00bbdefault\u00bb background_image=\u00bbhttps:\/\/projects.ift.uam-csic.es\/NOVA+\/wp-content\/uploads\/2025\/10\/banner-nova-6.jpg\u00bb background_enable_image=\u00bbon\u00bb global_colors_info=\u00bb{}\u00bb sticky_transition=\u00bbon\u00bb][\/et_pb_slide][et_pb_slide _builder_version=\u00bb4.27.4&#8243; _module_preset=\u00bbdefault\u00bb background_image=\u00bbhttps:\/\/projects.ift.uam-csic.es\/NOVA+\/wp-content\/uploads\/2025\/10\/nova-banner-1.jpg\u00bb background_enable_image=\u00bbon\u00bb global_colors_info=\u00bb{}\u00bb sticky_transition=\u00bbon\u00bb][\/et_pb_slide][\/et_pb_fullwidth_slider][\/et_pb_section][et_pb_section fb_built=\u00bb1&#8243; _builder_version=\u00bb4.27.4&#8243; _module_preset=\u00bbdefault\u00bb locked=\u00bboff\u00bb global_colors_info=\u00bb{}\u00bb][et_pb_row _builder_version=\u00bb4.27.4&#8243; _module_preset=\u00bbdefault\u00bb global_colors_info=\u00bb{}\u00bb][et_pb_column type=\u00bb4_4&#8243; _builder_version=\u00bb4.27.4&#8243; _module_preset=\u00bbdefault\u00bb global_colors_info=\u00bb{}\u00bb][et_pb_text _builder_version=\u00bb4.27.4&#8243; _module_preset=\u00bbdefault\u00bb global_colors_info=\u00bb{}\u00bb]<\/p>\n<h1 style=\"font-family: 'Montserrat',Helvetica,Arial,Lucida,sans-serif; font-weight: bold; font-size: 50px; color: rgba(150,69,232,0.7) !important; line-height: 1.2em;\">Origen: Sobre NOVA+<\/h1>\n<p>[\/et_pb_text][et_pb_text _builder_version=\u00bb4.27.4&#8243; _module_preset=\u00bbdefault\u00bb global_colors_info=\u00bb{}\u00bb]<\/p>\n<p style=\"font-family: 'Montserrat',Helvetica,Arial,Lucida,sans-serif; line-height: 1.4em; font-size: 100%; color: #000; font-weight: 500;\"><b>NOVA+ nace con una convicci\u00f3n clara: nadie deber\u00eda recorrer en soledad el camino de la F\u00edsica Te\u00f3rica.<\/b><br \/>Es un programa que acompa\u00f1a, inspira y empodera a las personas que deseen formar parte del programa en todas las etapas (del grado al inicio doctorado) ofreciendo <b>mentor\u00eda, orientaci\u00f3n profesional y apoyo emocional<\/b> para que cada persona pueda construir su propio camino en la ciencia.<\/p>\n<p style=\"font-family: 'Montserrat',Helvetica,Arial,Lucida,sans-serif; line-height: 1.4em; font-size: 100%; color: #000; font-weight: 500;\">Nuestro objetivo es <b>crear una red s\u00f3lida de colaboraci\u00f3n<\/b>, con especial inter\u00e9s en dar visibilidad y liderazgo a mujeres y colectivos infrarepresentados, impulsar habilidades clave y abrir puertas a oportunidades reales: becas, congresos, publicaciones y proyectos de investigaci\u00f3n.<\/p>\n<p style=\"font-family: 'Montserrat',Helvetica,Arial,Lucida,sans-serif; line-height: 1.4em; font-size: 100%; color: #000; font-weight: 500;\">Aqu\u00ed todos y todas somos bienvenidos y bienvenidas.<\/p>\n<p style=\"font-family: 'Montserrat',Helvetica,Arial,Lucida,sans-serif; line-height: 1.4em; font-size: 100%; color: #000; font-weight: 500;\">Los valores que gu\u00edan cada paso de NOVA+ son: <b>inclusi\u00f3n, diversidad, equidad, colaboraci\u00f3n, empoderamiento y compromiso<\/b>.<\/p>\n<p style=\"font-family: 'Montserrat',Helvetica,Arial,Lucida,sans-serif; line-height: 1.4em; font-size: 100%; color: #000; font-weight: 500;\">La <b>brecha de g\u00e9nero en STEM <\/b>(Science, Technology, Engineering and Mathematics \u2014Ciencia, Tecnolog\u00eda, Ingenier\u00eda y Matem\u00e1ticas) sigue siendo una realidad que limita el talento y las oportunidades de muchas personas. En f\u00edsica te\u00f3rica, esto significa que demasiadas j\u00f3venes crecen sin referentes cercanos ni espacios de confianza para imaginarse en la ciencia.<\/p>\n<p style=\"font-family: 'Montserrat',Helvetica,Arial,Lucida,sans-serif; line-height: 1.4em; font-size: 100%; color: #000; font-weight: 500;\"><b>NOVA+ quiere acompa\u00f1ar ese cambio<\/b>, creando un entorno inclusivo donde cada voz cuente, donde la mentor\u00eda ofrezca apoyo real y donde la comunidad multiplique las oportunidades para todas las personas que sue\u00f1an con hacer ciencia.<\/p>\n<p>[\/et_pb_text][\/et_pb_column][\/et_pb_row][et_pb_row column_structure=\u00bb1_2,1_2&#8243; _builder_version=\u00bb4.27.4&#8243; _module_preset=\u00bbdefault\u00bb global_colors_info=\u00bb{}\u00bb][et_pb_column type=\u00bb1_2&#8243; _builder_version=\u00bb4.27.4&#8243; _module_preset=\u00bbdefault\u00bb global_colors_info=\u00bb{}\u00bb][et_pb_text _builder_version=\u00bb4.27.4&#8243; _module_preset=\u00bbdefault\u00bb global_colors_info=\u00bb{}\u00bb]<\/p>\n<h3 style=\"font-family: 'Montserrat',Helvetica,Arial,Lucida,sans-serif; font-weight: bold; font-size: 30px; color: rgba(150,69,232,0.7) !important; line-height: 1.2em;\">FAQ\u00b4s Estudiantes<\/h3>\n<p>[\/et_pb_text][et_pb_accordion open_toggle_text_color=\u00bbrgba(150,69,232,0.7)\u00bb closed_toggle_text_color=\u00bb#4b772a\u00bb _builder_version=\u00bb4.27.4&#8243; _module_preset=\u00bbdefault\u00bb global_colors_info=\u00bb{}\u00bb][et_pb_accordion_item title=\u00bb\u00bfQui\u00e9n puede apuntarse?\u00bb open=\u00bbon\u00bb _builder_version=\u00bb4.27.4&#8243; _module_preset=\u00bbdefault\u00bb global_colors_info=\u00bb{}\u00bb]<\/p>\n<p style=\"font-family: 'Montserrat',Helvetica,Arial,Lucida,sans-serif; line-height: 1.4em; font-size: 100%; color: #000; font-weight: 500;\">El programa est\u00e1 dirigido a estudiantes de f\u00edsica de grado y M\u00e1ster. Para formar parte de NOVA valoraremos positivamente la disponibilidad de participar presencialmente en actividades realizadas en el Instituto de F\u00edsica Te\u00f3rica y en el Departamento de F\u00edsica Te\u00f3rica de la UAM.<\/p>\n<p>Te recomendamos leer toda la informaci\u00f3n sobre los requisitos en el men\u00fa <span style=\"color: #8300e9;\"><strong>Momentum.<\/strong><\/span><\/p>\n<p>[\/et_pb_accordion_item][et_pb_accordion_item title=\u00bb\u00bfCu\u00e1nto tiempo requiere?\u00bb _builder_version=\u00bb4.27.4&#8243; _module_preset=\u00bbdefault\u00bb global_colors_info=\u00bb{}\u00bb open=\u00bboff\u00bb]<\/p>\n<p style=\"font-family: 'Montserrat',Helvetica,Arial,Lucida,sans-serif; line-height: 1.4em; font-size: 100%; color: #000; font-weight: 500;\">El programa incluye <b>6 sesiones al a\u00f1o<\/b> (aprox. una cada dos meses). Algunos <em>pares<\/em> deciden verse o conectarse cada mes, otros cada dos: lo importante es acordarlo con tu mentor\/a. Adem\u00e1s, entre sesiones se espera un trabajo aut\u00f3nomo de preparaci\u00f3n y reflexi\u00f3n, sin duda, uno de los pilares del programa.<\/p>\n<p>[\/et_pb_accordion_item][et_pb_accordion_item title=\u00bb\u00bfQu\u00e9 compromiso adquiero si me apunto?\u00bb _builder_version=\u00bb4.27.4&#8243; _module_preset=\u00bbdefault\u00bb global_colors_info=\u00bb{}\u00bb open=\u00bboff\u00bb]<\/p>\n<ul>\n<li style=\"font-family: 'Montserrat',Helvetica,Arial,Lucida,sans-serif; line-height: 1.4em; font-size: 100%; color: #000; font-weight: 500;\">Asistir al menos a <b>5 sesiones<\/b>.<\/li>\n<li style=\"font-family: 'Montserrat',Helvetica,Arial,Lucida,sans-serif; line-height: 1.4em; font-size: 100%; color: #000; font-weight: 500;\">Preparar cada encuentro, enviando a tu mentor\/a un correo el d\u00eda anterior con el tema a tratar y algunos highlights.<\/li>\n<li style=\"font-family: 'Montserrat',Helvetica,Arial,Lucida,sans-serif; line-height: 1.4em; font-size: 100%; color: #000; font-weight: 500;\">Completar el cuestionario final de cada sesi\u00f3n y mantener tu bit\u00e1cora al d\u00eda.<\/li>\n<li style=\"font-family: 'Montserrat',Helvetica,Arial,Lucida,sans-serif; line-height: 1.4em; font-size: 100%; color: #000; font-weight: 500;\">Disfrutar de la comunidad, colaborar siempre que se pueda y construir v\u00ednculos de aprendizaje y crecimiento.<\/li>\n<\/ul>\n<p>[\/et_pb_accordion_item][et_pb_accordion_item title=\u00bb\u00bfQu\u00e9 gano como estudiante?\u00bb _builder_version=\u00bb4.27.4&#8243; _module_preset=\u00bbdefault\u00bb global_colors_info=\u00bb{}\u00bb open=\u00bboff\u00bb]<\/p>\n<ul>\n<li style=\"font-family: 'Montserrat',Helvetica,Arial,Lucida,sans-serif; line-height: 1.4em; font-size: 100%; color: #000; font-weight: 500;\">Acompa\u00f1amiento profesional y emocional en tu trayectoria.<\/li>\n<li style=\"font-family: 'Montserrat',Helvetica,Arial,Lucida,sans-serif; line-height: 1.4em; font-size: 100%; color: #000; font-weight: 500;\">Acceso a informaci\u00f3n sobre <b>becas, proyectos, congresos y oportunidades<\/b>.<\/li>\n<li style=\"font-family: 'Montserrat',Helvetica,Arial,Lucida,sans-serif; line-height: 1.4em; font-size: 100%; color: #000; font-weight: 500;\">Una <b>red de apoyo<\/b> con otros estudiantes, investigadores y egresados.<\/li>\n<li style=\"font-family: 'Montserrat',Helvetica,Arial,Lucida,sans-serif; line-height: 1.4em; font-size: 100%; color: #000; font-weight: 500;\">Un <b>certificado de participaci\u00f3n <\/b>que reconoce tu paso por el programa, expedido por el IFT centro mixto UAM\/CSIC.<\/li>\n<\/ul>\n<p>[\/et_pb_accordion_item][et_pb_accordion_item title=\u00bb\u00bfQu\u00e9 pasa si no puedo asistir a todas las sesiones?\u00bb _builder_version=\u00bb4.27.4&#8243; _module_preset=\u00bbdefault\u00bb global_colors_info=\u00bb{}\u00bb open=\u00bboff\u00bb]<\/p>\n<p style=\"font-family: 'Montserrat',Helvetica,Arial,Lucida,sans-serif; line-height: 1.4em; font-size: 100%; color: #000; font-weight: 500;\">Pedimos compromiso y claridad: si no puedes acudir, avisa con tiempo y replanifica con tu mentor\/a. Para mantenerte en el programa debes participar en al menos <b>5 sesiones<\/b>. Si no es posible, siempre podr\u00e1s volver a aplicar en futuras ediciones. Recuerda que este programa es por y para ti, pero tambi\u00e9n implica respeto al tiempo de la persona que te acompa\u00f1a.<\/p>\n<p>[\/et_pb_accordion_item][et_pb_accordion_item title=\u00bb\u00bfTiene coste?\u00bb _builder_version=\u00bb4.27.4&#8243; _module_preset=\u00bbdefault\u00bb global_colors_info=\u00bb{}\u00bb open=\u00bboff\u00bb]<\/p>\n<p style=\"font-family: 'Montserrat',Helvetica,Arial,Lucida,sans-serif; line-height: 1.4em; font-size: 100%; color: #000; font-weight: 500;\">Para los estudiantes es <b>gratis<\/b>. El verdadero coste es tu <b>dedicaci\u00f3n y compromiso<\/b>. Para los mentores\/as, existe un coste en tiempo que merece respeto; por eso pedimos honestidad: si en alg\u00fan momento no puedes comprometerte, es mejor dejar que otro estudiante aproveche esa plaza.<\/p>\n<p>[\/et_pb_accordion_item][et_pb_accordion_item title=\u00bb\u00bfPuedo hacer el programa con un investigador o una investigadora con quien ya colaboro o he colaborado? \u00bb _builder_version=\u00bb4.27.4&#8243; _module_preset=\u00bbdefault\u00bb global_colors_info=\u00bb{}\u00bb open=\u00bboff\u00bb]<\/p>\n<p style=\"font-family: 'Montserrat',Helvetica,Arial,Lucida,sans-serif; line-height: 1.4em; font-size: 100%; color: #000; font-weight: 500;\">No. El programa debe ser un <b>espacio nuevo y sin jerarqu\u00edas<\/b>. No est\u00e1 permitido que exista una relaci\u00f3n acad\u00e9mica o de colaboraci\u00f3n previa entre mentor\/a y mentee. Debe ser una relaci\u00f3n completamente nueva para ambas personas.\u00a0<\/p>\n<p>[\/et_pb_accordion_item][et_pb_accordion_item title=\u00bb\u00bfPuedo obtener ayuda acad\u00e9mica en las sesiones?\u00bb _builder_version=\u00bb4.27.4&#8243; _module_preset=\u00bbdefault\u00bb global_colors_info=\u00bb{}\u00bb open=\u00bboff\u00bb]<\/p>\n<p style=\"font-family: 'Montserrat',Helvetica,Arial,Lucida,sans-serif; line-height: 1.4em; font-size: 100%; color: #000; font-weight: 500;\">No. El mentoring no es una tutor\u00eda acad\u00e9mica. Las sesiones se enfocan en temas profesionales, personales, de desarrollo y de futuro, pero no en resolver dudas acad\u00e9micas espec\u00edficas.<\/p>\n<p>[\/et_pb_accordion_item][\/et_pb_accordion][\/et_pb_column][et_pb_column type=\u00bb1_2&#8243; _builder_version=\u00bb4.27.4&#8243; _module_preset=\u00bbdefault\u00bb global_colors_info=\u00bb{}\u00bb][et_pb_text _builder_version=\u00bb4.27.4&#8243; _module_preset=\u00bbdefault\u00bb global_colors_info=\u00bb{}\u00bb]<\/p>\n<h3 style=\"font-family: 'Montserrat',Helvetica,Arial,Lucida,sans-serif; font-weight: bold; font-size: 30px; color: rgba(150,69,232,0.7) !important; line-height: 1.2em;\">FAQ\u00b4s Mentores\/as<\/h3>\n<p>[\/et_pb_text][et_pb_accordion open_toggle_text_color=\u00bbrgba(150,69,232,0.7)\u00bb closed_toggle_text_color=\u00bb#4b772a\u00bb _builder_version=\u00bb4.27.4&#8243; _module_preset=\u00bbdefault\u00bb global_colors_info=\u00bb{}\u00bb][et_pb_accordion_item title=\u00bb\u00bfNecesito experiencia previa como mentor\/a?\u00bb open=\u00bbon\u00bb _builder_version=\u00bb4.27.4&#8243; _module_preset=\u00bbdefault\u00bb global_colors_info=\u00bb{}\u00bb]<\/p>\n<p style=\"font-family: 'Montserrat',Helvetica,Arial,Lucida,sans-serif; line-height: 1.4em; font-size: 100%; color: #000; font-weight: 500;\">No. Lo m\u00e1s importante es la <b>voluntad de acompa\u00f1ar<\/b>, practicar la <b>escucha activa<\/b> y ofrecer inspiraci\u00f3n, tu camino ya es ejemplo para los dem\u00e1s.<\/p>\n<p>[\/et_pb_accordion_item][et_pb_accordion_item title=\u00bb\u00bfQu\u00e9 gano como mentor\/a?\u00bb _builder_version=\u00bb4.27.4&#8243; _module_preset=\u00bbdefault\u00bb global_colors_info=\u00bb{}\u00bb open=\u00bboff\u00bb]<\/p>\n<p style=\"font-family: 'Montserrat',Helvetica,Arial,Lucida,sans-serif; line-height: 1.4em; font-size: 100%; color: #000; font-weight: 500;\">La oportunidad de dejar huella en la siguiente generaci\u00f3n de f\u00edsicos\/as.<br \/>Desarrollar habilidades de liderazgo, acompa\u00f1amiento y comunicaci\u00f3n.<br \/>Contribuir a una <b>comunidad cient\u00edfica m\u00e1s inclusiva y diversa<\/b>.<\/p>\n<p>[\/et_pb_accordion_item][et_pb_accordion_item title=\u00bb\u00bfEn qu\u00e9 consisten las sesiones?\u00bb _builder_version=\u00bb4.27.4&#8243; _module_preset=\u00bbdefault\u00bb global_colors_info=\u00bb{}\u00bb open=\u00bboff\u00bb]<\/p>\n<p style=\"font-family: 'Montserrat',Helvetica,Arial,Lucida,sans-serif; line-height: 1.4em; font-size: 100%; color: #000; font-weight: 500;\">Son <b>encuentros de di\u00e1logo abierto<\/b>, definidos por cada <em>par<\/em> mentor\/a\u2013mentee. Pueden incluir orientaci\u00f3n profesional, reflexi\u00f3n sobre habilidades transversales, apoyo emocional o motivacional.<\/p>\n<p>[\/et_pb_accordion_item][et_pb_accordion_item title=\u00bb\u00bfRecibo un certificado como mentor\/a?\u00bb _builder_version=\u00bb4.27.4&#8243; _module_preset=\u00bbdefault\u00bb global_colors_info=\u00bb{}\u00bb open=\u00bboff\u00bb]<\/p>\n<p style=\"font-family: 'Montserrat',Helvetica,Arial,Lucida,sans-serif; line-height: 1.4em; font-size: 100%; color: #000; font-weight: 500;\"> S\u00ed. Al finalizar, recibir\u00e1s un <b>certificado de aprovechamiento como mentor\/a expedido por la Direcci\u00f3n del IFT<\/b>.<\/p>\n<p>[\/et_pb_accordion_item][\/et_pb_accordion][et_pb_text _builder_version=\u00bb4.27.4&#8243; _module_preset=\u00bbdefault\u00bb global_colors_info=\u00bb{}\u00bb]<\/p>\n<p style=\"font-family: 'Montserrat',Helvetica,Arial,Lucida,sans-serif; line-height: 1.4em; font-size: 100%; color: #000; font-weight: 500;\"><b>Si tienes m\u00e1s dudas, por favor ponte en contacto con nosotros en el correo: nova.mentorado@gmail.com<\/b>.<\/p>\n<p>[\/et_pb_text][\/et_pb_column][\/et_pb_row][et_pb_row _builder_version=\u00bb4.27.4&#8243; _module_preset=\u00bbdefault\u00bb global_colors_info=\u00bb{}\u00bb][et_pb_column type=\u00bb4_4&#8243; _builder_version=\u00bb4.27.4&#8243; _module_preset=\u00bbdefault\u00bb global_colors_info=\u00bb{}\u00bb][et_pb_blurb title=\u00bb\u00bfEst\u00e1s en secundaria?\u00bb image=\u00bbhttps:\/\/projects.ift.uam-csic.es\/NOVA+\/wp-content\/uploads\/2026\/05\/secundaria.png\u00bb _builder_version=\u00bb4.27.4&#8243; _module_preset=\u00bbdefault\u00bb header_text_color=\u00bb#8300E9&#8243; header_font_size=\u00bb31px\u00bb global_colors_info=\u00bb{}\u00bb]<\/p>\n<p>Nos encantar\u00eda conocer tu historia. Puedes escribirnos a <a href=\"mailto:nova.mentorado@gmail.com\">nova.mentorado@gmail.com<\/a> y te mantendremos informadx de todas las actividades que hagamos.<\/p>\n<p>[\/et_pb_blurb][\/et_pb_column][\/et_pb_row][et_pb_row _builder_version=\u00bb4.27.4&#8243; _module_preset=\u00bbdefault\u00bb][et_pb_column _builder_version=\u00bb4.27.4&#8243; _module_preset=\u00bbdefault\u00bb type=\u00bb4_4&#8243;][et_pb_image src=\u00bbhttps:\/\/projects.ift.uam-csic.es\/NOVA+\/wp-content\/uploads\/2026\/05\/NOVA-CARTELES-2-scaled.png\u00bb _builder_version=\u00bb4.27.4&#8243; _module_preset=\u00bbdefault\u00bb url=\u00bbhttps:\/\/projects.ift.uam-csic.es\/NOVA+\/wp-content\/uploads\/2026\/05\/NOVA-CARTELES-2-scaled.png\u00bb hover_enabled=\u00bb0&#8243; sticky_enabled=\u00bb0&#8243; title_text=\u00bbNOVA+ CARTELES\u00bb][\/et_pb_image][\/et_pb_column][\/et_pb_row][\/et_pb_section]<\/p>\n","protected":false},"excerpt":{"rendered":"<p>Origen: Sobre NOVA+NOVA+ nace con una convicci\u00f3n clara: nadie deber\u00eda recorrer en soledad el camino de la F\u00edsica Te\u00f3rica.Es un programa que acompa\u00f1a, inspira y empodera a las personas que deseen formar parte del programa en todas las etapas (del grado al inicio doctorado) ofreciendo mentor\u00eda, orientaci\u00f3n profesional y apoyo emocional para que cada persona [&hellip;]<\/p>\n","protected":false},"author":4,"featured_media":0,"parent":0,"menu_order":0,"comment_status":"closed","ping_status":"closed","template":"","meta":{"_et_pb_use_builder":"on","_et_pb_old_content":"","_et_gb_content_width":"","footnotes":""},"class_list":["post-315","page","type-page","status-publish","hentry"],"_links":{"self":[{"href":"https:\/\/projects.ift.uam-csic.es\/NOVA+\/wp-json\/wp\/v2\/pages\/315","targetHints":{"allow":["GET"]}}],"collection":[{"href":"https:\/\/projects.ift.uam-csic.es\/NOVA+\/wp-json\/wp\/v2\/pages"}],"about":[{"href":"https:\/\/projects.ift.uam-csic.es\/NOVA+\/wp-json\/wp\/v2\/types\/page"}],"author":[{"embeddable":true,"href":"https:\/\/projects.ift.uam-csic.es\/NOVA+\/wp-json\/wp\/v2\/users\/4"}],"replies":[{"embeddable":true,"href":"https:\/\/projects.ift.uam-csic.es\/NOVA+\/wp-json\/wp\/v2\/comments?post=315"}],"version-history":[{"count":29,"href":"https:\/\/projects.ift.uam-csic.es\/NOVA+\/wp-json\/wp\/v2\/pages\/315\/revisions"}],"predecessor-version":[{"id":923,"href":"https:\/\/projects.ift.uam-csic.es\/NOVA+\/wp-json\/wp\/v2\/pages\/315\/revisions\/923"}],"wp:attachment":[{"href":"https:\/\/projects.ift.uam-csic.es\/NOVA+\/wp-json\/wp\/v2\/media?parent=315"}],"curies":[{"name":"wp","href":"https:\/\/api.w.org\/{rel}","templated":true}]}}