{"id":286,"date":"2025-10-16T07:40:39","date_gmt":"2025-10-16T07:40:39","guid":{"rendered":"https:\/\/projects.ift.uam-csic.es\/NOVA+\/?page_id=286"},"modified":"2026-05-11T19:14:16","modified_gmt":"2026-05-11T19:14:16","slug":"inicio","status":"publish","type":"page","link":"https:\/\/projects.ift.uam-csic.es\/NOVA+\/","title":{"rendered":"Inicio"},"content":{"rendered":"<p>[et_pb_section fb_built=\u00bb1&#8243; fullwidth=\u00bbon\u00bb _builder_version=\u00bb4.27.4&#8243; _module_preset=\u00bbdefault\u00bb custom_margin=\u00bb0px||||false|false\u00bb global_colors_info=\u00bb{}\u00bb][et_pb_fullwidth_slider show_arrows=\u00bboff\u00bb show_pagination=\u00bboff\u00bb _builder_version=\u00bb4.27.4&#8243; _module_preset=\u00bbdefault\u00bb height=\u00bb500px\u00bb max_height=\u00bb500px\u00bb animation_style=\u00bbfade\u00bb animation_delay=\u00bb1000ms\u00bb auto=\u00bbon\u00bb auto_speed=\u00bb5000&#8243; auto_ignore_hover=\u00bbon\u00bb global_colors_info=\u00bb{}\u00bb][et_pb_slide _builder_version=\u00bb4.27.4&#8243; _module_preset=\u00bbdefault\u00bb background_image=\u00bbhttps:\/\/projects.ift.uam-csic.es\/NOVA+\/wp-content\/uploads\/2025\/10\/banner-nova-1.jpg\u00bb background_enable_image=\u00bbon\u00bb global_colors_info=\u00bb{}\u00bb sticky_transition=\u00bbon\u00bb][\/et_pb_slide][et_pb_slide _builder_version=\u00bb4.27.4&#8243; _module_preset=\u00bbdefault\u00bb background_image=\u00bbhttps:\/\/projects.ift.uam-csic.es\/NOVA+\/wp-content\/uploads\/2025\/10\/banner-nova-2.jpg\u00bb background_enable_image=\u00bbon\u00bb global_colors_info=\u00bb{}\u00bb sticky_transition=\u00bbon\u00bb][\/et_pb_slide][\/et_pb_fullwidth_slider][\/et_pb_section][et_pb_section fb_built=\u00bb1&#8243; _builder_version=\u00bb4.27.4&#8243; _module_preset=\u00bbdefault\u00bb global_colors_info=\u00bb{}\u00bb][et_pb_row _builder_version=\u00bb4.27.4&#8243; _module_preset=\u00bbdefault\u00bb global_colors_info=\u00bb{}\u00bb][et_pb_column type=\u00bb4_4&#8243; _builder_version=\u00bb4.27.4&#8243; _module_preset=\u00bbdefault\u00bb global_colors_info=\u00bb{}\u00bb][et_pb_text _builder_version=\u00bb4.27.4&#8243; _module_preset=\u00bbdefault\u00bb custom_padding=\u00bb11px||0px|||\u00bb global_colors_info=\u00bb{}\u00bb]<\/p>\n<p style=\"font-family: 'Montserrat',Helvetica,Arial,Lucida,sans-serif; line-height: 1.4em; font-size: 100%; color: #000; font-weight: 500;\">NOVA es un programa de mentor\u00eda del<strong><a href=\"https:\/\/www.ift.uam-csic.es\/es\/\"> Instituto de F\u00edsica Te\u00f3rica (Centro Mixto CSIC\/UAM)<\/a> (IFT) y del <a href=\"https:\/\/www.uam.es\/ciencias\/facultad\/departamentos\/fisica-teorica\">Departamento de F\u00edsica Te\u00f3rica<\/a><\/strong> (DFT) de la Universidad Aut\u00f3noma de Madrid. Se trata de un programa inclusivo que conecta a estudiantes y j\u00f3venes investigadores con referentes en f\u00edsica te\u00f3rica. Queremos inspirar, acompa\u00f1ar y abrir caminos, con especial atenci\u00f3n a mujeres y colectivos menos representados, para construir juntas y juntos una ciencia m\u00e1s diversa y vibrante.<\/p>\n<p style=\"font-family: 'Montserrat',Helvetica,Arial,Lucida,sans-serif; line-height: 1.4em; font-size: 100%; color: #000; font-weight: 500;\">NOVA+ es un programa de mentor\u00eda inclusivo que te acompa\u00f1a en el inicio de tu carrera en f\u00edsica te\u00f3rica, desde el grado hasta el inicio del doctorado.<\/p>\n<p style=\"font-family: 'Montserrat',Helvetica,Arial,Lucida,sans-serif; line-height: 1.4em; font-size: 100%; color: #000; font-weight: 500;\">Con el apoyo de una persona mentora, una comunidad activa y oportunidades \u00fanicas (como becas, proyectos, congresos y talleres), NOVA+ te ayuda a crecer, conectar y liderar en la ciencia.<\/p>\n<p><span>M\u00e1s que un programa, NOVA+ es una <strong>red de inspiraci\u00f3n y acompa\u00f1amiento<\/strong> que abre caminos y rompe barreras en la f\u00edsica te\u00f3rica.<\/span><\/p>\n<p style=\"font-family: 'Montserrat',Helvetica,Arial,Lucida,sans-serif; line-height: 1.4em; font-size: 100%; color: #000; font-weight: 500;\"><b>Ap\u00fantate aqu\u00ed y empieza tu camino<\/b>.<\/p>\n<p>[\/et_pb_text][et_pb_button button_url=\u00bbhttps:\/\/forms.gle\/pLG6oxgK1GAjJ3h27&#8243; url_new_window=\u00bbon\u00bb button_text=\u00bbFormulario\u00bb _builder_version=\u00bb4.27.4&#8243; _module_preset=\u00bbdefault\u00bb locked=\u00bboff\u00bb global_colors_info=\u00bb{}\u00bb][\/et_pb_button][\/et_pb_column][\/et_pb_row][et_pb_row _builder_version=\u00bb4.27.4&#8243; _module_preset=\u00bbdefault\u00bb][et_pb_column _builder_version=\u00bb4.27.4&#8243; _module_preset=\u00bbdefault\u00bb type=\u00bb4_4&#8243;][et_pb_image src=\u00bbhttps:\/\/projects.ift.uam-csic.es\/NOVA+\/wp-content\/uploads\/2026\/05\/NOVA-CARTELES-1-scaled.png\u00bb _builder_version=\u00bb4.27.4&#8243; _module_preset=\u00bbdefault\u00bb title_text=\u00bbNOVA+ CARTELES\u00bb hover_enabled=\u00bb0&#8243; sticky_enabled=\u00bb0&#8243;][\/et_pb_image][\/et_pb_column][\/et_pb_row][\/et_pb_section]<\/p>\n","protected":false},"excerpt":{"rendered":"<p>NOVA es un programa de mentor\u00eda del Instituto de F\u00edsica Te\u00f3rica (Centro Mixto CSIC\/UAM) (IFT) y del Departamento de F\u00edsica Te\u00f3rica (DFT) de la Universidad Aut\u00f3noma de Madrid. Se trata de un programa inclusivo que conecta a estudiantes y j\u00f3venes investigadores con referentes en f\u00edsica te\u00f3rica. Queremos inspirar, acompa\u00f1ar y abrir caminos, con especial atenci\u00f3n [&hellip;]<\/p>\n","protected":false},"author":4,"featured_media":0,"parent":0,"menu_order":0,"comment_status":"closed","ping_status":"closed","template":"","meta":{"_et_pb_use_builder":"on","_et_pb_old_content":"","_et_gb_content_width":"","footnotes":""},"class_list":["post-286","page","type-page","status-publish","hentry"],"_links":{"self":[{"href":"https:\/\/projects.ift.uam-csic.es\/NOVA+\/wp-json\/wp\/v2\/pages\/286","targetHints":{"allow":["GET"]}}],"collection":[{"href":"https:\/\/projects.ift.uam-csic.es\/NOVA+\/wp-json\/wp\/v2\/pages"}],"about":[{"href":"https:\/\/projects.ift.uam-csic.es\/NOVA+\/wp-json\/wp\/v2\/types\/page"}],"author":[{"embeddable":true,"href":"https:\/\/projects.ift.uam-csic.es\/NOVA+\/wp-json\/wp\/v2\/users\/4"}],"replies":[{"embeddable":true,"href":"https:\/\/projects.ift.uam-csic.es\/NOVA+\/wp-json\/wp\/v2\/comments?post=286"}],"version-history":[{"count":30,"href":"https:\/\/projects.ift.uam-csic.es\/NOVA+\/wp-json\/wp\/v2\/pages\/286\/revisions"}],"predecessor-version":[{"id":915,"href":"https:\/\/projects.ift.uam-csic.es\/NOVA+\/wp-json\/wp\/v2\/pages\/286\/revisions\/915"}],"wp:attachment":[{"href":"https:\/\/projects.ift.uam-csic.es\/NOVA+\/wp-json\/wp\/v2\/media?parent=286"}],"curies":[{"name":"wp","href":"https:\/\/api.w.org\/{rel}","templated":true}]}}